{"id":27663,"date":"2025-07-18T23:44:42","date_gmt":"2025-07-18T22:44:42","guid":{"rendered":"https:\/\/babylove.se\/produkt\/mrs-mighetto-haklapp-swan-and-sparrow\/"},"modified":"2026-04-08T11:24:18","modified_gmt":"2026-04-08T10:24:18","slug":"mrs-mighetto-haklapp-svane-og-spurv","status":"publish","type":"product","link":"https:\/\/babylove.se\/no\/produkt\/mrs-mighetto-haklapp-svane-og-spurv\/","title":{"rendered":"Mrs Mighetto, smekke Swan and Sparrow"},"content":{"rendered":"<p>De vidunderlige smekl\u00e6rne fra Mrs Mighetto er en storfavoritt hos utallige foreldre. <\/p>\n<p>Rengj\u00f8ringen? Like enkelt det, bare skyll i vann eller t\u00f8rk av med en v\u00e5tserviett etter hvert m\u00e5ltid. Kan maskinvaskes ved vanskeligere flekker. <\/p>\n<p>Smekl\u00e4ret dekker b\u00e5de skuldrene og brystet og lommen foran fanger opp alt s\u00f8l og alle smuler. Du fester enkelt smekl\u00e4ret med borrel\u00e5s i nakken p\u00e5 barnet ditt og det er p\u00e5 kort tid klart for sitt m\u00e5ltid. <\/p>\n<p>En ekstra liten bonus er utseendet, barnet ditt kommer til \u00e5 se bed\u00e5rende ut ved matbordet, uansett hvor mye det s\u00f8ler? <\/p>\n<p>Match den gjerne med en nappeholder fra samme serie! <\/p>\n<p><strong>Materiale<\/strong>: Mykt polyester, 100% fri for PVC og ftalater. <\/p>\n<p>Designer: <a href=\"https:\/\/babylove.se\/varumarken\/mrs-mighetto\">Mrs Mighetto<\/a><\/p>\n","protected":false},"excerpt":{"rendered":"<p>De vidunderlige smekl\u00e6rne fra Mrs Mighetto er en storfavoritt hos utallige foreldre. Rengj\u00f8ringen? Like enkelt det, bare skyll i vann eller t\u00f8rk av med en v\u00e5tserviett etter hvert m\u00e5ltid. Kan maskinvaskes ved vanskeligere flekker. Smekl\u00e4ret dekker b\u00e5de skuldrene og brystet og lommen foran fanger opp alt s\u00f8l og alle smuler. Du fester enkelt smekl\u00e4ret med [&hellip;]<\/p>\n","protected":false},"featured_media":27665,"comment_status":"open","ping_status":"closed","template":"","meta":{"_acf_changed":false},"product_brand":[974],"product_cat":[1777,975,206],"product_tag":[],"class_list":{"0":"post-27663","1":"product","2":"type-product","3":"status-publish","4":"has-post-thumbnail","6":"product_brand-mrs-mighetto","7":"product_cat-ovrige-tekstiler","8":"product_cat-mrs-mighetto","9":"product_cat-smekker","11":"first","12":"instock","13":"taxable","14":"shipping-taxable","15":"purchasable","16":"product-type-simple"},"acf":[],"yoast_head":"<!-- This site is optimized with the Yoast SEO Premium plugin v25.8 (Yoast SEO v27.2) - https:\/\/yoast.com\/product\/yoast-seo-premium-wordpress\/ -->\n<title>Mrs Mighetto, smekke Swan and Sparrow - Babylove Norska<\/title>\n<meta name=\"robots\" content=\"noindex, follow, max-snippet:-1, max-image-preview:large, max-video-preview:-1\" \/>\n<meta property=\"og:locale\" content=\"nb_NO\" \/>\n<meta property=\"og:type\" content=\"article\" \/>\n<meta property=\"og:title\" content=\"Mrs Mighetto, smekke Swan and Sparrow\" \/>\n<meta property=\"og:description\" content=\"De vidunderlige smekl\u00e6rne fra Mrs Mighetto er en storfavoritt hos utallige foreldre. Rengj\u00f8ringen? Like enkelt det, bare skyll i vann eller t\u00f8rk av med en v\u00e5tserviett etter hvert m\u00e5ltid. Kan maskinvaskes ved vanskeligere flekker. Smekl\u00e4ret dekker b\u00e5de skuldrene og brystet og lommen foran fanger opp alt s\u00f8l og alle smuler. Du fester enkelt smekl\u00e4ret med [&hellip;]\" \/>\n<meta property=\"og:url\" content=\"https:\/\/babylove.se\/no\/produkt\/mrs-mighetto-haklapp-svane-og-spurv\/\" \/>\n<meta property=\"og:site_name\" content=\"Babylove Norska\" \/>\n<meta property=\"article:modified_time\" content=\"2026-04-08T10:24:18+00:00\" \/>\n<meta property=\"og:image\" content=\"https:\/\/babylove.se\/no\/wp-content\/uploads\/sites\/3\/2025\/07\/61309f28bd24a.jpeg\" \/>\n\t<meta property=\"og:image:width\" content=\"480\" \/>\n\t<meta property=\"og:image:height\" content=\"720\" \/>\n\t<meta property=\"og:image:type\" content=\"image\/jpeg\" \/>\n<meta name=\"twitter:card\" content=\"summary_large_image\" \/>\n<meta name=\"twitter:label1\" content=\"Price\" \/>\n\t<meta name=\"twitter:data1\" content=\"249,00&nbsp;&#107;&#114;\" \/>\n\t<meta name=\"twitter:label2\" content=\"Availability\" \/>\n\t<meta name=\"twitter:data2\" content=\"In stock\" \/>\n<script type=\"application\/ld+json\" class=\"yoast-schema-graph\">{\"@context\":\"https:\/\/schema.org\",\"@graph\":[{\"@type\":\"WebPage\",\"@id\":\"https:\/\/babylove.se\/no\/produkt\/mrs-mighetto-haklapp-svane-og-spurv\/\",\"url\":\"https:\/\/babylove.se\/no\/produkt\/mrs-mighetto-haklapp-svane-og-spurv\/\",\"name\":\"Mrs Mighetto, smekke Swan and Sparrow - Babylove Norska\",\"isPartOf\":{\"@id\":\"https:\/\/babylove.se\/no\/#website\"},\"primaryImageOfPage\":{\"@id\":\"https:\/\/babylove.se\/no\/produkt\/mrs-mighetto-haklapp-svane-og-spurv\/#primaryimage\"},\"image\":{\"@id\":\"https:\/\/babylove.se\/no\/produkt\/mrs-mighetto-haklapp-svane-og-spurv\/#primaryimage\"},\"thumbnailUrl\":\"https:\/\/babylove.se\/no\/wp-content\/uploads\/sites\/3\/2025\/07\/61309f28bd24a.jpeg\",\"datePublished\":\"2025-07-18T22:44:42+00:00\",\"dateModified\":\"2026-04-08T10:24:18+00:00\",\"breadcrumb\":{\"@id\":\"https:\/\/babylove.se\/no\/produkt\/mrs-mighetto-haklapp-svane-og-spurv\/#breadcrumb\"},\"inLanguage\":\"nb-NO\",\"potentialAction\":[{\"@type\":\"ReadAction\",\"target\":[\"https:\/\/babylove.se\/no\/produkt\/mrs-mighetto-haklapp-svane-og-spurv\/\"]}]},{\"@type\":\"ImageObject\",\"inLanguage\":\"nb-NO\",\"@id\":\"https:\/\/babylove.se\/no\/produkt\/mrs-mighetto-haklapp-svane-og-spurv\/#primaryimage\",\"url\":\"https:\/\/babylove.se\/no\/wp-content\/uploads\/sites\/3\/2025\/07\/61309f28bd24a.jpeg\",\"contentUrl\":\"https:\/\/babylove.se\/no\/wp-content\/uploads\/sites\/3\/2025\/07\/61309f28bd24a.jpeg\",\"width\":480,\"height\":720},{\"@type\":\"BreadcrumbList\",\"@id\":\"https:\/\/babylove.se\/no\/produkt\/mrs-mighetto-haklapp-svane-og-spurv\/#breadcrumb\",\"itemListElement\":[{\"@type\":\"ListItem\",\"position\":1,\"name\":\"Hem\",\"item\":\"https:\/\/babylove.se\/no\/\"},{\"@type\":\"ListItem\",\"position\":2,\"name\":\"Butik\",\"item\":\"https:\/\/babylove.se\/no\/butik\/\"},{\"@type\":\"ListItem\",\"position\":3,\"name\":\"Mrs Mighetto, smekke Swan and Sparrow\"}]},{\"@type\":\"WebSite\",\"@id\":\"https:\/\/babylove.se\/no\/#website\",\"url\":\"https:\/\/babylove.se\/no\/\",\"name\":\"Babylove Norska\",\"description\":\"\",\"potentialAction\":[{\"@type\":\"SearchAction\",\"target\":{\"@type\":\"EntryPoint\",\"urlTemplate\":\"https:\/\/babylove.se\/no\/?s={search_term_string}\"},\"query-input\":{\"@type\":\"PropertyValueSpecification\",\"valueRequired\":true,\"valueName\":\"search_term_string\"}}],\"inLanguage\":\"nb-NO\"}]}<\/script>\n<meta property=\"product:brand\" content=\"Mrs Mighetto\" \/>\n<meta property=\"product:price:amount\" content=\"249.00\" \/>\n<meta property=\"product:price:currency\" content=\"SEK\" \/>\n<meta property=\"og:availability\" content=\"instock\" \/>\n<meta property=\"product:availability\" content=\"instock\" \/>\n<meta property=\"product:retailer_item_id\" content=\"BP-BIB-SWAN-PINK\" \/>\n<meta property=\"product:condition\" content=\"new\" \/>\n<!-- \/ Yoast SEO Premium plugin. -->","yoast_head_json":{"title":"Mrs Mighetto, smekke Swan and Sparrow - Babylove Norska","robots":{"index":"noindex","follow":"follow","max-snippet":"max-snippet:-1","max-image-preview":"max-image-preview:large","max-video-preview":"max-video-preview:-1"},"og_locale":"nb_NO","og_type":"article","og_title":"Mrs Mighetto, smekke Swan and Sparrow","og_description":"De vidunderlige smekl\u00e6rne fra Mrs Mighetto er en storfavoritt hos utallige foreldre. Rengj\u00f8ringen? Like enkelt det, bare skyll i vann eller t\u00f8rk av med en v\u00e5tserviett etter hvert m\u00e5ltid. Kan maskinvaskes ved vanskeligere flekker. Smekl\u00e4ret dekker b\u00e5de skuldrene og brystet og lommen foran fanger opp alt s\u00f8l og alle smuler. Du fester enkelt smekl\u00e4ret med [&hellip;]","og_url":"https:\/\/babylove.se\/no\/produkt\/mrs-mighetto-haklapp-svane-og-spurv\/","og_site_name":"Babylove Norska","article_modified_time":"2026-04-08T10:24:18+00:00","og_image":[{"width":480,"height":720,"url":"https:\/\/babylove.se\/no\/wp-content\/uploads\/sites\/3\/2025\/07\/61309f28bd24a.jpeg","type":"image\/jpeg"}],"twitter_card":"summary_large_image","twitter_misc":{"Price":"249,00&nbsp;&#107;&#114;","Availability":"In stock"},"schema":{"@context":"https:\/\/schema.org","@graph":[{"@type":"WebPage","@id":"https:\/\/babylove.se\/no\/produkt\/mrs-mighetto-haklapp-svane-og-spurv\/","url":"https:\/\/babylove.se\/no\/produkt\/mrs-mighetto-haklapp-svane-og-spurv\/","name":"Mrs Mighetto, smekke Swan and Sparrow - Babylove Norska","isPartOf":{"@id":"https:\/\/babylove.se\/no\/#website"},"primaryImageOfPage":{"@id":"https:\/\/babylove.se\/no\/produkt\/mrs-mighetto-haklapp-svane-og-spurv\/#primaryimage"},"image":{"@id":"https:\/\/babylove.se\/no\/produkt\/mrs-mighetto-haklapp-svane-og-spurv\/#primaryimage"},"thumbnailUrl":"https:\/\/babylove.se\/no\/wp-content\/uploads\/sites\/3\/2025\/07\/61309f28bd24a.jpeg","datePublished":"2025-07-18T22:44:42+00:00","dateModified":"2026-04-08T10:24:18+00:00","breadcrumb":{"@id":"https:\/\/babylove.se\/no\/produkt\/mrs-mighetto-haklapp-svane-og-spurv\/#breadcrumb"},"inLanguage":"nb-NO","potentialAction":[{"@type":"ReadAction","target":["https:\/\/babylove.se\/no\/produkt\/mrs-mighetto-haklapp-svane-og-spurv\/"]}]},{"@type":"ImageObject","inLanguage":"nb-NO","@id":"https:\/\/babylove.se\/no\/produkt\/mrs-mighetto-haklapp-svane-og-spurv\/#primaryimage","url":"https:\/\/babylove.se\/no\/wp-content\/uploads\/sites\/3\/2025\/07\/61309f28bd24a.jpeg","contentUrl":"https:\/\/babylove.se\/no\/wp-content\/uploads\/sites\/3\/2025\/07\/61309f28bd24a.jpeg","width":480,"height":720},{"@type":"BreadcrumbList","@id":"https:\/\/babylove.se\/no\/produkt\/mrs-mighetto-haklapp-svane-og-spurv\/#breadcrumb","itemListElement":[{"@type":"ListItem","position":1,"name":"Hem","item":"https:\/\/babylove.se\/no\/"},{"@type":"ListItem","position":2,"name":"Butik","item":"https:\/\/babylove.se\/no\/butik\/"},{"@type":"ListItem","position":3,"name":"Mrs Mighetto, smekke Swan and Sparrow"}]},{"@type":"WebSite","@id":"https:\/\/babylove.se\/no\/#website","url":"https:\/\/babylove.se\/no\/","name":"Babylove Norska","description":"","potentialAction":[{"@type":"SearchAction","target":{"@type":"EntryPoint","urlTemplate":"https:\/\/babylove.se\/no\/?s={search_term_string}"},"query-input":{"@type":"PropertyValueSpecification","valueRequired":true,"valueName":"search_term_string"}}],"inLanguage":"nb-NO"}]},"product_brand":"Mrs Mighetto","product_price_amount":"249.00","product_price_currency":"SEK","og_availability":"instock","product_availability":"instock","product_retailer_item_id":"BP-BIB-SWAN-PINK","product_condition":"new"},"_links":{"self":[{"href":"https:\/\/babylove.se\/no\/wp-json\/wp\/v2\/product\/27663","targetHints":{"allow":["GET"]}}],"collection":[{"href":"https:\/\/babylove.se\/no\/wp-json\/wp\/v2\/product"}],"about":[{"href":"https:\/\/babylove.se\/no\/wp-json\/wp\/v2\/types\/product"}],"replies":[{"embeddable":true,"href":"https:\/\/babylove.se\/no\/wp-json\/wp\/v2\/comments?post=27663"}],"wp:featuredmedia":[{"embeddable":true,"href":"https:\/\/babylove.se\/no\/wp-json\/wp\/v2\/media\/27665"}],"wp:attachment":[{"href":"https:\/\/babylove.se\/no\/wp-json\/wp\/v2\/media?parent=27663"}],"wp:term":[{"taxonomy":"product_brand","embeddable":true,"href":"https:\/\/babylove.se\/no\/wp-json\/wp\/v2\/product_brand?post=27663"},{"taxonomy":"product_cat","embeddable":true,"href":"https:\/\/babylove.se\/no\/wp-json\/wp\/v2\/product_cat?post=27663"},{"taxonomy":"product_tag","embeddable":true,"href":"https:\/\/babylove.se\/no\/wp-json\/wp\/v2\/product_tag?post=27663"}],"curies":[{"name":"wp","href":"https:\/\/api.w.org\/{rel}","templated":true}]}}