{"id":27749,"date":"2025-07-18T23:45:18","date_gmt":"2025-07-18T22:45:18","guid":{"rendered":"https:\/\/babylove.se\/produkt\/jollein-stapelleksak-snacka-bla\/"},"modified":"2026-04-08T11:24:55","modified_gmt":"2026-04-08T10:24:55","slug":"jollein-stableleke-snakke-bla","status":"publish","type":"product","link":"https:\/\/babylove.se\/no\/produkt\/jollein-stableleke-snakke-bla\/","title":{"rendered":"Jollein stableleke, snegle bl\u00e5"},"content":{"rendered":"<p>En tidl\u00f8s leke som ditt barn kommer til \u00e5 leke med om og om igjen, og igjen, og igjen. Vakker design med en snegle p\u00e5 toppen og laget av tre for beste holdbarhet og f\u00f8lelse. Stilren som gj\u00f8r at du enkelt kan passe den inn i \u00f8vrig barnerominnredning. Perfekt gave ved d\u00e5p eller bursdagen.&nbsp;<\/p>\n<p><strong>M\u00e5l<\/strong>: 20x 11 cm<\/p>\n<p><strong>Materiale:<\/strong> Tre<\/p>\n<p>Designer: <a href=\"https:\/\/babylove.se\/varumarken\/jollein\">Jollein<\/a><\/p>\n","protected":false},"excerpt":{"rendered":"<p>En tidl\u00f8s leke som ditt barn kommer til \u00e5 leke med om og om igjen, og igjen, og igjen. Vakker design med en snegle p\u00e5 toppen og laget av tre for beste holdbarhet og f\u00f8lelse. Stilren som gj\u00f8r at du enkelt kan passe den inn i \u00f8vrig barnerominnredning. Perfekt gave ved d\u00e5p eller bursdagen.&nbsp; M\u00e5l: [&hellip;]<\/p>\n","protected":false},"featured_media":27751,"comment_status":"closed","ping_status":"open","template":"","meta":{"_acf_changed":false},"product_brand":[810],"product_cat":[70,811,72,68,112],"product_tag":[],"class_list":{"0":"post-27749","1":"product","2":"type-product","3":"status-publish","4":"has-post-thumbnail","6":"product_brand-jollein","7":"product_cat-gaver","8":"product_cat-jollein","9":"product_cat-julegaver","10":"product_cat-leker","11":"product_cat-treleker","13":"first","14":"outofstock","15":"taxable","16":"shipping-taxable","17":"purchasable","18":"product-type-simple"},"acf":[],"yoast_head":"<!-- This site is optimized with the Yoast SEO Premium plugin v25.8 (Yoast SEO v27.2) - https:\/\/yoast.com\/product\/yoast-seo-premium-wordpress\/ -->\n<title>Jollein stableleke, snegle bl\u00e5 - Babylove Norska<\/title>\n<meta name=\"robots\" content=\"noindex, follow, max-snippet:-1, max-image-preview:large, max-video-preview:-1\" \/>\n<meta property=\"og:locale\" content=\"nb_NO\" \/>\n<meta property=\"og:type\" content=\"article\" \/>\n<meta property=\"og:title\" content=\"Jollein stableleke, snegle bl\u00e5\" \/>\n<meta property=\"og:description\" content=\"En tidl\u00f8s leke som ditt barn kommer til \u00e5 leke med om og om igjen, og igjen, og igjen. Vakker design med en snegle p\u00e5 toppen og laget av tre for beste holdbarhet og f\u00f8lelse. Stilren som gj\u00f8r at du enkelt kan passe den inn i \u00f8vrig barnerominnredning. Perfekt gave ved d\u00e5p eller bursdagen.&nbsp; M\u00e5l: [&hellip;]\" \/>\n<meta property=\"og:url\" content=\"https:\/\/babylove.se\/no\/produkt\/jollein-stableleke-snakke-bla\/\" \/>\n<meta property=\"og:site_name\" content=\"Babylove Norska\" \/>\n<meta property=\"article:modified_time\" content=\"2026-04-08T10:24:55+00:00\" \/>\n<meta property=\"og:image\" content=\"https:\/\/babylove.se\/no\/wp-content\/uploads\/sites\/3\/2025\/07\/61310dea7aac9.jpeg\" \/>\n\t<meta property=\"og:image:width\" content=\"750\" \/>\n\t<meta property=\"og:image:height\" content=\"563\" \/>\n\t<meta property=\"og:image:type\" content=\"image\/jpeg\" \/>\n<meta name=\"twitter:card\" content=\"summary_large_image\" \/>\n<meta name=\"twitter:label1\" content=\"Price\" \/>\n\t<meta name=\"twitter:data1\" content=\"199,00&nbsp;&#107;&#114;\" \/>\n\t<meta name=\"twitter:label2\" content=\"Availability\" \/>\n\t<meta name=\"twitter:data2\" content=\"Out of stock\" \/>\n<script type=\"application\/ld+json\" class=\"yoast-schema-graph\">{\"@context\":\"https:\/\/schema.org\",\"@graph\":[{\"@type\":\"WebPage\",\"@id\":\"https:\/\/babylove.se\/no\/produkt\/jollein-stableleke-snakke-bla\/\",\"url\":\"https:\/\/babylove.se\/no\/produkt\/jollein-stableleke-snakke-bla\/\",\"name\":\"Jollein stableleke, snegle bl\u00e5 - Babylove Norska\",\"isPartOf\":{\"@id\":\"https:\/\/babylove.se\/no\/#website\"},\"primaryImageOfPage\":{\"@id\":\"https:\/\/babylove.se\/no\/produkt\/jollein-stableleke-snakke-bla\/#primaryimage\"},\"image\":{\"@id\":\"https:\/\/babylove.se\/no\/produkt\/jollein-stableleke-snakke-bla\/#primaryimage\"},\"thumbnailUrl\":\"https:\/\/babylove.se\/no\/wp-content\/uploads\/sites\/3\/2025\/07\/61310dea7aac9.jpeg\",\"datePublished\":\"2025-07-18T22:45:18+00:00\",\"dateModified\":\"2026-04-08T10:24:55+00:00\",\"breadcrumb\":{\"@id\":\"https:\/\/babylove.se\/no\/produkt\/jollein-stableleke-snakke-bla\/#breadcrumb\"},\"inLanguage\":\"nb-NO\",\"potentialAction\":[{\"@type\":\"ReadAction\",\"target\":[\"https:\/\/babylove.se\/no\/produkt\/jollein-stableleke-snakke-bla\/\"]}]},{\"@type\":\"ImageObject\",\"inLanguage\":\"nb-NO\",\"@id\":\"https:\/\/babylove.se\/no\/produkt\/jollein-stableleke-snakke-bla\/#primaryimage\",\"url\":\"https:\/\/babylove.se\/no\/wp-content\/uploads\/sites\/3\/2025\/07\/61310dea7aac9.jpeg\",\"contentUrl\":\"https:\/\/babylove.se\/no\/wp-content\/uploads\/sites\/3\/2025\/07\/61310dea7aac9.jpeg\",\"width\":750,\"height\":563},{\"@type\":\"BreadcrumbList\",\"@id\":\"https:\/\/babylove.se\/no\/produkt\/jollein-stableleke-snakke-bla\/#breadcrumb\",\"itemListElement\":[{\"@type\":\"ListItem\",\"position\":1,\"name\":\"Hem\",\"item\":\"https:\/\/babylove.se\/no\/\"},{\"@type\":\"ListItem\",\"position\":2,\"name\":\"Butik\",\"item\":\"https:\/\/babylove.se\/no\/butik\/\"},{\"@type\":\"ListItem\",\"position\":3,\"name\":\"Jollein stableleke, snegle bl\u00e5\"}]},{\"@type\":\"WebSite\",\"@id\":\"https:\/\/babylove.se\/no\/#website\",\"url\":\"https:\/\/babylove.se\/no\/\",\"name\":\"Babylove Norska\",\"description\":\"\",\"potentialAction\":[{\"@type\":\"SearchAction\",\"target\":{\"@type\":\"EntryPoint\",\"urlTemplate\":\"https:\/\/babylove.se\/no\/?s={search_term_string}\"},\"query-input\":{\"@type\":\"PropertyValueSpecification\",\"valueRequired\":true,\"valueName\":\"search_term_string\"}}],\"inLanguage\":\"nb-NO\"}]}<\/script>\n<meta property=\"product:brand\" content=\"Jollein\" \/>\n<meta property=\"product:price:amount\" content=\"199.00\" \/>\n<meta property=\"product:price:currency\" content=\"SEK\" \/>\n<meta property=\"og:availability\" content=\"out of stock\" \/>\n<meta property=\"product:availability\" content=\"out of stock\" \/>\n<meta property=\"product:retailer_item_id\" content=\"120-001-66026\" \/>\n<meta property=\"product:condition\" content=\"new\" \/>\n<!-- \/ Yoast SEO Premium plugin. -->","yoast_head_json":{"title":"Jollein stableleke, snegle bl\u00e5 - Babylove Norska","robots":{"index":"noindex","follow":"follow","max-snippet":"max-snippet:-1","max-image-preview":"max-image-preview:large","max-video-preview":"max-video-preview:-1"},"og_locale":"nb_NO","og_type":"article","og_title":"Jollein stableleke, snegle bl\u00e5","og_description":"En tidl\u00f8s leke som ditt barn kommer til \u00e5 leke med om og om igjen, og igjen, og igjen. Vakker design med en snegle p\u00e5 toppen og laget av tre for beste holdbarhet og f\u00f8lelse. Stilren som gj\u00f8r at du enkelt kan passe den inn i \u00f8vrig barnerominnredning. Perfekt gave ved d\u00e5p eller bursdagen.&nbsp; M\u00e5l: [&hellip;]","og_url":"https:\/\/babylove.se\/no\/produkt\/jollein-stableleke-snakke-bla\/","og_site_name":"Babylove Norska","article_modified_time":"2026-04-08T10:24:55+00:00","og_image":[{"width":750,"height":563,"url":"https:\/\/babylove.se\/no\/wp-content\/uploads\/sites\/3\/2025\/07\/61310dea7aac9.jpeg","type":"image\/jpeg"}],"twitter_card":"summary_large_image","twitter_misc":{"Price":"199,00&nbsp;&#107;&#114;","Availability":"Out of stock"},"schema":{"@context":"https:\/\/schema.org","@graph":[{"@type":"WebPage","@id":"https:\/\/babylove.se\/no\/produkt\/jollein-stableleke-snakke-bla\/","url":"https:\/\/babylove.se\/no\/produkt\/jollein-stableleke-snakke-bla\/","name":"Jollein stableleke, snegle bl\u00e5 - Babylove Norska","isPartOf":{"@id":"https:\/\/babylove.se\/no\/#website"},"primaryImageOfPage":{"@id":"https:\/\/babylove.se\/no\/produkt\/jollein-stableleke-snakke-bla\/#primaryimage"},"image":{"@id":"https:\/\/babylove.se\/no\/produkt\/jollein-stableleke-snakke-bla\/#primaryimage"},"thumbnailUrl":"https:\/\/babylove.se\/no\/wp-content\/uploads\/sites\/3\/2025\/07\/61310dea7aac9.jpeg","datePublished":"2025-07-18T22:45:18+00:00","dateModified":"2026-04-08T10:24:55+00:00","breadcrumb":{"@id":"https:\/\/babylove.se\/no\/produkt\/jollein-stableleke-snakke-bla\/#breadcrumb"},"inLanguage":"nb-NO","potentialAction":[{"@type":"ReadAction","target":["https:\/\/babylove.se\/no\/produkt\/jollein-stableleke-snakke-bla\/"]}]},{"@type":"ImageObject","inLanguage":"nb-NO","@id":"https:\/\/babylove.se\/no\/produkt\/jollein-stableleke-snakke-bla\/#primaryimage","url":"https:\/\/babylove.se\/no\/wp-content\/uploads\/sites\/3\/2025\/07\/61310dea7aac9.jpeg","contentUrl":"https:\/\/babylove.se\/no\/wp-content\/uploads\/sites\/3\/2025\/07\/61310dea7aac9.jpeg","width":750,"height":563},{"@type":"BreadcrumbList","@id":"https:\/\/babylove.se\/no\/produkt\/jollein-stableleke-snakke-bla\/#breadcrumb","itemListElement":[{"@type":"ListItem","position":1,"name":"Hem","item":"https:\/\/babylove.se\/no\/"},{"@type":"ListItem","position":2,"name":"Butik","item":"https:\/\/babylove.se\/no\/butik\/"},{"@type":"ListItem","position":3,"name":"Jollein stableleke, snegle bl\u00e5"}]},{"@type":"WebSite","@id":"https:\/\/babylove.se\/no\/#website","url":"https:\/\/babylove.se\/no\/","name":"Babylove Norska","description":"","potentialAction":[{"@type":"SearchAction","target":{"@type":"EntryPoint","urlTemplate":"https:\/\/babylove.se\/no\/?s={search_term_string}"},"query-input":{"@type":"PropertyValueSpecification","valueRequired":true,"valueName":"search_term_string"}}],"inLanguage":"nb-NO"}]},"product_brand":"Jollein","product_price_amount":"199.00","product_price_currency":"SEK","og_availability":"out of stock","product_availability":"out of stock","product_retailer_item_id":"120-001-66026","product_condition":"new"},"_links":{"self":[{"href":"https:\/\/babylove.se\/no\/wp-json\/wp\/v2\/product\/27749","targetHints":{"allow":["GET"]}}],"collection":[{"href":"https:\/\/babylove.se\/no\/wp-json\/wp\/v2\/product"}],"about":[{"href":"https:\/\/babylove.se\/no\/wp-json\/wp\/v2\/types\/product"}],"replies":[{"embeddable":true,"href":"https:\/\/babylove.se\/no\/wp-json\/wp\/v2\/comments?post=27749"}],"wp:featuredmedia":[{"embeddable":true,"href":"https:\/\/babylove.se\/no\/wp-json\/wp\/v2\/media\/27751"}],"wp:attachment":[{"href":"https:\/\/babylove.se\/no\/wp-json\/wp\/v2\/media?parent=27749"}],"wp:term":[{"taxonomy":"product_brand","embeddable":true,"href":"https:\/\/babylove.se\/no\/wp-json\/wp\/v2\/product_brand?post=27749"},{"taxonomy":"product_cat","embeddable":true,"href":"https:\/\/babylove.se\/no\/wp-json\/wp\/v2\/product_cat?post=27749"},{"taxonomy":"product_tag","embeddable":true,"href":"https:\/\/babylove.se\/no\/wp-json\/wp\/v2\/product_tag?post=27749"}],"curies":[{"name":"wp","href":"https:\/\/api.w.org\/{rel}","templated":true}]}}