{"id":2777,"date":"2025-07-18T20:11:10","date_gmt":"2025-07-18T19:11:10","guid":{"rendered":"https:\/\/babylove.se\/produkt\/sebra-docksang-gra\/"},"modified":"2026-04-08T07:54:05","modified_gmt":"2026-04-08T06:54:05","slug":"sebra-dukkesenng-gra","status":"publish","type":"product","link":"https:\/\/babylove.se\/no\/produkt\/sebra-dukkesenng-gra\/","title":{"rendered":"Sebra dukkeseng gr\u00e5"},"content":{"rendered":"<p>Denne elegante dukkeseng fra det danske selskapet Sebra er en perfekt dukkeseng for b\u00e5de dukkene og kosedyrene. Dukkesengen har et stilrent design med vakre gavler og sidepaneler som kan tas av. Dette er barnerominredning p\u00e5 aller h\u00f8yeste niv\u00e5. Du kan selvf\u00f8lgelig matche denne dukkesengen med en tilpasset madress ogs\u00e5 den fra Sebra.&nbsp;<\/p>\n<p><strong>M\u00e5l<\/strong>: Lengde 49 cm. Bredde 30 cm. H\u00f8yde 35 cm.&nbsp;<\/p>\n<p><strong>Materiale<\/strong>: Tre<\/p>\n<p>Designer: <a href=\"https:\/\/babylove.se\/varumarken\/sebra\">Sebra<\/a><\/p>\n","protected":false},"excerpt":{"rendered":"<p>Denne elegante dukkeseng fra det danske selskapet Sebra er en perfekt dukkeseng for b\u00e5de dukkene og kosedyrene. Dukkesengen har et stilrent design med vakre gavler og sidepaneler som kan tas av. Dette er barnerominredning p\u00e5 aller h\u00f8yeste niv\u00e5. Du kan selvf\u00f8lgelig matche denne dukkesengen med en tilpasset madress ogs\u00e5 den fra Sebra.&nbsp; M\u00e5l: Lengde 49 [&hellip;]<\/p>\n","protected":false},"featured_media":2779,"comment_status":"closed","ping_status":"open","template":"","meta":{"_acf_changed":false},"product_brand":[160],"product_cat":[69,70,151,68,161,112],"product_tag":[1689],"class_list":{"0":"post-2777","1":"product","2":"type-product","3":"status-publish","4":"has-post-thumbnail","6":"product_brand-sebra","7":"product_cat-dukker-tilbehoer","8":"product_cat-gaver","9":"product_cat-docksangar","10":"product_cat-leker","11":"product_cat-sebra","12":"product_cat-treleker","13":"product_tag-bestillingsvaror","15":"first","16":"outofstock","17":"taxable","18":"shipping-taxable","19":"purchasable","20":"product-type-simple"},"acf":[],"yoast_head":"<!-- This site is optimized with the Yoast SEO Premium plugin v25.8 (Yoast SEO v27.2) - https:\/\/yoast.com\/product\/yoast-seo-premium-wordpress\/ -->\n<title>Sebra dukkeseng gr\u00e5 - Babylove Norska<\/title>\n<meta name=\"robots\" content=\"noindex, follow, max-snippet:-1, max-image-preview:large, max-video-preview:-1\" \/>\n<meta property=\"og:locale\" content=\"nb_NO\" \/>\n<meta property=\"og:type\" content=\"article\" \/>\n<meta property=\"og:title\" content=\"Sebra dukkeseng gr\u00e5\" \/>\n<meta property=\"og:description\" content=\"Denne elegante dukkeseng fra det danske selskapet Sebra er en perfekt dukkeseng for b\u00e5de dukkene og kosedyrene. Dukkesengen har et stilrent design med vakre gavler og sidepaneler som kan tas av. Dette er barnerominredning p\u00e5 aller h\u00f8yeste niv\u00e5. Du kan selvf\u00f8lgelig matche denne dukkesengen med en tilpasset madress ogs\u00e5 den fra Sebra.&nbsp; M\u00e5l: Lengde 49 [&hellip;]\" \/>\n<meta property=\"og:url\" content=\"https:\/\/babylove.se\/no\/produkt\/sebra-dukkesenng-gra\/\" \/>\n<meta property=\"og:site_name\" content=\"Babylove Norska\" \/>\n<meta property=\"article:modified_time\" content=\"2026-04-08T06:54:05+00:00\" \/>\n<meta property=\"og:image\" content=\"https:\/\/babylove.se\/no\/wp-content\/uploads\/sites\/3\/2025\/07\/58bfd6c926535.png\" \/>\n\t<meta property=\"og:image:width\" content=\"611\" \/>\n\t<meta property=\"og:image:height\" content=\"600\" \/>\n\t<meta property=\"og:image:type\" content=\"image\/png\" \/>\n<meta name=\"twitter:card\" content=\"summary_large_image\" \/>\n<meta name=\"twitter:label1\" content=\"Price\" \/>\n\t<meta name=\"twitter:data1\" content=\"1 099,00&nbsp;&#107;&#114;\" \/>\n\t<meta name=\"twitter:label2\" content=\"Availability\" \/>\n\t<meta name=\"twitter:data2\" content=\"Out of stock\" \/>\n<script type=\"application\/ld+json\" class=\"yoast-schema-graph\">{\"@context\":\"https:\/\/schema.org\",\"@graph\":[{\"@type\":\"WebPage\",\"@id\":\"https:\/\/babylove.se\/no\/produkt\/sebra-dukkesenng-gra\/\",\"url\":\"https:\/\/babylove.se\/no\/produkt\/sebra-dukkesenng-gra\/\",\"name\":\"Sebra dukkeseng gr\u00e5 - Babylove Norska\",\"isPartOf\":{\"@id\":\"https:\/\/babylove.se\/no\/#website\"},\"primaryImageOfPage\":{\"@id\":\"https:\/\/babylove.se\/no\/produkt\/sebra-dukkesenng-gra\/#primaryimage\"},\"image\":{\"@id\":\"https:\/\/babylove.se\/no\/produkt\/sebra-dukkesenng-gra\/#primaryimage\"},\"thumbnailUrl\":\"https:\/\/babylove.se\/no\/wp-content\/uploads\/sites\/3\/2025\/07\/58bfd6c926535.png\",\"datePublished\":\"2025-07-18T19:11:10+00:00\",\"dateModified\":\"2026-04-08T06:54:05+00:00\",\"breadcrumb\":{\"@id\":\"https:\/\/babylove.se\/no\/produkt\/sebra-dukkesenng-gra\/#breadcrumb\"},\"inLanguage\":\"nb-NO\",\"potentialAction\":[{\"@type\":\"ReadAction\",\"target\":[\"https:\/\/babylove.se\/no\/produkt\/sebra-dukkesenng-gra\/\"]}]},{\"@type\":\"ImageObject\",\"inLanguage\":\"nb-NO\",\"@id\":\"https:\/\/babylove.se\/no\/produkt\/sebra-dukkesenng-gra\/#primaryimage\",\"url\":\"https:\/\/babylove.se\/no\/wp-content\/uploads\/sites\/3\/2025\/07\/58bfd6c926535.png\",\"contentUrl\":\"https:\/\/babylove.se\/no\/wp-content\/uploads\/sites\/3\/2025\/07\/58bfd6c926535.png\",\"width\":611,\"height\":600},{\"@type\":\"BreadcrumbList\",\"@id\":\"https:\/\/babylove.se\/no\/produkt\/sebra-dukkesenng-gra\/#breadcrumb\",\"itemListElement\":[{\"@type\":\"ListItem\",\"position\":1,\"name\":\"Hem\",\"item\":\"https:\/\/babylove.se\/no\/\"},{\"@type\":\"ListItem\",\"position\":2,\"name\":\"Butik\",\"item\":\"https:\/\/babylove.se\/no\/butik\/\"},{\"@type\":\"ListItem\",\"position\":3,\"name\":\"Sebra dukkeseng gr\u00e5\"}]},{\"@type\":\"WebSite\",\"@id\":\"https:\/\/babylove.se\/no\/#website\",\"url\":\"https:\/\/babylove.se\/no\/\",\"name\":\"Babylove Norska\",\"description\":\"\",\"potentialAction\":[{\"@type\":\"SearchAction\",\"target\":{\"@type\":\"EntryPoint\",\"urlTemplate\":\"https:\/\/babylove.se\/no\/?s={search_term_string}\"},\"query-input\":{\"@type\":\"PropertyValueSpecification\",\"valueRequired\":true,\"valueName\":\"search_term_string\"}}],\"inLanguage\":\"nb-NO\"}]}<\/script>\n<meta property=\"product:brand\" content=\"Sebra\" \/>\n<meta property=\"product:price:amount\" content=\"1099.00\" \/>\n<meta property=\"product:price:currency\" content=\"SEK\" \/>\n<meta property=\"og:availability\" content=\"out of stock\" \/>\n<meta property=\"product:availability\" content=\"out of stock\" \/>\n<meta property=\"product:retailer_item_id\" content=\"3007302\" \/>\n<meta property=\"product:condition\" content=\"new\" \/>\n<!-- \/ Yoast SEO Premium plugin. -->","yoast_head_json":{"title":"Sebra dukkeseng gr\u00e5 - Babylove Norska","robots":{"index":"noindex","follow":"follow","max-snippet":"max-snippet:-1","max-image-preview":"max-image-preview:large","max-video-preview":"max-video-preview:-1"},"og_locale":"nb_NO","og_type":"article","og_title":"Sebra dukkeseng gr\u00e5","og_description":"Denne elegante dukkeseng fra det danske selskapet Sebra er en perfekt dukkeseng for b\u00e5de dukkene og kosedyrene. Dukkesengen har et stilrent design med vakre gavler og sidepaneler som kan tas av. Dette er barnerominredning p\u00e5 aller h\u00f8yeste niv\u00e5. Du kan selvf\u00f8lgelig matche denne dukkesengen med en tilpasset madress ogs\u00e5 den fra Sebra.&nbsp; M\u00e5l: Lengde 49 [&hellip;]","og_url":"https:\/\/babylove.se\/no\/produkt\/sebra-dukkesenng-gra\/","og_site_name":"Babylove Norska","article_modified_time":"2026-04-08T06:54:05+00:00","og_image":[{"width":611,"height":600,"url":"https:\/\/babylove.se\/no\/wp-content\/uploads\/sites\/3\/2025\/07\/58bfd6c926535.png","type":"image\/png"}],"twitter_card":"summary_large_image","twitter_misc":{"Price":"1 099,00&nbsp;&#107;&#114;","Availability":"Out of stock"},"schema":{"@context":"https:\/\/schema.org","@graph":[{"@type":"WebPage","@id":"https:\/\/babylove.se\/no\/produkt\/sebra-dukkesenng-gra\/","url":"https:\/\/babylove.se\/no\/produkt\/sebra-dukkesenng-gra\/","name":"Sebra dukkeseng gr\u00e5 - Babylove Norska","isPartOf":{"@id":"https:\/\/babylove.se\/no\/#website"},"primaryImageOfPage":{"@id":"https:\/\/babylove.se\/no\/produkt\/sebra-dukkesenng-gra\/#primaryimage"},"image":{"@id":"https:\/\/babylove.se\/no\/produkt\/sebra-dukkesenng-gra\/#primaryimage"},"thumbnailUrl":"https:\/\/babylove.se\/no\/wp-content\/uploads\/sites\/3\/2025\/07\/58bfd6c926535.png","datePublished":"2025-07-18T19:11:10+00:00","dateModified":"2026-04-08T06:54:05+00:00","breadcrumb":{"@id":"https:\/\/babylove.se\/no\/produkt\/sebra-dukkesenng-gra\/#breadcrumb"},"inLanguage":"nb-NO","potentialAction":[{"@type":"ReadAction","target":["https:\/\/babylove.se\/no\/produkt\/sebra-dukkesenng-gra\/"]}]},{"@type":"ImageObject","inLanguage":"nb-NO","@id":"https:\/\/babylove.se\/no\/produkt\/sebra-dukkesenng-gra\/#primaryimage","url":"https:\/\/babylove.se\/no\/wp-content\/uploads\/sites\/3\/2025\/07\/58bfd6c926535.png","contentUrl":"https:\/\/babylove.se\/no\/wp-content\/uploads\/sites\/3\/2025\/07\/58bfd6c926535.png","width":611,"height":600},{"@type":"BreadcrumbList","@id":"https:\/\/babylove.se\/no\/produkt\/sebra-dukkesenng-gra\/#breadcrumb","itemListElement":[{"@type":"ListItem","position":1,"name":"Hem","item":"https:\/\/babylove.se\/no\/"},{"@type":"ListItem","position":2,"name":"Butik","item":"https:\/\/babylove.se\/no\/butik\/"},{"@type":"ListItem","position":3,"name":"Sebra dukkeseng gr\u00e5"}]},{"@type":"WebSite","@id":"https:\/\/babylove.se\/no\/#website","url":"https:\/\/babylove.se\/no\/","name":"Babylove Norska","description":"","potentialAction":[{"@type":"SearchAction","target":{"@type":"EntryPoint","urlTemplate":"https:\/\/babylove.se\/no\/?s={search_term_string}"},"query-input":{"@type":"PropertyValueSpecification","valueRequired":true,"valueName":"search_term_string"}}],"inLanguage":"nb-NO"}]},"product_brand":"Sebra","product_price_amount":"1099.00","product_price_currency":"SEK","og_availability":"out of stock","product_availability":"out of stock","product_retailer_item_id":"3007302","product_condition":"new"},"_links":{"self":[{"href":"https:\/\/babylove.se\/no\/wp-json\/wp\/v2\/product\/2777","targetHints":{"allow":["GET"]}}],"collection":[{"href":"https:\/\/babylove.se\/no\/wp-json\/wp\/v2\/product"}],"about":[{"href":"https:\/\/babylove.se\/no\/wp-json\/wp\/v2\/types\/product"}],"replies":[{"embeddable":true,"href":"https:\/\/babylove.se\/no\/wp-json\/wp\/v2\/comments?post=2777"}],"wp:featuredmedia":[{"embeddable":true,"href":"https:\/\/babylove.se\/no\/wp-json\/wp\/v2\/media\/2779"}],"wp:attachment":[{"href":"https:\/\/babylove.se\/no\/wp-json\/wp\/v2\/media?parent=2777"}],"wp:term":[{"taxonomy":"product_brand","embeddable":true,"href":"https:\/\/babylove.se\/no\/wp-json\/wp\/v2\/product_brand?post=2777"},{"taxonomy":"product_cat","embeddable":true,"href":"https:\/\/babylove.se\/no\/wp-json\/wp\/v2\/product_cat?post=2777"},{"taxonomy":"product_tag","embeddable":true,"href":"https:\/\/babylove.se\/no\/wp-json\/wp\/v2\/product_tag?post=2777"}],"curies":[{"name":"wp","href":"https:\/\/api.w.org\/{rel}","templated":true}]}}