{"id":27984,"date":"2025-07-18T23:47:15","date_gmt":"2025-07-18T22:47:15","guid":{"rendered":"https:\/\/babylove.se\/produkt\/babygunga-ecru-bjorn\/"},"modified":"2026-04-08T11:27:02","modified_gmt":"2026-04-08T10:27:02","slug":"babygunga-ecru-bjorn","status":"publish","type":"product","link":"https:\/\/babylove.se\/no\/produkt\/babygunga-ecru-bjorn\/","title":{"rendered":"Babyhuske, ecru bj\u00f8rn"},"content":{"rendered":"<p>En huske tiltenkt v\u00e5re aller yngste kunder.<\/p>\n<p>Laget av tykt stoff, med en polstret myk madras i form av en s\u00f8t bj\u00f8rn. Husken er laget i solid materiale og i naturlige farger, s\u00e5 den er vakker men samtidig robust.<\/p>\n<p><strong>St\u00f8rrelse:<\/strong><\/p>\n<ul>\n<li>Repene er laget av tykk bomull og total lengde er cirka 1,7 meter. Repet er tilpasset takh\u00f8yde p\u00e5 cirka 2,5 m.<\/li>\n<li>Lengden p\u00e5 repene justeres enkelt med knutene under stangen.&nbsp;<\/li>\n<li>Husken er beregnet for barn fra det tidspunktet de kan sitte uten problemer (ca. 6 &#8211; 7 m\u00e5neder.) t\u00e5ler vekter opp til 20 kg.<\/li>\n<li>Husken har et m\u00e5l p\u00e5 omtrent 35x35x45 cm&nbsp;<\/li>\n<\/ul>\n<p><strong>Materiale<\/strong>: Oeko-Tex\u00aeStandard sertifisert velourstoff&nbsp;<\/p>\n<p>*Til produktet f\u00f8lger med to solide metallringer som du enkelt fester p\u00e5 kroker som du selv henger opp i taket. Krokene f\u00f8lger ikke med, s\u00e5 s\u00f8rg for \u00e5 skaffe et par solide som holder for mye vekt.<\/p>\n<p><strong>Farge:&nbsp;<\/strong>finnes ogs\u00e5 i beige, lysgr\u00e5, m\u00f8rkegr\u00e5 og rosa.&nbsp;<\/p>\n<p>Advarsel: barnet b\u00f8r aldri forlates alene uten tilsyn i husken, ikke engang for et \u00f8yeblikk !!!<\/p>\n","protected":false},"excerpt":{"rendered":"<p>En huske tiltenkt v\u00e5re aller yngste kunder. Laget av tykt stoff, med en polstret myk madras i form av en s\u00f8t bj\u00f8rn. Husken er laget i solid materiale og i naturlige farger, s\u00e5 den er vakker men samtidig robust. St\u00f8rrelse: Repene er laget av tykk bomull og total lengde er cirka 1,7 meter. Repet er [&hellip;]<\/p>\n","protected":false},"featured_media":27986,"comment_status":"closed","ping_status":"open","template":"","meta":{"_acf_changed":false},"product_brand":[909],"product_cat":[996,153,910],"product_tag":[],"class_list":{"0":"post-27984","1":"product","2":"type-product","3":"status-publish","4":"has-post-thumbnail","6":"product_brand-natilu","7":"product_cat-baby-steps","8":"product_cat-gungor","9":"product_cat-natilu","11":"first","12":"outofstock","13":"taxable","14":"shipping-taxable","15":"purchasable","16":"product-type-simple"},"acf":[],"yoast_head":"<!-- This site is optimized with the Yoast SEO Premium plugin v25.8 (Yoast SEO v27.2) - https:\/\/yoast.com\/product\/yoast-seo-premium-wordpress\/ -->\n<title>Babyhuske, ecru bj\u00f8rn - Babylove Norska<\/title>\n<meta name=\"robots\" content=\"noindex, follow, max-snippet:-1, max-image-preview:large, max-video-preview:-1\" \/>\n<meta property=\"og:locale\" content=\"nb_NO\" \/>\n<meta property=\"og:type\" content=\"article\" \/>\n<meta property=\"og:title\" content=\"Babyhuske, ecru bj\u00f8rn\" \/>\n<meta property=\"og:description\" content=\"En huske tiltenkt v\u00e5re aller yngste kunder. Laget av tykt stoff, med en polstret myk madras i form av en s\u00f8t bj\u00f8rn. Husken er laget i solid materiale og i naturlige farger, s\u00e5 den er vakker men samtidig robust. St\u00f8rrelse: Repene er laget av tykk bomull og total lengde er cirka 1,7 meter. Repet er [&hellip;]\" \/>\n<meta property=\"og:url\" content=\"https:\/\/babylove.se\/no\/produkt\/babygunga-ecru-bjorn\/\" \/>\n<meta property=\"og:site_name\" content=\"Babylove Norska\" \/>\n<meta property=\"article:modified_time\" content=\"2026-04-08T10:27:02+00:00\" \/>\n<meta property=\"og:image\" content=\"https:\/\/babylove.se\/no\/wp-content\/uploads\/sites\/3\/2025\/07\/6144850806328.jpeg\" \/>\n\t<meta property=\"og:image:width\" content=\"750\" \/>\n\t<meta property=\"og:image:height\" content=\"694\" \/>\n\t<meta property=\"og:image:type\" content=\"image\/jpeg\" \/>\n<meta name=\"twitter:card\" content=\"summary_large_image\" \/>\n<meta name=\"twitter:label1\" content=\"Price\" \/>\n\t<meta name=\"twitter:data1\" content=\"999,00&nbsp;&#107;&#114;\" \/>\n\t<meta name=\"twitter:label2\" content=\"Availability\" \/>\n\t<meta name=\"twitter:data2\" content=\"Out of stock\" \/>\n<script type=\"application\/ld+json\" class=\"yoast-schema-graph\">{\"@context\":\"https:\/\/schema.org\",\"@graph\":[{\"@type\":\"WebPage\",\"@id\":\"https:\/\/babylove.se\/no\/produkt\/babygunga-ecru-bjorn\/\",\"url\":\"https:\/\/babylove.se\/no\/produkt\/babygunga-ecru-bjorn\/\",\"name\":\"Babyhuske, ecru bj\u00f8rn - Babylove Norska\",\"isPartOf\":{\"@id\":\"https:\/\/babylove.se\/no\/#website\"},\"primaryImageOfPage\":{\"@id\":\"https:\/\/babylove.se\/no\/produkt\/babygunga-ecru-bjorn\/#primaryimage\"},\"image\":{\"@id\":\"https:\/\/babylove.se\/no\/produkt\/babygunga-ecru-bjorn\/#primaryimage\"},\"thumbnailUrl\":\"https:\/\/babylove.se\/no\/wp-content\/uploads\/sites\/3\/2025\/07\/6144850806328.jpeg\",\"datePublished\":\"2025-07-18T22:47:15+00:00\",\"dateModified\":\"2026-04-08T10:27:02+00:00\",\"breadcrumb\":{\"@id\":\"https:\/\/babylove.se\/no\/produkt\/babygunga-ecru-bjorn\/#breadcrumb\"},\"inLanguage\":\"nb-NO\",\"potentialAction\":[{\"@type\":\"ReadAction\",\"target\":[\"https:\/\/babylove.se\/no\/produkt\/babygunga-ecru-bjorn\/\"]}]},{\"@type\":\"ImageObject\",\"inLanguage\":\"nb-NO\",\"@id\":\"https:\/\/babylove.se\/no\/produkt\/babygunga-ecru-bjorn\/#primaryimage\",\"url\":\"https:\/\/babylove.se\/no\/wp-content\/uploads\/sites\/3\/2025\/07\/6144850806328.jpeg\",\"contentUrl\":\"https:\/\/babylove.se\/no\/wp-content\/uploads\/sites\/3\/2025\/07\/6144850806328.jpeg\",\"width\":750,\"height\":694},{\"@type\":\"BreadcrumbList\",\"@id\":\"https:\/\/babylove.se\/no\/produkt\/babygunga-ecru-bjorn\/#breadcrumb\",\"itemListElement\":[{\"@type\":\"ListItem\",\"position\":1,\"name\":\"Hem\",\"item\":\"https:\/\/babylove.se\/no\/\"},{\"@type\":\"ListItem\",\"position\":2,\"name\":\"Butik\",\"item\":\"https:\/\/babylove.se\/no\/butik\/\"},{\"@type\":\"ListItem\",\"position\":3,\"name\":\"Babyhuske, ecru bj\u00f8rn\"}]},{\"@type\":\"WebSite\",\"@id\":\"https:\/\/babylove.se\/no\/#website\",\"url\":\"https:\/\/babylove.se\/no\/\",\"name\":\"Babylove Norska\",\"description\":\"\",\"potentialAction\":[{\"@type\":\"SearchAction\",\"target\":{\"@type\":\"EntryPoint\",\"urlTemplate\":\"https:\/\/babylove.se\/no\/?s={search_term_string}\"},\"query-input\":{\"@type\":\"PropertyValueSpecification\",\"valueRequired\":true,\"valueName\":\"search_term_string\"}}],\"inLanguage\":\"nb-NO\"}]}<\/script>\n<meta property=\"product:brand\" content=\"Natilu\" \/>\n<meta property=\"product:price:amount\" content=\"999.00\" \/>\n<meta property=\"product:price:currency\" content=\"SEK\" \/>\n<meta property=\"og:availability\" content=\"out of stock\" \/>\n<meta property=\"product:availability\" content=\"out of stock\" \/>\n<meta property=\"product:retailer_item_id\" content=\"Baby Steps, ecru bj\u00f6rn\" \/>\n<meta property=\"product:condition\" content=\"new\" \/>\n<!-- \/ Yoast SEO Premium plugin. -->","yoast_head_json":{"title":"Babyhuske, ecru bj\u00f8rn - Babylove Norska","robots":{"index":"noindex","follow":"follow","max-snippet":"max-snippet:-1","max-image-preview":"max-image-preview:large","max-video-preview":"max-video-preview:-1"},"og_locale":"nb_NO","og_type":"article","og_title":"Babyhuske, ecru bj\u00f8rn","og_description":"En huske tiltenkt v\u00e5re aller yngste kunder. Laget av tykt stoff, med en polstret myk madras i form av en s\u00f8t bj\u00f8rn. Husken er laget i solid materiale og i naturlige farger, s\u00e5 den er vakker men samtidig robust. St\u00f8rrelse: Repene er laget av tykk bomull og total lengde er cirka 1,7 meter. Repet er [&hellip;]","og_url":"https:\/\/babylove.se\/no\/produkt\/babygunga-ecru-bjorn\/","og_site_name":"Babylove Norska","article_modified_time":"2026-04-08T10:27:02+00:00","og_image":[{"width":750,"height":694,"url":"https:\/\/babylove.se\/no\/wp-content\/uploads\/sites\/3\/2025\/07\/6144850806328.jpeg","type":"image\/jpeg"}],"twitter_card":"summary_large_image","twitter_misc":{"Price":"999,00&nbsp;&#107;&#114;","Availability":"Out of stock"},"schema":{"@context":"https:\/\/schema.org","@graph":[{"@type":"WebPage","@id":"https:\/\/babylove.se\/no\/produkt\/babygunga-ecru-bjorn\/","url":"https:\/\/babylove.se\/no\/produkt\/babygunga-ecru-bjorn\/","name":"Babyhuske, ecru bj\u00f8rn - Babylove Norska","isPartOf":{"@id":"https:\/\/babylove.se\/no\/#website"},"primaryImageOfPage":{"@id":"https:\/\/babylove.se\/no\/produkt\/babygunga-ecru-bjorn\/#primaryimage"},"image":{"@id":"https:\/\/babylove.se\/no\/produkt\/babygunga-ecru-bjorn\/#primaryimage"},"thumbnailUrl":"https:\/\/babylove.se\/no\/wp-content\/uploads\/sites\/3\/2025\/07\/6144850806328.jpeg","datePublished":"2025-07-18T22:47:15+00:00","dateModified":"2026-04-08T10:27:02+00:00","breadcrumb":{"@id":"https:\/\/babylove.se\/no\/produkt\/babygunga-ecru-bjorn\/#breadcrumb"},"inLanguage":"nb-NO","potentialAction":[{"@type":"ReadAction","target":["https:\/\/babylove.se\/no\/produkt\/babygunga-ecru-bjorn\/"]}]},{"@type":"ImageObject","inLanguage":"nb-NO","@id":"https:\/\/babylove.se\/no\/produkt\/babygunga-ecru-bjorn\/#primaryimage","url":"https:\/\/babylove.se\/no\/wp-content\/uploads\/sites\/3\/2025\/07\/6144850806328.jpeg","contentUrl":"https:\/\/babylove.se\/no\/wp-content\/uploads\/sites\/3\/2025\/07\/6144850806328.jpeg","width":750,"height":694},{"@type":"BreadcrumbList","@id":"https:\/\/babylove.se\/no\/produkt\/babygunga-ecru-bjorn\/#breadcrumb","itemListElement":[{"@type":"ListItem","position":1,"name":"Hem","item":"https:\/\/babylove.se\/no\/"},{"@type":"ListItem","position":2,"name":"Butik","item":"https:\/\/babylove.se\/no\/butik\/"},{"@type":"ListItem","position":3,"name":"Babyhuske, ecru bj\u00f8rn"}]},{"@type":"WebSite","@id":"https:\/\/babylove.se\/no\/#website","url":"https:\/\/babylove.se\/no\/","name":"Babylove Norska","description":"","potentialAction":[{"@type":"SearchAction","target":{"@type":"EntryPoint","urlTemplate":"https:\/\/babylove.se\/no\/?s={search_term_string}"},"query-input":{"@type":"PropertyValueSpecification","valueRequired":true,"valueName":"search_term_string"}}],"inLanguage":"nb-NO"}]},"product_brand":"Natilu","product_price_amount":"999.00","product_price_currency":"SEK","og_availability":"out of stock","product_availability":"out of stock","product_retailer_item_id":"Baby Steps, ecru bj\u00f6rn","product_condition":"new"},"_links":{"self":[{"href":"https:\/\/babylove.se\/no\/wp-json\/wp\/v2\/product\/27984","targetHints":{"allow":["GET"]}}],"collection":[{"href":"https:\/\/babylove.se\/no\/wp-json\/wp\/v2\/product"}],"about":[{"href":"https:\/\/babylove.se\/no\/wp-json\/wp\/v2\/types\/product"}],"replies":[{"embeddable":true,"href":"https:\/\/babylove.se\/no\/wp-json\/wp\/v2\/comments?post=27984"}],"wp:featuredmedia":[{"embeddable":true,"href":"https:\/\/babylove.se\/no\/wp-json\/wp\/v2\/media\/27986"}],"wp:attachment":[{"href":"https:\/\/babylove.se\/no\/wp-json\/wp\/v2\/media?parent=27984"}],"wp:term":[{"taxonomy":"product_brand","embeddable":true,"href":"https:\/\/babylove.se\/no\/wp-json\/wp\/v2\/product_brand?post=27984"},{"taxonomy":"product_cat","embeddable":true,"href":"https:\/\/babylove.se\/no\/wp-json\/wp\/v2\/product_cat?post=27984"},{"taxonomy":"product_tag","embeddable":true,"href":"https:\/\/babylove.se\/no\/wp-json\/wp\/v2\/product_tag?post=27984"}],"curies":[{"name":"wp","href":"https:\/\/api.w.org\/{rel}","templated":true}]}}