{"id":27990,"date":"2025-07-18T23:47:15","date_gmt":"2025-07-18T22:47:15","guid":{"rendered":"https:\/\/babylove.se\/produkt\/bungee-rund-tallriksgunga-gra\/"},"modified":"2026-04-08T11:27:05","modified_gmt":"2026-04-08T10:27:05","slug":"bungee-rund-tallerkenhusker-gra","status":"publish","type":"product","link":"https:\/\/babylove.se\/no\/produkt\/bungee-rund-tallerkenhusker-gra\/","title":{"rendered":"Bungee, rund tallerkenhuske, gr\u00e5"},"content":{"rendered":"<p>En huske tiltenkt v\u00e5re aller yngste kunder.<\/p>\n<p>Laget av tykt stoff, med en vattert myk rund madrass. Husken er laget i solid materiale og i naturlige farger, s\u00e5 den er vakker men samtidig robust.<\/p>\n<p><strong>St\u00f8rrelse:<\/strong><\/p>\n<ul>\n<li>Repene er laget av tykk bomull og total lengde fra sete til enden er cirka 180 cm pluss ekstra 30 cm.&nbsp;<\/li>\n<li>Lengden p\u00e5 repene justeres enkelt med knutene under stangen.&nbsp;<\/li>\n<li>Husken er beregnet for barn fra cirka 4 \u00e5r og oppover og t\u00e5ler vekter opp til 80 kg.<\/li>\n<li>Husken har en diameter p\u00e5 cirka 34 cm<\/li>\n<\/ul>\n<p><strong>Materiale<\/strong>: Oeko-Tex\u00aeStandard sertifisert velourstoff&nbsp;<\/p>\n<p>*Til produktet medf\u00f8lger to solide metallringer som du enkelt fester p\u00e5 kroker som du selv henger opp i taket. Krokene medf\u00f8lger ikke, s\u00e5 s\u00f8rg for \u00e5 skaffe et par solide som holder for mye vekt.<\/p>\n<p><strong>Farge:&nbsp;<\/strong>Gr\u00e5<\/p>\n<p>Advarsel: barnet b\u00f8r aldri forlates alene uten oppsyn i husken, ikke engang for et \u00f8yeblikk !!!<\/p>\n","protected":false},"excerpt":{"rendered":"<p>En huske tiltenkt v\u00e5re aller yngste kunder. Laget av tykt stoff, med en vattert myk rund madrass. Husken er laget i solid materiale og i naturlige farger, s\u00e5 den er vakker men samtidig robust. St\u00f8rrelse: Repene er laget av tykk bomull og total lengde fra sete til enden er cirka 180 cm pluss ekstra 30 [&hellip;]<\/p>\n","protected":false},"featured_media":27992,"comment_status":"closed","ping_status":"open","template":"","meta":{"_acf_changed":false},"product_brand":[152],"product_cat":[153,155],"product_tag":[],"class_list":{"0":"post-27990","1":"product","2":"type-product","3":"status-publish","4":"has-post-thumbnail","6":"product_brand-zuzu-la","7":"product_cat-gungor","8":"product_cat-zuzu-la","10":"first","11":"outofstock","12":"taxable","13":"shipping-taxable","14":"purchasable","15":"product-type-simple"},"acf":[],"yoast_head":"<!-- This site is optimized with the Yoast SEO Premium plugin v25.8 (Yoast SEO v27.2) - https:\/\/yoast.com\/product\/yoast-seo-premium-wordpress\/ -->\n<title>Bungee, rund tallerkenhuske, gr\u00e5 - Babylove Norska<\/title>\n<meta name=\"robots\" content=\"noindex, follow, max-snippet:-1, max-image-preview:large, max-video-preview:-1\" \/>\n<meta property=\"og:locale\" content=\"nb_NO\" \/>\n<meta property=\"og:type\" content=\"article\" \/>\n<meta property=\"og:title\" content=\"Bungee, rund tallerkenhuske, gr\u00e5\" \/>\n<meta property=\"og:description\" content=\"En huske tiltenkt v\u00e5re aller yngste kunder. Laget av tykt stoff, med en vattert myk rund madrass. Husken er laget i solid materiale og i naturlige farger, s\u00e5 den er vakker men samtidig robust. St\u00f8rrelse: Repene er laget av tykk bomull og total lengde fra sete til enden er cirka 180 cm pluss ekstra 30 [&hellip;]\" \/>\n<meta property=\"og:url\" content=\"https:\/\/babylove.se\/no\/produkt\/bungee-rund-tallerkenhusker-gra\/\" \/>\n<meta property=\"og:site_name\" content=\"Babylove Norska\" \/>\n<meta property=\"article:modified_time\" content=\"2026-04-08T10:27:05+00:00\" \/>\n<meta property=\"og:image\" content=\"https:\/\/babylove.se\/no\/wp-content\/uploads\/sites\/3\/2025\/07\/614486878eb4b.png\" \/>\n\t<meta property=\"og:image:width\" content=\"358\" \/>\n\t<meta property=\"og:image:height\" content=\"469\" \/>\n\t<meta property=\"og:image:type\" content=\"image\/png\" \/>\n<meta name=\"twitter:card\" content=\"summary_large_image\" \/>\n<meta name=\"twitter:label1\" content=\"Price\" \/>\n\t<meta name=\"twitter:data1\" content=\"599,00&nbsp;&#107;&#114;\" \/>\n\t<meta name=\"twitter:label2\" content=\"Availability\" \/>\n\t<meta name=\"twitter:data2\" content=\"Out of stock\" \/>\n<script type=\"application\/ld+json\" class=\"yoast-schema-graph\">{\"@context\":\"https:\/\/schema.org\",\"@graph\":[{\"@type\":\"WebPage\",\"@id\":\"https:\/\/babylove.se\/no\/produkt\/bungee-rund-tallerkenhusker-gra\/\",\"url\":\"https:\/\/babylove.se\/no\/produkt\/bungee-rund-tallerkenhusker-gra\/\",\"name\":\"Bungee, rund tallerkenhuske, gr\u00e5 - Babylove Norska\",\"isPartOf\":{\"@id\":\"https:\/\/babylove.se\/no\/#website\"},\"primaryImageOfPage\":{\"@id\":\"https:\/\/babylove.se\/no\/produkt\/bungee-rund-tallerkenhusker-gra\/#primaryimage\"},\"image\":{\"@id\":\"https:\/\/babylove.se\/no\/produkt\/bungee-rund-tallerkenhusker-gra\/#primaryimage\"},\"thumbnailUrl\":\"https:\/\/babylove.se\/no\/wp-content\/uploads\/sites\/3\/2025\/07\/614486878eb4b.png\",\"datePublished\":\"2025-07-18T22:47:15+00:00\",\"dateModified\":\"2026-04-08T10:27:05+00:00\",\"breadcrumb\":{\"@id\":\"https:\/\/babylove.se\/no\/produkt\/bungee-rund-tallerkenhusker-gra\/#breadcrumb\"},\"inLanguage\":\"nb-NO\",\"potentialAction\":[{\"@type\":\"ReadAction\",\"target\":[\"https:\/\/babylove.se\/no\/produkt\/bungee-rund-tallerkenhusker-gra\/\"]}]},{\"@type\":\"ImageObject\",\"inLanguage\":\"nb-NO\",\"@id\":\"https:\/\/babylove.se\/no\/produkt\/bungee-rund-tallerkenhusker-gra\/#primaryimage\",\"url\":\"https:\/\/babylove.se\/no\/wp-content\/uploads\/sites\/3\/2025\/07\/614486878eb4b.png\",\"contentUrl\":\"https:\/\/babylove.se\/no\/wp-content\/uploads\/sites\/3\/2025\/07\/614486878eb4b.png\",\"width\":358,\"height\":469},{\"@type\":\"BreadcrumbList\",\"@id\":\"https:\/\/babylove.se\/no\/produkt\/bungee-rund-tallerkenhusker-gra\/#breadcrumb\",\"itemListElement\":[{\"@type\":\"ListItem\",\"position\":1,\"name\":\"Hem\",\"item\":\"https:\/\/babylove.se\/no\/\"},{\"@type\":\"ListItem\",\"position\":2,\"name\":\"Butik\",\"item\":\"https:\/\/babylove.se\/no\/butik\/\"},{\"@type\":\"ListItem\",\"position\":3,\"name\":\"Bungee, rund tallerkenhuske, gr\u00e5\"}]},{\"@type\":\"WebSite\",\"@id\":\"https:\/\/babylove.se\/no\/#website\",\"url\":\"https:\/\/babylove.se\/no\/\",\"name\":\"Babylove Norska\",\"description\":\"\",\"potentialAction\":[{\"@type\":\"SearchAction\",\"target\":{\"@type\":\"EntryPoint\",\"urlTemplate\":\"https:\/\/babylove.se\/no\/?s={search_term_string}\"},\"query-input\":{\"@type\":\"PropertyValueSpecification\",\"valueRequired\":true,\"valueName\":\"search_term_string\"}}],\"inLanguage\":\"nb-NO\"}]}<\/script>\n<meta property=\"product:brand\" content=\"Zuzu-La\" \/>\n<meta property=\"product:price:amount\" content=\"599.00\" \/>\n<meta property=\"product:price:currency\" content=\"SEK\" \/>\n<meta property=\"og:availability\" content=\"out of stock\" \/>\n<meta property=\"product:availability\" content=\"out of stock\" \/>\n<meta property=\"product:retailer_item_id\" content=\"ZUZ00001000\" \/>\n<meta property=\"product:condition\" content=\"new\" \/>\n<!-- \/ Yoast SEO Premium plugin. -->","yoast_head_json":{"title":"Bungee, rund tallerkenhuske, gr\u00e5 - Babylove Norska","robots":{"index":"noindex","follow":"follow","max-snippet":"max-snippet:-1","max-image-preview":"max-image-preview:large","max-video-preview":"max-video-preview:-1"},"og_locale":"nb_NO","og_type":"article","og_title":"Bungee, rund tallerkenhuske, gr\u00e5","og_description":"En huske tiltenkt v\u00e5re aller yngste kunder. Laget av tykt stoff, med en vattert myk rund madrass. Husken er laget i solid materiale og i naturlige farger, s\u00e5 den er vakker men samtidig robust. St\u00f8rrelse: Repene er laget av tykk bomull og total lengde fra sete til enden er cirka 180 cm pluss ekstra 30 [&hellip;]","og_url":"https:\/\/babylove.se\/no\/produkt\/bungee-rund-tallerkenhusker-gra\/","og_site_name":"Babylove Norska","article_modified_time":"2026-04-08T10:27:05+00:00","og_image":[{"width":358,"height":469,"url":"https:\/\/babylove.se\/no\/wp-content\/uploads\/sites\/3\/2025\/07\/614486878eb4b.png","type":"image\/png"}],"twitter_card":"summary_large_image","twitter_misc":{"Price":"599,00&nbsp;&#107;&#114;","Availability":"Out of stock"},"schema":{"@context":"https:\/\/schema.org","@graph":[{"@type":"WebPage","@id":"https:\/\/babylove.se\/no\/produkt\/bungee-rund-tallerkenhusker-gra\/","url":"https:\/\/babylove.se\/no\/produkt\/bungee-rund-tallerkenhusker-gra\/","name":"Bungee, rund tallerkenhuske, gr\u00e5 - Babylove Norska","isPartOf":{"@id":"https:\/\/babylove.se\/no\/#website"},"primaryImageOfPage":{"@id":"https:\/\/babylove.se\/no\/produkt\/bungee-rund-tallerkenhusker-gra\/#primaryimage"},"image":{"@id":"https:\/\/babylove.se\/no\/produkt\/bungee-rund-tallerkenhusker-gra\/#primaryimage"},"thumbnailUrl":"https:\/\/babylove.se\/no\/wp-content\/uploads\/sites\/3\/2025\/07\/614486878eb4b.png","datePublished":"2025-07-18T22:47:15+00:00","dateModified":"2026-04-08T10:27:05+00:00","breadcrumb":{"@id":"https:\/\/babylove.se\/no\/produkt\/bungee-rund-tallerkenhusker-gra\/#breadcrumb"},"inLanguage":"nb-NO","potentialAction":[{"@type":"ReadAction","target":["https:\/\/babylove.se\/no\/produkt\/bungee-rund-tallerkenhusker-gra\/"]}]},{"@type":"ImageObject","inLanguage":"nb-NO","@id":"https:\/\/babylove.se\/no\/produkt\/bungee-rund-tallerkenhusker-gra\/#primaryimage","url":"https:\/\/babylove.se\/no\/wp-content\/uploads\/sites\/3\/2025\/07\/614486878eb4b.png","contentUrl":"https:\/\/babylove.se\/no\/wp-content\/uploads\/sites\/3\/2025\/07\/614486878eb4b.png","width":358,"height":469},{"@type":"BreadcrumbList","@id":"https:\/\/babylove.se\/no\/produkt\/bungee-rund-tallerkenhusker-gra\/#breadcrumb","itemListElement":[{"@type":"ListItem","position":1,"name":"Hem","item":"https:\/\/babylove.se\/no\/"},{"@type":"ListItem","position":2,"name":"Butik","item":"https:\/\/babylove.se\/no\/butik\/"},{"@type":"ListItem","position":3,"name":"Bungee, rund tallerkenhuske, gr\u00e5"}]},{"@type":"WebSite","@id":"https:\/\/babylove.se\/no\/#website","url":"https:\/\/babylove.se\/no\/","name":"Babylove Norska","description":"","potentialAction":[{"@type":"SearchAction","target":{"@type":"EntryPoint","urlTemplate":"https:\/\/babylove.se\/no\/?s={search_term_string}"},"query-input":{"@type":"PropertyValueSpecification","valueRequired":true,"valueName":"search_term_string"}}],"inLanguage":"nb-NO"}]},"product_brand":"Zuzu-La","product_price_amount":"599.00","product_price_currency":"SEK","og_availability":"out of stock","product_availability":"out of stock","product_retailer_item_id":"ZUZ00001000","product_condition":"new"},"_links":{"self":[{"href":"https:\/\/babylove.se\/no\/wp-json\/wp\/v2\/product\/27990","targetHints":{"allow":["GET"]}}],"collection":[{"href":"https:\/\/babylove.se\/no\/wp-json\/wp\/v2\/product"}],"about":[{"href":"https:\/\/babylove.se\/no\/wp-json\/wp\/v2\/types\/product"}],"replies":[{"embeddable":true,"href":"https:\/\/babylove.se\/no\/wp-json\/wp\/v2\/comments?post=27990"}],"wp:featuredmedia":[{"embeddable":true,"href":"https:\/\/babylove.se\/no\/wp-json\/wp\/v2\/media\/27992"}],"wp:attachment":[{"href":"https:\/\/babylove.se\/no\/wp-json\/wp\/v2\/media?parent=27990"}],"wp:term":[{"taxonomy":"product_brand","embeddable":true,"href":"https:\/\/babylove.se\/no\/wp-json\/wp\/v2\/product_brand?post=27990"},{"taxonomy":"product_cat","embeddable":true,"href":"https:\/\/babylove.se\/no\/wp-json\/wp\/v2\/product_cat?post=27990"},{"taxonomy":"product_tag","embeddable":true,"href":"https:\/\/babylove.se\/no\/wp-json\/wp\/v2\/product_tag?post=27990"}],"curies":[{"name":"wp","href":"https:\/\/api.w.org\/{rel}","templated":true}]}}