{"id":28096,"date":"2025-07-18T23:47:59","date_gmt":"2025-07-18T22:47:59","guid":{"rendered":"https:\/\/babylove.se\/produkt\/dekornik-vaggklistermarken-mustard-cirklar\/"},"modified":"2026-04-08T11:28:16","modified_gmt":"2026-04-08T10:28:16","slug":"dekornik-veggklistremerker-sennep-sirkler","status":"publish","type":"product","link":"https:\/\/babylove.se\/no\/produkt\/dekornik-veggklistremerker-sennep-sirkler\/","title":{"rendered":"Dekornik, veggklistremerker sennep sirkler"},"content":{"rendered":"<p>S\u00f8te veggklistremerker i form av remser med sennepsgule halvsirkler som gir hvilket som helst rom et l\u00f8ft!&nbsp;<\/p>\n<p>Selv sm\u00e5 veggklistremerker kan gi rommet en helt ny form, og det gjelder ikke bare barnerommet. <span style=\"line-height: 18.2px;\">Veggklistremerkene er veldig enkle \u00e5 sette opp p\u00e5 veggen, de avgir ingen skygge og l\u00f8sner enkelt hvis man vil fjerne dem. Fantastisk smidige og fine veggdekorasjoner for \u00e5 innrede barnerommet.<\/span><\/p>\n<p><strong>St\u00f8rrelse:&nbsp;<\/strong> Diameter cirka 9 cm.&nbsp;<\/p>\n<p>Hver remse er 55 cm lang. Totalt inng\u00e5r 14 remser som totalt gir ca 7 meter.<\/p>\n<p>Designer: <a href=\"https:\/\/babylove.se\/varumarken\/dekornik\">Dekornik<\/a><\/p>\n<p><u>Obs! Klistremerkene er ikke egnet for vegger med en grov overflate eller hvis de er malt med lateksfarger<\/u><\/p>\n","protected":false},"excerpt":{"rendered":"<p>S\u00f8te veggklistremerker i form av remser med sennepsgule halvsirkler som gir hvilket som helst rom et l\u00f8ft!&nbsp; Selv sm\u00e5 veggklistremerker kan gi rommet en helt ny form, og det gjelder ikke bare barnerommet. Veggklistremerkene er veldig enkle \u00e5 sette opp p\u00e5 veggen, de avgir ingen skygge og l\u00f8sner enkelt hvis man vil fjerne dem. Fantastisk [&hellip;]<\/p>\n","protected":false},"featured_media":28098,"comment_status":"closed","ping_status":"open","template":"","meta":{"_acf_changed":false},"product_brand":[22],"product_cat":[191,29,24,83],"product_tag":[],"class_list":{"0":"post-28096","1":"product","2":"type-product","3":"status-publish","4":"has-post-thumbnail","6":"product_brand-babylove","7":"product_cat-dekornik","8":"product_cat-veggdekorasjoner","9":"product_cat-veggklistremerker","10":"product_cat-veggklistremerker-barnerom","12":"first","13":"outofstock","14":"taxable","15":"shipping-taxable","16":"purchasable","17":"product-type-simple"},"acf":[],"yoast_head":"<!-- This site is optimized with the Yoast SEO Premium plugin v25.8 (Yoast SEO v27.2) - https:\/\/yoast.com\/product\/yoast-seo-premium-wordpress\/ -->\n<title>Dekornik, veggklistremerker sennep sirkler - Babylove Norska<\/title>\n<meta name=\"robots\" content=\"noindex, follow, max-snippet:-1, max-image-preview:large, max-video-preview:-1\" \/>\n<meta property=\"og:locale\" content=\"nb_NO\" \/>\n<meta property=\"og:type\" content=\"article\" \/>\n<meta property=\"og:title\" content=\"Dekornik, veggklistremerker sennep sirkler\" \/>\n<meta property=\"og:description\" content=\"S\u00f8te veggklistremerker i form av remser med sennepsgule halvsirkler som gir hvilket som helst rom et l\u00f8ft!&nbsp; Selv sm\u00e5 veggklistremerker kan gi rommet en helt ny form, og det gjelder ikke bare barnerommet. Veggklistremerkene er veldig enkle \u00e5 sette opp p\u00e5 veggen, de avgir ingen skygge og l\u00f8sner enkelt hvis man vil fjerne dem. Fantastisk [&hellip;]\" \/>\n<meta property=\"og:url\" content=\"https:\/\/babylove.se\/no\/produkt\/dekornik-veggklistremerker-sennep-sirkler\/\" \/>\n<meta property=\"og:site_name\" content=\"Babylove Norska\" \/>\n<meta property=\"article:modified_time\" content=\"2026-04-08T10:28:16+00:00\" \/>\n<meta property=\"og:image\" content=\"https:\/\/babylove.se\/no\/wp-content\/uploads\/sites\/3\/2025\/07\/614c51f1ab857.jpeg\" \/>\n\t<meta property=\"og:image:width\" content=\"750\" \/>\n\t<meta property=\"og:image:height\" content=\"750\" \/>\n\t<meta property=\"og:image:type\" content=\"image\/jpeg\" \/>\n<meta name=\"twitter:card\" content=\"summary_large_image\" \/>\n<meta name=\"twitter:label1\" content=\"Price\" \/>\n\t<meta name=\"twitter:data1\" content=\"279,00&nbsp;&#107;&#114;\" \/>\n\t<meta name=\"twitter:label2\" content=\"Availability\" \/>\n\t<meta name=\"twitter:data2\" content=\"Out of stock\" \/>\n<script type=\"application\/ld+json\" class=\"yoast-schema-graph\">{\"@context\":\"https:\/\/schema.org\",\"@graph\":[{\"@type\":\"WebPage\",\"@id\":\"https:\/\/babylove.se\/no\/produkt\/dekornik-veggklistremerker-sennep-sirkler\/\",\"url\":\"https:\/\/babylove.se\/no\/produkt\/dekornik-veggklistremerker-sennep-sirkler\/\",\"name\":\"Dekornik, veggklistremerker sennep sirkler - Babylove Norska\",\"isPartOf\":{\"@id\":\"https:\/\/babylove.se\/no\/#website\"},\"primaryImageOfPage\":{\"@id\":\"https:\/\/babylove.se\/no\/produkt\/dekornik-veggklistremerker-sennep-sirkler\/#primaryimage\"},\"image\":{\"@id\":\"https:\/\/babylove.se\/no\/produkt\/dekornik-veggklistremerker-sennep-sirkler\/#primaryimage\"},\"thumbnailUrl\":\"https:\/\/babylove.se\/no\/wp-content\/uploads\/sites\/3\/2025\/07\/614c51f1ab857.jpeg\",\"datePublished\":\"2025-07-18T22:47:59+00:00\",\"dateModified\":\"2026-04-08T10:28:16+00:00\",\"breadcrumb\":{\"@id\":\"https:\/\/babylove.se\/no\/produkt\/dekornik-veggklistremerker-sennep-sirkler\/#breadcrumb\"},\"inLanguage\":\"nb-NO\",\"potentialAction\":[{\"@type\":\"ReadAction\",\"target\":[\"https:\/\/babylove.se\/no\/produkt\/dekornik-veggklistremerker-sennep-sirkler\/\"]}]},{\"@type\":\"ImageObject\",\"inLanguage\":\"nb-NO\",\"@id\":\"https:\/\/babylove.se\/no\/produkt\/dekornik-veggklistremerker-sennep-sirkler\/#primaryimage\",\"url\":\"https:\/\/babylove.se\/no\/wp-content\/uploads\/sites\/3\/2025\/07\/614c51f1ab857.jpeg\",\"contentUrl\":\"https:\/\/babylove.se\/no\/wp-content\/uploads\/sites\/3\/2025\/07\/614c51f1ab857.jpeg\",\"width\":750,\"height\":750},{\"@type\":\"BreadcrumbList\",\"@id\":\"https:\/\/babylove.se\/no\/produkt\/dekornik-veggklistremerker-sennep-sirkler\/#breadcrumb\",\"itemListElement\":[{\"@type\":\"ListItem\",\"position\":1,\"name\":\"Hem\",\"item\":\"https:\/\/babylove.se\/no\/\"},{\"@type\":\"ListItem\",\"position\":2,\"name\":\"Butik\",\"item\":\"https:\/\/babylove.se\/no\/butik\/\"},{\"@type\":\"ListItem\",\"position\":3,\"name\":\"Dekornik, veggklistremerker sennep sirkler\"}]},{\"@type\":\"WebSite\",\"@id\":\"https:\/\/babylove.se\/no\/#website\",\"url\":\"https:\/\/babylove.se\/no\/\",\"name\":\"Babylove Norska\",\"description\":\"\",\"potentialAction\":[{\"@type\":\"SearchAction\",\"target\":{\"@type\":\"EntryPoint\",\"urlTemplate\":\"https:\/\/babylove.se\/no\/?s={search_term_string}\"},\"query-input\":{\"@type\":\"PropertyValueSpecification\",\"valueRequired\":true,\"valueName\":\"search_term_string\"}}],\"inLanguage\":\"nb-NO\"}]}<\/script>\n<meta property=\"product:brand\" content=\"Babylove\" \/>\n<meta property=\"product:price:amount\" content=\"279.00\" \/>\n<meta property=\"product:price:currency\" content=\"SEK\" \/>\n<meta property=\"og:availability\" content=\"out of stock\" \/>\n<meta property=\"product:availability\" content=\"out of stock\" \/>\n<meta property=\"product:retailer_item_id\" content=\"DEKO.N.Z69.026\" \/>\n<meta property=\"product:condition\" content=\"new\" \/>\n<!-- \/ Yoast SEO Premium plugin. -->","yoast_head_json":{"title":"Dekornik, veggklistremerker sennep sirkler - Babylove Norska","robots":{"index":"noindex","follow":"follow","max-snippet":"max-snippet:-1","max-image-preview":"max-image-preview:large","max-video-preview":"max-video-preview:-1"},"og_locale":"nb_NO","og_type":"article","og_title":"Dekornik, veggklistremerker sennep sirkler","og_description":"S\u00f8te veggklistremerker i form av remser med sennepsgule halvsirkler som gir hvilket som helst rom et l\u00f8ft!&nbsp; Selv sm\u00e5 veggklistremerker kan gi rommet en helt ny form, og det gjelder ikke bare barnerommet. Veggklistremerkene er veldig enkle \u00e5 sette opp p\u00e5 veggen, de avgir ingen skygge og l\u00f8sner enkelt hvis man vil fjerne dem. Fantastisk [&hellip;]","og_url":"https:\/\/babylove.se\/no\/produkt\/dekornik-veggklistremerker-sennep-sirkler\/","og_site_name":"Babylove Norska","article_modified_time":"2026-04-08T10:28:16+00:00","og_image":[{"width":750,"height":750,"url":"https:\/\/babylove.se\/no\/wp-content\/uploads\/sites\/3\/2025\/07\/614c51f1ab857.jpeg","type":"image\/jpeg"}],"twitter_card":"summary_large_image","twitter_misc":{"Price":"279,00&nbsp;&#107;&#114;","Availability":"Out of stock"},"schema":{"@context":"https:\/\/schema.org","@graph":[{"@type":"WebPage","@id":"https:\/\/babylove.se\/no\/produkt\/dekornik-veggklistremerker-sennep-sirkler\/","url":"https:\/\/babylove.se\/no\/produkt\/dekornik-veggklistremerker-sennep-sirkler\/","name":"Dekornik, veggklistremerker sennep sirkler - Babylove Norska","isPartOf":{"@id":"https:\/\/babylove.se\/no\/#website"},"primaryImageOfPage":{"@id":"https:\/\/babylove.se\/no\/produkt\/dekornik-veggklistremerker-sennep-sirkler\/#primaryimage"},"image":{"@id":"https:\/\/babylove.se\/no\/produkt\/dekornik-veggklistremerker-sennep-sirkler\/#primaryimage"},"thumbnailUrl":"https:\/\/babylove.se\/no\/wp-content\/uploads\/sites\/3\/2025\/07\/614c51f1ab857.jpeg","datePublished":"2025-07-18T22:47:59+00:00","dateModified":"2026-04-08T10:28:16+00:00","breadcrumb":{"@id":"https:\/\/babylove.se\/no\/produkt\/dekornik-veggklistremerker-sennep-sirkler\/#breadcrumb"},"inLanguage":"nb-NO","potentialAction":[{"@type":"ReadAction","target":["https:\/\/babylove.se\/no\/produkt\/dekornik-veggklistremerker-sennep-sirkler\/"]}]},{"@type":"ImageObject","inLanguage":"nb-NO","@id":"https:\/\/babylove.se\/no\/produkt\/dekornik-veggklistremerker-sennep-sirkler\/#primaryimage","url":"https:\/\/babylove.se\/no\/wp-content\/uploads\/sites\/3\/2025\/07\/614c51f1ab857.jpeg","contentUrl":"https:\/\/babylove.se\/no\/wp-content\/uploads\/sites\/3\/2025\/07\/614c51f1ab857.jpeg","width":750,"height":750},{"@type":"BreadcrumbList","@id":"https:\/\/babylove.se\/no\/produkt\/dekornik-veggklistremerker-sennep-sirkler\/#breadcrumb","itemListElement":[{"@type":"ListItem","position":1,"name":"Hem","item":"https:\/\/babylove.se\/no\/"},{"@type":"ListItem","position":2,"name":"Butik","item":"https:\/\/babylove.se\/no\/butik\/"},{"@type":"ListItem","position":3,"name":"Dekornik, veggklistremerker sennep sirkler"}]},{"@type":"WebSite","@id":"https:\/\/babylove.se\/no\/#website","url":"https:\/\/babylove.se\/no\/","name":"Babylove Norska","description":"","potentialAction":[{"@type":"SearchAction","target":{"@type":"EntryPoint","urlTemplate":"https:\/\/babylove.se\/no\/?s={search_term_string}"},"query-input":{"@type":"PropertyValueSpecification","valueRequired":true,"valueName":"search_term_string"}}],"inLanguage":"nb-NO"}]},"product_brand":"Babylove","product_price_amount":"279.00","product_price_currency":"SEK","og_availability":"out of stock","product_availability":"out of stock","product_retailer_item_id":"DEKO.N.Z69.026","product_condition":"new"},"_links":{"self":[{"href":"https:\/\/babylove.se\/no\/wp-json\/wp\/v2\/product\/28096","targetHints":{"allow":["GET"]}}],"collection":[{"href":"https:\/\/babylove.se\/no\/wp-json\/wp\/v2\/product"}],"about":[{"href":"https:\/\/babylove.se\/no\/wp-json\/wp\/v2\/types\/product"}],"replies":[{"embeddable":true,"href":"https:\/\/babylove.se\/no\/wp-json\/wp\/v2\/comments?post=28096"}],"wp:featuredmedia":[{"embeddable":true,"href":"https:\/\/babylove.se\/no\/wp-json\/wp\/v2\/media\/28098"}],"wp:attachment":[{"href":"https:\/\/babylove.se\/no\/wp-json\/wp\/v2\/media?parent=28096"}],"wp:term":[{"taxonomy":"product_brand","embeddable":true,"href":"https:\/\/babylove.se\/no\/wp-json\/wp\/v2\/product_brand?post=28096"},{"taxonomy":"product_cat","embeddable":true,"href":"https:\/\/babylove.se\/no\/wp-json\/wp\/v2\/product_cat?post=28096"},{"taxonomy":"product_tag","embeddable":true,"href":"https:\/\/babylove.se\/no\/wp-json\/wp\/v2\/product_tag?post=28096"}],"curies":[{"name":"wp","href":"https:\/\/api.w.org\/{rel}","templated":true}]}}