{"id":28181,"date":"2025-07-18T23:48:40","date_gmt":"2025-07-18T22:48:40","guid":{"rendered":"https:\/\/babylove.se\/produkt\/jabadabado-kulram\/"},"modified":"2026-04-08T11:29:07","modified_gmt":"2026-04-08T10:29:07","slug":"jabadabado-kulram","status":"publish","type":"product","link":"https:\/\/babylove.se\/no\/produkt\/jabadabado-kulram\/","title":{"rendered":"JaBaDaBaDo, kuleramme"},"content":{"rendered":"<p>Superfin kulramme i tre fra svenske JaBaDaBaDo. En riktig klassiker, verdsatt av generasjoner og kommer garantert til \u00e5 skape mange stunder med glede for ditt barn. En perfekt kombinasjon av lek og l\u00e6ring. Underbar leke \u00e5 gi bort som bursdagsgave og d\u00e5psgave.<\/p>\n<p>Hver rad har 10 kuler som barnet kan dra over til andre siden. Totalt 10 rader i forskjellige farger. CE-merket.<\/p>\n<p><strong>M\u00e5l<\/strong>: 27 x 8 x 29 cm<\/p>\n<p><strong>Materiale<\/strong>: Tre.<\/p>\n<p>Designer: <a href=\"https:\/\/babylove.se\/varumarken\/jabadabado\"><u>JaBaDaBaDo<\/u><\/a><\/p>\n","protected":false},"excerpt":{"rendered":"<p>Superfin kulramme i tre fra svenske JaBaDaBaDo. En riktig klassiker, verdsatt av generasjoner og kommer garantert til \u00e5 skape mange stunder med glede for ditt barn. En perfekt kombinasjon av lek og l\u00e6ring. Underbar leke \u00e5 gi bort som bursdagsgave og d\u00e5psgave. Hver rad har 10 kuler som barnet kan dra over til andre siden. [&hellip;]<\/p>\n","protected":false},"featured_media":28183,"comment_status":"closed","ping_status":"open","template":"","meta":{"_acf_changed":false},"product_brand":[273],"product_cat":[274,72,68,112],"product_tag":[],"class_list":{"0":"post-28181","1":"product","2":"type-product","3":"status-publish","4":"has-post-thumbnail","6":"product_brand-jabadabado","7":"product_cat-jabadabado","8":"product_cat-julegaver","9":"product_cat-leker","10":"product_cat-treleker","12":"first","13":"outofstock","14":"taxable","15":"shipping-taxable","16":"purchasable","17":"product-type-simple"},"acf":[],"yoast_head":"<!-- This site is optimized with the Yoast SEO Premium plugin v25.8 (Yoast SEO v27.2) - https:\/\/yoast.com\/product\/yoast-seo-premium-wordpress\/ -->\n<title>JaBaDaBaDo, kuleramme - Babylove Norska<\/title>\n<meta name=\"robots\" content=\"noindex, follow, max-snippet:-1, max-image-preview:large, max-video-preview:-1\" \/>\n<meta property=\"og:locale\" content=\"nb_NO\" \/>\n<meta property=\"og:type\" content=\"article\" \/>\n<meta property=\"og:title\" content=\"JaBaDaBaDo, kuleramme\" \/>\n<meta property=\"og:description\" content=\"Superfin kulramme i tre fra svenske JaBaDaBaDo. En riktig klassiker, verdsatt av generasjoner og kommer garantert til \u00e5 skape mange stunder med glede for ditt barn. En perfekt kombinasjon av lek og l\u00e6ring. Underbar leke \u00e5 gi bort som bursdagsgave og d\u00e5psgave. Hver rad har 10 kuler som barnet kan dra over til andre siden. [&hellip;]\" \/>\n<meta property=\"og:url\" content=\"https:\/\/babylove.se\/no\/produkt\/jabadabado-kulram\/\" \/>\n<meta property=\"og:site_name\" content=\"Babylove Norska\" \/>\n<meta property=\"article:modified_time\" content=\"2026-04-08T10:29:07+00:00\" \/>\n<meta property=\"og:image\" content=\"https:\/\/babylove.se\/no\/wp-content\/uploads\/sites\/3\/2025\/07\/614dc1b0eff22.jpeg\" \/>\n\t<meta property=\"og:image:width\" content=\"700\" \/>\n\t<meta property=\"og:image:height\" content=\"700\" \/>\n\t<meta property=\"og:image:type\" content=\"image\/jpeg\" \/>\n<meta name=\"twitter:card\" content=\"summary_large_image\" \/>\n<meta name=\"twitter:label1\" content=\"Price\" \/>\n\t<meta name=\"twitter:data1\" content=\"289,00&nbsp;&#107;&#114;\" \/>\n\t<meta name=\"twitter:label2\" content=\"Availability\" \/>\n\t<meta name=\"twitter:data2\" content=\"Out of stock\" \/>\n<script type=\"application\/ld+json\" class=\"yoast-schema-graph\">{\"@context\":\"https:\/\/schema.org\",\"@graph\":[{\"@type\":\"WebPage\",\"@id\":\"https:\/\/babylove.se\/no\/produkt\/jabadabado-kulram\/\",\"url\":\"https:\/\/babylove.se\/no\/produkt\/jabadabado-kulram\/\",\"name\":\"JaBaDaBaDo, kuleramme - Babylove Norska\",\"isPartOf\":{\"@id\":\"https:\/\/babylove.se\/no\/#website\"},\"primaryImageOfPage\":{\"@id\":\"https:\/\/babylove.se\/no\/produkt\/jabadabado-kulram\/#primaryimage\"},\"image\":{\"@id\":\"https:\/\/babylove.se\/no\/produkt\/jabadabado-kulram\/#primaryimage\"},\"thumbnailUrl\":\"https:\/\/babylove.se\/no\/wp-content\/uploads\/sites\/3\/2025\/07\/614dc1b0eff22.jpeg\",\"datePublished\":\"2025-07-18T22:48:40+00:00\",\"dateModified\":\"2026-04-08T10:29:07+00:00\",\"breadcrumb\":{\"@id\":\"https:\/\/babylove.se\/no\/produkt\/jabadabado-kulram\/#breadcrumb\"},\"inLanguage\":\"nb-NO\",\"potentialAction\":[{\"@type\":\"ReadAction\",\"target\":[\"https:\/\/babylove.se\/no\/produkt\/jabadabado-kulram\/\"]}]},{\"@type\":\"ImageObject\",\"inLanguage\":\"nb-NO\",\"@id\":\"https:\/\/babylove.se\/no\/produkt\/jabadabado-kulram\/#primaryimage\",\"url\":\"https:\/\/babylove.se\/no\/wp-content\/uploads\/sites\/3\/2025\/07\/614dc1b0eff22.jpeg\",\"contentUrl\":\"https:\/\/babylove.se\/no\/wp-content\/uploads\/sites\/3\/2025\/07\/614dc1b0eff22.jpeg\",\"width\":700,\"height\":700},{\"@type\":\"BreadcrumbList\",\"@id\":\"https:\/\/babylove.se\/no\/produkt\/jabadabado-kulram\/#breadcrumb\",\"itemListElement\":[{\"@type\":\"ListItem\",\"position\":1,\"name\":\"Hem\",\"item\":\"https:\/\/babylove.se\/no\/\"},{\"@type\":\"ListItem\",\"position\":2,\"name\":\"Butik\",\"item\":\"https:\/\/babylove.se\/no\/butik\/\"},{\"@type\":\"ListItem\",\"position\":3,\"name\":\"JaBaDaBaDo, kuleramme\"}]},{\"@type\":\"WebSite\",\"@id\":\"https:\/\/babylove.se\/no\/#website\",\"url\":\"https:\/\/babylove.se\/no\/\",\"name\":\"Babylove Norska\",\"description\":\"\",\"potentialAction\":[{\"@type\":\"SearchAction\",\"target\":{\"@type\":\"EntryPoint\",\"urlTemplate\":\"https:\/\/babylove.se\/no\/?s={search_term_string}\"},\"query-input\":{\"@type\":\"PropertyValueSpecification\",\"valueRequired\":true,\"valueName\":\"search_term_string\"}}],\"inLanguage\":\"nb-NO\"}]}<\/script>\n<meta property=\"product:brand\" content=\"JaBaDaBaDo\" \/>\n<meta property=\"product:price:amount\" content=\"289.00\" \/>\n<meta property=\"product:price:currency\" content=\"SEK\" \/>\n<meta property=\"og:availability\" content=\"out of stock\" \/>\n<meta property=\"product:availability\" content=\"out of stock\" \/>\n<meta property=\"product:retailer_item_id\" content=\"W7197\" \/>\n<meta property=\"product:condition\" content=\"new\" \/>\n<!-- \/ Yoast SEO Premium plugin. -->","yoast_head_json":{"title":"JaBaDaBaDo, kuleramme - Babylove Norska","robots":{"index":"noindex","follow":"follow","max-snippet":"max-snippet:-1","max-image-preview":"max-image-preview:large","max-video-preview":"max-video-preview:-1"},"og_locale":"nb_NO","og_type":"article","og_title":"JaBaDaBaDo, kuleramme","og_description":"Superfin kulramme i tre fra svenske JaBaDaBaDo. En riktig klassiker, verdsatt av generasjoner og kommer garantert til \u00e5 skape mange stunder med glede for ditt barn. En perfekt kombinasjon av lek og l\u00e6ring. Underbar leke \u00e5 gi bort som bursdagsgave og d\u00e5psgave. Hver rad har 10 kuler som barnet kan dra over til andre siden. [&hellip;]","og_url":"https:\/\/babylove.se\/no\/produkt\/jabadabado-kulram\/","og_site_name":"Babylove Norska","article_modified_time":"2026-04-08T10:29:07+00:00","og_image":[{"width":700,"height":700,"url":"https:\/\/babylove.se\/no\/wp-content\/uploads\/sites\/3\/2025\/07\/614dc1b0eff22.jpeg","type":"image\/jpeg"}],"twitter_card":"summary_large_image","twitter_misc":{"Price":"289,00&nbsp;&#107;&#114;","Availability":"Out of stock"},"schema":{"@context":"https:\/\/schema.org","@graph":[{"@type":"WebPage","@id":"https:\/\/babylove.se\/no\/produkt\/jabadabado-kulram\/","url":"https:\/\/babylove.se\/no\/produkt\/jabadabado-kulram\/","name":"JaBaDaBaDo, kuleramme - Babylove Norska","isPartOf":{"@id":"https:\/\/babylove.se\/no\/#website"},"primaryImageOfPage":{"@id":"https:\/\/babylove.se\/no\/produkt\/jabadabado-kulram\/#primaryimage"},"image":{"@id":"https:\/\/babylove.se\/no\/produkt\/jabadabado-kulram\/#primaryimage"},"thumbnailUrl":"https:\/\/babylove.se\/no\/wp-content\/uploads\/sites\/3\/2025\/07\/614dc1b0eff22.jpeg","datePublished":"2025-07-18T22:48:40+00:00","dateModified":"2026-04-08T10:29:07+00:00","breadcrumb":{"@id":"https:\/\/babylove.se\/no\/produkt\/jabadabado-kulram\/#breadcrumb"},"inLanguage":"nb-NO","potentialAction":[{"@type":"ReadAction","target":["https:\/\/babylove.se\/no\/produkt\/jabadabado-kulram\/"]}]},{"@type":"ImageObject","inLanguage":"nb-NO","@id":"https:\/\/babylove.se\/no\/produkt\/jabadabado-kulram\/#primaryimage","url":"https:\/\/babylove.se\/no\/wp-content\/uploads\/sites\/3\/2025\/07\/614dc1b0eff22.jpeg","contentUrl":"https:\/\/babylove.se\/no\/wp-content\/uploads\/sites\/3\/2025\/07\/614dc1b0eff22.jpeg","width":700,"height":700},{"@type":"BreadcrumbList","@id":"https:\/\/babylove.se\/no\/produkt\/jabadabado-kulram\/#breadcrumb","itemListElement":[{"@type":"ListItem","position":1,"name":"Hem","item":"https:\/\/babylove.se\/no\/"},{"@type":"ListItem","position":2,"name":"Butik","item":"https:\/\/babylove.se\/no\/butik\/"},{"@type":"ListItem","position":3,"name":"JaBaDaBaDo, kuleramme"}]},{"@type":"WebSite","@id":"https:\/\/babylove.se\/no\/#website","url":"https:\/\/babylove.se\/no\/","name":"Babylove Norska","description":"","potentialAction":[{"@type":"SearchAction","target":{"@type":"EntryPoint","urlTemplate":"https:\/\/babylove.se\/no\/?s={search_term_string}"},"query-input":{"@type":"PropertyValueSpecification","valueRequired":true,"valueName":"search_term_string"}}],"inLanguage":"nb-NO"}]},"product_brand":"JaBaDaBaDo","product_price_amount":"289.00","product_price_currency":"SEK","og_availability":"out of stock","product_availability":"out of stock","product_retailer_item_id":"W7197","product_condition":"new"},"_links":{"self":[{"href":"https:\/\/babylove.se\/no\/wp-json\/wp\/v2\/product\/28181","targetHints":{"allow":["GET"]}}],"collection":[{"href":"https:\/\/babylove.se\/no\/wp-json\/wp\/v2\/product"}],"about":[{"href":"https:\/\/babylove.se\/no\/wp-json\/wp\/v2\/types\/product"}],"replies":[{"embeddable":true,"href":"https:\/\/babylove.se\/no\/wp-json\/wp\/v2\/comments?post=28181"}],"wp:featuredmedia":[{"embeddable":true,"href":"https:\/\/babylove.se\/no\/wp-json\/wp\/v2\/media\/28183"}],"wp:attachment":[{"href":"https:\/\/babylove.se\/no\/wp-json\/wp\/v2\/media?parent=28181"}],"wp:term":[{"taxonomy":"product_brand","embeddable":true,"href":"https:\/\/babylove.se\/no\/wp-json\/wp\/v2\/product_brand?post=28181"},{"taxonomy":"product_cat","embeddable":true,"href":"https:\/\/babylove.se\/no\/wp-json\/wp\/v2\/product_cat?post=28181"},{"taxonomy":"product_tag","embeddable":true,"href":"https:\/\/babylove.se\/no\/wp-json\/wp\/v2\/product_tag?post=28181"}],"curies":[{"name":"wp","href":"https:\/\/api.w.org\/{rel}","templated":true}]}}