{"id":28192,"date":"2025-07-18T23:48:40","date_gmt":"2025-07-18T22:48:40","guid":{"rendered":"https:\/\/babylove.se\/produkt\/moi-mili-kudde-snacka-powder-mint\/"},"modified":"2026-04-08T11:29:16","modified_gmt":"2026-04-08T10:29:16","slug":"moi-mili-pute-snacka-powder-mint","status":"publish","type":"product","link":"https:\/\/babylove.se\/no\/produkt\/moi-mili-pute-snacka-powder-mint\/","title":{"rendered":"Moi Mili, pute snegl, Powder mint"},"content":{"rendered":"<p>En underbart vakker og fin pute i form av en snegl. En fantastisk skapelse laget av et n\u00f8ye utvalgt og <em>ekstra mykt<\/em> fl\u00f8yel som kommer i forskjellige pastellfarger. Det vakre utf\u00f8relsen er \u00e9n ting, men de deilige materialvalgene gj\u00f8r det ogs\u00e5 til en klemfavoritt hos barna. Hvis du bare skal kj\u00f8pe ett interi\u00f8rprodukt til barnerommet, er dette det du skal kj\u00f8pe! &nbsp;<\/p>\n<p><strong>M\u00e5l<\/strong>: 55 cm x 45 cm&nbsp;<\/p>\n<p><strong>Material:<\/strong> 100% polyester. Vaskbar p\u00e5 30 grader.<\/p>\n<p>Designer: <a href=\"https:\/\/babylove.se\/varumarken\/moi-mili\">Moi Mili&nbsp;<\/a><\/p>\n","protected":false},"excerpt":{"rendered":"<p>En underbart vakker og fin pute i form av en snegl. En fantastisk skapelse laget av et n\u00f8ye utvalgt og ekstra mykt fl\u00f8yel som kommer i forskjellige pastellfarger. Det vakre utf\u00f8relsen er \u00e9n ting, men de deilige materialvalgene gj\u00f8r det ogs\u00e5 til en klemfavoritt hos barna. Hvis du bare skal kj\u00f8pe ett interi\u00f8rprodukt til barnerommet, [&hellip;]<\/p>\n","protected":false},"featured_media":28194,"comment_status":"closed","ping_status":"open","template":"","meta":{"_acf_changed":false},"product_brand":[912],"product_cat":[913,105,40],"product_tag":[1689],"class_list":{"0":"post-28192","1":"product","2":"type-product","3":"status-publish","4":"has-post-thumbnail","6":"product_brand-moi-mili","7":"product_cat-moi-mili","8":"product_cat-puter","9":"product_cat-soverom-barn","10":"product_tag-bestillingsvaror","12":"first","13":"instock","14":"taxable","15":"shipping-taxable","16":"purchasable","17":"product-type-simple"},"acf":[],"yoast_head":"<!-- This site is optimized with the Yoast SEO Premium plugin v25.8 (Yoast SEO v27.2) - https:\/\/yoast.com\/product\/yoast-seo-premium-wordpress\/ -->\n<title>Moi Mili, pute snegl, Powder mint - Babylove Norska<\/title>\n<meta name=\"robots\" content=\"noindex, follow, max-snippet:-1, max-image-preview:large, max-video-preview:-1\" \/>\n<meta property=\"og:locale\" content=\"nb_NO\" \/>\n<meta property=\"og:type\" content=\"article\" \/>\n<meta property=\"og:title\" content=\"Moi Mili, pute snegl, Powder mint\" \/>\n<meta property=\"og:description\" content=\"En underbart vakker og fin pute i form av en snegl. En fantastisk skapelse laget av et n\u00f8ye utvalgt og ekstra mykt fl\u00f8yel som kommer i forskjellige pastellfarger. Det vakre utf\u00f8relsen er \u00e9n ting, men de deilige materialvalgene gj\u00f8r det ogs\u00e5 til en klemfavoritt hos barna. Hvis du bare skal kj\u00f8pe ett interi\u00f8rprodukt til barnerommet, [&hellip;]\" \/>\n<meta property=\"og:url\" content=\"https:\/\/babylove.se\/no\/produkt\/moi-mili-pute-snacka-powder-mint\/\" \/>\n<meta property=\"og:site_name\" content=\"Babylove Norska\" \/>\n<meta property=\"article:modified_time\" content=\"2026-04-08T10:29:16+00:00\" \/>\n<meta property=\"og:image\" content=\"https:\/\/babylove.se\/no\/wp-content\/uploads\/sites\/3\/2025\/07\/614dce63f3b89.jpeg\" \/>\n\t<meta property=\"og:image:width\" content=\"500\" \/>\n\t<meta property=\"og:image:height\" content=\"750\" \/>\n\t<meta property=\"og:image:type\" content=\"image\/jpeg\" \/>\n<meta name=\"twitter:card\" content=\"summary_large_image\" \/>\n<meta name=\"twitter:label1\" content=\"Price\" \/>\n\t<meta name=\"twitter:data1\" content=\"599,00&nbsp;&#107;&#114;\" \/>\n\t<meta name=\"twitter:label2\" content=\"Availability\" \/>\n\t<meta name=\"twitter:data2\" content=\"In stock\" \/>\n<script type=\"application\/ld+json\" class=\"yoast-schema-graph\">{\"@context\":\"https:\/\/schema.org\",\"@graph\":[{\"@type\":\"WebPage\",\"@id\":\"https:\/\/babylove.se\/no\/produkt\/moi-mili-pute-snacka-powder-mint\/\",\"url\":\"https:\/\/babylove.se\/no\/produkt\/moi-mili-pute-snacka-powder-mint\/\",\"name\":\"Moi Mili, pute snegl, Powder mint - Babylove Norska\",\"isPartOf\":{\"@id\":\"https:\/\/babylove.se\/no\/#website\"},\"primaryImageOfPage\":{\"@id\":\"https:\/\/babylove.se\/no\/produkt\/moi-mili-pute-snacka-powder-mint\/#primaryimage\"},\"image\":{\"@id\":\"https:\/\/babylove.se\/no\/produkt\/moi-mili-pute-snacka-powder-mint\/#primaryimage\"},\"thumbnailUrl\":\"https:\/\/babylove.se\/no\/wp-content\/uploads\/sites\/3\/2025\/07\/614dce63f3b89.jpeg\",\"datePublished\":\"2025-07-18T22:48:40+00:00\",\"dateModified\":\"2026-04-08T10:29:16+00:00\",\"breadcrumb\":{\"@id\":\"https:\/\/babylove.se\/no\/produkt\/moi-mili-pute-snacka-powder-mint\/#breadcrumb\"},\"inLanguage\":\"nb-NO\",\"potentialAction\":[{\"@type\":\"ReadAction\",\"target\":[\"https:\/\/babylove.se\/no\/produkt\/moi-mili-pute-snacka-powder-mint\/\"]}]},{\"@type\":\"ImageObject\",\"inLanguage\":\"nb-NO\",\"@id\":\"https:\/\/babylove.se\/no\/produkt\/moi-mili-pute-snacka-powder-mint\/#primaryimage\",\"url\":\"https:\/\/babylove.se\/no\/wp-content\/uploads\/sites\/3\/2025\/07\/614dce63f3b89.jpeg\",\"contentUrl\":\"https:\/\/babylove.se\/no\/wp-content\/uploads\/sites\/3\/2025\/07\/614dce63f3b89.jpeg\",\"width\":500,\"height\":750},{\"@type\":\"BreadcrumbList\",\"@id\":\"https:\/\/babylove.se\/no\/produkt\/moi-mili-pute-snacka-powder-mint\/#breadcrumb\",\"itemListElement\":[{\"@type\":\"ListItem\",\"position\":1,\"name\":\"Hem\",\"item\":\"https:\/\/babylove.se\/no\/\"},{\"@type\":\"ListItem\",\"position\":2,\"name\":\"Butik\",\"item\":\"https:\/\/babylove.se\/no\/butik\/\"},{\"@type\":\"ListItem\",\"position\":3,\"name\":\"Moi Mili, pute snegl, Powder mint\"}]},{\"@type\":\"WebSite\",\"@id\":\"https:\/\/babylove.se\/no\/#website\",\"url\":\"https:\/\/babylove.se\/no\/\",\"name\":\"Babylove Norska\",\"description\":\"\",\"potentialAction\":[{\"@type\":\"SearchAction\",\"target\":{\"@type\":\"EntryPoint\",\"urlTemplate\":\"https:\/\/babylove.se\/no\/?s={search_term_string}\"},\"query-input\":{\"@type\":\"PropertyValueSpecification\",\"valueRequired\":true,\"valueName\":\"search_term_string\"}}],\"inLanguage\":\"nb-NO\"}]}<\/script>\n<meta property=\"product:brand\" content=\"Moi Mili\" \/>\n<meta property=\"product:price:amount\" content=\"599.00\" \/>\n<meta property=\"product:price:currency\" content=\"SEK\" \/>\n<meta property=\"og:availability\" content=\"instock\" \/>\n<meta property=\"product:availability\" content=\"instock\" \/>\n<meta property=\"product:retailer_item_id\" content=\"5904119242274\" \/>\n<meta property=\"product:condition\" content=\"new\" \/>\n<!-- \/ Yoast SEO Premium plugin. -->","yoast_head_json":{"title":"Moi Mili, pute snegl, Powder mint - Babylove Norska","robots":{"index":"noindex","follow":"follow","max-snippet":"max-snippet:-1","max-image-preview":"max-image-preview:large","max-video-preview":"max-video-preview:-1"},"og_locale":"nb_NO","og_type":"article","og_title":"Moi Mili, pute snegl, Powder mint","og_description":"En underbart vakker og fin pute i form av en snegl. En fantastisk skapelse laget av et n\u00f8ye utvalgt og ekstra mykt fl\u00f8yel som kommer i forskjellige pastellfarger. Det vakre utf\u00f8relsen er \u00e9n ting, men de deilige materialvalgene gj\u00f8r det ogs\u00e5 til en klemfavoritt hos barna. Hvis du bare skal kj\u00f8pe ett interi\u00f8rprodukt til barnerommet, [&hellip;]","og_url":"https:\/\/babylove.se\/no\/produkt\/moi-mili-pute-snacka-powder-mint\/","og_site_name":"Babylove Norska","article_modified_time":"2026-04-08T10:29:16+00:00","og_image":[{"width":500,"height":750,"url":"https:\/\/babylove.se\/no\/wp-content\/uploads\/sites\/3\/2025\/07\/614dce63f3b89.jpeg","type":"image\/jpeg"}],"twitter_card":"summary_large_image","twitter_misc":{"Price":"599,00&nbsp;&#107;&#114;","Availability":"In stock"},"schema":{"@context":"https:\/\/schema.org","@graph":[{"@type":"WebPage","@id":"https:\/\/babylove.se\/no\/produkt\/moi-mili-pute-snacka-powder-mint\/","url":"https:\/\/babylove.se\/no\/produkt\/moi-mili-pute-snacka-powder-mint\/","name":"Moi Mili, pute snegl, Powder mint - Babylove Norska","isPartOf":{"@id":"https:\/\/babylove.se\/no\/#website"},"primaryImageOfPage":{"@id":"https:\/\/babylove.se\/no\/produkt\/moi-mili-pute-snacka-powder-mint\/#primaryimage"},"image":{"@id":"https:\/\/babylove.se\/no\/produkt\/moi-mili-pute-snacka-powder-mint\/#primaryimage"},"thumbnailUrl":"https:\/\/babylove.se\/no\/wp-content\/uploads\/sites\/3\/2025\/07\/614dce63f3b89.jpeg","datePublished":"2025-07-18T22:48:40+00:00","dateModified":"2026-04-08T10:29:16+00:00","breadcrumb":{"@id":"https:\/\/babylove.se\/no\/produkt\/moi-mili-pute-snacka-powder-mint\/#breadcrumb"},"inLanguage":"nb-NO","potentialAction":[{"@type":"ReadAction","target":["https:\/\/babylove.se\/no\/produkt\/moi-mili-pute-snacka-powder-mint\/"]}]},{"@type":"ImageObject","inLanguage":"nb-NO","@id":"https:\/\/babylove.se\/no\/produkt\/moi-mili-pute-snacka-powder-mint\/#primaryimage","url":"https:\/\/babylove.se\/no\/wp-content\/uploads\/sites\/3\/2025\/07\/614dce63f3b89.jpeg","contentUrl":"https:\/\/babylove.se\/no\/wp-content\/uploads\/sites\/3\/2025\/07\/614dce63f3b89.jpeg","width":500,"height":750},{"@type":"BreadcrumbList","@id":"https:\/\/babylove.se\/no\/produkt\/moi-mili-pute-snacka-powder-mint\/#breadcrumb","itemListElement":[{"@type":"ListItem","position":1,"name":"Hem","item":"https:\/\/babylove.se\/no\/"},{"@type":"ListItem","position":2,"name":"Butik","item":"https:\/\/babylove.se\/no\/butik\/"},{"@type":"ListItem","position":3,"name":"Moi Mili, pute snegl, Powder mint"}]},{"@type":"WebSite","@id":"https:\/\/babylove.se\/no\/#website","url":"https:\/\/babylove.se\/no\/","name":"Babylove Norska","description":"","potentialAction":[{"@type":"SearchAction","target":{"@type":"EntryPoint","urlTemplate":"https:\/\/babylove.se\/no\/?s={search_term_string}"},"query-input":{"@type":"PropertyValueSpecification","valueRequired":true,"valueName":"search_term_string"}}],"inLanguage":"nb-NO"}]},"product_brand":"Moi Mili","product_price_amount":"599.00","product_price_currency":"SEK","og_availability":"instock","product_availability":"instock","product_retailer_item_id":"5904119242274","product_condition":"new"},"_links":{"self":[{"href":"https:\/\/babylove.se\/no\/wp-json\/wp\/v2\/product\/28192","targetHints":{"allow":["GET"]}}],"collection":[{"href":"https:\/\/babylove.se\/no\/wp-json\/wp\/v2\/product"}],"about":[{"href":"https:\/\/babylove.se\/no\/wp-json\/wp\/v2\/types\/product"}],"replies":[{"embeddable":true,"href":"https:\/\/babylove.se\/no\/wp-json\/wp\/v2\/comments?post=28192"}],"wp:featuredmedia":[{"embeddable":true,"href":"https:\/\/babylove.se\/no\/wp-json\/wp\/v2\/media\/28194"}],"wp:attachment":[{"href":"https:\/\/babylove.se\/no\/wp-json\/wp\/v2\/media?parent=28192"}],"wp:term":[{"taxonomy":"product_brand","embeddable":true,"href":"https:\/\/babylove.se\/no\/wp-json\/wp\/v2\/product_brand?post=28192"},{"taxonomy":"product_cat","embeddable":true,"href":"https:\/\/babylove.se\/no\/wp-json\/wp\/v2\/product_cat?post=28192"},{"taxonomy":"product_tag","embeddable":true,"href":"https:\/\/babylove.se\/no\/wp-json\/wp\/v2\/product_tag?post=28192"}],"curies":[{"name":"wp","href":"https:\/\/api.w.org\/{rel}","templated":true}]}}