{"id":28222,"date":"2025-07-18T23:49:10","date_gmt":"2025-07-18T22:49:10","guid":{"rendered":"https:\/\/babylove.se\/produkt\/duck-woodworks-hjalpa-till-pall-svartnatur\/"},"modified":"2026-04-08T11:29:27","modified_gmt":"2026-04-08T10:29:27","slug":"and-snekkeri-hjelpe-til-krakk-svartnatur","status":"publish","type":"product","link":"https:\/\/babylove.se\/no\/produkt\/and-snekkeri-hjelpe-til-krakk-svartnatur\/","title":{"rendered":"Duck Woodworks, Hjelpe til krakk, svart\/natur"},"content":{"rendered":"<p>Aldri f\u00f8r har det v\u00e6rt enklere \u00e5 p\u00e5 en sikker (og stilsikker) m\u00e5te la stjernekokkaene ta plass i kj\u00f8kkenet!<\/p>\n<p>Hjelper til n\u00e5r barnet skal pusse tennene, vaske hendene, assistere foreldrene ved matlaging eller annen aktivitet der lilleputten ikke helt rekker opp.<\/p>\n<p>Krakken er enkelt \u00e5 montere.&nbsp;<\/p>\n<p><strong>M\u00e5l<\/strong>: 90 cm x 40 cm x 42 cm&nbsp;<\/p>\n<p><strong>Materiale<\/strong>: Kryssfiner<\/p>\n<p>Designer: <a href=\"https:\/\/babylove.se\/varumarken\/duck-woodworks\">Duck Woodworks<\/a><\/p>\n","protected":false},"excerpt":{"rendered":"<p>Aldri f\u00f8r har det v\u00e6rt enklere \u00e5 p\u00e5 en sikker (og stilsikker) m\u00e5te la stjernekokkaene ta plass i kj\u00f8kkenet! Hjelper til n\u00e5r barnet skal pusse tennene, vaske hendene, assistere foreldrene ved matlaging eller annen aktivitet der lilleputten ikke helt rekker opp. Krakken er enkelt \u00e5 montere.&nbsp; M\u00e5l: 90 cm x 40 cm x 42 cm&nbsp; [&hellip;]<\/p>\n","protected":false},"featured_media":28224,"comment_status":"closed","ping_status":"open","template":"","meta":{"_acf_changed":false},"product_brand":[998],"product_cat":[999,911],"product_tag":[1689],"class_list":{"0":"post-28222","1":"product","2":"type-product","3":"status-publish","4":"has-post-thumbnail","6":"product_brand-duck-woodworks","7":"product_cat-duck-woodworks","8":"product_cat-hjelpe-til-pall","9":"product_tag-bestillingsvaror","11":"first","12":"instock","13":"taxable","14":"shipping-taxable","15":"purchasable","16":"product-type-simple"},"acf":[],"yoast_head":"<!-- This site is optimized with the Yoast SEO Premium plugin v25.8 (Yoast SEO v27.2) - https:\/\/yoast.com\/product\/yoast-seo-premium-wordpress\/ -->\n<title>Duck Woodworks, Hjelpe til krakk, svart\/natur - Babylove Norska<\/title>\n<meta name=\"robots\" content=\"noindex, follow, max-snippet:-1, max-image-preview:large, max-video-preview:-1\" \/>\n<meta property=\"og:locale\" content=\"nb_NO\" \/>\n<meta property=\"og:type\" content=\"article\" \/>\n<meta property=\"og:title\" content=\"Duck Woodworks, Hjelpe til krakk, svart\/natur\" \/>\n<meta property=\"og:description\" content=\"Aldri f\u00f8r har det v\u00e6rt enklere \u00e5 p\u00e5 en sikker (og stilsikker) m\u00e5te la stjernekokkaene ta plass i kj\u00f8kkenet! Hjelper til n\u00e5r barnet skal pusse tennene, vaske hendene, assistere foreldrene ved matlaging eller annen aktivitet der lilleputten ikke helt rekker opp. Krakken er enkelt \u00e5 montere.&nbsp; M\u00e5l: 90 cm x 40 cm x 42 cm&nbsp; [&hellip;]\" \/>\n<meta property=\"og:url\" content=\"https:\/\/babylove.se\/no\/produkt\/and-snekkeri-hjelpe-til-krakk-svartnatur\/\" \/>\n<meta property=\"og:site_name\" content=\"Babylove Norska\" \/>\n<meta property=\"article:modified_time\" content=\"2026-04-08T10:29:27+00:00\" \/>\n<meta property=\"og:image\" content=\"https:\/\/babylove.se\/no\/wp-content\/uploads\/sites\/3\/2025\/07\/62065e6c016d6.png\" \/>\n\t<meta property=\"og:image:width\" content=\"662\" \/>\n\t<meta property=\"og:image:height\" content=\"678\" \/>\n\t<meta property=\"og:image:type\" content=\"image\/png\" \/>\n<meta name=\"twitter:card\" content=\"summary_large_image\" \/>\n<meta name=\"twitter:label1\" content=\"Price\" \/>\n\t<meta name=\"twitter:data1\" content=\"2 099,00&nbsp;&#107;&#114;\" \/>\n\t<meta name=\"twitter:label2\" content=\"Availability\" \/>\n\t<meta name=\"twitter:data2\" content=\"In stock\" \/>\n<script type=\"application\/ld+json\" class=\"yoast-schema-graph\">{\"@context\":\"https:\/\/schema.org\",\"@graph\":[{\"@type\":\"WebPage\",\"@id\":\"https:\/\/babylove.se\/no\/produkt\/and-snekkeri-hjelpe-til-krakk-svartnatur\/\",\"url\":\"https:\/\/babylove.se\/no\/produkt\/and-snekkeri-hjelpe-til-krakk-svartnatur\/\",\"name\":\"Duck Woodworks, Hjelpe til krakk, svart\/natur - Babylove Norska\",\"isPartOf\":{\"@id\":\"https:\/\/babylove.se\/no\/#website\"},\"primaryImageOfPage\":{\"@id\":\"https:\/\/babylove.se\/no\/produkt\/and-snekkeri-hjelpe-til-krakk-svartnatur\/#primaryimage\"},\"image\":{\"@id\":\"https:\/\/babylove.se\/no\/produkt\/and-snekkeri-hjelpe-til-krakk-svartnatur\/#primaryimage\"},\"thumbnailUrl\":\"https:\/\/babylove.se\/no\/wp-content\/uploads\/sites\/3\/2025\/07\/62065e6c016d6.png\",\"datePublished\":\"2025-07-18T22:49:10+00:00\",\"dateModified\":\"2026-04-08T10:29:27+00:00\",\"breadcrumb\":{\"@id\":\"https:\/\/babylove.se\/no\/produkt\/and-snekkeri-hjelpe-til-krakk-svartnatur\/#breadcrumb\"},\"inLanguage\":\"nb-NO\",\"potentialAction\":[{\"@type\":\"ReadAction\",\"target\":[\"https:\/\/babylove.se\/no\/produkt\/and-snekkeri-hjelpe-til-krakk-svartnatur\/\"]}]},{\"@type\":\"ImageObject\",\"inLanguage\":\"nb-NO\",\"@id\":\"https:\/\/babylove.se\/no\/produkt\/and-snekkeri-hjelpe-til-krakk-svartnatur\/#primaryimage\",\"url\":\"https:\/\/babylove.se\/no\/wp-content\/uploads\/sites\/3\/2025\/07\/62065e6c016d6.png\",\"contentUrl\":\"https:\/\/babylove.se\/no\/wp-content\/uploads\/sites\/3\/2025\/07\/62065e6c016d6.png\",\"width\":662,\"height\":678},{\"@type\":\"BreadcrumbList\",\"@id\":\"https:\/\/babylove.se\/no\/produkt\/and-snekkeri-hjelpe-til-krakk-svartnatur\/#breadcrumb\",\"itemListElement\":[{\"@type\":\"ListItem\",\"position\":1,\"name\":\"Hem\",\"item\":\"https:\/\/babylove.se\/no\/\"},{\"@type\":\"ListItem\",\"position\":2,\"name\":\"Butik\",\"item\":\"https:\/\/babylove.se\/no\/butik\/\"},{\"@type\":\"ListItem\",\"position\":3,\"name\":\"Duck Woodworks, Hjelpe til krakk, svart\/natur\"}]},{\"@type\":\"WebSite\",\"@id\":\"https:\/\/babylove.se\/no\/#website\",\"url\":\"https:\/\/babylove.se\/no\/\",\"name\":\"Babylove Norska\",\"description\":\"\",\"potentialAction\":[{\"@type\":\"SearchAction\",\"target\":{\"@type\":\"EntryPoint\",\"urlTemplate\":\"https:\/\/babylove.se\/no\/?s={search_term_string}\"},\"query-input\":{\"@type\":\"PropertyValueSpecification\",\"valueRequired\":true,\"valueName\":\"search_term_string\"}}],\"inLanguage\":\"nb-NO\"}]}<\/script>\n<meta property=\"product:brand\" content=\"Duck Woodworks\" \/>\n<meta property=\"product:price:amount\" content=\"2099.00\" \/>\n<meta property=\"product:price:currency\" content=\"SEK\" \/>\n<meta property=\"og:availability\" content=\"instock\" \/>\n<meta property=\"product:availability\" content=\"instock\" \/>\n<meta property=\"product:retailer_item_id\" content=\"KM0003M\" \/>\n<meta property=\"product:condition\" content=\"new\" \/>\n<!-- \/ Yoast SEO Premium plugin. -->","yoast_head_json":{"title":"Duck Woodworks, Hjelpe til krakk, svart\/natur - Babylove Norska","robots":{"index":"noindex","follow":"follow","max-snippet":"max-snippet:-1","max-image-preview":"max-image-preview:large","max-video-preview":"max-video-preview:-1"},"og_locale":"nb_NO","og_type":"article","og_title":"Duck Woodworks, Hjelpe til krakk, svart\/natur","og_description":"Aldri f\u00f8r har det v\u00e6rt enklere \u00e5 p\u00e5 en sikker (og stilsikker) m\u00e5te la stjernekokkaene ta plass i kj\u00f8kkenet! Hjelper til n\u00e5r barnet skal pusse tennene, vaske hendene, assistere foreldrene ved matlaging eller annen aktivitet der lilleputten ikke helt rekker opp. Krakken er enkelt \u00e5 montere.&nbsp; M\u00e5l: 90 cm x 40 cm x 42 cm&nbsp; [&hellip;]","og_url":"https:\/\/babylove.se\/no\/produkt\/and-snekkeri-hjelpe-til-krakk-svartnatur\/","og_site_name":"Babylove Norska","article_modified_time":"2026-04-08T10:29:27+00:00","og_image":[{"width":662,"height":678,"url":"https:\/\/babylove.se\/no\/wp-content\/uploads\/sites\/3\/2025\/07\/62065e6c016d6.png","type":"image\/png"}],"twitter_card":"summary_large_image","twitter_misc":{"Price":"2 099,00&nbsp;&#107;&#114;","Availability":"In stock"},"schema":{"@context":"https:\/\/schema.org","@graph":[{"@type":"WebPage","@id":"https:\/\/babylove.se\/no\/produkt\/and-snekkeri-hjelpe-til-krakk-svartnatur\/","url":"https:\/\/babylove.se\/no\/produkt\/and-snekkeri-hjelpe-til-krakk-svartnatur\/","name":"Duck Woodworks, Hjelpe til krakk, svart\/natur - Babylove Norska","isPartOf":{"@id":"https:\/\/babylove.se\/no\/#website"},"primaryImageOfPage":{"@id":"https:\/\/babylove.se\/no\/produkt\/and-snekkeri-hjelpe-til-krakk-svartnatur\/#primaryimage"},"image":{"@id":"https:\/\/babylove.se\/no\/produkt\/and-snekkeri-hjelpe-til-krakk-svartnatur\/#primaryimage"},"thumbnailUrl":"https:\/\/babylove.se\/no\/wp-content\/uploads\/sites\/3\/2025\/07\/62065e6c016d6.png","datePublished":"2025-07-18T22:49:10+00:00","dateModified":"2026-04-08T10:29:27+00:00","breadcrumb":{"@id":"https:\/\/babylove.se\/no\/produkt\/and-snekkeri-hjelpe-til-krakk-svartnatur\/#breadcrumb"},"inLanguage":"nb-NO","potentialAction":[{"@type":"ReadAction","target":["https:\/\/babylove.se\/no\/produkt\/and-snekkeri-hjelpe-til-krakk-svartnatur\/"]}]},{"@type":"ImageObject","inLanguage":"nb-NO","@id":"https:\/\/babylove.se\/no\/produkt\/and-snekkeri-hjelpe-til-krakk-svartnatur\/#primaryimage","url":"https:\/\/babylove.se\/no\/wp-content\/uploads\/sites\/3\/2025\/07\/62065e6c016d6.png","contentUrl":"https:\/\/babylove.se\/no\/wp-content\/uploads\/sites\/3\/2025\/07\/62065e6c016d6.png","width":662,"height":678},{"@type":"BreadcrumbList","@id":"https:\/\/babylove.se\/no\/produkt\/and-snekkeri-hjelpe-til-krakk-svartnatur\/#breadcrumb","itemListElement":[{"@type":"ListItem","position":1,"name":"Hem","item":"https:\/\/babylove.se\/no\/"},{"@type":"ListItem","position":2,"name":"Butik","item":"https:\/\/babylove.se\/no\/butik\/"},{"@type":"ListItem","position":3,"name":"Duck Woodworks, Hjelpe til krakk, svart\/natur"}]},{"@type":"WebSite","@id":"https:\/\/babylove.se\/no\/#website","url":"https:\/\/babylove.se\/no\/","name":"Babylove Norska","description":"","potentialAction":[{"@type":"SearchAction","target":{"@type":"EntryPoint","urlTemplate":"https:\/\/babylove.se\/no\/?s={search_term_string}"},"query-input":{"@type":"PropertyValueSpecification","valueRequired":true,"valueName":"search_term_string"}}],"inLanguage":"nb-NO"}]},"product_brand":"Duck Woodworks","product_price_amount":"2099.00","product_price_currency":"SEK","og_availability":"instock","product_availability":"instock","product_retailer_item_id":"KM0003M","product_condition":"new"},"_links":{"self":[{"href":"https:\/\/babylove.se\/no\/wp-json\/wp\/v2\/product\/28222","targetHints":{"allow":["GET"]}}],"collection":[{"href":"https:\/\/babylove.se\/no\/wp-json\/wp\/v2\/product"}],"about":[{"href":"https:\/\/babylove.se\/no\/wp-json\/wp\/v2\/types\/product"}],"replies":[{"embeddable":true,"href":"https:\/\/babylove.se\/no\/wp-json\/wp\/v2\/comments?post=28222"}],"wp:featuredmedia":[{"embeddable":true,"href":"https:\/\/babylove.se\/no\/wp-json\/wp\/v2\/media\/28224"}],"wp:attachment":[{"href":"https:\/\/babylove.se\/no\/wp-json\/wp\/v2\/media?parent=28222"}],"wp:term":[{"taxonomy":"product_brand","embeddable":true,"href":"https:\/\/babylove.se\/no\/wp-json\/wp\/v2\/product_brand?post=28222"},{"taxonomy":"product_cat","embeddable":true,"href":"https:\/\/babylove.se\/no\/wp-json\/wp\/v2\/product_cat?post=28222"},{"taxonomy":"product_tag","embeddable":true,"href":"https:\/\/babylove.se\/no\/wp-json\/wp\/v2\/product_tag?post=28222"}],"curies":[{"name":"wp","href":"https:\/\/api.w.org\/{rel}","templated":true}]}}