{"id":28266,"date":"2025-07-18T23:49:35","date_gmt":"2025-07-18T22:49:35","guid":{"rendered":"https:\/\/babylove.se\/produkt\/jabadabado-teset-i-vaska-sjohast\/"},"modified":"2026-04-08T11:29:39","modified_gmt":"2026-04-08T10:29:39","slug":"jabadabado-test-i-vasken-sjohest","status":"publish","type":"product","link":"https:\/\/babylove.se\/no\/produkt\/jabadabado-test-i-vasken-sjohest\/","title":{"rendered":"Jabadabado, Tesett i veske, sj\u00f8hest"},"content":{"rendered":"<p>Ett fortryllende tesett fra Jabadabado i en liten veske.&nbsp;<\/p>\n<p>Settet inneholder 15 forskjellige deler som trengs til de lange og koselige testundene.&nbsp;<\/p>\n<ul>\n<li>1 veske<\/li>\n<li><span>1&nbsp;<\/span>tekanne&nbsp;<\/li>\n<li>4 kopper<\/li>\n<li>4 tallerkener<\/li>\n<li>4 kakefat<\/li>\n<li>1 tebrett&nbsp;<\/li>\n<\/ul>\n<p><strong>M\u00e5l<\/strong>: 29x9x20 cm&nbsp;<\/p>\n<p><strong>Materiale<\/strong>: Veske av resirkulert hard papp med fint h\u00e5ndtak av st\u00e5l, blikk.<\/p>\n<p>Designer: <a href=\"https:\/\/babylove.se\/varumarken\/jabadabado\">Jabadabado<\/a><\/p>\n","protected":false},"excerpt":{"rendered":"<p>Ett fortryllende tesett fra Jabadabado i en liten veske.&nbsp; Settet inneholder 15 forskjellige deler som trengs til de lange og koselige testundene.&nbsp; 1 veske 1&nbsp;tekanne&nbsp; 4 kopper 4 tallerkener 4 kakefat 1 tebrett&nbsp; M\u00e5l: 29x9x20 cm&nbsp; Materiale: Veske av resirkulert hard papp med fint h\u00e5ndtak av st\u00e5l, blikk. Designer: Jabadabado<\/p>\n","protected":false},"featured_media":28268,"comment_status":"closed","ping_status":"open","template":"","meta":{"_acf_changed":false},"product_brand":[273],"product_cat":[136,274,1774,253,68],"product_tag":[],"class_list":{"0":"post-28266","1":"product","2":"type-product","3":"status-publish","4":"has-post-thumbnail","6":"product_brand-jabadabado","7":"product_cat-havet","8":"product_cat-jabadabado","9":"product_cat-late-leker","10":"product_cat-lekemat-kjokken","11":"product_cat-leker","13":"first","14":"instock","15":"taxable","16":"shipping-taxable","17":"purchasable","18":"product-type-simple"},"acf":[],"yoast_head":"<!-- This site is optimized with the Yoast SEO Premium plugin v25.8 (Yoast SEO v27.2) - https:\/\/yoast.com\/product\/yoast-seo-premium-wordpress\/ -->\n<title>Jabadabado, Tesett i veske, sj\u00f8hest - Babylove Norska<\/title>\n<meta name=\"robots\" content=\"noindex, follow, max-snippet:-1, max-image-preview:large, max-video-preview:-1\" \/>\n<meta property=\"og:locale\" content=\"nb_NO\" \/>\n<meta property=\"og:type\" content=\"article\" \/>\n<meta property=\"og:title\" content=\"Jabadabado, Tesett i veske, sj\u00f8hest\" \/>\n<meta property=\"og:description\" content=\"Ett fortryllende tesett fra Jabadabado i en liten veske.&nbsp; Settet inneholder 15 forskjellige deler som trengs til de lange og koselige testundene.&nbsp; 1 veske 1&nbsp;tekanne&nbsp; 4 kopper 4 tallerkener 4 kakefat 1 tebrett&nbsp; M\u00e5l: 29x9x20 cm&nbsp; Materiale: Veske av resirkulert hard papp med fint h\u00e5ndtak av st\u00e5l, blikk. Designer: Jabadabado\" \/>\n<meta property=\"og:url\" content=\"https:\/\/babylove.se\/no\/produkt\/jabadabado-test-i-vasken-sjohest\/\" \/>\n<meta property=\"og:site_name\" content=\"Babylove Norska\" \/>\n<meta property=\"article:modified_time\" content=\"2026-04-08T10:29:39+00:00\" \/>\n<meta property=\"og:image\" content=\"https:\/\/babylove.se\/no\/wp-content\/uploads\/sites\/3\/2025\/07\/6155964d492f9.jpeg\" \/>\n\t<meta property=\"og:image:width\" content=\"700\" \/>\n\t<meta property=\"og:image:height\" content=\"700\" \/>\n\t<meta property=\"og:image:type\" content=\"image\/jpeg\" \/>\n<meta name=\"twitter:card\" content=\"summary_large_image\" \/>\n<meta name=\"twitter:label1\" content=\"Price\" \/>\n\t<meta name=\"twitter:data1\" content=\"349,00&nbsp;&#107;&#114;\" \/>\n\t<meta name=\"twitter:label2\" content=\"Availability\" \/>\n\t<meta name=\"twitter:data2\" content=\"In stock\" \/>\n<script type=\"application\/ld+json\" class=\"yoast-schema-graph\">{\"@context\":\"https:\/\/schema.org\",\"@graph\":[{\"@type\":\"WebPage\",\"@id\":\"https:\/\/babylove.se\/no\/produkt\/jabadabado-test-i-vasken-sjohest\/\",\"url\":\"https:\/\/babylove.se\/no\/produkt\/jabadabado-test-i-vasken-sjohest\/\",\"name\":\"Jabadabado, Tesett i veske, sj\u00f8hest - Babylove Norska\",\"isPartOf\":{\"@id\":\"https:\/\/babylove.se\/no\/#website\"},\"primaryImageOfPage\":{\"@id\":\"https:\/\/babylove.se\/no\/produkt\/jabadabado-test-i-vasken-sjohest\/#primaryimage\"},\"image\":{\"@id\":\"https:\/\/babylove.se\/no\/produkt\/jabadabado-test-i-vasken-sjohest\/#primaryimage\"},\"thumbnailUrl\":\"https:\/\/babylove.se\/no\/wp-content\/uploads\/sites\/3\/2025\/07\/6155964d492f9.jpeg\",\"datePublished\":\"2025-07-18T22:49:35+00:00\",\"dateModified\":\"2026-04-08T10:29:39+00:00\",\"breadcrumb\":{\"@id\":\"https:\/\/babylove.se\/no\/produkt\/jabadabado-test-i-vasken-sjohest\/#breadcrumb\"},\"inLanguage\":\"nb-NO\",\"potentialAction\":[{\"@type\":\"ReadAction\",\"target\":[\"https:\/\/babylove.se\/no\/produkt\/jabadabado-test-i-vasken-sjohest\/\"]}]},{\"@type\":\"ImageObject\",\"inLanguage\":\"nb-NO\",\"@id\":\"https:\/\/babylove.se\/no\/produkt\/jabadabado-test-i-vasken-sjohest\/#primaryimage\",\"url\":\"https:\/\/babylove.se\/no\/wp-content\/uploads\/sites\/3\/2025\/07\/6155964d492f9.jpeg\",\"contentUrl\":\"https:\/\/babylove.se\/no\/wp-content\/uploads\/sites\/3\/2025\/07\/6155964d492f9.jpeg\",\"width\":700,\"height\":700},{\"@type\":\"BreadcrumbList\",\"@id\":\"https:\/\/babylove.se\/no\/produkt\/jabadabado-test-i-vasken-sjohest\/#breadcrumb\",\"itemListElement\":[{\"@type\":\"ListItem\",\"position\":1,\"name\":\"Hem\",\"item\":\"https:\/\/babylove.se\/no\/\"},{\"@type\":\"ListItem\",\"position\":2,\"name\":\"Butik\",\"item\":\"https:\/\/babylove.se\/no\/butik\/\"},{\"@type\":\"ListItem\",\"position\":3,\"name\":\"Jabadabado, Tesett i veske, sj\u00f8hest\"}]},{\"@type\":\"WebSite\",\"@id\":\"https:\/\/babylove.se\/no\/#website\",\"url\":\"https:\/\/babylove.se\/no\/\",\"name\":\"Babylove Norska\",\"description\":\"\",\"potentialAction\":[{\"@type\":\"SearchAction\",\"target\":{\"@type\":\"EntryPoint\",\"urlTemplate\":\"https:\/\/babylove.se\/no\/?s={search_term_string}\"},\"query-input\":{\"@type\":\"PropertyValueSpecification\",\"valueRequired\":true,\"valueName\":\"search_term_string\"}}],\"inLanguage\":\"nb-NO\"}]}<\/script>\n<meta property=\"product:brand\" content=\"JaBaDaBaDo\" \/>\n<meta property=\"product:price:amount\" content=\"349.00\" \/>\n<meta property=\"product:price:currency\" content=\"SEK\" \/>\n<meta property=\"og:availability\" content=\"instock\" \/>\n<meta property=\"product:availability\" content=\"instock\" \/>\n<meta property=\"product:retailer_item_id\" content=\"G12019\" \/>\n<meta property=\"product:condition\" content=\"new\" \/>\n<!-- \/ Yoast SEO Premium plugin. -->","yoast_head_json":{"title":"Jabadabado, Tesett i veske, sj\u00f8hest - Babylove Norska","robots":{"index":"noindex","follow":"follow","max-snippet":"max-snippet:-1","max-image-preview":"max-image-preview:large","max-video-preview":"max-video-preview:-1"},"og_locale":"nb_NO","og_type":"article","og_title":"Jabadabado, Tesett i veske, sj\u00f8hest","og_description":"Ett fortryllende tesett fra Jabadabado i en liten veske.&nbsp; Settet inneholder 15 forskjellige deler som trengs til de lange og koselige testundene.&nbsp; 1 veske 1&nbsp;tekanne&nbsp; 4 kopper 4 tallerkener 4 kakefat 1 tebrett&nbsp; M\u00e5l: 29x9x20 cm&nbsp; Materiale: Veske av resirkulert hard papp med fint h\u00e5ndtak av st\u00e5l, blikk. Designer: Jabadabado","og_url":"https:\/\/babylove.se\/no\/produkt\/jabadabado-test-i-vasken-sjohest\/","og_site_name":"Babylove Norska","article_modified_time":"2026-04-08T10:29:39+00:00","og_image":[{"width":700,"height":700,"url":"https:\/\/babylove.se\/no\/wp-content\/uploads\/sites\/3\/2025\/07\/6155964d492f9.jpeg","type":"image\/jpeg"}],"twitter_card":"summary_large_image","twitter_misc":{"Price":"349,00&nbsp;&#107;&#114;","Availability":"In stock"},"schema":{"@context":"https:\/\/schema.org","@graph":[{"@type":"WebPage","@id":"https:\/\/babylove.se\/no\/produkt\/jabadabado-test-i-vasken-sjohest\/","url":"https:\/\/babylove.se\/no\/produkt\/jabadabado-test-i-vasken-sjohest\/","name":"Jabadabado, Tesett i veske, sj\u00f8hest - Babylove Norska","isPartOf":{"@id":"https:\/\/babylove.se\/no\/#website"},"primaryImageOfPage":{"@id":"https:\/\/babylove.se\/no\/produkt\/jabadabado-test-i-vasken-sjohest\/#primaryimage"},"image":{"@id":"https:\/\/babylove.se\/no\/produkt\/jabadabado-test-i-vasken-sjohest\/#primaryimage"},"thumbnailUrl":"https:\/\/babylove.se\/no\/wp-content\/uploads\/sites\/3\/2025\/07\/6155964d492f9.jpeg","datePublished":"2025-07-18T22:49:35+00:00","dateModified":"2026-04-08T10:29:39+00:00","breadcrumb":{"@id":"https:\/\/babylove.se\/no\/produkt\/jabadabado-test-i-vasken-sjohest\/#breadcrumb"},"inLanguage":"nb-NO","potentialAction":[{"@type":"ReadAction","target":["https:\/\/babylove.se\/no\/produkt\/jabadabado-test-i-vasken-sjohest\/"]}]},{"@type":"ImageObject","inLanguage":"nb-NO","@id":"https:\/\/babylove.se\/no\/produkt\/jabadabado-test-i-vasken-sjohest\/#primaryimage","url":"https:\/\/babylove.se\/no\/wp-content\/uploads\/sites\/3\/2025\/07\/6155964d492f9.jpeg","contentUrl":"https:\/\/babylove.se\/no\/wp-content\/uploads\/sites\/3\/2025\/07\/6155964d492f9.jpeg","width":700,"height":700},{"@type":"BreadcrumbList","@id":"https:\/\/babylove.se\/no\/produkt\/jabadabado-test-i-vasken-sjohest\/#breadcrumb","itemListElement":[{"@type":"ListItem","position":1,"name":"Hem","item":"https:\/\/babylove.se\/no\/"},{"@type":"ListItem","position":2,"name":"Butik","item":"https:\/\/babylove.se\/no\/butik\/"},{"@type":"ListItem","position":3,"name":"Jabadabado, Tesett i veske, sj\u00f8hest"}]},{"@type":"WebSite","@id":"https:\/\/babylove.se\/no\/#website","url":"https:\/\/babylove.se\/no\/","name":"Babylove Norska","description":"","potentialAction":[{"@type":"SearchAction","target":{"@type":"EntryPoint","urlTemplate":"https:\/\/babylove.se\/no\/?s={search_term_string}"},"query-input":{"@type":"PropertyValueSpecification","valueRequired":true,"valueName":"search_term_string"}}],"inLanguage":"nb-NO"}]},"product_brand":"JaBaDaBaDo","product_price_amount":"349.00","product_price_currency":"SEK","og_availability":"instock","product_availability":"instock","product_retailer_item_id":"G12019","product_condition":"new"},"_links":{"self":[{"href":"https:\/\/babylove.se\/no\/wp-json\/wp\/v2\/product\/28266","targetHints":{"allow":["GET"]}}],"collection":[{"href":"https:\/\/babylove.se\/no\/wp-json\/wp\/v2\/product"}],"about":[{"href":"https:\/\/babylove.se\/no\/wp-json\/wp\/v2\/types\/product"}],"replies":[{"embeddable":true,"href":"https:\/\/babylove.se\/no\/wp-json\/wp\/v2\/comments?post=28266"}],"wp:featuredmedia":[{"embeddable":true,"href":"https:\/\/babylove.se\/no\/wp-json\/wp\/v2\/media\/28268"}],"wp:attachment":[{"href":"https:\/\/babylove.se\/no\/wp-json\/wp\/v2\/media?parent=28266"}],"wp:term":[{"taxonomy":"product_brand","embeddable":true,"href":"https:\/\/babylove.se\/no\/wp-json\/wp\/v2\/product_brand?post=28266"},{"taxonomy":"product_cat","embeddable":true,"href":"https:\/\/babylove.se\/no\/wp-json\/wp\/v2\/product_cat?post=28266"},{"taxonomy":"product_tag","embeddable":true,"href":"https:\/\/babylove.se\/no\/wp-json\/wp\/v2\/product_tag?post=28266"}],"curies":[{"name":"wp","href":"https:\/\/api.w.org\/{rel}","templated":true}]}}