{"id":287,"date":"2025-06-24T23:16:50","date_gmt":"2025-06-24T22:16:50","guid":{"rendered":"https:\/\/babylove.se\/?post_type=product&#038;p=287"},"modified":"2026-04-08T07:32:36","modified_gmt":"2026-04-08T06:32:36","slug":"produkt-1","status":"publish","type":"product","link":"https:\/\/babylove.se\/no\/produkt\/produkt-1\/","title":{"rendered":"Elodie Details, Solhatt Embedding Bloom"},"content":{"rendered":"<p>En deilig fin solhatt fra Elodie Details-kolleksjonen Gilding Garden. Med disse fine solhattene i 100 % \u00d6ko-Tex-sertifisert bomull kan du nyte solen og varmen samtidig som du har god beskyttelse. Solhatten har en myk og komfortabel passform som barnet ditt vil like \u00e5 ha p\u00e5 seg. For \u00e5 beskytte nakke og rygg skikkelig har den en lengre brem. Du kan enkelt brette opp kantene p\u00e5 solhatten for \u00e5 tilpasse den etter omgivelsene og v\u00e6ret. Elodie Details har rett og slett laget den ultimate solhatten for de sm\u00e5. <\/p>\n<p>Lorem ipsum dolor sit amet, consectetur adipiscing elit. Fusce a leo massa. Ut pharetra, elit sed sodales porta, arcu tortor hendrerit est, et egestas turpis neque at nibh. Praesent convallis cursus tellus id luctus. Quisque interdum non leo sed euismod. In interdum in elit at ornare. Sed malesuada, erat quis dictum finibus, velit sapien pellentesque justo, vulputate lacinia erat ante at elit. Duis sollicitudin lacus suscipit arcu lobortis efficitur. Aliquam erat volutpat. Suspendisse imperdiet nisi vulputate, eleifend metus ultricies, euismod enim. Phasellus feugiat semper auctor. Mauris euismod auctor enim, in ornare ligula tempor ullamcorper. Integer posuere vel elit eget convallis. Suspendisse augue dolor, scelerisque vehicula justo non, ultricies suscipit risus. Curabitur sed diam gravida, ultricies odio in, elementum velit. Duis ut diam diam. Sed malesuada leo nec velit consectetur, sit amet tempor tellus pulvinar. <\/p>\n<p>Vivamus varius nisi eu neque vehicula accumsan. Quisque scelerisque nibh quis arcu ornare elementum. Vestibulum rhoncus nisi id velit elementum, quis pellentesque risus suscipit. Morbi egestas tincidunt ante, nec maximus metus vehicula nec. Fusce hendrerit purus dui, laoreet consectetur enim consectetur at. Sed erat felis, tempus vel tellus in, faucibus malesuada enim. Vivamus sagittis rutrum diam vitae maximus.<\/p>\n","protected":false},"excerpt":{"rendered":"<p>En vidunderlig fin solhatt fra Elodie Details-kolleksjonen Gilding Garden. Med disse fine solhattene i 100 % \u00d8ko-Tex-sertifisert bomull kan du nyte solen og varmen samtidig som du har et godt vern. Solhatten har en myk og behagelig passform som barnet ditt vil like \u00e5 b\u00e6re. For \u00e5 beskytte nakke and rygg ordentlig har den en lengre brem. Du kan enkelt brette opp kantene p\u00e5 solhatten for \u00e5 tilpasse den etter omgivelsene og v\u00e6ret. Elodie Details har ganske enkelt utviklet den ultimate solhatten for de sm\u00e5.<\/p>\n","protected":false},"featured_media":295,"comment_status":"open","ping_status":"closed","template":"","meta":{"_acf_changed":false},"product_brand":[],"product_cat":[15],"product_tag":[1689],"class_list":{"0":"post-287","1":"product","2":"type-product","3":"status-publish","4":"has-post-thumbnail","6":"product_cat-ukategoriseret","7":"product_tag-bestillingsvaror","9":"first","10":"instock","11":"taxable","12":"shipping-taxable","13":"purchasable","14":"product-type-variable"},"acf":[],"yoast_head":"<!-- This site is optimized with the Yoast SEO Premium plugin v25.8 (Yoast SEO v27.2) - https:\/\/yoast.com\/product\/yoast-seo-premium-wordpress\/ -->\n<title>Elodie Details, Solhatt Embedding Bloom - Babylove Norska<\/title>\n<meta name=\"robots\" content=\"noindex, follow, max-snippet:-1, max-image-preview:large, max-video-preview:-1\" \/>\n<meta property=\"og:locale\" content=\"nb_NO\" \/>\n<meta property=\"og:type\" content=\"article\" \/>\n<meta property=\"og:title\" content=\"Elodie Details, Solhatt Embedding Bloom\" \/>\n<meta property=\"og:description\" content=\"En vidunderlig fin solhatt fra Elodie Details-kolleksjonen Gilding Garden. Med disse fine solhattene i 100 % \u00d8ko-Tex-sertifisert bomull kan du nyte solen og varmen samtidig som du har et godt vern. Solhatten har en myk og behagelig passform som barnet ditt vil like \u00e5 b\u00e6re. For \u00e5 beskytte nakke and rygg ordentlig har den en lengre brem. Du kan enkelt brette opp kantene p\u00e5 solhatten for \u00e5 tilpasse den etter omgivelsene og v\u00e6ret. Elodie Details har ganske enkelt utviklet den ultimate solhatten for de sm\u00e5.\" \/>\n<meta property=\"og:url\" content=\"https:\/\/babylove.se\/no\/produkt\/produkt-1\/\" \/>\n<meta property=\"og:site_name\" content=\"Babylove Norska\" \/>\n<meta property=\"article:modified_time\" content=\"2026-04-08T06:32:36+00:00\" \/>\n<meta property=\"og:image\" content=\"https:\/\/babylove.se\/no\/wp-content\/uploads\/sites\/3\/2025\/06\/bf7229f0875709afa9a2bfc96b345b732d582087.png\" \/>\n\t<meta property=\"og:image:width\" content=\"750\" \/>\n\t<meta property=\"og:image:height\" content=\"750\" \/>\n\t<meta property=\"og:image:type\" content=\"image\/png\" \/>\n<meta name=\"twitter:card\" content=\"summary_large_image\" \/>\n<meta name=\"twitter:label1\" content=\"Availability\" \/>\n\t<meta name=\"twitter:data1\" content=\"In stock\" \/>\n<script type=\"application\/ld+json\" class=\"yoast-schema-graph\">{\"@context\":\"https:\/\/schema.org\",\"@graph\":[{\"@type\":\"WebPage\",\"@id\":\"https:\/\/babylove.se\/no\/produkt\/produkt-1\/\",\"url\":\"https:\/\/babylove.se\/no\/produkt\/produkt-1\/\",\"name\":\"Elodie Details, Solhatt Embedding Bloom - Babylove Norska\",\"isPartOf\":{\"@id\":\"https:\/\/babylove.se\/no\/#website\"},\"primaryImageOfPage\":{\"@id\":\"https:\/\/babylove.se\/no\/produkt\/produkt-1\/#primaryimage\"},\"image\":{\"@id\":\"https:\/\/babylove.se\/no\/produkt\/produkt-1\/#primaryimage\"},\"thumbnailUrl\":\"https:\/\/babylove.se\/no\/wp-content\/uploads\/sites\/3\/2025\/06\/bf7229f0875709afa9a2bfc96b345b732d582087.png\",\"datePublished\":\"2025-06-24T22:16:50+00:00\",\"dateModified\":\"2026-04-08T06:32:36+00:00\",\"breadcrumb\":{\"@id\":\"https:\/\/babylove.se\/no\/produkt\/produkt-1\/#breadcrumb\"},\"inLanguage\":\"nb-NO\",\"potentialAction\":[{\"@type\":\"ReadAction\",\"target\":[\"https:\/\/babylove.se\/no\/produkt\/produkt-1\/\"]}]},{\"@type\":\"ImageObject\",\"inLanguage\":\"nb-NO\",\"@id\":\"https:\/\/babylove.se\/no\/produkt\/produkt-1\/#primaryimage\",\"url\":\"https:\/\/babylove.se\/no\/wp-content\/uploads\/sites\/3\/2025\/06\/bf7229f0875709afa9a2bfc96b345b732d582087.png\",\"contentUrl\":\"https:\/\/babylove.se\/no\/wp-content\/uploads\/sites\/3\/2025\/06\/bf7229f0875709afa9a2bfc96b345b732d582087.png\",\"width\":750,\"height\":750},{\"@type\":\"BreadcrumbList\",\"@id\":\"https:\/\/babylove.se\/no\/produkt\/produkt-1\/#breadcrumb\",\"itemListElement\":[{\"@type\":\"ListItem\",\"position\":1,\"name\":\"Hem\",\"item\":\"https:\/\/babylove.se\/no\/\"},{\"@type\":\"ListItem\",\"position\":2,\"name\":\"Butik\",\"item\":\"https:\/\/babylove.se\/no\/butik\/\"},{\"@type\":\"ListItem\",\"position\":3,\"name\":\"Elodie Details, Solhatt Embedding Bloom\"}]},{\"@type\":\"WebSite\",\"@id\":\"https:\/\/babylove.se\/no\/#website\",\"url\":\"https:\/\/babylove.se\/no\/\",\"name\":\"Babylove Norska\",\"description\":\"\",\"potentialAction\":[{\"@type\":\"SearchAction\",\"target\":{\"@type\":\"EntryPoint\",\"urlTemplate\":\"https:\/\/babylove.se\/no\/?s={search_term_string}\"},\"query-input\":{\"@type\":\"PropertyValueSpecification\",\"valueRequired\":true,\"valueName\":\"search_term_string\"}}],\"inLanguage\":\"nb-NO\"}]}<\/script>\n<meta property=\"og:availability\" content=\"instock\" \/>\n<meta property=\"product:availability\" content=\"instock\" \/>\n<meta property=\"product:condition\" content=\"new\" \/>\n<!-- \/ Yoast SEO Premium plugin. -->","yoast_head_json":{"title":"Elodie Details, Solhatt Embedding Bloom - Babylove Norska","robots":{"index":"noindex","follow":"follow","max-snippet":"max-snippet:-1","max-image-preview":"max-image-preview:large","max-video-preview":"max-video-preview:-1"},"og_locale":"nb_NO","og_type":"article","og_title":"Elodie Details, Solhatt Embedding Bloom","og_description":"En vidunderlig fin solhatt fra Elodie Details-kolleksjonen Gilding Garden. Med disse fine solhattene i 100 % \u00d8ko-Tex-sertifisert bomull kan du nyte solen og varmen samtidig som du har et godt vern. Solhatten har en myk og behagelig passform som barnet ditt vil like \u00e5 b\u00e6re. For \u00e5 beskytte nakke and rygg ordentlig har den en lengre brem. Du kan enkelt brette opp kantene p\u00e5 solhatten for \u00e5 tilpasse den etter omgivelsene og v\u00e6ret. Elodie Details har ganske enkelt utviklet den ultimate solhatten for de sm\u00e5.","og_url":"https:\/\/babylove.se\/no\/produkt\/produkt-1\/","og_site_name":"Babylove Norska","article_modified_time":"2026-04-08T06:32:36+00:00","og_image":[{"width":750,"height":750,"url":"https:\/\/babylove.se\/no\/wp-content\/uploads\/sites\/3\/2025\/06\/bf7229f0875709afa9a2bfc96b345b732d582087.png","type":"image\/png"}],"twitter_card":"summary_large_image","twitter_misc":{"Availability":"In stock"},"schema":{"@context":"https:\/\/schema.org","@graph":[{"@type":"WebPage","@id":"https:\/\/babylove.se\/no\/produkt\/produkt-1\/","url":"https:\/\/babylove.se\/no\/produkt\/produkt-1\/","name":"Elodie Details, Solhatt Embedding Bloom - Babylove Norska","isPartOf":{"@id":"https:\/\/babylove.se\/no\/#website"},"primaryImageOfPage":{"@id":"https:\/\/babylove.se\/no\/produkt\/produkt-1\/#primaryimage"},"image":{"@id":"https:\/\/babylove.se\/no\/produkt\/produkt-1\/#primaryimage"},"thumbnailUrl":"https:\/\/babylove.se\/no\/wp-content\/uploads\/sites\/3\/2025\/06\/bf7229f0875709afa9a2bfc96b345b732d582087.png","datePublished":"2025-06-24T22:16:50+00:00","dateModified":"2026-04-08T06:32:36+00:00","breadcrumb":{"@id":"https:\/\/babylove.se\/no\/produkt\/produkt-1\/#breadcrumb"},"inLanguage":"nb-NO","potentialAction":[{"@type":"ReadAction","target":["https:\/\/babylove.se\/no\/produkt\/produkt-1\/"]}]},{"@type":"ImageObject","inLanguage":"nb-NO","@id":"https:\/\/babylove.se\/no\/produkt\/produkt-1\/#primaryimage","url":"https:\/\/babylove.se\/no\/wp-content\/uploads\/sites\/3\/2025\/06\/bf7229f0875709afa9a2bfc96b345b732d582087.png","contentUrl":"https:\/\/babylove.se\/no\/wp-content\/uploads\/sites\/3\/2025\/06\/bf7229f0875709afa9a2bfc96b345b732d582087.png","width":750,"height":750},{"@type":"BreadcrumbList","@id":"https:\/\/babylove.se\/no\/produkt\/produkt-1\/#breadcrumb","itemListElement":[{"@type":"ListItem","position":1,"name":"Hem","item":"https:\/\/babylove.se\/no\/"},{"@type":"ListItem","position":2,"name":"Butik","item":"https:\/\/babylove.se\/no\/butik\/"},{"@type":"ListItem","position":3,"name":"Elodie Details, Solhatt Embedding Bloom"}]},{"@type":"WebSite","@id":"https:\/\/babylove.se\/no\/#website","url":"https:\/\/babylove.se\/no\/","name":"Babylove Norska","description":"","potentialAction":[{"@type":"SearchAction","target":{"@type":"EntryPoint","urlTemplate":"https:\/\/babylove.se\/no\/?s={search_term_string}"},"query-input":{"@type":"PropertyValueSpecification","valueRequired":true,"valueName":"search_term_string"}}],"inLanguage":"nb-NO"}]},"og_availability":"instock","product_availability":"instock","product_condition":"new"},"_links":{"self":[{"href":"https:\/\/babylove.se\/no\/wp-json\/wp\/v2\/product\/287","targetHints":{"allow":["GET"]}}],"collection":[{"href":"https:\/\/babylove.se\/no\/wp-json\/wp\/v2\/product"}],"about":[{"href":"https:\/\/babylove.se\/no\/wp-json\/wp\/v2\/types\/product"}],"replies":[{"embeddable":true,"href":"https:\/\/babylove.se\/no\/wp-json\/wp\/v2\/comments?post=287"}],"wp:featuredmedia":[{"embeddable":true,"href":"https:\/\/babylove.se\/no\/wp-json\/wp\/v2\/media\/295"}],"wp:attachment":[{"href":"https:\/\/babylove.se\/no\/wp-json\/wp\/v2\/media?parent=287"}],"wp:term":[{"taxonomy":"product_brand","embeddable":true,"href":"https:\/\/babylove.se\/no\/wp-json\/wp\/v2\/product_brand?post=287"},{"taxonomy":"product_cat","embeddable":true,"href":"https:\/\/babylove.se\/no\/wp-json\/wp\/v2\/product_cat?post=287"},{"taxonomy":"product_tag","embeddable":true,"href":"https:\/\/babylove.se\/no\/wp-json\/wp\/v2\/product_tag?post=287"}],"curies":[{"name":"wp","href":"https:\/\/api.w.org\/{rel}","templated":true}]}}