{"id":28729,"date":"2025-07-18T23:55:32","date_gmt":"2025-07-18T22:55:32","guid":{"rendered":"https:\/\/babylove.se\/produkt\/jabadabado-doktorsvaska-silver\/"},"modified":"2026-04-08T11:31:26","modified_gmt":"2026-04-08T10:31:26","slug":"jabadabado-legevesken-solv","status":"publish","type":"product","link":"https:\/\/babylove.se\/no\/produkt\/jabadabado-legevesken-solv\/","title":{"rendered":"JaBaDaBaDo, Doktorveske s\u00f8lv"},"content":{"rendered":"<p>Supers\u00f8t doktorveske fra svenske JaBaDaBaDo. Her finnes alt en liten lege kan tenkes \u00e5 trenge i sin legepraksis.&nbsp;<\/p>\n<p>Settet inneholder 9 spennende redskaper som inspirerer til mye lek:<\/p>\n<ul>\n<li>1 spr\u00f8yte<\/li>\n<li>1 stetoskop<\/li>\n<li>1 salve<\/li>\n<li>1 medisinboks<\/li>\n<li>1 \u00f8re og \u00f8ye instrument<\/li>\n<li>1 kort med tabletter<\/li>\n<li>1 blodtrykksm\u00e5ler<\/li>\n<li>1 doktor hatt<\/li>\n<li>1 termometer<\/li>\n<\/ul>\n<p><strong>M\u00e5l<\/strong>: 19x13x7 cm<\/p>\n<p><strong>Materiale<\/strong>: Hard papp, tre.<\/p>\n<p>Designer: <a href=\"https:\/\/babylove.se\/varumarken\/jabadabado\"><u>JaBaDaBaDo<\/u><\/a><\/p>\n","protected":false},"excerpt":{"rendered":"<p>Supers\u00f8t doktorveske fra svenske JaBaDaBaDo. Her finnes alt en liten lege kan tenkes \u00e5 trenge i sin legepraksis.&nbsp; Settet inneholder 9 spennende redskaper som inspirerer til mye lek: 1 spr\u00f8yte 1 stetoskop 1 salve 1 medisinboks 1 \u00f8re og \u00f8ye instrument 1 kort med tabletter 1 blodtrykksm\u00e5ler 1 doktor hatt 1 termometer M\u00e5l: 19x13x7 cm [&hellip;]<\/p>\n","protected":false},"featured_media":28731,"comment_status":"closed","ping_status":"open","template":"","meta":{"_acf_changed":false},"product_brand":[273],"product_cat":[274,72,26,68,322],"product_tag":[],"class_list":{"0":"post-28729","1":"product","2":"type-product","3":"status-publish","4":"has-post-thumbnail","6":"product_brand-jabadabado","7":"product_cat-jabadabado","8":"product_cat-julegaver","9":"product_cat-kjop-produkter-som-ikke-bare-er-for-gutter","10":"product_cat-leker","11":"product_cat-rollespill","13":"first","14":"outofstock","15":"taxable","16":"shipping-taxable","17":"purchasable","18":"product-type-simple"},"acf":[],"yoast_head":"<!-- This site is optimized with the Yoast SEO Premium plugin v25.8 (Yoast SEO v27.2) - https:\/\/yoast.com\/product\/yoast-seo-premium-wordpress\/ -->\n<title>JaBaDaBaDo, Doktorveske s\u00f8lv - Babylove Norska<\/title>\n<meta name=\"robots\" content=\"noindex, follow, max-snippet:-1, max-image-preview:large, max-video-preview:-1\" \/>\n<meta property=\"og:locale\" content=\"nb_NO\" \/>\n<meta property=\"og:type\" content=\"article\" \/>\n<meta property=\"og:title\" content=\"JaBaDaBaDo, Doktorveske s\u00f8lv\" \/>\n<meta property=\"og:description\" content=\"Supers\u00f8t doktorveske fra svenske JaBaDaBaDo. Her finnes alt en liten lege kan tenkes \u00e5 trenge i sin legepraksis.&nbsp; Settet inneholder 9 spennende redskaper som inspirerer til mye lek: 1 spr\u00f8yte 1 stetoskop 1 salve 1 medisinboks 1 \u00f8re og \u00f8ye instrument 1 kort med tabletter 1 blodtrykksm\u00e5ler 1 doktor hatt 1 termometer M\u00e5l: 19x13x7 cm [&hellip;]\" \/>\n<meta property=\"og:url\" content=\"https:\/\/babylove.se\/no\/produkt\/jabadabado-legevesken-solv\/\" \/>\n<meta property=\"og:site_name\" content=\"Babylove Norska\" \/>\n<meta property=\"article:modified_time\" content=\"2026-04-08T10:31:26+00:00\" \/>\n<meta property=\"og:image\" content=\"https:\/\/babylove.se\/no\/wp-content\/uploads\/sites\/3\/2025\/07\/61603c63cd16e.jpeg\" \/>\n\t<meta property=\"og:image:width\" content=\"700\" \/>\n\t<meta property=\"og:image:height\" content=\"700\" \/>\n\t<meta property=\"og:image:type\" content=\"image\/jpeg\" \/>\n<meta name=\"twitter:card\" content=\"summary_large_image\" \/>\n<meta name=\"twitter:label1\" content=\"Price\" \/>\n\t<meta name=\"twitter:data1\" content=\"269,00&nbsp;&#107;&#114;\" \/>\n\t<meta name=\"twitter:label2\" content=\"Availability\" \/>\n\t<meta name=\"twitter:data2\" content=\"Out of stock\" \/>\n<script type=\"application\/ld+json\" class=\"yoast-schema-graph\">{\"@context\":\"https:\/\/schema.org\",\"@graph\":[{\"@type\":\"WebPage\",\"@id\":\"https:\/\/babylove.se\/no\/produkt\/jabadabado-legevesken-solv\/\",\"url\":\"https:\/\/babylove.se\/no\/produkt\/jabadabado-legevesken-solv\/\",\"name\":\"JaBaDaBaDo, Doktorveske s\u00f8lv - Babylove Norska\",\"isPartOf\":{\"@id\":\"https:\/\/babylove.se\/no\/#website\"},\"primaryImageOfPage\":{\"@id\":\"https:\/\/babylove.se\/no\/produkt\/jabadabado-legevesken-solv\/#primaryimage\"},\"image\":{\"@id\":\"https:\/\/babylove.se\/no\/produkt\/jabadabado-legevesken-solv\/#primaryimage\"},\"thumbnailUrl\":\"https:\/\/babylove.se\/no\/wp-content\/uploads\/sites\/3\/2025\/07\/61603c63cd16e.jpeg\",\"datePublished\":\"2025-07-18T22:55:32+00:00\",\"dateModified\":\"2026-04-08T10:31:26+00:00\",\"breadcrumb\":{\"@id\":\"https:\/\/babylove.se\/no\/produkt\/jabadabado-legevesken-solv\/#breadcrumb\"},\"inLanguage\":\"nb-NO\",\"potentialAction\":[{\"@type\":\"ReadAction\",\"target\":[\"https:\/\/babylove.se\/no\/produkt\/jabadabado-legevesken-solv\/\"]}]},{\"@type\":\"ImageObject\",\"inLanguage\":\"nb-NO\",\"@id\":\"https:\/\/babylove.se\/no\/produkt\/jabadabado-legevesken-solv\/#primaryimage\",\"url\":\"https:\/\/babylove.se\/no\/wp-content\/uploads\/sites\/3\/2025\/07\/61603c63cd16e.jpeg\",\"contentUrl\":\"https:\/\/babylove.se\/no\/wp-content\/uploads\/sites\/3\/2025\/07\/61603c63cd16e.jpeg\",\"width\":700,\"height\":700},{\"@type\":\"BreadcrumbList\",\"@id\":\"https:\/\/babylove.se\/no\/produkt\/jabadabado-legevesken-solv\/#breadcrumb\",\"itemListElement\":[{\"@type\":\"ListItem\",\"position\":1,\"name\":\"Hem\",\"item\":\"https:\/\/babylove.se\/no\/\"},{\"@type\":\"ListItem\",\"position\":2,\"name\":\"Butik\",\"item\":\"https:\/\/babylove.se\/no\/butik\/\"},{\"@type\":\"ListItem\",\"position\":3,\"name\":\"JaBaDaBaDo, Doktorveske s\u00f8lv\"}]},{\"@type\":\"WebSite\",\"@id\":\"https:\/\/babylove.se\/no\/#website\",\"url\":\"https:\/\/babylove.se\/no\/\",\"name\":\"Babylove Norska\",\"description\":\"\",\"potentialAction\":[{\"@type\":\"SearchAction\",\"target\":{\"@type\":\"EntryPoint\",\"urlTemplate\":\"https:\/\/babylove.se\/no\/?s={search_term_string}\"},\"query-input\":{\"@type\":\"PropertyValueSpecification\",\"valueRequired\":true,\"valueName\":\"search_term_string\"}}],\"inLanguage\":\"nb-NO\"}]}<\/script>\n<meta property=\"product:brand\" content=\"JaBaDaBaDo\" \/>\n<meta property=\"product:price:amount\" content=\"269.00\" \/>\n<meta property=\"product:price:currency\" content=\"SEK\" \/>\n<meta property=\"og:availability\" content=\"out of stock\" \/>\n<meta property=\"product:availability\" content=\"out of stock\" \/>\n<meta property=\"product:retailer_item_id\" content=\"W7172\" \/>\n<meta property=\"product:condition\" content=\"new\" \/>\n<!-- \/ Yoast SEO Premium plugin. -->","yoast_head_json":{"title":"JaBaDaBaDo, Doktorveske s\u00f8lv - Babylove Norska","robots":{"index":"noindex","follow":"follow","max-snippet":"max-snippet:-1","max-image-preview":"max-image-preview:large","max-video-preview":"max-video-preview:-1"},"og_locale":"nb_NO","og_type":"article","og_title":"JaBaDaBaDo, Doktorveske s\u00f8lv","og_description":"Supers\u00f8t doktorveske fra svenske JaBaDaBaDo. Her finnes alt en liten lege kan tenkes \u00e5 trenge i sin legepraksis.&nbsp; Settet inneholder 9 spennende redskaper som inspirerer til mye lek: 1 spr\u00f8yte 1 stetoskop 1 salve 1 medisinboks 1 \u00f8re og \u00f8ye instrument 1 kort med tabletter 1 blodtrykksm\u00e5ler 1 doktor hatt 1 termometer M\u00e5l: 19x13x7 cm [&hellip;]","og_url":"https:\/\/babylove.se\/no\/produkt\/jabadabado-legevesken-solv\/","og_site_name":"Babylove Norska","article_modified_time":"2026-04-08T10:31:26+00:00","og_image":[{"width":700,"height":700,"url":"https:\/\/babylove.se\/no\/wp-content\/uploads\/sites\/3\/2025\/07\/61603c63cd16e.jpeg","type":"image\/jpeg"}],"twitter_card":"summary_large_image","twitter_misc":{"Price":"269,00&nbsp;&#107;&#114;","Availability":"Out of stock"},"schema":{"@context":"https:\/\/schema.org","@graph":[{"@type":"WebPage","@id":"https:\/\/babylove.se\/no\/produkt\/jabadabado-legevesken-solv\/","url":"https:\/\/babylove.se\/no\/produkt\/jabadabado-legevesken-solv\/","name":"JaBaDaBaDo, Doktorveske s\u00f8lv - Babylove Norska","isPartOf":{"@id":"https:\/\/babylove.se\/no\/#website"},"primaryImageOfPage":{"@id":"https:\/\/babylove.se\/no\/produkt\/jabadabado-legevesken-solv\/#primaryimage"},"image":{"@id":"https:\/\/babylove.se\/no\/produkt\/jabadabado-legevesken-solv\/#primaryimage"},"thumbnailUrl":"https:\/\/babylove.se\/no\/wp-content\/uploads\/sites\/3\/2025\/07\/61603c63cd16e.jpeg","datePublished":"2025-07-18T22:55:32+00:00","dateModified":"2026-04-08T10:31:26+00:00","breadcrumb":{"@id":"https:\/\/babylove.se\/no\/produkt\/jabadabado-legevesken-solv\/#breadcrumb"},"inLanguage":"nb-NO","potentialAction":[{"@type":"ReadAction","target":["https:\/\/babylove.se\/no\/produkt\/jabadabado-legevesken-solv\/"]}]},{"@type":"ImageObject","inLanguage":"nb-NO","@id":"https:\/\/babylove.se\/no\/produkt\/jabadabado-legevesken-solv\/#primaryimage","url":"https:\/\/babylove.se\/no\/wp-content\/uploads\/sites\/3\/2025\/07\/61603c63cd16e.jpeg","contentUrl":"https:\/\/babylove.se\/no\/wp-content\/uploads\/sites\/3\/2025\/07\/61603c63cd16e.jpeg","width":700,"height":700},{"@type":"BreadcrumbList","@id":"https:\/\/babylove.se\/no\/produkt\/jabadabado-legevesken-solv\/#breadcrumb","itemListElement":[{"@type":"ListItem","position":1,"name":"Hem","item":"https:\/\/babylove.se\/no\/"},{"@type":"ListItem","position":2,"name":"Butik","item":"https:\/\/babylove.se\/no\/butik\/"},{"@type":"ListItem","position":3,"name":"JaBaDaBaDo, Doktorveske s\u00f8lv"}]},{"@type":"WebSite","@id":"https:\/\/babylove.se\/no\/#website","url":"https:\/\/babylove.se\/no\/","name":"Babylove Norska","description":"","potentialAction":[{"@type":"SearchAction","target":{"@type":"EntryPoint","urlTemplate":"https:\/\/babylove.se\/no\/?s={search_term_string}"},"query-input":{"@type":"PropertyValueSpecification","valueRequired":true,"valueName":"search_term_string"}}],"inLanguage":"nb-NO"}]},"product_brand":"JaBaDaBaDo","product_price_amount":"269.00","product_price_currency":"SEK","og_availability":"out of stock","product_availability":"out of stock","product_retailer_item_id":"W7172","product_condition":"new"},"_links":{"self":[{"href":"https:\/\/babylove.se\/no\/wp-json\/wp\/v2\/product\/28729","targetHints":{"allow":["GET"]}}],"collection":[{"href":"https:\/\/babylove.se\/no\/wp-json\/wp\/v2\/product"}],"about":[{"href":"https:\/\/babylove.se\/no\/wp-json\/wp\/v2\/types\/product"}],"replies":[{"embeddable":true,"href":"https:\/\/babylove.se\/no\/wp-json\/wp\/v2\/comments?post=28729"}],"wp:featuredmedia":[{"embeddable":true,"href":"https:\/\/babylove.se\/no\/wp-json\/wp\/v2\/media\/28731"}],"wp:attachment":[{"href":"https:\/\/babylove.se\/no\/wp-json\/wp\/v2\/media?parent=28729"}],"wp:term":[{"taxonomy":"product_brand","embeddable":true,"href":"https:\/\/babylove.se\/no\/wp-json\/wp\/v2\/product_brand?post=28729"},{"taxonomy":"product_cat","embeddable":true,"href":"https:\/\/babylove.se\/no\/wp-json\/wp\/v2\/product_cat?post=28729"},{"taxonomy":"product_tag","embeddable":true,"href":"https:\/\/babylove.se\/no\/wp-json\/wp\/v2\/product_tag?post=28729"}],"curies":[{"name":"wp","href":"https:\/\/api.w.org\/{rel}","templated":true}]}}