{"id":28732,"date":"2025-07-18T23:55:32","date_gmt":"2025-07-18T22:55:32","guid":{"rendered":"https:\/\/babylove.se\/produkt\/jabadabado-teset-afternoon-tea\/"},"modified":"2026-04-08T11:31:29","modified_gmt":"2026-04-08T10:31:29","slug":"jabadabado-teset-afternoon-tea","status":"publish","type":"product","link":"https:\/\/babylove.se\/no\/produkt\/jabadabado-teset-afternoon-tea\/","title":{"rendered":"Jabadabado, tesett Afternoon tea"},"content":{"rendered":"<p>Et fortryllende tesett fra svenske &nbsp;JaBaDaBaDo. Det er p\u00e5 tide \u00e5 invitere vennene over p\u00e5 te og kaker!<\/p>\n<p>Settet inneholder alt som trengs for en koselig fikastund:<\/p>\n<ul>\n<li>1 serveringsbrett med h\u00e5ndtak<\/li>\n<li>2 tekopper med fat<\/li>\n<li>2 skjeer<\/li>\n<li>2 teposer<\/li>\n<li>1 st\u00f8vsuger<\/li>\n<li>1 sjokoladeball<\/li>\n<li>1 serveringsfat til kakene<\/li>\n<li>1 tekanne med lokk<\/li>\n<li>1melkekanne<\/li>\n<li>1 sukkersk\u00e5l med lokk<\/li>\n<\/ul>\n<p><strong>M\u00e5l<\/strong>: 27x10x21 cm&nbsp;<\/p>\n<p><strong>Materiale<\/strong>: Tre<\/p>\n<p>Designer: <a href=\"https:\/\/babylove.se\/varumarken\/jabadabado\">Jabadabado<\/a><\/p>\n","protected":false},"excerpt":{"rendered":"<p>Et fortryllende tesett fra svenske &nbsp;JaBaDaBaDo. Det er p\u00e5 tide \u00e5 invitere vennene over p\u00e5 te og kaker! Settet inneholder alt som trengs for en koselig fikastund: 1 serveringsbrett med h\u00e5ndtak 2 tekopper med fat 2 skjeer 2 teposer 1 st\u00f8vsuger 1 sjokoladeball 1 serveringsfat til kakene 1 tekanne med lokk 1melkekanne 1 sukkersk\u00e5l med [&hellip;]<\/p>\n","protected":false},"featured_media":28734,"comment_status":"closed","ping_status":"open","template":"","meta":{"_acf_changed":false},"product_brand":[273],"product_cat":[274,1774,253,68],"product_tag":[],"class_list":{"0":"post-28732","1":"product","2":"type-product","3":"status-publish","4":"has-post-thumbnail","6":"product_brand-jabadabado","7":"product_cat-jabadabado","8":"product_cat-late-leker","9":"product_cat-lekemat-kjokken","10":"product_cat-leker","12":"first","13":"outofstock","14":"taxable","15":"shipping-taxable","16":"purchasable","17":"product-type-simple"},"acf":[],"yoast_head":"<!-- This site is optimized with the Yoast SEO Premium plugin v25.8 (Yoast SEO v27.2) - https:\/\/yoast.com\/product\/yoast-seo-premium-wordpress\/ -->\n<title>Jabadabado, tesett Afternoon tea - Babylove Norska<\/title>\n<meta name=\"robots\" content=\"noindex, follow, max-snippet:-1, max-image-preview:large, max-video-preview:-1\" \/>\n<meta property=\"og:locale\" content=\"nb_NO\" \/>\n<meta property=\"og:type\" content=\"article\" \/>\n<meta property=\"og:title\" content=\"Jabadabado, tesett Afternoon tea\" \/>\n<meta property=\"og:description\" content=\"Et fortryllende tesett fra svenske &nbsp;JaBaDaBaDo. Det er p\u00e5 tide \u00e5 invitere vennene over p\u00e5 te og kaker! Settet inneholder alt som trengs for en koselig fikastund: 1 serveringsbrett med h\u00e5ndtak 2 tekopper med fat 2 skjeer 2 teposer 1 st\u00f8vsuger 1 sjokoladeball 1 serveringsfat til kakene 1 tekanne med lokk 1melkekanne 1 sukkersk\u00e5l med [&hellip;]\" \/>\n<meta property=\"og:url\" content=\"https:\/\/babylove.se\/no\/produkt\/jabadabado-teset-afternoon-tea\/\" \/>\n<meta property=\"og:site_name\" content=\"Babylove Norska\" \/>\n<meta property=\"article:modified_time\" content=\"2026-04-08T10:31:29+00:00\" \/>\n<meta property=\"og:image\" content=\"https:\/\/babylove.se\/no\/wp-content\/uploads\/sites\/3\/2025\/07\/61603ebda37fd.jpeg\" \/>\n\t<meta property=\"og:image:width\" content=\"700\" \/>\n\t<meta property=\"og:image:height\" content=\"700\" \/>\n\t<meta property=\"og:image:type\" content=\"image\/jpeg\" \/>\n<meta name=\"twitter:card\" content=\"summary_large_image\" \/>\n<meta name=\"twitter:label1\" content=\"Price\" \/>\n\t<meta name=\"twitter:data1\" content=\"349,00&nbsp;&#107;&#114;\" \/>\n\t<meta name=\"twitter:label2\" content=\"Availability\" \/>\n\t<meta name=\"twitter:data2\" content=\"Out of stock\" \/>\n<script type=\"application\/ld+json\" class=\"yoast-schema-graph\">{\"@context\":\"https:\/\/schema.org\",\"@graph\":[{\"@type\":\"WebPage\",\"@id\":\"https:\/\/babylove.se\/no\/produkt\/jabadabado-teset-afternoon-tea\/\",\"url\":\"https:\/\/babylove.se\/no\/produkt\/jabadabado-teset-afternoon-tea\/\",\"name\":\"Jabadabado, tesett Afternoon tea - Babylove Norska\",\"isPartOf\":{\"@id\":\"https:\/\/babylove.se\/no\/#website\"},\"primaryImageOfPage\":{\"@id\":\"https:\/\/babylove.se\/no\/produkt\/jabadabado-teset-afternoon-tea\/#primaryimage\"},\"image\":{\"@id\":\"https:\/\/babylove.se\/no\/produkt\/jabadabado-teset-afternoon-tea\/#primaryimage\"},\"thumbnailUrl\":\"https:\/\/babylove.se\/no\/wp-content\/uploads\/sites\/3\/2025\/07\/61603ebda37fd.jpeg\",\"datePublished\":\"2025-07-18T22:55:32+00:00\",\"dateModified\":\"2026-04-08T10:31:29+00:00\",\"breadcrumb\":{\"@id\":\"https:\/\/babylove.se\/no\/produkt\/jabadabado-teset-afternoon-tea\/#breadcrumb\"},\"inLanguage\":\"nb-NO\",\"potentialAction\":[{\"@type\":\"ReadAction\",\"target\":[\"https:\/\/babylove.se\/no\/produkt\/jabadabado-teset-afternoon-tea\/\"]}]},{\"@type\":\"ImageObject\",\"inLanguage\":\"nb-NO\",\"@id\":\"https:\/\/babylove.se\/no\/produkt\/jabadabado-teset-afternoon-tea\/#primaryimage\",\"url\":\"https:\/\/babylove.se\/no\/wp-content\/uploads\/sites\/3\/2025\/07\/61603ebda37fd.jpeg\",\"contentUrl\":\"https:\/\/babylove.se\/no\/wp-content\/uploads\/sites\/3\/2025\/07\/61603ebda37fd.jpeg\",\"width\":700,\"height\":700},{\"@type\":\"BreadcrumbList\",\"@id\":\"https:\/\/babylove.se\/no\/produkt\/jabadabado-teset-afternoon-tea\/#breadcrumb\",\"itemListElement\":[{\"@type\":\"ListItem\",\"position\":1,\"name\":\"Hem\",\"item\":\"https:\/\/babylove.se\/no\/\"},{\"@type\":\"ListItem\",\"position\":2,\"name\":\"Butik\",\"item\":\"https:\/\/babylove.se\/no\/butik\/\"},{\"@type\":\"ListItem\",\"position\":3,\"name\":\"Jabadabado, tesett Afternoon tea\"}]},{\"@type\":\"WebSite\",\"@id\":\"https:\/\/babylove.se\/no\/#website\",\"url\":\"https:\/\/babylove.se\/no\/\",\"name\":\"Babylove Norska\",\"description\":\"\",\"potentialAction\":[{\"@type\":\"SearchAction\",\"target\":{\"@type\":\"EntryPoint\",\"urlTemplate\":\"https:\/\/babylove.se\/no\/?s={search_term_string}\"},\"query-input\":{\"@type\":\"PropertyValueSpecification\",\"valueRequired\":true,\"valueName\":\"search_term_string\"}}],\"inLanguage\":\"nb-NO\"}]}<\/script>\n<meta property=\"product:brand\" content=\"JaBaDaBaDo\" \/>\n<meta property=\"product:price:amount\" content=\"349.00\" \/>\n<meta property=\"product:price:currency\" content=\"SEK\" \/>\n<meta property=\"og:availability\" content=\"out of stock\" \/>\n<meta property=\"product:availability\" content=\"out of stock\" \/>\n<meta property=\"product:retailer_item_id\" content=\"T257\" \/>\n<meta property=\"product:condition\" content=\"new\" \/>\n<!-- \/ Yoast SEO Premium plugin. -->","yoast_head_json":{"title":"Jabadabado, tesett Afternoon tea - Babylove Norska","robots":{"index":"noindex","follow":"follow","max-snippet":"max-snippet:-1","max-image-preview":"max-image-preview:large","max-video-preview":"max-video-preview:-1"},"og_locale":"nb_NO","og_type":"article","og_title":"Jabadabado, tesett Afternoon tea","og_description":"Et fortryllende tesett fra svenske &nbsp;JaBaDaBaDo. Det er p\u00e5 tide \u00e5 invitere vennene over p\u00e5 te og kaker! Settet inneholder alt som trengs for en koselig fikastund: 1 serveringsbrett med h\u00e5ndtak 2 tekopper med fat 2 skjeer 2 teposer 1 st\u00f8vsuger 1 sjokoladeball 1 serveringsfat til kakene 1 tekanne med lokk 1melkekanne 1 sukkersk\u00e5l med [&hellip;]","og_url":"https:\/\/babylove.se\/no\/produkt\/jabadabado-teset-afternoon-tea\/","og_site_name":"Babylove Norska","article_modified_time":"2026-04-08T10:31:29+00:00","og_image":[{"width":700,"height":700,"url":"https:\/\/babylove.se\/no\/wp-content\/uploads\/sites\/3\/2025\/07\/61603ebda37fd.jpeg","type":"image\/jpeg"}],"twitter_card":"summary_large_image","twitter_misc":{"Price":"349,00&nbsp;&#107;&#114;","Availability":"Out of stock"},"schema":{"@context":"https:\/\/schema.org","@graph":[{"@type":"WebPage","@id":"https:\/\/babylove.se\/no\/produkt\/jabadabado-teset-afternoon-tea\/","url":"https:\/\/babylove.se\/no\/produkt\/jabadabado-teset-afternoon-tea\/","name":"Jabadabado, tesett Afternoon tea - Babylove Norska","isPartOf":{"@id":"https:\/\/babylove.se\/no\/#website"},"primaryImageOfPage":{"@id":"https:\/\/babylove.se\/no\/produkt\/jabadabado-teset-afternoon-tea\/#primaryimage"},"image":{"@id":"https:\/\/babylove.se\/no\/produkt\/jabadabado-teset-afternoon-tea\/#primaryimage"},"thumbnailUrl":"https:\/\/babylove.se\/no\/wp-content\/uploads\/sites\/3\/2025\/07\/61603ebda37fd.jpeg","datePublished":"2025-07-18T22:55:32+00:00","dateModified":"2026-04-08T10:31:29+00:00","breadcrumb":{"@id":"https:\/\/babylove.se\/no\/produkt\/jabadabado-teset-afternoon-tea\/#breadcrumb"},"inLanguage":"nb-NO","potentialAction":[{"@type":"ReadAction","target":["https:\/\/babylove.se\/no\/produkt\/jabadabado-teset-afternoon-tea\/"]}]},{"@type":"ImageObject","inLanguage":"nb-NO","@id":"https:\/\/babylove.se\/no\/produkt\/jabadabado-teset-afternoon-tea\/#primaryimage","url":"https:\/\/babylove.se\/no\/wp-content\/uploads\/sites\/3\/2025\/07\/61603ebda37fd.jpeg","contentUrl":"https:\/\/babylove.se\/no\/wp-content\/uploads\/sites\/3\/2025\/07\/61603ebda37fd.jpeg","width":700,"height":700},{"@type":"BreadcrumbList","@id":"https:\/\/babylove.se\/no\/produkt\/jabadabado-teset-afternoon-tea\/#breadcrumb","itemListElement":[{"@type":"ListItem","position":1,"name":"Hem","item":"https:\/\/babylove.se\/no\/"},{"@type":"ListItem","position":2,"name":"Butik","item":"https:\/\/babylove.se\/no\/butik\/"},{"@type":"ListItem","position":3,"name":"Jabadabado, tesett Afternoon tea"}]},{"@type":"WebSite","@id":"https:\/\/babylove.se\/no\/#website","url":"https:\/\/babylove.se\/no\/","name":"Babylove Norska","description":"","potentialAction":[{"@type":"SearchAction","target":{"@type":"EntryPoint","urlTemplate":"https:\/\/babylove.se\/no\/?s={search_term_string}"},"query-input":{"@type":"PropertyValueSpecification","valueRequired":true,"valueName":"search_term_string"}}],"inLanguage":"nb-NO"}]},"product_brand":"JaBaDaBaDo","product_price_amount":"349.00","product_price_currency":"SEK","og_availability":"out of stock","product_availability":"out of stock","product_retailer_item_id":"T257","product_condition":"new"},"_links":{"self":[{"href":"https:\/\/babylove.se\/no\/wp-json\/wp\/v2\/product\/28732","targetHints":{"allow":["GET"]}}],"collection":[{"href":"https:\/\/babylove.se\/no\/wp-json\/wp\/v2\/product"}],"about":[{"href":"https:\/\/babylove.se\/no\/wp-json\/wp\/v2\/types\/product"}],"replies":[{"embeddable":true,"href":"https:\/\/babylove.se\/no\/wp-json\/wp\/v2\/comments?post=28732"}],"wp:featuredmedia":[{"embeddable":true,"href":"https:\/\/babylove.se\/no\/wp-json\/wp\/v2\/media\/28734"}],"wp:attachment":[{"href":"https:\/\/babylove.se\/no\/wp-json\/wp\/v2\/media?parent=28732"}],"wp:term":[{"taxonomy":"product_brand","embeddable":true,"href":"https:\/\/babylove.se\/no\/wp-json\/wp\/v2\/product_brand?post=28732"},{"taxonomy":"product_cat","embeddable":true,"href":"https:\/\/babylove.se\/no\/wp-json\/wp\/v2\/product_cat?post=28732"},{"taxonomy":"product_tag","embeddable":true,"href":"https:\/\/babylove.se\/no\/wp-json\/wp\/v2\/product_tag?post=28732"}],"curies":[{"name":"wp","href":"https:\/\/api.w.org\/{rel}","templated":true}]}}