{"id":2878,"date":"2025-07-18T20:11:44","date_gmt":"2025-07-18T19:11:44","guid":{"rendered":"https:\/\/babylove.se\/produkt\/ljuslinga-silver-winter-35-ljusbollar-cottonlove\/"},"modified":"2026-04-08T07:54:54","modified_gmt":"2026-04-08T06:54:54","slug":"lysslynge-solv-winter-35-lyspaerer-cottonlove","status":"publish","type":"product","link":"https:\/\/babylove.se\/no\/produkt\/lysslynge-solv-winter-35-lyspaerer-cottonlove\/","title":{"rendered":"Lysslynge Silver Winter 35 lysp\u00e6rer, Cottonlove"},"content":{"rendered":"<p><strong>Lyskjede Silver Winter<\/strong>. En meget vakker lyskjede med totalt 35 baller. Den perfekte belysningen for ditt barneroms innredning.&nbsp;<\/p>\n<p>Lampene gir et behagelig og stemningsfullt lys og har flere bruksomr\u00e5der, alt fra nattlampe til dekorasjon ved fest. Du kan for eksempel legge lyskjeden rundt et speil, eller i en stor glassvase og du har enkelt skapt deg noe unikt. Bare fantasien setter grensene og du har masse muligheter med disse<span>&nbsp;<\/span>lysballene n\u00e5r det kommer til \u00e5 innrede barnerommet. Denne lyskjeden best\u00e5r av totalt 35 baller som finnes i utallige fargekombinasjoner og nyanser. &nbsp; &nbsp; &nbsp; &nbsp; &nbsp; &nbsp; &nbsp; &nbsp; &nbsp; &nbsp; &nbsp; &nbsp; &nbsp; &nbsp; &nbsp; &nbsp; &nbsp;&nbsp;<\/p>\n<p><strong>Fakta:<\/strong><\/p>\n<p>-Sett med 20 baller: &nbsp;140 cm med lamper &nbsp;og 150 cm fra kontakten frem til f\u00f8rste lampe.<\/p>\n<p>-Sett med 35 baller: &nbsp;250 cm med lamper &nbsp;og 150 cm fra kontakten frem til f\u00f8rste lampe.<\/p>\n<p>-14 cm mellom hver lampe&nbsp;<\/p>\n<p>&#8211; Gl\u00f8dep\u00e6rene kan byttes ut ved behov<\/p>\n<p>&nbsp;sett med 20 lysballer- 12 V, 80 mA, 20 \u00d7 0,96 W<\/p>\n<p>&nbsp;sett med 35 lysballer &#8211; 7 V, 100 mA, 35 \u00d7 0,7 W<\/p>\n<p><strong>Hver ball<\/strong>: \u00d8 6-7 cm&nbsp;<\/p>\n<p>Designer: <a href=\"https:\/\/babylove.se\/varumarken\/cottonlove\"><u>Cottonlove<\/u><\/a><\/p>\n","protected":false},"excerpt":{"rendered":"<p>Lyskjede Silver Winter. En meget vakker lyskjede med totalt 35 baller. Den perfekte belysningen for ditt barneroms innredning.&nbsp; Lampene gir et behagelig og stemningsfullt lys og har flere bruksomr\u00e5der, alt fra nattlampe til dekorasjon ved fest. Du kan for eksempel legge lyskjeden rundt et speil, eller i en stor glassvase og du har enkelt skapt [&hellip;]<\/p>\n","protected":false},"featured_media":2880,"comment_status":"closed","ping_status":"open","template":"","meta":{"_acf_changed":false},"product_brand":[164],"product_cat":[165,166,26,31],"product_tag":[],"class_list":{"0":"post-2878","1":"product","2":"type-product","3":"status-publish","4":"has-post-thumbnail","6":"product_brand-cottonlove","7":"product_cat-cottonlove","8":"product_cat-lyskuler","9":"product_cat-kjop-produkter-som-ikke-bare-er-for-gutter","10":"product_cat-lamper","12":"first","13":"outofstock","14":"taxable","15":"shipping-taxable","16":"purchasable","17":"product-type-simple"},"acf":[],"yoast_head":"<!-- This site is optimized with the Yoast SEO Premium plugin v25.8 (Yoast SEO v27.2) - https:\/\/yoast.com\/product\/yoast-seo-premium-wordpress\/ -->\n<title>Lysslynge Silver Winter 35 lysp\u00e6rer, Cottonlove - Babylove Norska<\/title>\n<meta name=\"robots\" content=\"noindex, follow, max-snippet:-1, max-image-preview:large, max-video-preview:-1\" \/>\n<meta property=\"og:locale\" content=\"nb_NO\" \/>\n<meta property=\"og:type\" content=\"article\" \/>\n<meta property=\"og:title\" content=\"Lysslynge Silver Winter 35 lysp\u00e6rer, Cottonlove\" \/>\n<meta property=\"og:description\" content=\"Lyskjede Silver Winter. En meget vakker lyskjede med totalt 35 baller. Den perfekte belysningen for ditt barneroms innredning.&nbsp; Lampene gir et behagelig og stemningsfullt lys og har flere bruksomr\u00e5der, alt fra nattlampe til dekorasjon ved fest. Du kan for eksempel legge lyskjeden rundt et speil, eller i en stor glassvase og du har enkelt skapt [&hellip;]\" \/>\n<meta property=\"og:url\" content=\"https:\/\/babylove.se\/no\/produkt\/lysslynge-solv-winter-35-lyspaerer-cottonlove\/\" \/>\n<meta property=\"og:site_name\" content=\"Babylove Norska\" \/>\n<meta property=\"article:modified_time\" content=\"2026-04-08T06:54:54+00:00\" \/>\n<meta property=\"og:image\" content=\"https:\/\/babylove.se\/no\/wp-content\/uploads\/sites\/3\/2025\/07\/552-149389576259.jpeg\" \/>\n\t<meta property=\"og:image:width\" content=\"750\" \/>\n\t<meta property=\"og:image:height\" content=\"500\" \/>\n\t<meta property=\"og:image:type\" content=\"image\/jpeg\" \/>\n<meta name=\"twitter:card\" content=\"summary_large_image\" \/>\n<meta name=\"twitter:label1\" content=\"Price\" \/>\n\t<meta name=\"twitter:data1\" content=\"399,00&nbsp;&#107;&#114;\" \/>\n\t<meta name=\"twitter:label2\" content=\"Availability\" \/>\n\t<meta name=\"twitter:data2\" content=\"Out of stock\" \/>\n<script type=\"application\/ld+json\" class=\"yoast-schema-graph\">{\"@context\":\"https:\/\/schema.org\",\"@graph\":[{\"@type\":\"WebPage\",\"@id\":\"https:\/\/babylove.se\/no\/produkt\/lysslynge-solv-winter-35-lyspaerer-cottonlove\/\",\"url\":\"https:\/\/babylove.se\/no\/produkt\/lysslynge-solv-winter-35-lyspaerer-cottonlove\/\",\"name\":\"Lysslynge Silver Winter 35 lysp\u00e6rer, Cottonlove - Babylove Norska\",\"isPartOf\":{\"@id\":\"https:\/\/babylove.se\/no\/#website\"},\"primaryImageOfPage\":{\"@id\":\"https:\/\/babylove.se\/no\/produkt\/lysslynge-solv-winter-35-lyspaerer-cottonlove\/#primaryimage\"},\"image\":{\"@id\":\"https:\/\/babylove.se\/no\/produkt\/lysslynge-solv-winter-35-lyspaerer-cottonlove\/#primaryimage\"},\"thumbnailUrl\":\"https:\/\/babylove.se\/no\/wp-content\/uploads\/sites\/3\/2025\/07\/552-149389576259.jpeg\",\"datePublished\":\"2025-07-18T19:11:44+00:00\",\"dateModified\":\"2026-04-08T06:54:54+00:00\",\"breadcrumb\":{\"@id\":\"https:\/\/babylove.se\/no\/produkt\/lysslynge-solv-winter-35-lyspaerer-cottonlove\/#breadcrumb\"},\"inLanguage\":\"nb-NO\",\"potentialAction\":[{\"@type\":\"ReadAction\",\"target\":[\"https:\/\/babylove.se\/no\/produkt\/lysslynge-solv-winter-35-lyspaerer-cottonlove\/\"]}]},{\"@type\":\"ImageObject\",\"inLanguage\":\"nb-NO\",\"@id\":\"https:\/\/babylove.se\/no\/produkt\/lysslynge-solv-winter-35-lyspaerer-cottonlove\/#primaryimage\",\"url\":\"https:\/\/babylove.se\/no\/wp-content\/uploads\/sites\/3\/2025\/07\/552-149389576259.jpeg\",\"contentUrl\":\"https:\/\/babylove.se\/no\/wp-content\/uploads\/sites\/3\/2025\/07\/552-149389576259.jpeg\",\"width\":750,\"height\":500},{\"@type\":\"BreadcrumbList\",\"@id\":\"https:\/\/babylove.se\/no\/produkt\/lysslynge-solv-winter-35-lyspaerer-cottonlove\/#breadcrumb\",\"itemListElement\":[{\"@type\":\"ListItem\",\"position\":1,\"name\":\"Hem\",\"item\":\"https:\/\/babylove.se\/no\/\"},{\"@type\":\"ListItem\",\"position\":2,\"name\":\"Butik\",\"item\":\"https:\/\/babylove.se\/no\/butik\/\"},{\"@type\":\"ListItem\",\"position\":3,\"name\":\"Lysslynge Silver Winter 35 lysp\u00e6rer, Cottonlove\"}]},{\"@type\":\"WebSite\",\"@id\":\"https:\/\/babylove.se\/no\/#website\",\"url\":\"https:\/\/babylove.se\/no\/\",\"name\":\"Babylove Norska\",\"description\":\"\",\"potentialAction\":[{\"@type\":\"SearchAction\",\"target\":{\"@type\":\"EntryPoint\",\"urlTemplate\":\"https:\/\/babylove.se\/no\/?s={search_term_string}\"},\"query-input\":{\"@type\":\"PropertyValueSpecification\",\"valueRequired\":true,\"valueName\":\"search_term_string\"}}],\"inLanguage\":\"nb-NO\"}]}<\/script>\n<meta property=\"product:brand\" content=\"Cottonlove\" \/>\n<meta property=\"product:price:amount\" content=\"399.00\" \/>\n<meta property=\"product:price:currency\" content=\"SEK\" \/>\n<meta property=\"og:availability\" content=\"out of stock\" \/>\n<meta property=\"product:availability\" content=\"out of stock\" \/>\n<meta property=\"product:retailer_item_id\" content=\"1054\" \/>\n<meta property=\"product:condition\" content=\"new\" \/>\n<!-- \/ Yoast SEO Premium plugin. -->","yoast_head_json":{"title":"Lysslynge Silver Winter 35 lysp\u00e6rer, Cottonlove - Babylove Norska","robots":{"index":"noindex","follow":"follow","max-snippet":"max-snippet:-1","max-image-preview":"max-image-preview:large","max-video-preview":"max-video-preview:-1"},"og_locale":"nb_NO","og_type":"article","og_title":"Lysslynge Silver Winter 35 lysp\u00e6rer, Cottonlove","og_description":"Lyskjede Silver Winter. En meget vakker lyskjede med totalt 35 baller. Den perfekte belysningen for ditt barneroms innredning.&nbsp; Lampene gir et behagelig og stemningsfullt lys og har flere bruksomr\u00e5der, alt fra nattlampe til dekorasjon ved fest. Du kan for eksempel legge lyskjeden rundt et speil, eller i en stor glassvase og du har enkelt skapt [&hellip;]","og_url":"https:\/\/babylove.se\/no\/produkt\/lysslynge-solv-winter-35-lyspaerer-cottonlove\/","og_site_name":"Babylove Norska","article_modified_time":"2026-04-08T06:54:54+00:00","og_image":[{"width":750,"height":500,"url":"https:\/\/babylove.se\/no\/wp-content\/uploads\/sites\/3\/2025\/07\/552-149389576259.jpeg","type":"image\/jpeg"}],"twitter_card":"summary_large_image","twitter_misc":{"Price":"399,00&nbsp;&#107;&#114;","Availability":"Out of stock"},"schema":{"@context":"https:\/\/schema.org","@graph":[{"@type":"WebPage","@id":"https:\/\/babylove.se\/no\/produkt\/lysslynge-solv-winter-35-lyspaerer-cottonlove\/","url":"https:\/\/babylove.se\/no\/produkt\/lysslynge-solv-winter-35-lyspaerer-cottonlove\/","name":"Lysslynge Silver Winter 35 lysp\u00e6rer, Cottonlove - Babylove Norska","isPartOf":{"@id":"https:\/\/babylove.se\/no\/#website"},"primaryImageOfPage":{"@id":"https:\/\/babylove.se\/no\/produkt\/lysslynge-solv-winter-35-lyspaerer-cottonlove\/#primaryimage"},"image":{"@id":"https:\/\/babylove.se\/no\/produkt\/lysslynge-solv-winter-35-lyspaerer-cottonlove\/#primaryimage"},"thumbnailUrl":"https:\/\/babylove.se\/no\/wp-content\/uploads\/sites\/3\/2025\/07\/552-149389576259.jpeg","datePublished":"2025-07-18T19:11:44+00:00","dateModified":"2026-04-08T06:54:54+00:00","breadcrumb":{"@id":"https:\/\/babylove.se\/no\/produkt\/lysslynge-solv-winter-35-lyspaerer-cottonlove\/#breadcrumb"},"inLanguage":"nb-NO","potentialAction":[{"@type":"ReadAction","target":["https:\/\/babylove.se\/no\/produkt\/lysslynge-solv-winter-35-lyspaerer-cottonlove\/"]}]},{"@type":"ImageObject","inLanguage":"nb-NO","@id":"https:\/\/babylove.se\/no\/produkt\/lysslynge-solv-winter-35-lyspaerer-cottonlove\/#primaryimage","url":"https:\/\/babylove.se\/no\/wp-content\/uploads\/sites\/3\/2025\/07\/552-149389576259.jpeg","contentUrl":"https:\/\/babylove.se\/no\/wp-content\/uploads\/sites\/3\/2025\/07\/552-149389576259.jpeg","width":750,"height":500},{"@type":"BreadcrumbList","@id":"https:\/\/babylove.se\/no\/produkt\/lysslynge-solv-winter-35-lyspaerer-cottonlove\/#breadcrumb","itemListElement":[{"@type":"ListItem","position":1,"name":"Hem","item":"https:\/\/babylove.se\/no\/"},{"@type":"ListItem","position":2,"name":"Butik","item":"https:\/\/babylove.se\/no\/butik\/"},{"@type":"ListItem","position":3,"name":"Lysslynge Silver Winter 35 lysp\u00e6rer, Cottonlove"}]},{"@type":"WebSite","@id":"https:\/\/babylove.se\/no\/#website","url":"https:\/\/babylove.se\/no\/","name":"Babylove Norska","description":"","potentialAction":[{"@type":"SearchAction","target":{"@type":"EntryPoint","urlTemplate":"https:\/\/babylove.se\/no\/?s={search_term_string}"},"query-input":{"@type":"PropertyValueSpecification","valueRequired":true,"valueName":"search_term_string"}}],"inLanguage":"nb-NO"}]},"product_brand":"Cottonlove","product_price_amount":"399.00","product_price_currency":"SEK","og_availability":"out of stock","product_availability":"out of stock","product_retailer_item_id":"1054","product_condition":"new"},"_links":{"self":[{"href":"https:\/\/babylove.se\/no\/wp-json\/wp\/v2\/product\/2878","targetHints":{"allow":["GET"]}}],"collection":[{"href":"https:\/\/babylove.se\/no\/wp-json\/wp\/v2\/product"}],"about":[{"href":"https:\/\/babylove.se\/no\/wp-json\/wp\/v2\/types\/product"}],"replies":[{"embeddable":true,"href":"https:\/\/babylove.se\/no\/wp-json\/wp\/v2\/comments?post=2878"}],"wp:featuredmedia":[{"embeddable":true,"href":"https:\/\/babylove.se\/no\/wp-json\/wp\/v2\/media\/2880"}],"wp:attachment":[{"href":"https:\/\/babylove.se\/no\/wp-json\/wp\/v2\/media?parent=2878"}],"wp:term":[{"taxonomy":"product_brand","embeddable":true,"href":"https:\/\/babylove.se\/no\/wp-json\/wp\/v2\/product_brand?post=2878"},{"taxonomy":"product_cat","embeddable":true,"href":"https:\/\/babylove.se\/no\/wp-json\/wp\/v2\/product_cat?post=2878"},{"taxonomy":"product_tag","embeddable":true,"href":"https:\/\/babylove.se\/no\/wp-json\/wp\/v2\/product_tag?post=2878"}],"curies":[{"name":"wp","href":"https:\/\/api.w.org\/{rel}","templated":true}]}}