{"id":28808,"date":"2025-07-18T23:57:04","date_gmt":"2025-07-18T22:57:04","guid":{"rendered":"https:\/\/babylove.se\/produkt\/hangare-krokbrada-rabbit\/"},"modified":"2026-05-11T13:00:30","modified_gmt":"2026-05-11T12:00:30","slug":"hangarer-krokskjegg-kanin","status":"publish","type":"product","link":"https:\/\/babylove.se\/no\/produkt\/hangarer-krokskjegg-kanin\/","title":{"rendered":"Henger krok, rabbit"},"content":{"rendered":"<p>En vakker enkelkrok i form av en kanin <span style=\"background-color: initial; text-align: initial;\">som b\u00e5de du og barnet ditt kommer til \u00e5 elske<\/span><span style=\"background-color: initial; text-align: initial;\">.&nbsp;<\/span><\/p>\n<p>Kroken fungerer ogs\u00e5 som kleshenger og blir en fin detalj i barnerommets innredning. Du kan selvf\u00f8lgelig bruke den ogs\u00e5 p\u00e5 badet eller hvorfor ikke som en egen krok i gangen for barnet ditt. Du kan enkelt bestemme h\u00f8yden selv, slik at den passer st\u00f8rrelsen p\u00e5 barnet ditt og at det selv kan henge opp eller ta ned ting fra kroken uten problemer.<\/p>\n<p><strong>M\u00e5l<\/strong>: 30&#215;12,5 cm<\/p>\n<p><strong>Materiale<\/strong>: Tre<\/p>\n","protected":false},"excerpt":{"rendered":"<p>En vakker enkelkrok i form av en kanin som b\u00e5de du og barnet ditt kommer til \u00e5 elske.&nbsp; Kroken fungerer ogs\u00e5 som kleshenger og blir en fin detalj i barnerommets innredning. Du kan selvf\u00f8lgelig bruke den ogs\u00e5 p\u00e5 badet eller hvorfor ikke som en egen krok i gangen for barnet ditt. Du kan enkelt bestemme [&hellip;]<\/p>\n","protected":false},"featured_media":28810,"comment_status":"closed","ping_status":"open","template":"","meta":{"_acf_changed":false},"product_brand":[972],"product_cat":[973,94],"product_tag":[],"class_list":{"0":"post-28808","1":"product","2":"type-product","3":"status-publish","4":"has-post-thumbnail","6":"product_brand-atmosphera","7":"product_cat-atmosphera","8":"product_cat-vegghengeere","10":"first","11":"outofstock","12":"taxable","13":"shipping-taxable","14":"purchasable","15":"product-type-simple"},"acf":[],"yoast_head":"<!-- This site is optimized with the Yoast SEO Premium plugin v25.8 (Yoast SEO v27.2) - https:\/\/yoast.com\/product\/yoast-seo-premium-wordpress\/ -->\n<title>Henger krok, rabbit - Babylove Norska<\/title>\n<meta name=\"robots\" content=\"noindex, follow, max-snippet:-1, max-image-preview:large, max-video-preview:-1\" \/>\n<meta property=\"og:locale\" content=\"nb_NO\" \/>\n<meta property=\"og:type\" content=\"article\" \/>\n<meta property=\"og:title\" content=\"Henger krok, rabbit\" \/>\n<meta property=\"og:description\" content=\"En vakker enkelkrok i form av en kanin som b\u00e5de du og barnet ditt kommer til \u00e5 elske.&nbsp; Kroken fungerer ogs\u00e5 som kleshenger og blir en fin detalj i barnerommets innredning. Du kan selvf\u00f8lgelig bruke den ogs\u00e5 p\u00e5 badet eller hvorfor ikke som en egen krok i gangen for barnet ditt. Du kan enkelt bestemme [&hellip;]\" \/>\n<meta property=\"og:url\" content=\"https:\/\/babylove.se\/no\/produkt\/hangarer-krokskjegg-kanin\/\" \/>\n<meta property=\"og:site_name\" content=\"Babylove Norska\" \/>\n<meta property=\"article:modified_time\" content=\"2026-05-11T12:00:30+00:00\" \/>\n<meta property=\"og:image\" content=\"https:\/\/babylove.se\/no\/wp-content\/uploads\/sites\/3\/2025\/07\/61657df28b05b.jpeg\" \/>\n\t<meta property=\"og:image:width\" content=\"1000\" \/>\n\t<meta property=\"og:image:height\" content=\"1000\" \/>\n\t<meta property=\"og:image:type\" content=\"image\/jpeg\" \/>\n<meta name=\"twitter:card\" content=\"summary_large_image\" \/>\n<meta name=\"twitter:label1\" content=\"Price\" \/>\n\t<meta name=\"twitter:data1\" content=\"223,00&nbsp;&#107;&#114;\" \/>\n\t<meta name=\"twitter:label2\" content=\"Availability\" \/>\n\t<meta name=\"twitter:data2\" content=\"Out of stock\" \/>\n<script type=\"application\/ld+json\" class=\"yoast-schema-graph\">{\"@context\":\"https:\/\/schema.org\",\"@graph\":[{\"@type\":\"WebPage\",\"@id\":\"https:\/\/babylove.se\/no\/produkt\/hangarer-krokskjegg-kanin\/\",\"url\":\"https:\/\/babylove.se\/no\/produkt\/hangarer-krokskjegg-kanin\/\",\"name\":\"Henger krok, rabbit - Babylove Norska\",\"isPartOf\":{\"@id\":\"https:\/\/babylove.se\/no\/#website\"},\"primaryImageOfPage\":{\"@id\":\"https:\/\/babylove.se\/no\/produkt\/hangarer-krokskjegg-kanin\/#primaryimage\"},\"image\":{\"@id\":\"https:\/\/babylove.se\/no\/produkt\/hangarer-krokskjegg-kanin\/#primaryimage\"},\"thumbnailUrl\":\"https:\/\/babylove.se\/no\/wp-content\/uploads\/sites\/3\/2025\/07\/61657df28b05b.jpeg\",\"datePublished\":\"2025-07-18T22:57:04+00:00\",\"dateModified\":\"2026-05-11T12:00:30+00:00\",\"breadcrumb\":{\"@id\":\"https:\/\/babylove.se\/no\/produkt\/hangarer-krokskjegg-kanin\/#breadcrumb\"},\"inLanguage\":\"nb-NO\",\"potentialAction\":[{\"@type\":\"ReadAction\",\"target\":[\"https:\/\/babylove.se\/no\/produkt\/hangarer-krokskjegg-kanin\/\"]}]},{\"@type\":\"ImageObject\",\"inLanguage\":\"nb-NO\",\"@id\":\"https:\/\/babylove.se\/no\/produkt\/hangarer-krokskjegg-kanin\/#primaryimage\",\"url\":\"https:\/\/babylove.se\/no\/wp-content\/uploads\/sites\/3\/2025\/07\/61657df28b05b.jpeg\",\"contentUrl\":\"https:\/\/babylove.se\/no\/wp-content\/uploads\/sites\/3\/2025\/07\/61657df28b05b.jpeg\",\"width\":1000,\"height\":1000},{\"@type\":\"BreadcrumbList\",\"@id\":\"https:\/\/babylove.se\/no\/produkt\/hangarer-krokskjegg-kanin\/#breadcrumb\",\"itemListElement\":[{\"@type\":\"ListItem\",\"position\":1,\"name\":\"Hem\",\"item\":\"https:\/\/babylove.se\/no\/\"},{\"@type\":\"ListItem\",\"position\":2,\"name\":\"Butik\",\"item\":\"https:\/\/babylove.se\/no\/butik\/\"},{\"@type\":\"ListItem\",\"position\":3,\"name\":\"Henger krok, rabbit\"}]},{\"@type\":\"WebSite\",\"@id\":\"https:\/\/babylove.se\/no\/#website\",\"url\":\"https:\/\/babylove.se\/no\/\",\"name\":\"Babylove Norska\",\"description\":\"\",\"potentialAction\":[{\"@type\":\"SearchAction\",\"target\":{\"@type\":\"EntryPoint\",\"urlTemplate\":\"https:\/\/babylove.se\/no\/?s={search_term_string}\"},\"query-input\":{\"@type\":\"PropertyValueSpecification\",\"valueRequired\":true,\"valueName\":\"search_term_string\"}}],\"inLanguage\":\"nb-NO\"}]}<\/script>\n<meta property=\"product:brand\" content=\"Atmosphera\" \/>\n<meta property=\"product:price:amount\" content=\"223.00\" \/>\n<meta property=\"product:price:currency\" content=\"NOK\" \/>\n<meta property=\"og:availability\" content=\"out of stock\" \/>\n<meta property=\"product:availability\" content=\"out of stock\" \/>\n<meta property=\"product:retailer_item_id\" content=\"158580-A\" \/>\n<meta property=\"product:condition\" content=\"new\" \/>\n<!-- \/ Yoast SEO Premium plugin. -->","yoast_head_json":{"title":"Henger krok, rabbit - Babylove Norska","robots":{"index":"noindex","follow":"follow","max-snippet":"max-snippet:-1","max-image-preview":"max-image-preview:large","max-video-preview":"max-video-preview:-1"},"og_locale":"nb_NO","og_type":"article","og_title":"Henger krok, rabbit","og_description":"En vakker enkelkrok i form av en kanin som b\u00e5de du og barnet ditt kommer til \u00e5 elske.&nbsp; Kroken fungerer ogs\u00e5 som kleshenger og blir en fin detalj i barnerommets innredning. Du kan selvf\u00f8lgelig bruke den ogs\u00e5 p\u00e5 badet eller hvorfor ikke som en egen krok i gangen for barnet ditt. Du kan enkelt bestemme [&hellip;]","og_url":"https:\/\/babylove.se\/no\/produkt\/hangarer-krokskjegg-kanin\/","og_site_name":"Babylove Norska","article_modified_time":"2026-05-11T12:00:30+00:00","og_image":[{"width":1000,"height":1000,"url":"https:\/\/babylove.se\/no\/wp-content\/uploads\/sites\/3\/2025\/07\/61657df28b05b.jpeg","type":"image\/jpeg"}],"twitter_card":"summary_large_image","twitter_misc":{"Price":"223,00&nbsp;&#107;&#114;","Availability":"Out of stock"},"schema":{"@context":"https:\/\/schema.org","@graph":[{"@type":"WebPage","@id":"https:\/\/babylove.se\/no\/produkt\/hangarer-krokskjegg-kanin\/","url":"https:\/\/babylove.se\/no\/produkt\/hangarer-krokskjegg-kanin\/","name":"Henger krok, rabbit - Babylove Norska","isPartOf":{"@id":"https:\/\/babylove.se\/no\/#website"},"primaryImageOfPage":{"@id":"https:\/\/babylove.se\/no\/produkt\/hangarer-krokskjegg-kanin\/#primaryimage"},"image":{"@id":"https:\/\/babylove.se\/no\/produkt\/hangarer-krokskjegg-kanin\/#primaryimage"},"thumbnailUrl":"https:\/\/babylove.se\/no\/wp-content\/uploads\/sites\/3\/2025\/07\/61657df28b05b.jpeg","datePublished":"2025-07-18T22:57:04+00:00","dateModified":"2026-05-11T12:00:30+00:00","breadcrumb":{"@id":"https:\/\/babylove.se\/no\/produkt\/hangarer-krokskjegg-kanin\/#breadcrumb"},"inLanguage":"nb-NO","potentialAction":[{"@type":"ReadAction","target":["https:\/\/babylove.se\/no\/produkt\/hangarer-krokskjegg-kanin\/"]}]},{"@type":"ImageObject","inLanguage":"nb-NO","@id":"https:\/\/babylove.se\/no\/produkt\/hangarer-krokskjegg-kanin\/#primaryimage","url":"https:\/\/babylove.se\/no\/wp-content\/uploads\/sites\/3\/2025\/07\/61657df28b05b.jpeg","contentUrl":"https:\/\/babylove.se\/no\/wp-content\/uploads\/sites\/3\/2025\/07\/61657df28b05b.jpeg","width":1000,"height":1000},{"@type":"BreadcrumbList","@id":"https:\/\/babylove.se\/no\/produkt\/hangarer-krokskjegg-kanin\/#breadcrumb","itemListElement":[{"@type":"ListItem","position":1,"name":"Hem","item":"https:\/\/babylove.se\/no\/"},{"@type":"ListItem","position":2,"name":"Butik","item":"https:\/\/babylove.se\/no\/butik\/"},{"@type":"ListItem","position":3,"name":"Henger krok, rabbit"}]},{"@type":"WebSite","@id":"https:\/\/babylove.se\/no\/#website","url":"https:\/\/babylove.se\/no\/","name":"Babylove Norska","description":"","potentialAction":[{"@type":"SearchAction","target":{"@type":"EntryPoint","urlTemplate":"https:\/\/babylove.se\/no\/?s={search_term_string}"},"query-input":{"@type":"PropertyValueSpecification","valueRequired":true,"valueName":"search_term_string"}}],"inLanguage":"nb-NO"}]},"product_brand":"Atmosphera","product_price_amount":"223.00","product_price_currency":"NOK","og_availability":"out of stock","product_availability":"out of stock","product_retailer_item_id":"158580-A","product_condition":"new"},"_links":{"self":[{"href":"https:\/\/babylove.se\/no\/wp-json\/wp\/v2\/product\/28808","targetHints":{"allow":["GET"]}}],"collection":[{"href":"https:\/\/babylove.se\/no\/wp-json\/wp\/v2\/product"}],"about":[{"href":"https:\/\/babylove.se\/no\/wp-json\/wp\/v2\/types\/product"}],"replies":[{"embeddable":true,"href":"https:\/\/babylove.se\/no\/wp-json\/wp\/v2\/comments?post=28808"}],"wp:featuredmedia":[{"embeddable":true,"href":"https:\/\/babylove.se\/no\/wp-json\/wp\/v2\/media\/28810"}],"wp:attachment":[{"href":"https:\/\/babylove.se\/no\/wp-json\/wp\/v2\/media?parent=28808"}],"wp:term":[{"taxonomy":"product_brand","embeddable":true,"href":"https:\/\/babylove.se\/no\/wp-json\/wp\/v2\/product_brand?post=28808"},{"taxonomy":"product_cat","embeddable":true,"href":"https:\/\/babylove.se\/no\/wp-json\/wp\/v2\/product_cat?post=28808"},{"taxonomy":"product_tag","embeddable":true,"href":"https:\/\/babylove.se\/no\/wp-json\/wp\/v2\/product_tag?post=28808"}],"curies":[{"name":"wp","href":"https:\/\/api.w.org\/{rel}","templated":true}]}}