{"id":2882,"date":"2025-07-18T20:11:44","date_gmt":"2025-07-18T19:11:44","guid":{"rendered":"https:\/\/babylove.se\/produkt\/mint-gunga-glamour\/"},"modified":"2026-04-08T07:54:57","modified_gmt":"2026-04-08T06:54:57","slug":"mint-huske-glamour","status":"publish","type":"product","link":"https:\/\/babylove.se\/no\/produkt\/mint-huske-glamour\/","title":{"rendered":"Mint gyngestol Glamour"},"content":{"rendered":"<p>Denne vakre barnehusken er et utrolig vakkert m\u00f8bel som bidrar enormt til en god f\u00f8lelse n\u00e5r du skal innrede barnerommet, terrassen eller gj\u00f8re noe spesielt p\u00e5 verandaen. Husken er bygget i en tidl\u00f8s form og vil gi deg glede uansett \u00e5rstid eller v\u00e6r. Tauene er tykke, og barnet sitter komfortabelt p\u00e5 det myke setet. Med sitt unike utseende vil denne husken bli en favorittdetalj i deres hjem. I utvalget finnes ogs\u00e5 husker tilpasset de aller minste barna.&nbsp;<\/p>\n<p>Samtlige husker er 100 % h\u00e5ndlaget av personer som legger mye tid og engasjement i byggingen. De vil derfor alltid ha sitt eget unike utseende, to husker er aldri eksakte kopier av hverandre. Setet er kledd i fl\u00f8yel.&nbsp;<\/p>\n<p><strong>St\u00f8rrelse:<\/strong><\/p>\n<p>*Tauet passer til rommets h\u00f8yde p\u00e5 cirka 250-260 cm&nbsp;<\/p>\n<p>*Setets st\u00f8rrelse er 25 x 60 cm.&nbsp;<\/p>\n<p>*Til produktet medf\u00f8lger to skikkelige karabinkroker som du enkelt fester p\u00e5 kroker som du selv henger opp i taket. Krokene medf\u00f8lger ikke, s\u00e5 s\u00f8rg for \u00e5 skaffe et par skikkelige som t\u00e5ler mye vekt.<\/p>\n<p>*Maks. vekt 140 kg<\/p>\n<p><strong>Fargen&nbsp;<\/strong>er mint (men kan f\u00e5s i gr\u00e5, creme, dusty pink eller pudderrosa)<\/p>\n<p>Advarsel: barnet b\u00f8r aldri forlates alene uten oppsyn i husken, ikke engang for et \u00f8yeblikk !!!<\/p>\n","protected":false},"excerpt":{"rendered":"<p>Denne vakre barnehusken er et utrolig vakkert m\u00f8bel som bidrar enormt til en god f\u00f8lelse n\u00e5r du skal innrede barnerommet, terrassen eller gj\u00f8re noe spesielt p\u00e5 verandaen. Husken er bygget i en tidl\u00f8s form og vil gi deg glede uansett \u00e5rstid eller v\u00e6r. Tauene er tykke, og barnet sitter komfortabelt p\u00e5 det myke setet. Med [&hellip;]<\/p>\n","protected":false},"featured_media":2884,"comment_status":"closed","ping_status":"open","template":"","meta":{"_acf_changed":false},"product_brand":[152],"product_cat":[70,154,153,26,155],"product_tag":[],"class_list":{"0":"post-2882","1":"product","2":"type-product","3":"status-publish","4":"has-post-thumbnail","6":"product_brand-zuzu-la","7":"product_cat-gaver","8":"product_cat-eksklusive-gynger-av-floyel-til-barnerommet-babylov","9":"product_cat-gungor","10":"product_cat-kjop-produkter-som-ikke-bare-er-for-gutter","11":"product_cat-zuzu-la","13":"first","14":"outofstock","15":"taxable","16":"shipping-taxable","17":"purchasable","18":"product-type-simple"},"acf":[],"yoast_head":"<!-- This site is optimized with the Yoast SEO Premium plugin v25.8 (Yoast SEO v27.2) - https:\/\/yoast.com\/product\/yoast-seo-premium-wordpress\/ -->\n<title>Mint glamour gunga - K\u00f6p direkt online<\/title>\n<meta name=\"description\" content=\"Denna vackra barngunga \u00e4r en vacker m\u00f6bel som bidrar enormt till en bra k\u00e4nsla n\u00e4r du ska inreda hemma - 14 dagars \u00f6ppet k\u00f6p - Fri frakt \u00f6ver 999 kr\" \/>\n<meta name=\"robots\" content=\"noindex, follow, max-snippet:-1, max-image-preview:large, max-video-preview:-1\" \/>\n<meta property=\"og:locale\" content=\"nb_NO\" \/>\n<meta property=\"og:type\" content=\"article\" \/>\n<meta property=\"og:title\" content=\"Mint gyngestol Glamour\" \/>\n<meta property=\"og:description\" content=\"Denna vackra barngunga \u00e4r en vacker m\u00f6bel som bidrar enormt till en bra k\u00e4nsla n\u00e4r du ska inreda hemma - 14 dagars \u00f6ppet k\u00f6p - Fri frakt \u00f6ver 999 kr\" \/>\n<meta property=\"og:url\" content=\"https:\/\/babylove.se\/no\/produkt\/mint-huske-glamour\/\" \/>\n<meta property=\"og:site_name\" content=\"Babylove Norska\" \/>\n<meta property=\"article:modified_time\" content=\"2026-04-08T06:54:57+00:00\" \/>\n<meta property=\"og:image\" content=\"https:\/\/babylove.se\/no\/wp-content\/uploads\/sites\/3\/2025\/07\/603e8d231b1f8.png\" \/>\n\t<meta property=\"og:image:width\" content=\"528\" \/>\n\t<meta property=\"og:image:height\" content=\"750\" \/>\n\t<meta property=\"og:image:type\" content=\"image\/png\" \/>\n<meta name=\"twitter:card\" content=\"summary_large_image\" \/>\n<meta name=\"twitter:label1\" content=\"Price\" \/>\n\t<meta name=\"twitter:data1\" content=\"1 699,00&nbsp;&#107;&#114;\" \/>\n\t<meta name=\"twitter:label2\" content=\"Availability\" \/>\n\t<meta name=\"twitter:data2\" content=\"Out of stock\" \/>\n<script type=\"application\/ld+json\" class=\"yoast-schema-graph\">{\"@context\":\"https:\/\/schema.org\",\"@graph\":[{\"@type\":\"WebPage\",\"@id\":\"https:\/\/babylove.se\/no\/produkt\/mint-huske-glamour\/\",\"url\":\"https:\/\/babylove.se\/no\/produkt\/mint-huske-glamour\/\",\"name\":\"Mint glamour gunga - K\u00f6p direkt online\",\"isPartOf\":{\"@id\":\"https:\/\/babylove.se\/no\/#website\"},\"primaryImageOfPage\":{\"@id\":\"https:\/\/babylove.se\/no\/produkt\/mint-huske-glamour\/#primaryimage\"},\"image\":{\"@id\":\"https:\/\/babylove.se\/no\/produkt\/mint-huske-glamour\/#primaryimage\"},\"thumbnailUrl\":\"https:\/\/babylove.se\/no\/wp-content\/uploads\/sites\/3\/2025\/07\/603e8d231b1f8.png\",\"datePublished\":\"2025-07-18T19:11:44+00:00\",\"dateModified\":\"2026-04-08T06:54:57+00:00\",\"description\":\"Denna vackra barngunga \u00e4r en vacker m\u00f6bel som bidrar enormt till en bra k\u00e4nsla n\u00e4r du ska inreda hemma - 14 dagars \u00f6ppet k\u00f6p - Fri frakt \u00f6ver 999 kr\",\"breadcrumb\":{\"@id\":\"https:\/\/babylove.se\/no\/produkt\/mint-huske-glamour\/#breadcrumb\"},\"inLanguage\":\"nb-NO\",\"potentialAction\":[{\"@type\":\"ReadAction\",\"target\":[\"https:\/\/babylove.se\/no\/produkt\/mint-huske-glamour\/\"]}]},{\"@type\":\"ImageObject\",\"inLanguage\":\"nb-NO\",\"@id\":\"https:\/\/babylove.se\/no\/produkt\/mint-huske-glamour\/#primaryimage\",\"url\":\"https:\/\/babylove.se\/no\/wp-content\/uploads\/sites\/3\/2025\/07\/603e8d231b1f8.png\",\"contentUrl\":\"https:\/\/babylove.se\/no\/wp-content\/uploads\/sites\/3\/2025\/07\/603e8d231b1f8.png\",\"width\":528,\"height\":750},{\"@type\":\"BreadcrumbList\",\"@id\":\"https:\/\/babylove.se\/no\/produkt\/mint-huske-glamour\/#breadcrumb\",\"itemListElement\":[{\"@type\":\"ListItem\",\"position\":1,\"name\":\"Hem\",\"item\":\"https:\/\/babylove.se\/no\/\"},{\"@type\":\"ListItem\",\"position\":2,\"name\":\"Butik\",\"item\":\"https:\/\/babylove.se\/no\/butik\/\"},{\"@type\":\"ListItem\",\"position\":3,\"name\":\"Mint gyngestol Glamour\"}]},{\"@type\":\"WebSite\",\"@id\":\"https:\/\/babylove.se\/no\/#website\",\"url\":\"https:\/\/babylove.se\/no\/\",\"name\":\"Babylove Norska\",\"description\":\"\",\"potentialAction\":[{\"@type\":\"SearchAction\",\"target\":{\"@type\":\"EntryPoint\",\"urlTemplate\":\"https:\/\/babylove.se\/no\/?s={search_term_string}\"},\"query-input\":{\"@type\":\"PropertyValueSpecification\",\"valueRequired\":true,\"valueName\":\"search_term_string\"}}],\"inLanguage\":\"nb-NO\"}]}<\/script>\n<meta property=\"product:brand\" content=\"Zuzu-La\" \/>\n<meta property=\"product:price:amount\" content=\"1699.00\" \/>\n<meta property=\"product:price:currency\" content=\"SEK\" \/>\n<meta property=\"og:availability\" content=\"out of stock\" \/>\n<meta property=\"product:availability\" content=\"out of stock\" \/>\n<meta property=\"product:retailer_item_id\" content=\"ZZ00006996\" \/>\n<meta property=\"product:condition\" content=\"new\" \/>\n<!-- \/ Yoast SEO Premium plugin. -->","yoast_head_json":{"title":"Mint glamour gunga - K\u00f6p direkt online","description":"Denna vackra barngunga \u00e4r en vacker m\u00f6bel som bidrar enormt till en bra k\u00e4nsla n\u00e4r du ska inreda hemma - 14 dagars \u00f6ppet k\u00f6p - Fri frakt \u00f6ver 999 kr","robots":{"index":"noindex","follow":"follow","max-snippet":"max-snippet:-1","max-image-preview":"max-image-preview:large","max-video-preview":"max-video-preview:-1"},"og_locale":"nb_NO","og_type":"article","og_title":"Mint gyngestol Glamour","og_description":"Denna vackra barngunga \u00e4r en vacker m\u00f6bel som bidrar enormt till en bra k\u00e4nsla n\u00e4r du ska inreda hemma - 14 dagars \u00f6ppet k\u00f6p - Fri frakt \u00f6ver 999 kr","og_url":"https:\/\/babylove.se\/no\/produkt\/mint-huske-glamour\/","og_site_name":"Babylove Norska","article_modified_time":"2026-04-08T06:54:57+00:00","og_image":[{"width":528,"height":750,"url":"https:\/\/babylove.se\/no\/wp-content\/uploads\/sites\/3\/2025\/07\/603e8d231b1f8.png","type":"image\/png"}],"twitter_card":"summary_large_image","twitter_misc":{"Price":"1 699,00&nbsp;&#107;&#114;","Availability":"Out of stock"},"schema":{"@context":"https:\/\/schema.org","@graph":[{"@type":"WebPage","@id":"https:\/\/babylove.se\/no\/produkt\/mint-huske-glamour\/","url":"https:\/\/babylove.se\/no\/produkt\/mint-huske-glamour\/","name":"Mint glamour gunga - K\u00f6p direkt online","isPartOf":{"@id":"https:\/\/babylove.se\/no\/#website"},"primaryImageOfPage":{"@id":"https:\/\/babylove.se\/no\/produkt\/mint-huske-glamour\/#primaryimage"},"image":{"@id":"https:\/\/babylove.se\/no\/produkt\/mint-huske-glamour\/#primaryimage"},"thumbnailUrl":"https:\/\/babylove.se\/no\/wp-content\/uploads\/sites\/3\/2025\/07\/603e8d231b1f8.png","datePublished":"2025-07-18T19:11:44+00:00","dateModified":"2026-04-08T06:54:57+00:00","description":"Denna vackra barngunga \u00e4r en vacker m\u00f6bel som bidrar enormt till en bra k\u00e4nsla n\u00e4r du ska inreda hemma - 14 dagars \u00f6ppet k\u00f6p - Fri frakt \u00f6ver 999 kr","breadcrumb":{"@id":"https:\/\/babylove.se\/no\/produkt\/mint-huske-glamour\/#breadcrumb"},"inLanguage":"nb-NO","potentialAction":[{"@type":"ReadAction","target":["https:\/\/babylove.se\/no\/produkt\/mint-huske-glamour\/"]}]},{"@type":"ImageObject","inLanguage":"nb-NO","@id":"https:\/\/babylove.se\/no\/produkt\/mint-huske-glamour\/#primaryimage","url":"https:\/\/babylove.se\/no\/wp-content\/uploads\/sites\/3\/2025\/07\/603e8d231b1f8.png","contentUrl":"https:\/\/babylove.se\/no\/wp-content\/uploads\/sites\/3\/2025\/07\/603e8d231b1f8.png","width":528,"height":750},{"@type":"BreadcrumbList","@id":"https:\/\/babylove.se\/no\/produkt\/mint-huske-glamour\/#breadcrumb","itemListElement":[{"@type":"ListItem","position":1,"name":"Hem","item":"https:\/\/babylove.se\/no\/"},{"@type":"ListItem","position":2,"name":"Butik","item":"https:\/\/babylove.se\/no\/butik\/"},{"@type":"ListItem","position":3,"name":"Mint gyngestol Glamour"}]},{"@type":"WebSite","@id":"https:\/\/babylove.se\/no\/#website","url":"https:\/\/babylove.se\/no\/","name":"Babylove Norska","description":"","potentialAction":[{"@type":"SearchAction","target":{"@type":"EntryPoint","urlTemplate":"https:\/\/babylove.se\/no\/?s={search_term_string}"},"query-input":{"@type":"PropertyValueSpecification","valueRequired":true,"valueName":"search_term_string"}}],"inLanguage":"nb-NO"}]},"product_brand":"Zuzu-La","product_price_amount":"1699.00","product_price_currency":"SEK","og_availability":"out of stock","product_availability":"out of stock","product_retailer_item_id":"ZZ00006996","product_condition":"new"},"_links":{"self":[{"href":"https:\/\/babylove.se\/no\/wp-json\/wp\/v2\/product\/2882","targetHints":{"allow":["GET"]}}],"collection":[{"href":"https:\/\/babylove.se\/no\/wp-json\/wp\/v2\/product"}],"about":[{"href":"https:\/\/babylove.se\/no\/wp-json\/wp\/v2\/types\/product"}],"replies":[{"embeddable":true,"href":"https:\/\/babylove.se\/no\/wp-json\/wp\/v2\/comments?post=2882"}],"wp:featuredmedia":[{"embeddable":true,"href":"https:\/\/babylove.se\/no\/wp-json\/wp\/v2\/media\/2884"}],"wp:attachment":[{"href":"https:\/\/babylove.se\/no\/wp-json\/wp\/v2\/media?parent=2882"}],"wp:term":[{"taxonomy":"product_brand","embeddable":true,"href":"https:\/\/babylove.se\/no\/wp-json\/wp\/v2\/product_brand?post=2882"},{"taxonomy":"product_cat","embeddable":true,"href":"https:\/\/babylove.se\/no\/wp-json\/wp\/v2\/product_cat?post=2882"},{"taxonomy":"product_tag","embeddable":true,"href":"https:\/\/babylove.se\/no\/wp-json\/wp\/v2\/product_tag?post=2882"}],"curies":[{"name":"wp","href":"https:\/\/api.w.org\/{rel}","templated":true}]}}