{"id":28919,"date":"2025-07-18T23:57:57","date_gmt":"2025-07-18T22:57:57","guid":{"rendered":"https:\/\/babylove.se\/produkt\/hylla-i-rotting-medium-beige\/"},"modified":"2026-04-08T11:32:39","modified_gmt":"2026-04-08T10:32:39","slug":"hylle-i-rotting-medium-beige","status":"publish","type":"product","link":"https:\/\/babylove.se\/no\/produkt\/hylle-i-rotting-medium-beige\/","title":{"rendered":"Hylle i rotting, medium beige"},"content":{"rendered":"<p>Vi mangler ord for denne flotte hyllen i rotting! Plasser alle barnets favorittting eller hvorfor ikke sette favorittbamsen p\u00e5 beste plass? Du henger enkelt opp denne hyllen p\u00e5 veggen.<\/p>\n<p>Utrolig detaljrik m\u00f8bel som vil bidra mye til barnerominnredningen din. Hyllen passer utmerket sammen med andre m\u00f8bler fra samme serie.<\/p>\n<p><strong>M\u00e5l<\/strong>: 57 x 23 x 24<span>&nbsp;cm<\/span><br \/><span><strong>Materiale<\/strong>: Rotting<\/span><\/p>\n","protected":false},"excerpt":{"rendered":"<p>Vi mangler ord for denne flotte hyllen i rotting! Plasser alle barnets favorittting eller hvorfor ikke sette favorittbamsen p\u00e5 beste plass? Du henger enkelt opp denne hyllen p\u00e5 veggen. Utrolig detaljrik m\u00f8bel som vil bidra mye til barnerominnredningen din. Hyllen passer utmerket sammen med andre m\u00f8bler fra samme serie. M\u00e5l: 57 x 23 x 24&nbsp;cmMateriale: [&hellip;]<\/p>\n","protected":false},"featured_media":28921,"comment_status":"closed","ping_status":"open","template":"","meta":{"_acf_changed":false},"product_brand":[972],"product_cat":[973,87,125,43],"product_tag":[],"class_list":{"0":"post-28919","1":"product","2":"type-product","3":"status-publish","4":"has-post-thumbnail","6":"product_brand-atmosphera","7":"product_cat-atmosphera","8":"product_cat-hyller","9":"product_cat-boho","10":"product_cat-oppbevaringskurver","12":"first","13":"instock","14":"taxable","15":"shipping-taxable","16":"purchasable","17":"product-type-simple"},"acf":[],"yoast_head":"<!-- This site is optimized with the Yoast SEO Premium plugin v25.8 (Yoast SEO v27.2) - https:\/\/yoast.com\/product\/yoast-seo-premium-wordpress\/ -->\n<title>Hylle i rotting, medium beige - Babylove Norska<\/title>\n<meta name=\"robots\" content=\"noindex, follow, max-snippet:-1, max-image-preview:large, max-video-preview:-1\" \/>\n<meta property=\"og:locale\" content=\"nb_NO\" \/>\n<meta property=\"og:type\" content=\"article\" \/>\n<meta property=\"og:title\" content=\"Hylle i rotting, medium beige\" \/>\n<meta property=\"og:description\" content=\"Vi mangler ord for denne flotte hyllen i rotting! Plasser alle barnets favorittting eller hvorfor ikke sette favorittbamsen p\u00e5 beste plass? Du henger enkelt opp denne hyllen p\u00e5 veggen. Utrolig detaljrik m\u00f8bel som vil bidra mye til barnerominnredningen din. Hyllen passer utmerket sammen med andre m\u00f8bler fra samme serie. M\u00e5l: 57 x 23 x 24&nbsp;cmMateriale: [&hellip;]\" \/>\n<meta property=\"og:url\" content=\"https:\/\/babylove.se\/no\/produkt\/hylle-i-rotting-medium-beige\/\" \/>\n<meta property=\"og:site_name\" content=\"Babylove Norska\" \/>\n<meta property=\"article:modified_time\" content=\"2026-04-08T10:32:39+00:00\" \/>\n<meta property=\"og:image\" content=\"https:\/\/babylove.se\/no\/wp-content\/uploads\/sites\/3\/2025\/07\/6166b22c69c92.jpeg\" \/>\n\t<meta property=\"og:image:width\" content=\"1200\" \/>\n\t<meta property=\"og:image:height\" content=\"1200\" \/>\n\t<meta property=\"og:image:type\" content=\"image\/jpeg\" \/>\n<meta name=\"twitter:card\" content=\"summary_large_image\" \/>\n<meta name=\"twitter:label1\" content=\"Price\" \/>\n\t<meta name=\"twitter:data1\" content=\"749,00&nbsp;&#107;&#114;\" \/>\n\t<meta name=\"twitter:label2\" content=\"Availability\" \/>\n\t<meta name=\"twitter:data2\" content=\"In stock\" \/>\n<script type=\"application\/ld+json\" class=\"yoast-schema-graph\">{\"@context\":\"https:\/\/schema.org\",\"@graph\":[{\"@type\":\"WebPage\",\"@id\":\"https:\/\/babylove.se\/no\/produkt\/hylle-i-rotting-medium-beige\/\",\"url\":\"https:\/\/babylove.se\/no\/produkt\/hylle-i-rotting-medium-beige\/\",\"name\":\"Hylle i rotting, medium beige - Babylove Norska\",\"isPartOf\":{\"@id\":\"https:\/\/babylove.se\/no\/#website\"},\"primaryImageOfPage\":{\"@id\":\"https:\/\/babylove.se\/no\/produkt\/hylle-i-rotting-medium-beige\/#primaryimage\"},\"image\":{\"@id\":\"https:\/\/babylove.se\/no\/produkt\/hylle-i-rotting-medium-beige\/#primaryimage\"},\"thumbnailUrl\":\"https:\/\/babylove.se\/no\/wp-content\/uploads\/sites\/3\/2025\/07\/6166b22c69c92.jpeg\",\"datePublished\":\"2025-07-18T22:57:57+00:00\",\"dateModified\":\"2026-04-08T10:32:39+00:00\",\"breadcrumb\":{\"@id\":\"https:\/\/babylove.se\/no\/produkt\/hylle-i-rotting-medium-beige\/#breadcrumb\"},\"inLanguage\":\"nb-NO\",\"potentialAction\":[{\"@type\":\"ReadAction\",\"target\":[\"https:\/\/babylove.se\/no\/produkt\/hylle-i-rotting-medium-beige\/\"]}]},{\"@type\":\"ImageObject\",\"inLanguage\":\"nb-NO\",\"@id\":\"https:\/\/babylove.se\/no\/produkt\/hylle-i-rotting-medium-beige\/#primaryimage\",\"url\":\"https:\/\/babylove.se\/no\/wp-content\/uploads\/sites\/3\/2025\/07\/6166b22c69c92.jpeg\",\"contentUrl\":\"https:\/\/babylove.se\/no\/wp-content\/uploads\/sites\/3\/2025\/07\/6166b22c69c92.jpeg\",\"width\":1200,\"height\":1200},{\"@type\":\"BreadcrumbList\",\"@id\":\"https:\/\/babylove.se\/no\/produkt\/hylle-i-rotting-medium-beige\/#breadcrumb\",\"itemListElement\":[{\"@type\":\"ListItem\",\"position\":1,\"name\":\"Hem\",\"item\":\"https:\/\/babylove.se\/no\/\"},{\"@type\":\"ListItem\",\"position\":2,\"name\":\"Butik\",\"item\":\"https:\/\/babylove.se\/no\/butik\/\"},{\"@type\":\"ListItem\",\"position\":3,\"name\":\"Hylle i rotting, medium beige\"}]},{\"@type\":\"WebSite\",\"@id\":\"https:\/\/babylove.se\/no\/#website\",\"url\":\"https:\/\/babylove.se\/no\/\",\"name\":\"Babylove Norska\",\"description\":\"\",\"potentialAction\":[{\"@type\":\"SearchAction\",\"target\":{\"@type\":\"EntryPoint\",\"urlTemplate\":\"https:\/\/babylove.se\/no\/?s={search_term_string}\"},\"query-input\":{\"@type\":\"PropertyValueSpecification\",\"valueRequired\":true,\"valueName\":\"search_term_string\"}}],\"inLanguage\":\"nb-NO\"}]}<\/script>\n<meta property=\"product:brand\" content=\"Atmosphera\" \/>\n<meta property=\"product:price:amount\" content=\"749.00\" \/>\n<meta property=\"product:price:currency\" content=\"SEK\" \/>\n<meta property=\"og:availability\" content=\"instock\" \/>\n<meta property=\"product:availability\" content=\"instock\" \/>\n<meta property=\"product:retailer_item_id\" content=\"174093\" \/>\n<meta property=\"product:condition\" content=\"new\" \/>\n<!-- \/ Yoast SEO Premium plugin. -->","yoast_head_json":{"title":"Hylle i rotting, medium beige - Babylove Norska","robots":{"index":"noindex","follow":"follow","max-snippet":"max-snippet:-1","max-image-preview":"max-image-preview:large","max-video-preview":"max-video-preview:-1"},"og_locale":"nb_NO","og_type":"article","og_title":"Hylle i rotting, medium beige","og_description":"Vi mangler ord for denne flotte hyllen i rotting! Plasser alle barnets favorittting eller hvorfor ikke sette favorittbamsen p\u00e5 beste plass? Du henger enkelt opp denne hyllen p\u00e5 veggen. Utrolig detaljrik m\u00f8bel som vil bidra mye til barnerominnredningen din. Hyllen passer utmerket sammen med andre m\u00f8bler fra samme serie. M\u00e5l: 57 x 23 x 24&nbsp;cmMateriale: [&hellip;]","og_url":"https:\/\/babylove.se\/no\/produkt\/hylle-i-rotting-medium-beige\/","og_site_name":"Babylove Norska","article_modified_time":"2026-04-08T10:32:39+00:00","og_image":[{"width":1200,"height":1200,"url":"https:\/\/babylove.se\/no\/wp-content\/uploads\/sites\/3\/2025\/07\/6166b22c69c92.jpeg","type":"image\/jpeg"}],"twitter_card":"summary_large_image","twitter_misc":{"Price":"749,00&nbsp;&#107;&#114;","Availability":"In stock"},"schema":{"@context":"https:\/\/schema.org","@graph":[{"@type":"WebPage","@id":"https:\/\/babylove.se\/no\/produkt\/hylle-i-rotting-medium-beige\/","url":"https:\/\/babylove.se\/no\/produkt\/hylle-i-rotting-medium-beige\/","name":"Hylle i rotting, medium beige - Babylove Norska","isPartOf":{"@id":"https:\/\/babylove.se\/no\/#website"},"primaryImageOfPage":{"@id":"https:\/\/babylove.se\/no\/produkt\/hylle-i-rotting-medium-beige\/#primaryimage"},"image":{"@id":"https:\/\/babylove.se\/no\/produkt\/hylle-i-rotting-medium-beige\/#primaryimage"},"thumbnailUrl":"https:\/\/babylove.se\/no\/wp-content\/uploads\/sites\/3\/2025\/07\/6166b22c69c92.jpeg","datePublished":"2025-07-18T22:57:57+00:00","dateModified":"2026-04-08T10:32:39+00:00","breadcrumb":{"@id":"https:\/\/babylove.se\/no\/produkt\/hylle-i-rotting-medium-beige\/#breadcrumb"},"inLanguage":"nb-NO","potentialAction":[{"@type":"ReadAction","target":["https:\/\/babylove.se\/no\/produkt\/hylle-i-rotting-medium-beige\/"]}]},{"@type":"ImageObject","inLanguage":"nb-NO","@id":"https:\/\/babylove.se\/no\/produkt\/hylle-i-rotting-medium-beige\/#primaryimage","url":"https:\/\/babylove.se\/no\/wp-content\/uploads\/sites\/3\/2025\/07\/6166b22c69c92.jpeg","contentUrl":"https:\/\/babylove.se\/no\/wp-content\/uploads\/sites\/3\/2025\/07\/6166b22c69c92.jpeg","width":1200,"height":1200},{"@type":"BreadcrumbList","@id":"https:\/\/babylove.se\/no\/produkt\/hylle-i-rotting-medium-beige\/#breadcrumb","itemListElement":[{"@type":"ListItem","position":1,"name":"Hem","item":"https:\/\/babylove.se\/no\/"},{"@type":"ListItem","position":2,"name":"Butik","item":"https:\/\/babylove.se\/no\/butik\/"},{"@type":"ListItem","position":3,"name":"Hylle i rotting, medium beige"}]},{"@type":"WebSite","@id":"https:\/\/babylove.se\/no\/#website","url":"https:\/\/babylove.se\/no\/","name":"Babylove Norska","description":"","potentialAction":[{"@type":"SearchAction","target":{"@type":"EntryPoint","urlTemplate":"https:\/\/babylove.se\/no\/?s={search_term_string}"},"query-input":{"@type":"PropertyValueSpecification","valueRequired":true,"valueName":"search_term_string"}}],"inLanguage":"nb-NO"}]},"product_brand":"Atmosphera","product_price_amount":"749.00","product_price_currency":"SEK","og_availability":"instock","product_availability":"instock","product_retailer_item_id":"174093","product_condition":"new"},"_links":{"self":[{"href":"https:\/\/babylove.se\/no\/wp-json\/wp\/v2\/product\/28919","targetHints":{"allow":["GET"]}}],"collection":[{"href":"https:\/\/babylove.se\/no\/wp-json\/wp\/v2\/product"}],"about":[{"href":"https:\/\/babylove.se\/no\/wp-json\/wp\/v2\/types\/product"}],"replies":[{"embeddable":true,"href":"https:\/\/babylove.se\/no\/wp-json\/wp\/v2\/comments?post=28919"}],"wp:featuredmedia":[{"embeddable":true,"href":"https:\/\/babylove.se\/no\/wp-json\/wp\/v2\/media\/28921"}],"wp:attachment":[{"href":"https:\/\/babylove.se\/no\/wp-json\/wp\/v2\/media?parent=28919"}],"wp:term":[{"taxonomy":"product_brand","embeddable":true,"href":"https:\/\/babylove.se\/no\/wp-json\/wp\/v2\/product_brand?post=28919"},{"taxonomy":"product_cat","embeddable":true,"href":"https:\/\/babylove.se\/no\/wp-json\/wp\/v2\/product_cat?post=28919"},{"taxonomy":"product_tag","embeddable":true,"href":"https:\/\/babylove.se\/no\/wp-json\/wp\/v2\/product_tag?post=28919"}],"curies":[{"name":"wp","href":"https:\/\/api.w.org\/{rel}","templated":true}]}}