{"id":28938,"date":"2025-07-18T23:57:57","date_gmt":"2025-07-18T22:57:57","guid":{"rendered":"https:\/\/babylove.se\/produkt\/forvaringslada-med-handtag-golden-ears\/"},"modified":"2026-04-08T11:32:50","modified_gmt":"2026-04-08T10:32:50","slug":"oppbevaringskasse-med-handtak-golden-ears","status":"publish","type":"product","link":"https:\/\/babylove.se\/no\/produkt\/oppbevaringskasse-med-handtak-golden-ears\/","title":{"rendered":"Oppbevaringsboks med h\u00e5ndtak, golden ears"},"content":{"rendered":"<p>Deilig og fin rosa oppbevaringsboks med h\u00e5ndtak. Perfekt til \u00e5 oppbevare barnets sm\u00e5ting, som penner eller samlekort. Og visst er de s\u00f8te \u00f8rene b\u00e5de g\u00f8y og stilig p\u00e5 samme tid<\/p>\n<p>Oppbevaringsboksen er laget helt av papp.&nbsp;<\/p>\n<p><strong>M\u00e5l<\/strong>: 20 x 8 x 13cm<\/p>\n<p><strong>Materiale<\/strong>: Papp, polyuretan.<\/p>\n","protected":false},"excerpt":{"rendered":"<p>Deilig og fin rosa oppbevaringsboks med h\u00e5ndtak. Perfekt til \u00e5 oppbevare barnets sm\u00e5ting, som penner eller samlekort. Og visst er de s\u00f8te \u00f8rene b\u00e5de g\u00f8y og stilig p\u00e5 samme tid Oppbevaringsboksen er laget helt av papp.&nbsp; M\u00e5l: 20 x 8 x 13cm Materiale: Papp, polyuretan.<\/p>\n","protected":false},"featured_media":28940,"comment_status":"closed","ping_status":"open","template":"","meta":{"_acf_changed":false},"product_brand":[972],"product_cat":[973,72,43],"product_tag":[],"class_list":{"0":"post-28938","1":"product","2":"type-product","3":"status-publish","4":"has-post-thumbnail","6":"product_brand-atmosphera","7":"product_cat-atmosphera","8":"product_cat-julegaver","9":"product_cat-oppbevaringskurver","11":"first","12":"outofstock","13":"taxable","14":"shipping-taxable","15":"purchasable","16":"product-type-simple"},"acf":[],"yoast_head":"<!-- This site is optimized with the Yoast SEO Premium plugin v25.8 (Yoast SEO v27.2) - https:\/\/yoast.com\/product\/yoast-seo-premium-wordpress\/ -->\n<title>Oppbevaringsboks med h\u00e5ndtak, golden ears - Babylove Norska<\/title>\n<meta name=\"robots\" content=\"noindex, follow, max-snippet:-1, max-image-preview:large, max-video-preview:-1\" \/>\n<meta property=\"og:locale\" content=\"nb_NO\" \/>\n<meta property=\"og:type\" content=\"article\" \/>\n<meta property=\"og:title\" content=\"Oppbevaringsboks med h\u00e5ndtak, golden ears\" \/>\n<meta property=\"og:description\" content=\"Deilig og fin rosa oppbevaringsboks med h\u00e5ndtak. Perfekt til \u00e5 oppbevare barnets sm\u00e5ting, som penner eller samlekort. Og visst er de s\u00f8te \u00f8rene b\u00e5de g\u00f8y og stilig p\u00e5 samme tid Oppbevaringsboksen er laget helt av papp.&nbsp; M\u00e5l: 20 x 8 x 13cm Materiale: Papp, polyuretan.\" \/>\n<meta property=\"og:url\" content=\"https:\/\/babylove.se\/no\/produkt\/oppbevaringskasse-med-handtak-golden-ears\/\" \/>\n<meta property=\"og:site_name\" content=\"Babylove Norska\" \/>\n<meta property=\"article:modified_time\" content=\"2026-04-08T10:32:50+00:00\" \/>\n<meta property=\"og:image\" content=\"https:\/\/babylove.se\/no\/wp-content\/uploads\/sites\/3\/2025\/07\/6166b9c005f76.jpeg\" \/>\n\t<meta property=\"og:image:width\" content=\"1000\" \/>\n\t<meta property=\"og:image:height\" content=\"1000\" \/>\n\t<meta property=\"og:image:type\" content=\"image\/jpeg\" \/>\n<meta name=\"twitter:card\" content=\"summary_large_image\" \/>\n<meta name=\"twitter:label1\" content=\"Price\" \/>\n\t<meta name=\"twitter:data1\" content=\"149,00&nbsp;&#107;&#114;\" \/>\n\t<meta name=\"twitter:label2\" content=\"Availability\" \/>\n\t<meta name=\"twitter:data2\" content=\"Out of stock\" \/>\n<script type=\"application\/ld+json\" class=\"yoast-schema-graph\">{\"@context\":\"https:\/\/schema.org\",\"@graph\":[{\"@type\":\"WebPage\",\"@id\":\"https:\/\/babylove.se\/no\/produkt\/oppbevaringskasse-med-handtak-golden-ears\/\",\"url\":\"https:\/\/babylove.se\/no\/produkt\/oppbevaringskasse-med-handtak-golden-ears\/\",\"name\":\"Oppbevaringsboks med h\u00e5ndtak, golden ears - Babylove Norska\",\"isPartOf\":{\"@id\":\"https:\/\/babylove.se\/no\/#website\"},\"primaryImageOfPage\":{\"@id\":\"https:\/\/babylove.se\/no\/produkt\/oppbevaringskasse-med-handtak-golden-ears\/#primaryimage\"},\"image\":{\"@id\":\"https:\/\/babylove.se\/no\/produkt\/oppbevaringskasse-med-handtak-golden-ears\/#primaryimage\"},\"thumbnailUrl\":\"https:\/\/babylove.se\/no\/wp-content\/uploads\/sites\/3\/2025\/07\/6166b9c005f76.jpeg\",\"datePublished\":\"2025-07-18T22:57:57+00:00\",\"dateModified\":\"2026-04-08T10:32:50+00:00\",\"breadcrumb\":{\"@id\":\"https:\/\/babylove.se\/no\/produkt\/oppbevaringskasse-med-handtak-golden-ears\/#breadcrumb\"},\"inLanguage\":\"nb-NO\",\"potentialAction\":[{\"@type\":\"ReadAction\",\"target\":[\"https:\/\/babylove.se\/no\/produkt\/oppbevaringskasse-med-handtak-golden-ears\/\"]}]},{\"@type\":\"ImageObject\",\"inLanguage\":\"nb-NO\",\"@id\":\"https:\/\/babylove.se\/no\/produkt\/oppbevaringskasse-med-handtak-golden-ears\/#primaryimage\",\"url\":\"https:\/\/babylove.se\/no\/wp-content\/uploads\/sites\/3\/2025\/07\/6166b9c005f76.jpeg\",\"contentUrl\":\"https:\/\/babylove.se\/no\/wp-content\/uploads\/sites\/3\/2025\/07\/6166b9c005f76.jpeg\",\"width\":1000,\"height\":1000},{\"@type\":\"BreadcrumbList\",\"@id\":\"https:\/\/babylove.se\/no\/produkt\/oppbevaringskasse-med-handtak-golden-ears\/#breadcrumb\",\"itemListElement\":[{\"@type\":\"ListItem\",\"position\":1,\"name\":\"Hem\",\"item\":\"https:\/\/babylove.se\/no\/\"},{\"@type\":\"ListItem\",\"position\":2,\"name\":\"Butik\",\"item\":\"https:\/\/babylove.se\/no\/butik\/\"},{\"@type\":\"ListItem\",\"position\":3,\"name\":\"Oppbevaringsboks med h\u00e5ndtak, golden ears\"}]},{\"@type\":\"WebSite\",\"@id\":\"https:\/\/babylove.se\/no\/#website\",\"url\":\"https:\/\/babylove.se\/no\/\",\"name\":\"Babylove Norska\",\"description\":\"\",\"potentialAction\":[{\"@type\":\"SearchAction\",\"target\":{\"@type\":\"EntryPoint\",\"urlTemplate\":\"https:\/\/babylove.se\/no\/?s={search_term_string}\"},\"query-input\":{\"@type\":\"PropertyValueSpecification\",\"valueRequired\":true,\"valueName\":\"search_term_string\"}}],\"inLanguage\":\"nb-NO\"}]}<\/script>\n<meta property=\"product:brand\" content=\"Atmosphera\" \/>\n<meta property=\"product:price:amount\" content=\"149.00\" \/>\n<meta property=\"product:price:currency\" content=\"SEK\" \/>\n<meta property=\"og:availability\" content=\"out of stock\" \/>\n<meta property=\"product:availability\" content=\"out of stock\" \/>\n<meta property=\"product:retailer_item_id\" content=\"174044\" \/>\n<meta property=\"product:condition\" content=\"new\" \/>\n<!-- \/ Yoast SEO Premium plugin. -->","yoast_head_json":{"title":"Oppbevaringsboks med h\u00e5ndtak, golden ears - Babylove Norska","robots":{"index":"noindex","follow":"follow","max-snippet":"max-snippet:-1","max-image-preview":"max-image-preview:large","max-video-preview":"max-video-preview:-1"},"og_locale":"nb_NO","og_type":"article","og_title":"Oppbevaringsboks med h\u00e5ndtak, golden ears","og_description":"Deilig og fin rosa oppbevaringsboks med h\u00e5ndtak. Perfekt til \u00e5 oppbevare barnets sm\u00e5ting, som penner eller samlekort. Og visst er de s\u00f8te \u00f8rene b\u00e5de g\u00f8y og stilig p\u00e5 samme tid Oppbevaringsboksen er laget helt av papp.&nbsp; M\u00e5l: 20 x 8 x 13cm Materiale: Papp, polyuretan.","og_url":"https:\/\/babylove.se\/no\/produkt\/oppbevaringskasse-med-handtak-golden-ears\/","og_site_name":"Babylove Norska","article_modified_time":"2026-04-08T10:32:50+00:00","og_image":[{"width":1000,"height":1000,"url":"https:\/\/babylove.se\/no\/wp-content\/uploads\/sites\/3\/2025\/07\/6166b9c005f76.jpeg","type":"image\/jpeg"}],"twitter_card":"summary_large_image","twitter_misc":{"Price":"149,00&nbsp;&#107;&#114;","Availability":"Out of stock"},"schema":{"@context":"https:\/\/schema.org","@graph":[{"@type":"WebPage","@id":"https:\/\/babylove.se\/no\/produkt\/oppbevaringskasse-med-handtak-golden-ears\/","url":"https:\/\/babylove.se\/no\/produkt\/oppbevaringskasse-med-handtak-golden-ears\/","name":"Oppbevaringsboks med h\u00e5ndtak, golden ears - Babylove Norska","isPartOf":{"@id":"https:\/\/babylove.se\/no\/#website"},"primaryImageOfPage":{"@id":"https:\/\/babylove.se\/no\/produkt\/oppbevaringskasse-med-handtak-golden-ears\/#primaryimage"},"image":{"@id":"https:\/\/babylove.se\/no\/produkt\/oppbevaringskasse-med-handtak-golden-ears\/#primaryimage"},"thumbnailUrl":"https:\/\/babylove.se\/no\/wp-content\/uploads\/sites\/3\/2025\/07\/6166b9c005f76.jpeg","datePublished":"2025-07-18T22:57:57+00:00","dateModified":"2026-04-08T10:32:50+00:00","breadcrumb":{"@id":"https:\/\/babylove.se\/no\/produkt\/oppbevaringskasse-med-handtak-golden-ears\/#breadcrumb"},"inLanguage":"nb-NO","potentialAction":[{"@type":"ReadAction","target":["https:\/\/babylove.se\/no\/produkt\/oppbevaringskasse-med-handtak-golden-ears\/"]}]},{"@type":"ImageObject","inLanguage":"nb-NO","@id":"https:\/\/babylove.se\/no\/produkt\/oppbevaringskasse-med-handtak-golden-ears\/#primaryimage","url":"https:\/\/babylove.se\/no\/wp-content\/uploads\/sites\/3\/2025\/07\/6166b9c005f76.jpeg","contentUrl":"https:\/\/babylove.se\/no\/wp-content\/uploads\/sites\/3\/2025\/07\/6166b9c005f76.jpeg","width":1000,"height":1000},{"@type":"BreadcrumbList","@id":"https:\/\/babylove.se\/no\/produkt\/oppbevaringskasse-med-handtak-golden-ears\/#breadcrumb","itemListElement":[{"@type":"ListItem","position":1,"name":"Hem","item":"https:\/\/babylove.se\/no\/"},{"@type":"ListItem","position":2,"name":"Butik","item":"https:\/\/babylove.se\/no\/butik\/"},{"@type":"ListItem","position":3,"name":"Oppbevaringsboks med h\u00e5ndtak, golden ears"}]},{"@type":"WebSite","@id":"https:\/\/babylove.se\/no\/#website","url":"https:\/\/babylove.se\/no\/","name":"Babylove Norska","description":"","potentialAction":[{"@type":"SearchAction","target":{"@type":"EntryPoint","urlTemplate":"https:\/\/babylove.se\/no\/?s={search_term_string}"},"query-input":{"@type":"PropertyValueSpecification","valueRequired":true,"valueName":"search_term_string"}}],"inLanguage":"nb-NO"}]},"product_brand":"Atmosphera","product_price_amount":"149.00","product_price_currency":"SEK","og_availability":"out of stock","product_availability":"out of stock","product_retailer_item_id":"174044","product_condition":"new"},"_links":{"self":[{"href":"https:\/\/babylove.se\/no\/wp-json\/wp\/v2\/product\/28938","targetHints":{"allow":["GET"]}}],"collection":[{"href":"https:\/\/babylove.se\/no\/wp-json\/wp\/v2\/product"}],"about":[{"href":"https:\/\/babylove.se\/no\/wp-json\/wp\/v2\/types\/product"}],"replies":[{"embeddable":true,"href":"https:\/\/babylove.se\/no\/wp-json\/wp\/v2\/comments?post=28938"}],"wp:featuredmedia":[{"embeddable":true,"href":"https:\/\/babylove.se\/no\/wp-json\/wp\/v2\/media\/28940"}],"wp:attachment":[{"href":"https:\/\/babylove.se\/no\/wp-json\/wp\/v2\/media?parent=28938"}],"wp:term":[{"taxonomy":"product_brand","embeddable":true,"href":"https:\/\/babylove.se\/no\/wp-json\/wp\/v2\/product_brand?post=28938"},{"taxonomy":"product_cat","embeddable":true,"href":"https:\/\/babylove.se\/no\/wp-json\/wp\/v2\/product_cat?post=28938"},{"taxonomy":"product_tag","embeddable":true,"href":"https:\/\/babylove.se\/no\/wp-json\/wp\/v2\/product_tag?post=28938"}],"curies":[{"name":"wp","href":"https:\/\/api.w.org\/{rel}","templated":true}]}}