{"id":29059,"date":"2025-07-18T23:58:49","date_gmt":"2025-07-18T22:58:49","guid":{"rendered":"https:\/\/babylove.se\/produkt\/cam-cam-rund-ullmatta-till-barnrummet-fiori\/"},"modified":"2026-04-08T11:33:55","modified_gmt":"2026-04-08T10:33:55","slug":"cam-cam-rund-ullmatte-til-barnerommet-fiori","status":"publish","type":"product","link":"https:\/\/babylove.se\/no\/produkt\/cam-cam-rund-ullmatte-til-barnerommet-fiori\/","title":{"rendered":"Cam Cam, rund ullmatte til barnerommet, Fiori"},"content":{"rendered":"<p>Med sm\u00e5 detaljer kan man enkelt skape en vakker barneroms\u00adinnredning i barnerommet sitt. Med et deilig og helt h\u00e5ndtuftet kvalitetsteppe fra danske Cam Cam Copenhagen blir det veldig enkelt! <\/p>\n<p>Foruten at det er supevakkert, er det ogs\u00e5 underbart deilig for de sm\u00e5 f\u00f8ttene \u00e5 g\u00e5 p\u00e5. En ekstra bonus at du enkelt holder p\u00e5 hygienen p\u00e5 teppet, da det naturlig forekommende lanolinet i ullen gj\u00f8r teppet smutsavvisende! <\/p>\n<p>Du kan enkelt matche dette teppet med andre produkter, for \u00e5 skape ditt dr\u00f8mmerom. <\/p>\n<p><strong>St\u00f8rrelse<\/strong>: Diameter 110 cm. <\/p>\n<p><strong>Materiale<\/strong>: 100% ull <\/p>\n<p>B\u00f8r ikke vaskes, men punktrenses med vaskemiddel egnet for ull. <\/p>\n<p>Designer: <a href=\"https:\/\/babylove.se\/varumarken\/cam-cam-copenhagen\">Cam Cam Copenhagen<\/a><\/p>\n","protected":false},"excerpt":{"rendered":"<p>Med sm\u00e5 detaljer kan man enkelt skape en vakker barneroms\u00adinnredning i barnerommet sitt. Med et deilig og helt h\u00e5ndtuftet kvalitetsteppe fra danske Cam Cam Copenhagen blir det veldig enkelt! Foruten at det er supevakkert, er det ogs\u00e5 underbart deilig for de sm\u00e5 f\u00f8ttene \u00e5 g\u00e5 p\u00e5. En ekstra bonus at du enkelt holder p\u00e5 hygienen [&hellip;]<\/p>\n","protected":false},"featured_media":29061,"comment_status":"closed","ping_status":"closed","template":"","meta":{"_acf_changed":false},"product_brand":[1024],"product_cat":[1025,135],"product_tag":[],"class_list":{"0":"post-29059","1":"product","2":"type-product","3":"status-publish","4":"has-post-thumbnail","6":"product_brand-cam-cam-copenhagen","7":"product_cat-cam-cam-copenhagen","8":"product_cat-tepper","10":"first","11":"outofstock","12":"taxable","13":"shipping-taxable","14":"purchasable","15":"product-type-simple"},"acf":[],"yoast_head":"<!-- This site is optimized with the Yoast SEO Premium plugin v25.8 (Yoast SEO v27.2) - https:\/\/yoast.com\/product\/yoast-seo-premium-wordpress\/ -->\n<title>Cam Cam, rund ullmatte til barnerommet, Fiori - Babylove Norska<\/title>\n<meta name=\"robots\" content=\"noindex, follow, max-snippet:-1, max-image-preview:large, max-video-preview:-1\" \/>\n<meta property=\"og:locale\" content=\"nb_NO\" \/>\n<meta property=\"og:type\" content=\"article\" \/>\n<meta property=\"og:title\" content=\"Cam Cam, rund ullmatte til barnerommet, Fiori\" \/>\n<meta property=\"og:description\" content=\"Med sm\u00e5 detaljer kan man enkelt skape en vakker barneroms\u00adinnredning i barnerommet sitt. Med et deilig og helt h\u00e5ndtuftet kvalitetsteppe fra danske Cam Cam Copenhagen blir det veldig enkelt! Foruten at det er supevakkert, er det ogs\u00e5 underbart deilig for de sm\u00e5 f\u00f8ttene \u00e5 g\u00e5 p\u00e5. En ekstra bonus at du enkelt holder p\u00e5 hygienen [&hellip;]\" \/>\n<meta property=\"og:url\" content=\"https:\/\/babylove.se\/no\/produkt\/cam-cam-rund-ullmatte-til-barnerommet-fiori\/\" \/>\n<meta property=\"og:site_name\" content=\"Babylove Norska\" \/>\n<meta property=\"article:modified_time\" content=\"2026-04-08T10:33:55+00:00\" \/>\n<meta property=\"og:image\" content=\"https:\/\/babylove.se\/no\/wp-content\/uploads\/sites\/3\/2025\/07\/61681fabbccb5.jpeg\" \/>\n\t<meta property=\"og:image:width\" content=\"1024\" \/>\n\t<meta property=\"og:image:height\" content=\"1024\" \/>\n\t<meta property=\"og:image:type\" content=\"image\/jpeg\" \/>\n<meta name=\"twitter:card\" content=\"summary_large_image\" \/>\n<meta name=\"twitter:label1\" content=\"Price\" \/>\n\t<meta name=\"twitter:data1\" content=\"1 499,00&nbsp;&#107;&#114;\" \/>\n\t<meta name=\"twitter:label2\" content=\"Availability\" \/>\n\t<meta name=\"twitter:data2\" content=\"Out of stock\" \/>\n<script type=\"application\/ld+json\" class=\"yoast-schema-graph\">{\"@context\":\"https:\/\/schema.org\",\"@graph\":[{\"@type\":\"WebPage\",\"@id\":\"https:\/\/babylove.se\/no\/produkt\/cam-cam-rund-ullmatte-til-barnerommet-fiori\/\",\"url\":\"https:\/\/babylove.se\/no\/produkt\/cam-cam-rund-ullmatte-til-barnerommet-fiori\/\",\"name\":\"Cam Cam, rund ullmatte til barnerommet, Fiori - Babylove Norska\",\"isPartOf\":{\"@id\":\"https:\/\/babylove.se\/no\/#website\"},\"primaryImageOfPage\":{\"@id\":\"https:\/\/babylove.se\/no\/produkt\/cam-cam-rund-ullmatte-til-barnerommet-fiori\/#primaryimage\"},\"image\":{\"@id\":\"https:\/\/babylove.se\/no\/produkt\/cam-cam-rund-ullmatte-til-barnerommet-fiori\/#primaryimage\"},\"thumbnailUrl\":\"https:\/\/babylove.se\/no\/wp-content\/uploads\/sites\/3\/2025\/07\/61681fabbccb5.jpeg\",\"datePublished\":\"2025-07-18T22:58:49+00:00\",\"dateModified\":\"2026-04-08T10:33:55+00:00\",\"breadcrumb\":{\"@id\":\"https:\/\/babylove.se\/no\/produkt\/cam-cam-rund-ullmatte-til-barnerommet-fiori\/#breadcrumb\"},\"inLanguage\":\"nb-NO\",\"potentialAction\":[{\"@type\":\"ReadAction\",\"target\":[\"https:\/\/babylove.se\/no\/produkt\/cam-cam-rund-ullmatte-til-barnerommet-fiori\/\"]}]},{\"@type\":\"ImageObject\",\"inLanguage\":\"nb-NO\",\"@id\":\"https:\/\/babylove.se\/no\/produkt\/cam-cam-rund-ullmatte-til-barnerommet-fiori\/#primaryimage\",\"url\":\"https:\/\/babylove.se\/no\/wp-content\/uploads\/sites\/3\/2025\/07\/61681fabbccb5.jpeg\",\"contentUrl\":\"https:\/\/babylove.se\/no\/wp-content\/uploads\/sites\/3\/2025\/07\/61681fabbccb5.jpeg\",\"width\":1024,\"height\":1024},{\"@type\":\"BreadcrumbList\",\"@id\":\"https:\/\/babylove.se\/no\/produkt\/cam-cam-rund-ullmatte-til-barnerommet-fiori\/#breadcrumb\",\"itemListElement\":[{\"@type\":\"ListItem\",\"position\":1,\"name\":\"Hem\",\"item\":\"https:\/\/babylove.se\/no\/\"},{\"@type\":\"ListItem\",\"position\":2,\"name\":\"Butik\",\"item\":\"https:\/\/babylove.se\/no\/butik\/\"},{\"@type\":\"ListItem\",\"position\":3,\"name\":\"Cam Cam, rund ullmatte til barnerommet, Fiori\"}]},{\"@type\":\"WebSite\",\"@id\":\"https:\/\/babylove.se\/no\/#website\",\"url\":\"https:\/\/babylove.se\/no\/\",\"name\":\"Babylove Norska\",\"description\":\"\",\"potentialAction\":[{\"@type\":\"SearchAction\",\"target\":{\"@type\":\"EntryPoint\",\"urlTemplate\":\"https:\/\/babylove.se\/no\/?s={search_term_string}\"},\"query-input\":{\"@type\":\"PropertyValueSpecification\",\"valueRequired\":true,\"valueName\":\"search_term_string\"}}],\"inLanguage\":\"nb-NO\"}]}<\/script>\n<meta property=\"product:brand\" content=\"Cam Cam Copenhagen\" \/>\n<meta property=\"product:price:amount\" content=\"1499.00\" \/>\n<meta property=\"product:price:currency\" content=\"SEK\" \/>\n<meta property=\"og:availability\" content=\"out of stock\" \/>\n<meta property=\"product:availability\" content=\"out of stock\" \/>\n<meta property=\"product:retailer_item_id\" content=\"3052-P54-000-WW\" \/>\n<meta property=\"product:condition\" content=\"new\" \/>\n<!-- \/ Yoast SEO Premium plugin. -->","yoast_head_json":{"title":"Cam Cam, rund ullmatte til barnerommet, Fiori - Babylove Norska","robots":{"index":"noindex","follow":"follow","max-snippet":"max-snippet:-1","max-image-preview":"max-image-preview:large","max-video-preview":"max-video-preview:-1"},"og_locale":"nb_NO","og_type":"article","og_title":"Cam Cam, rund ullmatte til barnerommet, Fiori","og_description":"Med sm\u00e5 detaljer kan man enkelt skape en vakker barneroms\u00adinnredning i barnerommet sitt. Med et deilig og helt h\u00e5ndtuftet kvalitetsteppe fra danske Cam Cam Copenhagen blir det veldig enkelt! Foruten at det er supevakkert, er det ogs\u00e5 underbart deilig for de sm\u00e5 f\u00f8ttene \u00e5 g\u00e5 p\u00e5. En ekstra bonus at du enkelt holder p\u00e5 hygienen [&hellip;]","og_url":"https:\/\/babylove.se\/no\/produkt\/cam-cam-rund-ullmatte-til-barnerommet-fiori\/","og_site_name":"Babylove Norska","article_modified_time":"2026-04-08T10:33:55+00:00","og_image":[{"width":1024,"height":1024,"url":"https:\/\/babylove.se\/no\/wp-content\/uploads\/sites\/3\/2025\/07\/61681fabbccb5.jpeg","type":"image\/jpeg"}],"twitter_card":"summary_large_image","twitter_misc":{"Price":"1 499,00&nbsp;&#107;&#114;","Availability":"Out of stock"},"schema":{"@context":"https:\/\/schema.org","@graph":[{"@type":"WebPage","@id":"https:\/\/babylove.se\/no\/produkt\/cam-cam-rund-ullmatte-til-barnerommet-fiori\/","url":"https:\/\/babylove.se\/no\/produkt\/cam-cam-rund-ullmatte-til-barnerommet-fiori\/","name":"Cam Cam, rund ullmatte til barnerommet, Fiori - Babylove Norska","isPartOf":{"@id":"https:\/\/babylove.se\/no\/#website"},"primaryImageOfPage":{"@id":"https:\/\/babylove.se\/no\/produkt\/cam-cam-rund-ullmatte-til-barnerommet-fiori\/#primaryimage"},"image":{"@id":"https:\/\/babylove.se\/no\/produkt\/cam-cam-rund-ullmatte-til-barnerommet-fiori\/#primaryimage"},"thumbnailUrl":"https:\/\/babylove.se\/no\/wp-content\/uploads\/sites\/3\/2025\/07\/61681fabbccb5.jpeg","datePublished":"2025-07-18T22:58:49+00:00","dateModified":"2026-04-08T10:33:55+00:00","breadcrumb":{"@id":"https:\/\/babylove.se\/no\/produkt\/cam-cam-rund-ullmatte-til-barnerommet-fiori\/#breadcrumb"},"inLanguage":"nb-NO","potentialAction":[{"@type":"ReadAction","target":["https:\/\/babylove.se\/no\/produkt\/cam-cam-rund-ullmatte-til-barnerommet-fiori\/"]}]},{"@type":"ImageObject","inLanguage":"nb-NO","@id":"https:\/\/babylove.se\/no\/produkt\/cam-cam-rund-ullmatte-til-barnerommet-fiori\/#primaryimage","url":"https:\/\/babylove.se\/no\/wp-content\/uploads\/sites\/3\/2025\/07\/61681fabbccb5.jpeg","contentUrl":"https:\/\/babylove.se\/no\/wp-content\/uploads\/sites\/3\/2025\/07\/61681fabbccb5.jpeg","width":1024,"height":1024},{"@type":"BreadcrumbList","@id":"https:\/\/babylove.se\/no\/produkt\/cam-cam-rund-ullmatte-til-barnerommet-fiori\/#breadcrumb","itemListElement":[{"@type":"ListItem","position":1,"name":"Hem","item":"https:\/\/babylove.se\/no\/"},{"@type":"ListItem","position":2,"name":"Butik","item":"https:\/\/babylove.se\/no\/butik\/"},{"@type":"ListItem","position":3,"name":"Cam Cam, rund ullmatte til barnerommet, Fiori"}]},{"@type":"WebSite","@id":"https:\/\/babylove.se\/no\/#website","url":"https:\/\/babylove.se\/no\/","name":"Babylove Norska","description":"","potentialAction":[{"@type":"SearchAction","target":{"@type":"EntryPoint","urlTemplate":"https:\/\/babylove.se\/no\/?s={search_term_string}"},"query-input":{"@type":"PropertyValueSpecification","valueRequired":true,"valueName":"search_term_string"}}],"inLanguage":"nb-NO"}]},"product_brand":"Cam Cam Copenhagen","product_price_amount":"1499.00","product_price_currency":"SEK","og_availability":"out of stock","product_availability":"out of stock","product_retailer_item_id":"3052-P54-000-WW","product_condition":"new"},"_links":{"self":[{"href":"https:\/\/babylove.se\/no\/wp-json\/wp\/v2\/product\/29059","targetHints":{"allow":["GET"]}}],"collection":[{"href":"https:\/\/babylove.se\/no\/wp-json\/wp\/v2\/product"}],"about":[{"href":"https:\/\/babylove.se\/no\/wp-json\/wp\/v2\/types\/product"}],"replies":[{"embeddable":true,"href":"https:\/\/babylove.se\/no\/wp-json\/wp\/v2\/comments?post=29059"}],"wp:featuredmedia":[{"embeddable":true,"href":"https:\/\/babylove.se\/no\/wp-json\/wp\/v2\/media\/29061"}],"wp:attachment":[{"href":"https:\/\/babylove.se\/no\/wp-json\/wp\/v2\/media?parent=29059"}],"wp:term":[{"taxonomy":"product_brand","embeddable":true,"href":"https:\/\/babylove.se\/no\/wp-json\/wp\/v2\/product_brand?post=29059"},{"taxonomy":"product_cat","embeddable":true,"href":"https:\/\/babylove.se\/no\/wp-json\/wp\/v2\/product_cat?post=29059"},{"taxonomy":"product_tag","embeddable":true,"href":"https:\/\/babylove.se\/no\/wp-json\/wp\/v2\/product_tag?post=29059"}],"curies":[{"name":"wp","href":"https:\/\/api.w.org\/{rel}","templated":true}]}}