{"id":29084,"date":"2025-07-18T23:59:21","date_gmt":"2025-07-18T22:59:21","guid":{"rendered":"https:\/\/babylove.se\/produkt\/cam-cam-harlequin-docksang-dusty-rose\/"},"modified":"2026-04-08T11:34:05","modified_gmt":"2026-04-08T10:34:05","slug":"cam-cam-harlequin-docksang-dusty-rose","status":"publish","type":"product","link":"https:\/\/babylove.se\/no\/produkt\/cam-cam-harlequin-docksang-dusty-rose\/","title":{"rendered":"Cam Cam, Harlequin dukkeseng, dusty rose"},"content":{"rendered":"<p>En elegant og rosa dukkeseng fra danske Cam Cam Copenhagen som er en perfekt seng for b\u00e5de dukkene og kosedyrene. \\n \\nDukkesengen har en stilren design med vakre sideskjermer. Dette er barneroms-innredning p\u00e5 aller h\u00f8yeste niv\u00e5. Den passer utmerket sammen med andre m\u00f8bler fra samme serie. \\n \\n<strong>M\u00e5l: <\/strong> 54 x 34 x 15cm \\n \\n<strong>Material<\/strong>: Tre \\n \\nRengj\u00f8res forsiktig med en lett fuktet klut. \\n \\nDesigner: <a href=\"https:\/\/babylove.se\/varumarken\/cam-cam-copenhagen\">Cam Cam Copenhagen<\/a><\/p>\n","protected":false},"excerpt":{"rendered":"<p>En elegant og rosa dukkeseng fra danske Cam Cam Copenhagen som er en perfekt seng for b\u00e5de dukkene og kosedyrene. \\n \\nDukkesengen har en stilren design med vakre sideskjermer. Dette er barneroms-innredning p\u00e5 aller h\u00f8yeste niv\u00e5. Den passer utmerket sammen med andre m\u00f8bler fra samme serie. \\n \\nM\u00e5l: 54 x 34 x 15cm \\n \\nMaterial: [&hellip;]<\/p>\n","protected":false},"featured_media":29086,"comment_status":"closed","ping_status":"closed","template":"","meta":{"_acf_changed":false},"product_brand":[1024],"product_cat":[1025,151,72],"product_tag":[],"class_list":{"0":"post-29084","1":"product","2":"type-product","3":"status-publish","4":"has-post-thumbnail","6":"product_brand-cam-cam-copenhagen","7":"product_cat-cam-cam-copenhagen","8":"product_cat-docksangar","9":"product_cat-julegaver","11":"first","12":"outofstock","13":"taxable","14":"shipping-taxable","15":"purchasable","16":"product-type-simple"},"acf":[],"yoast_head":"<!-- This site is optimized with the Yoast SEO Premium plugin v25.8 (Yoast SEO v27.2) - https:\/\/yoast.com\/product\/yoast-seo-premium-wordpress\/ -->\n<title>Cam Cam, Harlequin dukkeseng, dusty rose - Babylove Norska<\/title>\n<meta name=\"robots\" content=\"noindex, follow, max-snippet:-1, max-image-preview:large, max-video-preview:-1\" \/>\n<meta property=\"og:locale\" content=\"nb_NO\" \/>\n<meta property=\"og:type\" content=\"article\" \/>\n<meta property=\"og:title\" content=\"Cam Cam, Harlequin dukkeseng, dusty rose\" \/>\n<meta property=\"og:description\" content=\"En elegant og rosa dukkeseng fra danske Cam Cam Copenhagen som er en perfekt seng for b\u00e5de dukkene og kosedyrene. n nDukkesengen har en stilren design med vakre sideskjermer. Dette er barneroms-innredning p\u00e5 aller h\u00f8yeste niv\u00e5. Den passer utmerket sammen med andre m\u00f8bler fra samme serie. n nM\u00e5l: 54 x 34 x 15cm n nMaterial: [&hellip;]\" \/>\n<meta property=\"og:url\" content=\"https:\/\/babylove.se\/no\/produkt\/cam-cam-harlequin-docksang-dusty-rose\/\" \/>\n<meta property=\"og:site_name\" content=\"Babylove Norska\" \/>\n<meta property=\"article:modified_time\" content=\"2026-04-08T10:34:05+00:00\" \/>\n<meta property=\"og:image\" content=\"https:\/\/babylove.se\/no\/wp-content\/uploads\/sites\/3\/2025\/07\/6168268482a71.jpeg\" \/>\n\t<meta property=\"og:image:width\" content=\"1024\" \/>\n\t<meta property=\"og:image:height\" content=\"1024\" \/>\n\t<meta property=\"og:image:type\" content=\"image\/jpeg\" \/>\n<meta name=\"twitter:card\" content=\"summary_large_image\" \/>\n<meta name=\"twitter:label1\" content=\"Price\" \/>\n\t<meta name=\"twitter:data1\" content=\"999,00&nbsp;&#107;&#114;\" \/>\n\t<meta name=\"twitter:label2\" content=\"Availability\" \/>\n\t<meta name=\"twitter:data2\" content=\"Out of stock\" \/>\n<script type=\"application\/ld+json\" class=\"yoast-schema-graph\">{\"@context\":\"https:\/\/schema.org\",\"@graph\":[{\"@type\":\"WebPage\",\"@id\":\"https:\/\/babylove.se\/no\/produkt\/cam-cam-harlequin-docksang-dusty-rose\/\",\"url\":\"https:\/\/babylove.se\/no\/produkt\/cam-cam-harlequin-docksang-dusty-rose\/\",\"name\":\"Cam Cam, Harlequin dukkeseng, dusty rose - Babylove Norska\",\"isPartOf\":{\"@id\":\"https:\/\/babylove.se\/no\/#website\"},\"primaryImageOfPage\":{\"@id\":\"https:\/\/babylove.se\/no\/produkt\/cam-cam-harlequin-docksang-dusty-rose\/#primaryimage\"},\"image\":{\"@id\":\"https:\/\/babylove.se\/no\/produkt\/cam-cam-harlequin-docksang-dusty-rose\/#primaryimage\"},\"thumbnailUrl\":\"https:\/\/babylove.se\/no\/wp-content\/uploads\/sites\/3\/2025\/07\/6168268482a71.jpeg\",\"datePublished\":\"2025-07-18T22:59:21+00:00\",\"dateModified\":\"2026-04-08T10:34:05+00:00\",\"breadcrumb\":{\"@id\":\"https:\/\/babylove.se\/no\/produkt\/cam-cam-harlequin-docksang-dusty-rose\/#breadcrumb\"},\"inLanguage\":\"nb-NO\",\"potentialAction\":[{\"@type\":\"ReadAction\",\"target\":[\"https:\/\/babylove.se\/no\/produkt\/cam-cam-harlequin-docksang-dusty-rose\/\"]}]},{\"@type\":\"ImageObject\",\"inLanguage\":\"nb-NO\",\"@id\":\"https:\/\/babylove.se\/no\/produkt\/cam-cam-harlequin-docksang-dusty-rose\/#primaryimage\",\"url\":\"https:\/\/babylove.se\/no\/wp-content\/uploads\/sites\/3\/2025\/07\/6168268482a71.jpeg\",\"contentUrl\":\"https:\/\/babylove.se\/no\/wp-content\/uploads\/sites\/3\/2025\/07\/6168268482a71.jpeg\",\"width\":1024,\"height\":1024},{\"@type\":\"BreadcrumbList\",\"@id\":\"https:\/\/babylove.se\/no\/produkt\/cam-cam-harlequin-docksang-dusty-rose\/#breadcrumb\",\"itemListElement\":[{\"@type\":\"ListItem\",\"position\":1,\"name\":\"Hem\",\"item\":\"https:\/\/babylove.se\/no\/\"},{\"@type\":\"ListItem\",\"position\":2,\"name\":\"Butik\",\"item\":\"https:\/\/babylove.se\/no\/butik\/\"},{\"@type\":\"ListItem\",\"position\":3,\"name\":\"Cam Cam, Harlequin dukkeseng, dusty rose\"}]},{\"@type\":\"WebSite\",\"@id\":\"https:\/\/babylove.se\/no\/#website\",\"url\":\"https:\/\/babylove.se\/no\/\",\"name\":\"Babylove Norska\",\"description\":\"\",\"potentialAction\":[{\"@type\":\"SearchAction\",\"target\":{\"@type\":\"EntryPoint\",\"urlTemplate\":\"https:\/\/babylove.se\/no\/?s={search_term_string}\"},\"query-input\":{\"@type\":\"PropertyValueSpecification\",\"valueRequired\":true,\"valueName\":\"search_term_string\"}}],\"inLanguage\":\"nb-NO\"}]}<\/script>\n<meta property=\"product:brand\" content=\"Cam Cam Copenhagen\" \/>\n<meta property=\"product:price:amount\" content=\"999.00\" \/>\n<meta property=\"product:price:currency\" content=\"SEK\" \/>\n<meta property=\"og:availability\" content=\"out of stock\" \/>\n<meta property=\"product:availability\" content=\"out of stock\" \/>\n<meta property=\"product:retailer_item_id\" content=\"968-22-00-WW\" \/>\n<meta property=\"product:condition\" content=\"new\" \/>\n<!-- \/ Yoast SEO Premium plugin. -->","yoast_head_json":{"title":"Cam Cam, Harlequin dukkeseng, dusty rose - Babylove Norska","robots":{"index":"noindex","follow":"follow","max-snippet":"max-snippet:-1","max-image-preview":"max-image-preview:large","max-video-preview":"max-video-preview:-1"},"og_locale":"nb_NO","og_type":"article","og_title":"Cam Cam, Harlequin dukkeseng, dusty rose","og_description":"En elegant og rosa dukkeseng fra danske Cam Cam Copenhagen som er en perfekt seng for b\u00e5de dukkene og kosedyrene. n nDukkesengen har en stilren design med vakre sideskjermer. Dette er barneroms-innredning p\u00e5 aller h\u00f8yeste niv\u00e5. Den passer utmerket sammen med andre m\u00f8bler fra samme serie. n nM\u00e5l: 54 x 34 x 15cm n nMaterial: [&hellip;]","og_url":"https:\/\/babylove.se\/no\/produkt\/cam-cam-harlequin-docksang-dusty-rose\/","og_site_name":"Babylove Norska","article_modified_time":"2026-04-08T10:34:05+00:00","og_image":[{"width":1024,"height":1024,"url":"https:\/\/babylove.se\/no\/wp-content\/uploads\/sites\/3\/2025\/07\/6168268482a71.jpeg","type":"image\/jpeg"}],"twitter_card":"summary_large_image","twitter_misc":{"Price":"999,00&nbsp;&#107;&#114;","Availability":"Out of stock"},"schema":{"@context":"https:\/\/schema.org","@graph":[{"@type":"WebPage","@id":"https:\/\/babylove.se\/no\/produkt\/cam-cam-harlequin-docksang-dusty-rose\/","url":"https:\/\/babylove.se\/no\/produkt\/cam-cam-harlequin-docksang-dusty-rose\/","name":"Cam Cam, Harlequin dukkeseng, dusty rose - Babylove Norska","isPartOf":{"@id":"https:\/\/babylove.se\/no\/#website"},"primaryImageOfPage":{"@id":"https:\/\/babylove.se\/no\/produkt\/cam-cam-harlequin-docksang-dusty-rose\/#primaryimage"},"image":{"@id":"https:\/\/babylove.se\/no\/produkt\/cam-cam-harlequin-docksang-dusty-rose\/#primaryimage"},"thumbnailUrl":"https:\/\/babylove.se\/no\/wp-content\/uploads\/sites\/3\/2025\/07\/6168268482a71.jpeg","datePublished":"2025-07-18T22:59:21+00:00","dateModified":"2026-04-08T10:34:05+00:00","breadcrumb":{"@id":"https:\/\/babylove.se\/no\/produkt\/cam-cam-harlequin-docksang-dusty-rose\/#breadcrumb"},"inLanguage":"nb-NO","potentialAction":[{"@type":"ReadAction","target":["https:\/\/babylove.se\/no\/produkt\/cam-cam-harlequin-docksang-dusty-rose\/"]}]},{"@type":"ImageObject","inLanguage":"nb-NO","@id":"https:\/\/babylove.se\/no\/produkt\/cam-cam-harlequin-docksang-dusty-rose\/#primaryimage","url":"https:\/\/babylove.se\/no\/wp-content\/uploads\/sites\/3\/2025\/07\/6168268482a71.jpeg","contentUrl":"https:\/\/babylove.se\/no\/wp-content\/uploads\/sites\/3\/2025\/07\/6168268482a71.jpeg","width":1024,"height":1024},{"@type":"BreadcrumbList","@id":"https:\/\/babylove.se\/no\/produkt\/cam-cam-harlequin-docksang-dusty-rose\/#breadcrumb","itemListElement":[{"@type":"ListItem","position":1,"name":"Hem","item":"https:\/\/babylove.se\/no\/"},{"@type":"ListItem","position":2,"name":"Butik","item":"https:\/\/babylove.se\/no\/butik\/"},{"@type":"ListItem","position":3,"name":"Cam Cam, Harlequin dukkeseng, dusty rose"}]},{"@type":"WebSite","@id":"https:\/\/babylove.se\/no\/#website","url":"https:\/\/babylove.se\/no\/","name":"Babylove Norska","description":"","potentialAction":[{"@type":"SearchAction","target":{"@type":"EntryPoint","urlTemplate":"https:\/\/babylove.se\/no\/?s={search_term_string}"},"query-input":{"@type":"PropertyValueSpecification","valueRequired":true,"valueName":"search_term_string"}}],"inLanguage":"nb-NO"}]},"product_brand":"Cam Cam Copenhagen","product_price_amount":"999.00","product_price_currency":"SEK","og_availability":"out of stock","product_availability":"out of stock","product_retailer_item_id":"968-22-00-WW","product_condition":"new"},"_links":{"self":[{"href":"https:\/\/babylove.se\/no\/wp-json\/wp\/v2\/product\/29084","targetHints":{"allow":["GET"]}}],"collection":[{"href":"https:\/\/babylove.se\/no\/wp-json\/wp\/v2\/product"}],"about":[{"href":"https:\/\/babylove.se\/no\/wp-json\/wp\/v2\/types\/product"}],"replies":[{"embeddable":true,"href":"https:\/\/babylove.se\/no\/wp-json\/wp\/v2\/comments?post=29084"}],"wp:featuredmedia":[{"embeddable":true,"href":"https:\/\/babylove.se\/no\/wp-json\/wp\/v2\/media\/29086"}],"wp:attachment":[{"href":"https:\/\/babylove.se\/no\/wp-json\/wp\/v2\/media?parent=29084"}],"wp:term":[{"taxonomy":"product_brand","embeddable":true,"href":"https:\/\/babylove.se\/no\/wp-json\/wp\/v2\/product_brand?post=29084"},{"taxonomy":"product_cat","embeddable":true,"href":"https:\/\/babylove.se\/no\/wp-json\/wp\/v2\/product_cat?post=29084"},{"taxonomy":"product_tag","embeddable":true,"href":"https:\/\/babylove.se\/no\/wp-json\/wp\/v2\/product_tag?post=29084"}],"curies":[{"name":"wp","href":"https:\/\/api.w.org\/{rel}","templated":true}]}}