{"id":29101,"date":"2025-07-18T23:59:21","date_gmt":"2025-07-18T22:59:21","guid":{"rendered":"https:\/\/babylove.se\/produkt\/cam-cam-harlequin-hylla-light-sand\/"},"modified":"2026-04-08T11:34:14","modified_gmt":"2026-04-08T10:34:14","slug":"cam-cam-harlequin-hylle-light-sand","status":"publish","type":"product","link":"https:\/\/babylove.se\/no\/produkt\/cam-cam-harlequin-hylle-light-sand\/","title":{"rendered":"Cam Cam, Harlequin hylle, light sand"},"content":{"rendered":"<p>Vi mangler ord for denne flotte hyllen fra danske Cam Cam Copenhagen! Plasser barnets alle favorittting eller hvorfor ikke sette favorittkoseleken p\u00e5 beste plass? Du henger enkelt opp denne hyllen p\u00e5 veggen. <\/p>\n<p>Utrolig detaljrik m\u00f8bel som vil bidra mye til barnerominnredningen din. Hyllen passer utmerket sammen med andre m\u00f8bler fra samme serie. <\/p>\n<p><strong>M\u00e5l: <\/strong> 75 x 16x 16 cm <\/p>\n<p><strong>Material<\/strong>: Tre <\/p>\n<p>Rengj\u00f8res forsiktig med en lett fuktet klut. <\/p>\n<p>Krokene under hyllen p\u00e5 inspirasjonshyllen er ikke inkludert! <\/p>\n<p>Designer: <a href=\"https:\/\/babylove.se\/varumarken\/cam-cam-copenhagen\">Cam Cam Copenhagen<\/a><\/p>\n","protected":false},"excerpt":{"rendered":"<p>Vi mangler ord for denne flotte hyllen fra danske Cam Cam Copenhagen! Plasser barnets alle favorittting eller hvorfor ikke sette favorittkoseleken p\u00e5 beste plass? Du henger enkelt opp denne hyllen p\u00e5 veggen. Utrolig detaljrik m\u00f8bel som vil bidra mye til barnerominnredningen din. Hyllen passer utmerket sammen med andre m\u00f8bler fra samme serie. M\u00e5l: 75 x [&hellip;]<\/p>\n","protected":false},"featured_media":29103,"comment_status":"closed","ping_status":"closed","template":"","meta":{"_acf_changed":false},"product_brand":[1024],"product_cat":[1025,87,922,43],"product_tag":[],"class_list":{"0":"post-29101","1":"product","2":"type-product","3":"status-publish","4":"has-post-thumbnail","6":"product_brand-cam-cam-copenhagen","7":"product_cat-cam-cam-copenhagen","8":"product_cat-hyller","9":"product_cat-nyheter","10":"product_cat-oppbevaringskurver","12":"first","13":"outofstock","14":"taxable","15":"shipping-taxable","16":"purchasable","17":"product-type-simple"},"acf":[],"yoast_head":"<!-- This site is optimized with the Yoast SEO Premium plugin v25.8 (Yoast SEO v27.2) - https:\/\/yoast.com\/product\/yoast-seo-premium-wordpress\/ -->\n<title>Cam Cam, Harlequin hylle, light sand - Babylove Norska<\/title>\n<meta name=\"robots\" content=\"noindex, follow, max-snippet:-1, max-image-preview:large, max-video-preview:-1\" \/>\n<meta property=\"og:locale\" content=\"nb_NO\" \/>\n<meta property=\"og:type\" content=\"article\" \/>\n<meta property=\"og:title\" content=\"Cam Cam, Harlequin hylle, light sand\" \/>\n<meta property=\"og:description\" content=\"Vi mangler ord for denne flotte hyllen fra danske Cam Cam Copenhagen! Plasser barnets alle favorittting eller hvorfor ikke sette favorittkoseleken p\u00e5 beste plass? Du henger enkelt opp denne hyllen p\u00e5 veggen. Utrolig detaljrik m\u00f8bel som vil bidra mye til barnerominnredningen din. Hyllen passer utmerket sammen med andre m\u00f8bler fra samme serie. M\u00e5l: 75 x [&hellip;]\" \/>\n<meta property=\"og:url\" content=\"https:\/\/babylove.se\/no\/produkt\/cam-cam-harlequin-hylle-light-sand\/\" \/>\n<meta property=\"og:site_name\" content=\"Babylove Norska\" \/>\n<meta property=\"article:modified_time\" content=\"2026-04-08T10:34:14+00:00\" \/>\n<meta property=\"og:image\" content=\"https:\/\/babylove.se\/no\/wp-content\/uploads\/sites\/3\/2025\/07\/6343be683381f.webp\" \/>\n\t<meta property=\"og:image:width\" content=\"1024\" \/>\n\t<meta property=\"og:image:height\" content=\"1024\" \/>\n\t<meta property=\"og:image:type\" content=\"image\/webp\" \/>\n<meta name=\"twitter:card\" content=\"summary_large_image\" \/>\n<meta name=\"twitter:label1\" content=\"Price\" \/>\n\t<meta name=\"twitter:data1\" content=\"799,00&nbsp;&#107;&#114;\" \/>\n\t<meta name=\"twitter:label2\" content=\"Availability\" \/>\n\t<meta name=\"twitter:data2\" content=\"Out of stock\" \/>\n<script type=\"application\/ld+json\" class=\"yoast-schema-graph\">{\"@context\":\"https:\/\/schema.org\",\"@graph\":[{\"@type\":\"WebPage\",\"@id\":\"https:\/\/babylove.se\/no\/produkt\/cam-cam-harlequin-hylle-light-sand\/\",\"url\":\"https:\/\/babylove.se\/no\/produkt\/cam-cam-harlequin-hylle-light-sand\/\",\"name\":\"Cam Cam, Harlequin hylle, light sand - Babylove Norska\",\"isPartOf\":{\"@id\":\"https:\/\/babylove.se\/no\/#website\"},\"primaryImageOfPage\":{\"@id\":\"https:\/\/babylove.se\/no\/produkt\/cam-cam-harlequin-hylle-light-sand\/#primaryimage\"},\"image\":{\"@id\":\"https:\/\/babylove.se\/no\/produkt\/cam-cam-harlequin-hylle-light-sand\/#primaryimage\"},\"thumbnailUrl\":\"https:\/\/babylove.se\/no\/wp-content\/uploads\/sites\/3\/2025\/07\/6343be683381f.webp\",\"datePublished\":\"2025-07-18T22:59:21+00:00\",\"dateModified\":\"2026-04-08T10:34:14+00:00\",\"breadcrumb\":{\"@id\":\"https:\/\/babylove.se\/no\/produkt\/cam-cam-harlequin-hylle-light-sand\/#breadcrumb\"},\"inLanguage\":\"nb-NO\",\"potentialAction\":[{\"@type\":\"ReadAction\",\"target\":[\"https:\/\/babylove.se\/no\/produkt\/cam-cam-harlequin-hylle-light-sand\/\"]}]},{\"@type\":\"ImageObject\",\"inLanguage\":\"nb-NO\",\"@id\":\"https:\/\/babylove.se\/no\/produkt\/cam-cam-harlequin-hylle-light-sand\/#primaryimage\",\"url\":\"https:\/\/babylove.se\/no\/wp-content\/uploads\/sites\/3\/2025\/07\/6343be683381f.webp\",\"contentUrl\":\"https:\/\/babylove.se\/no\/wp-content\/uploads\/sites\/3\/2025\/07\/6343be683381f.webp\",\"width\":1024,\"height\":1024},{\"@type\":\"BreadcrumbList\",\"@id\":\"https:\/\/babylove.se\/no\/produkt\/cam-cam-harlequin-hylle-light-sand\/#breadcrumb\",\"itemListElement\":[{\"@type\":\"ListItem\",\"position\":1,\"name\":\"Hem\",\"item\":\"https:\/\/babylove.se\/no\/\"},{\"@type\":\"ListItem\",\"position\":2,\"name\":\"Butik\",\"item\":\"https:\/\/babylove.se\/no\/butik\/\"},{\"@type\":\"ListItem\",\"position\":3,\"name\":\"Cam Cam, Harlequin hylle, light sand\"}]},{\"@type\":\"WebSite\",\"@id\":\"https:\/\/babylove.se\/no\/#website\",\"url\":\"https:\/\/babylove.se\/no\/\",\"name\":\"Babylove Norska\",\"description\":\"\",\"potentialAction\":[{\"@type\":\"SearchAction\",\"target\":{\"@type\":\"EntryPoint\",\"urlTemplate\":\"https:\/\/babylove.se\/no\/?s={search_term_string}\"},\"query-input\":{\"@type\":\"PropertyValueSpecification\",\"valueRequired\":true,\"valueName\":\"search_term_string\"}}],\"inLanguage\":\"nb-NO\"}]}<\/script>\n<meta property=\"product:brand\" content=\"Cam Cam Copenhagen\" \/>\n<meta property=\"product:price:amount\" content=\"799.00\" \/>\n<meta property=\"product:price:currency\" content=\"SEK\" \/>\n<meta property=\"og:availability\" content=\"out of stock\" \/>\n<meta property=\"product:availability\" content=\"out of stock\" \/>\n<meta property=\"product:retailer_item_id\" content=\"2008A-54-000-EU\" \/>\n<meta property=\"product:condition\" content=\"new\" \/>\n<!-- \/ Yoast SEO Premium plugin. -->","yoast_head_json":{"title":"Cam Cam, Harlequin hylle, light sand - Babylove Norska","robots":{"index":"noindex","follow":"follow","max-snippet":"max-snippet:-1","max-image-preview":"max-image-preview:large","max-video-preview":"max-video-preview:-1"},"og_locale":"nb_NO","og_type":"article","og_title":"Cam Cam, Harlequin hylle, light sand","og_description":"Vi mangler ord for denne flotte hyllen fra danske Cam Cam Copenhagen! Plasser barnets alle favorittting eller hvorfor ikke sette favorittkoseleken p\u00e5 beste plass? Du henger enkelt opp denne hyllen p\u00e5 veggen. Utrolig detaljrik m\u00f8bel som vil bidra mye til barnerominnredningen din. Hyllen passer utmerket sammen med andre m\u00f8bler fra samme serie. M\u00e5l: 75 x [&hellip;]","og_url":"https:\/\/babylove.se\/no\/produkt\/cam-cam-harlequin-hylle-light-sand\/","og_site_name":"Babylove Norska","article_modified_time":"2026-04-08T10:34:14+00:00","og_image":[{"width":1024,"height":1024,"url":"https:\/\/babylove.se\/no\/wp-content\/uploads\/sites\/3\/2025\/07\/6343be683381f.webp","type":"image\/webp"}],"twitter_card":"summary_large_image","twitter_misc":{"Price":"799,00&nbsp;&#107;&#114;","Availability":"Out of stock"},"schema":{"@context":"https:\/\/schema.org","@graph":[{"@type":"WebPage","@id":"https:\/\/babylove.se\/no\/produkt\/cam-cam-harlequin-hylle-light-sand\/","url":"https:\/\/babylove.se\/no\/produkt\/cam-cam-harlequin-hylle-light-sand\/","name":"Cam Cam, Harlequin hylle, light sand - Babylove Norska","isPartOf":{"@id":"https:\/\/babylove.se\/no\/#website"},"primaryImageOfPage":{"@id":"https:\/\/babylove.se\/no\/produkt\/cam-cam-harlequin-hylle-light-sand\/#primaryimage"},"image":{"@id":"https:\/\/babylove.se\/no\/produkt\/cam-cam-harlequin-hylle-light-sand\/#primaryimage"},"thumbnailUrl":"https:\/\/babylove.se\/no\/wp-content\/uploads\/sites\/3\/2025\/07\/6343be683381f.webp","datePublished":"2025-07-18T22:59:21+00:00","dateModified":"2026-04-08T10:34:14+00:00","breadcrumb":{"@id":"https:\/\/babylove.se\/no\/produkt\/cam-cam-harlequin-hylle-light-sand\/#breadcrumb"},"inLanguage":"nb-NO","potentialAction":[{"@type":"ReadAction","target":["https:\/\/babylove.se\/no\/produkt\/cam-cam-harlequin-hylle-light-sand\/"]}]},{"@type":"ImageObject","inLanguage":"nb-NO","@id":"https:\/\/babylove.se\/no\/produkt\/cam-cam-harlequin-hylle-light-sand\/#primaryimage","url":"https:\/\/babylove.se\/no\/wp-content\/uploads\/sites\/3\/2025\/07\/6343be683381f.webp","contentUrl":"https:\/\/babylove.se\/no\/wp-content\/uploads\/sites\/3\/2025\/07\/6343be683381f.webp","width":1024,"height":1024},{"@type":"BreadcrumbList","@id":"https:\/\/babylove.se\/no\/produkt\/cam-cam-harlequin-hylle-light-sand\/#breadcrumb","itemListElement":[{"@type":"ListItem","position":1,"name":"Hem","item":"https:\/\/babylove.se\/no\/"},{"@type":"ListItem","position":2,"name":"Butik","item":"https:\/\/babylove.se\/no\/butik\/"},{"@type":"ListItem","position":3,"name":"Cam Cam, Harlequin hylle, light sand"}]},{"@type":"WebSite","@id":"https:\/\/babylove.se\/no\/#website","url":"https:\/\/babylove.se\/no\/","name":"Babylove Norska","description":"","potentialAction":[{"@type":"SearchAction","target":{"@type":"EntryPoint","urlTemplate":"https:\/\/babylove.se\/no\/?s={search_term_string}"},"query-input":{"@type":"PropertyValueSpecification","valueRequired":true,"valueName":"search_term_string"}}],"inLanguage":"nb-NO"}]},"product_brand":"Cam Cam Copenhagen","product_price_amount":"799.00","product_price_currency":"SEK","og_availability":"out of stock","product_availability":"out of stock","product_retailer_item_id":"2008A-54-000-EU","product_condition":"new"},"_links":{"self":[{"href":"https:\/\/babylove.se\/no\/wp-json\/wp\/v2\/product\/29101","targetHints":{"allow":["GET"]}}],"collection":[{"href":"https:\/\/babylove.se\/no\/wp-json\/wp\/v2\/product"}],"about":[{"href":"https:\/\/babylove.se\/no\/wp-json\/wp\/v2\/types\/product"}],"replies":[{"embeddable":true,"href":"https:\/\/babylove.se\/no\/wp-json\/wp\/v2\/comments?post=29101"}],"wp:featuredmedia":[{"embeddable":true,"href":"https:\/\/babylove.se\/no\/wp-json\/wp\/v2\/media\/29103"}],"wp:attachment":[{"href":"https:\/\/babylove.se\/no\/wp-json\/wp\/v2\/media?parent=29101"}],"wp:term":[{"taxonomy":"product_brand","embeddable":true,"href":"https:\/\/babylove.se\/no\/wp-json\/wp\/v2\/product_brand?post=29101"},{"taxonomy":"product_cat","embeddable":true,"href":"https:\/\/babylove.se\/no\/wp-json\/wp\/v2\/product_cat?post=29101"},{"taxonomy":"product_tag","embeddable":true,"href":"https:\/\/babylove.se\/no\/wp-json\/wp\/v2\/product_tag?post=29101"}],"curies":[{"name":"wp","href":"https:\/\/api.w.org\/{rel}","templated":true}]}}