{"id":29120,"date":"2025-07-18T23:59:21","date_gmt":"2025-07-18T22:59:21","guid":{"rendered":"https:\/\/babylove.se\/produkt\/cam-cam-gavoset-med-snuttefilt-och-skallra-fawn\/"},"modified":"2026-04-08T11:34:26","modified_gmt":"2026-04-08T10:34:26","slug":"cam-cam-gavoset-med-snutteteppe-og-skramle-fawn","status":"publish","type":"product","link":"https:\/\/babylove.se\/no\/produkt\/cam-cam-gavoset-med-snutteteppe-og-skramle-fawn\/","title":{"rendered":"Cam Cam, gavesett med koseklut og skramle, Fawn"},"content":{"rendered":"<p>Dette ekstremt s\u00f8te lille gavesettet har alt som du trenger til den nyf\u00f8dte. I den fine gavekartogen finner du to underbart myke produkter fra danske Cam Cam Copenhagen: Et snuteteppe og en skramle &#8211; begge selvf\u00f8lgelig av organisk bomull. <\/p>\n<p>Settet er selvf\u00f8lgelig perfekt som gave p\u00e5 d\u00e5pen eller babyshoweren, og kommer til \u00e5 bli meget verdsatt. Eller til deg som vil kj\u00f8pe en egen gave til ditt barn. <\/p>\n<p><strong>M\u00e5l: <\/strong>19 x 22 x 7 cm <\/p>\n<p><strong>Materiale<\/strong>: Snuteteppe: 100% GOTS-sertifisert organisk bomull. Skramle: ytterstoff &#8211; 100 % organisk bomull, fyll: 100 % OEKO TEX polyester, ring: tre. <\/p>\n<p>Snuteteppet kan vaskes i opptil 40 grader. Skramlen rengj\u00f8res med en lett fuktet klut. <\/p>\n<p>Designer:<a href=\"https:\/\/babylove.se\/varumarken\/cam-cam-copenhagen\"> Cam Cam Copenhagen<\/a><\/p>\n","protected":false},"excerpt":{"rendered":"<p>Dette ekstremt s\u00f8te lille gavesettet har alt som du trenger til den nyf\u00f8dte. I den fine gavekartogen finner du to underbart myke produkter fra danske Cam Cam Copenhagen: Et snuteteppe og en skramle &#8211; begge selvf\u00f8lgelig av organisk bomull. Settet er selvf\u00f8lgelig perfekt som gave p\u00e5 d\u00e5pen eller babyshoweren, og kommer til \u00e5 bli meget [&hellip;]<\/p>\n","protected":false},"featured_media":29122,"comment_status":"closed","ping_status":"closed","template":"","meta":{"_acf_changed":false},"product_brand":[1024],"product_cat":[1025,70,357,72,49],"product_tag":[],"class_list":{"0":"post-29120","1":"product","2":"type-product","3":"status-publish","4":"has-post-thumbnail","6":"product_brand-cam-cam-copenhagen","7":"product_cat-cam-cam-copenhagen","8":"product_cat-gaver","9":"product_cat-gavesett","10":"product_cat-julegaver","11":"product_cat-snutetepper","13":"first","14":"outofstock","15":"taxable","16":"shipping-taxable","17":"purchasable","18":"product-type-simple"},"acf":[],"yoast_head":"<!-- This site is optimized with the Yoast SEO Premium plugin v25.8 (Yoast SEO v27.2) - https:\/\/yoast.com\/product\/yoast-seo-premium-wordpress\/ -->\n<title>Cam Cam, gavesett med koseklut og skramle, Fawn - Babylove Norska<\/title>\n<meta name=\"robots\" content=\"noindex, follow, max-snippet:-1, max-image-preview:large, max-video-preview:-1\" \/>\n<meta property=\"og:locale\" content=\"nb_NO\" \/>\n<meta property=\"og:type\" content=\"article\" \/>\n<meta property=\"og:title\" content=\"Cam Cam, gavesett med koseklut og skramle, Fawn\" \/>\n<meta property=\"og:description\" content=\"Dette ekstremt s\u00f8te lille gavesettet har alt som du trenger til den nyf\u00f8dte. I den fine gavekartogen finner du to underbart myke produkter fra danske Cam Cam Copenhagen: Et snuteteppe og en skramle &#8211; begge selvf\u00f8lgelig av organisk bomull. Settet er selvf\u00f8lgelig perfekt som gave p\u00e5 d\u00e5pen eller babyshoweren, og kommer til \u00e5 bli meget [&hellip;]\" \/>\n<meta property=\"og:url\" content=\"https:\/\/babylove.se\/no\/produkt\/cam-cam-gavoset-med-snutteteppe-og-skramle-fawn\/\" \/>\n<meta property=\"og:site_name\" content=\"Babylove Norska\" \/>\n<meta property=\"article:modified_time\" content=\"2026-04-08T10:34:26+00:00\" \/>\n<meta property=\"og:image\" content=\"https:\/\/babylove.se\/no\/wp-content\/uploads\/sites\/3\/2025\/07\/616831905eca6.jpeg\" \/>\n\t<meta property=\"og:image:width\" content=\"1024\" \/>\n\t<meta property=\"og:image:height\" content=\"1024\" \/>\n\t<meta property=\"og:image:type\" content=\"image\/jpeg\" \/>\n<meta name=\"twitter:card\" content=\"summary_large_image\" \/>\n<meta name=\"twitter:label1\" content=\"Price\" \/>\n\t<meta name=\"twitter:data1\" content=\"369,00&nbsp;&#107;&#114;\" \/>\n\t<meta name=\"twitter:label2\" content=\"Availability\" \/>\n\t<meta name=\"twitter:data2\" content=\"Out of stock\" \/>\n<script type=\"application\/ld+json\" class=\"yoast-schema-graph\">{\"@context\":\"https:\/\/schema.org\",\"@graph\":[{\"@type\":\"WebPage\",\"@id\":\"https:\/\/babylove.se\/no\/produkt\/cam-cam-gavoset-med-snutteteppe-og-skramle-fawn\/\",\"url\":\"https:\/\/babylove.se\/no\/produkt\/cam-cam-gavoset-med-snutteteppe-og-skramle-fawn\/\",\"name\":\"Cam Cam, gavesett med koseklut og skramle, Fawn - Babylove Norska\",\"isPartOf\":{\"@id\":\"https:\/\/babylove.se\/no\/#website\"},\"primaryImageOfPage\":{\"@id\":\"https:\/\/babylove.se\/no\/produkt\/cam-cam-gavoset-med-snutteteppe-og-skramle-fawn\/#primaryimage\"},\"image\":{\"@id\":\"https:\/\/babylove.se\/no\/produkt\/cam-cam-gavoset-med-snutteteppe-og-skramle-fawn\/#primaryimage\"},\"thumbnailUrl\":\"https:\/\/babylove.se\/no\/wp-content\/uploads\/sites\/3\/2025\/07\/616831905eca6.jpeg\",\"datePublished\":\"2025-07-18T22:59:21+00:00\",\"dateModified\":\"2026-04-08T10:34:26+00:00\",\"breadcrumb\":{\"@id\":\"https:\/\/babylove.se\/no\/produkt\/cam-cam-gavoset-med-snutteteppe-og-skramle-fawn\/#breadcrumb\"},\"inLanguage\":\"nb-NO\",\"potentialAction\":[{\"@type\":\"ReadAction\",\"target\":[\"https:\/\/babylove.se\/no\/produkt\/cam-cam-gavoset-med-snutteteppe-og-skramle-fawn\/\"]}]},{\"@type\":\"ImageObject\",\"inLanguage\":\"nb-NO\",\"@id\":\"https:\/\/babylove.se\/no\/produkt\/cam-cam-gavoset-med-snutteteppe-og-skramle-fawn\/#primaryimage\",\"url\":\"https:\/\/babylove.se\/no\/wp-content\/uploads\/sites\/3\/2025\/07\/616831905eca6.jpeg\",\"contentUrl\":\"https:\/\/babylove.se\/no\/wp-content\/uploads\/sites\/3\/2025\/07\/616831905eca6.jpeg\",\"width\":1024,\"height\":1024},{\"@type\":\"BreadcrumbList\",\"@id\":\"https:\/\/babylove.se\/no\/produkt\/cam-cam-gavoset-med-snutteteppe-og-skramle-fawn\/#breadcrumb\",\"itemListElement\":[{\"@type\":\"ListItem\",\"position\":1,\"name\":\"Hem\",\"item\":\"https:\/\/babylove.se\/no\/\"},{\"@type\":\"ListItem\",\"position\":2,\"name\":\"Butik\",\"item\":\"https:\/\/babylove.se\/no\/butik\/\"},{\"@type\":\"ListItem\",\"position\":3,\"name\":\"Cam Cam, gavesett med koseklut og skramle, Fawn\"}]},{\"@type\":\"WebSite\",\"@id\":\"https:\/\/babylove.se\/no\/#website\",\"url\":\"https:\/\/babylove.se\/no\/\",\"name\":\"Babylove Norska\",\"description\":\"\",\"potentialAction\":[{\"@type\":\"SearchAction\",\"target\":{\"@type\":\"EntryPoint\",\"urlTemplate\":\"https:\/\/babylove.se\/no\/?s={search_term_string}\"},\"query-input\":{\"@type\":\"PropertyValueSpecification\",\"valueRequired\":true,\"valueName\":\"search_term_string\"}}],\"inLanguage\":\"nb-NO\"}]}<\/script>\n<meta property=\"product:brand\" content=\"Cam Cam Copenhagen\" \/>\n<meta property=\"product:price:amount\" content=\"369.00\" \/>\n<meta property=\"product:price:currency\" content=\"SEK\" \/>\n<meta property=\"og:availability\" content=\"out of stock\" \/>\n<meta property=\"product:availability\" content=\"out of stock\" \/>\n<meta property=\"product:retailer_item_id\" content=\"3003-P45-000-WW\" \/>\n<meta property=\"product:condition\" content=\"new\" \/>\n<!-- \/ Yoast SEO Premium plugin. -->","yoast_head_json":{"title":"Cam Cam, gavesett med koseklut og skramle, Fawn - Babylove Norska","robots":{"index":"noindex","follow":"follow","max-snippet":"max-snippet:-1","max-image-preview":"max-image-preview:large","max-video-preview":"max-video-preview:-1"},"og_locale":"nb_NO","og_type":"article","og_title":"Cam Cam, gavesett med koseklut og skramle, Fawn","og_description":"Dette ekstremt s\u00f8te lille gavesettet har alt som du trenger til den nyf\u00f8dte. I den fine gavekartogen finner du to underbart myke produkter fra danske Cam Cam Copenhagen: Et snuteteppe og en skramle &#8211; begge selvf\u00f8lgelig av organisk bomull. Settet er selvf\u00f8lgelig perfekt som gave p\u00e5 d\u00e5pen eller babyshoweren, og kommer til \u00e5 bli meget [&hellip;]","og_url":"https:\/\/babylove.se\/no\/produkt\/cam-cam-gavoset-med-snutteteppe-og-skramle-fawn\/","og_site_name":"Babylove Norska","article_modified_time":"2026-04-08T10:34:26+00:00","og_image":[{"width":1024,"height":1024,"url":"https:\/\/babylove.se\/no\/wp-content\/uploads\/sites\/3\/2025\/07\/616831905eca6.jpeg","type":"image\/jpeg"}],"twitter_card":"summary_large_image","twitter_misc":{"Price":"369,00&nbsp;&#107;&#114;","Availability":"Out of stock"},"schema":{"@context":"https:\/\/schema.org","@graph":[{"@type":"WebPage","@id":"https:\/\/babylove.se\/no\/produkt\/cam-cam-gavoset-med-snutteteppe-og-skramle-fawn\/","url":"https:\/\/babylove.se\/no\/produkt\/cam-cam-gavoset-med-snutteteppe-og-skramle-fawn\/","name":"Cam Cam, gavesett med koseklut og skramle, Fawn - Babylove Norska","isPartOf":{"@id":"https:\/\/babylove.se\/no\/#website"},"primaryImageOfPage":{"@id":"https:\/\/babylove.se\/no\/produkt\/cam-cam-gavoset-med-snutteteppe-og-skramle-fawn\/#primaryimage"},"image":{"@id":"https:\/\/babylove.se\/no\/produkt\/cam-cam-gavoset-med-snutteteppe-og-skramle-fawn\/#primaryimage"},"thumbnailUrl":"https:\/\/babylove.se\/no\/wp-content\/uploads\/sites\/3\/2025\/07\/616831905eca6.jpeg","datePublished":"2025-07-18T22:59:21+00:00","dateModified":"2026-04-08T10:34:26+00:00","breadcrumb":{"@id":"https:\/\/babylove.se\/no\/produkt\/cam-cam-gavoset-med-snutteteppe-og-skramle-fawn\/#breadcrumb"},"inLanguage":"nb-NO","potentialAction":[{"@type":"ReadAction","target":["https:\/\/babylove.se\/no\/produkt\/cam-cam-gavoset-med-snutteteppe-og-skramle-fawn\/"]}]},{"@type":"ImageObject","inLanguage":"nb-NO","@id":"https:\/\/babylove.se\/no\/produkt\/cam-cam-gavoset-med-snutteteppe-og-skramle-fawn\/#primaryimage","url":"https:\/\/babylove.se\/no\/wp-content\/uploads\/sites\/3\/2025\/07\/616831905eca6.jpeg","contentUrl":"https:\/\/babylove.se\/no\/wp-content\/uploads\/sites\/3\/2025\/07\/616831905eca6.jpeg","width":1024,"height":1024},{"@type":"BreadcrumbList","@id":"https:\/\/babylove.se\/no\/produkt\/cam-cam-gavoset-med-snutteteppe-og-skramle-fawn\/#breadcrumb","itemListElement":[{"@type":"ListItem","position":1,"name":"Hem","item":"https:\/\/babylove.se\/no\/"},{"@type":"ListItem","position":2,"name":"Butik","item":"https:\/\/babylove.se\/no\/butik\/"},{"@type":"ListItem","position":3,"name":"Cam Cam, gavesett med koseklut og skramle, Fawn"}]},{"@type":"WebSite","@id":"https:\/\/babylove.se\/no\/#website","url":"https:\/\/babylove.se\/no\/","name":"Babylove Norska","description":"","potentialAction":[{"@type":"SearchAction","target":{"@type":"EntryPoint","urlTemplate":"https:\/\/babylove.se\/no\/?s={search_term_string}"},"query-input":{"@type":"PropertyValueSpecification","valueRequired":true,"valueName":"search_term_string"}}],"inLanguage":"nb-NO"}]},"product_brand":"Cam Cam Copenhagen","product_price_amount":"369.00","product_price_currency":"SEK","og_availability":"out of stock","product_availability":"out of stock","product_retailer_item_id":"3003-P45-000-WW","product_condition":"new"},"_links":{"self":[{"href":"https:\/\/babylove.se\/no\/wp-json\/wp\/v2\/product\/29120","targetHints":{"allow":["GET"]}}],"collection":[{"href":"https:\/\/babylove.se\/no\/wp-json\/wp\/v2\/product"}],"about":[{"href":"https:\/\/babylove.se\/no\/wp-json\/wp\/v2\/types\/product"}],"replies":[{"embeddable":true,"href":"https:\/\/babylove.se\/no\/wp-json\/wp\/v2\/comments?post=29120"}],"wp:featuredmedia":[{"embeddable":true,"href":"https:\/\/babylove.se\/no\/wp-json\/wp\/v2\/media\/29122"}],"wp:attachment":[{"href":"https:\/\/babylove.se\/no\/wp-json\/wp\/v2\/media?parent=29120"}],"wp:term":[{"taxonomy":"product_brand","embeddable":true,"href":"https:\/\/babylove.se\/no\/wp-json\/wp\/v2\/product_brand?post=29120"},{"taxonomy":"product_cat","embeddable":true,"href":"https:\/\/babylove.se\/no\/wp-json\/wp\/v2\/product_cat?post=29120"},{"taxonomy":"product_tag","embeddable":true,"href":"https:\/\/babylove.se\/no\/wp-json\/wp\/v2\/product_tag?post=29120"}],"curies":[{"name":"wp","href":"https:\/\/api.w.org\/{rel}","templated":true}]}}