{"id":29185,"date":"2025-07-18T23:59:53","date_gmt":"2025-07-18T22:59:53","guid":{"rendered":"https:\/\/babylove.se\/produkt\/liewood-cyrus-silikon-matset-3-delar-mr-bear-oat-mix\/"},"modified":"2026-04-08T11:34:50","modified_gmt":"2026-04-08T10:34:50","slug":"liewood-cyrus-silikon-matset-3-deler-mr-bear-oat-mix","status":"publish","type":"product","link":"https:\/\/babylove.se\/no\/produkt\/liewood-cyrus-silikon-matset-3-deler-mr-bear-oat-mix\/","title":{"rendered":"Liewood, Cyrus silikon matsett 3 deler, Mr Bear oat mix"},"content":{"rendered":"<p>Et vakkert, slitesterkt og praktisk matsett fra danske Liewood i tre deler. Med den fine tallerkenen, sk\u00e5len og koppen vil du og ditt barn forene nytte med glede. Liewoods velkjente dyremotiv er designen for matsettet og finnes p\u00e5 alle deler. <\/p>\n<p><strong>M\u00e5l:<\/strong> Tallerken \u00d817 cm, Sk\u00e5l \u00d811,5 H4,5 cm og koppen \u00d86,5 H9 cm<br \/>\n<strong>Materiale<\/strong>: 100 % silikon fri for BPA<br \/>\nT\u00e5ler \u00e5 maskinvaskes i opptil 65 grader. <\/p>\n<p>Designer: <a href=\"https:\/\/babylove.se\/varumarken\/liewood\"><u>Liewood<\/u><\/a><\/p>\n","protected":false},"excerpt":{"rendered":"<p>Et vakkert, slitesterkt og praktisk matsett fra danske Liewood i tre deler. Med den fine tallerkenen, sk\u00e5len og koppen vil du og ditt barn forene nytte med glede. Liewoods velkjente dyremotiv er designen for matsettet og finnes p\u00e5 alle deler. M\u00e5l: Tallerken \u00d817 cm, Sk\u00e5l \u00d811,5 H4,5 cm og koppen \u00d86,5 H9 cm Materiale: 100 [&hellip;]<\/p>\n","protected":false},"featured_media":29187,"comment_status":"closed","ping_status":"closed","template":"","meta":{"_acf_changed":false},"product_brand":[282],"product_cat":[92,283],"product_tag":[],"class_list":{"0":"post-29185","1":"product","2":"type-product","3":"status-publish","4":"has-post-thumbnail","6":"product_brand-liewood","7":"product_cat-barnbestikk-matsett","8":"product_cat-liewood","10":"first","11":"outofstock","12":"taxable","13":"shipping-taxable","14":"purchasable","15":"product-type-simple"},"acf":[],"yoast_head":"<!-- This site is optimized with the Yoast SEO Premium plugin v25.8 (Yoast SEO v27.2) - https:\/\/yoast.com\/product\/yoast-seo-premium-wordpress\/ -->\n<title>Liewood, Cyrus silikon matsett 3 deler, Mr Bear oat mix - Babylove Norska<\/title>\n<meta name=\"robots\" content=\"noindex, follow, max-snippet:-1, max-image-preview:large, max-video-preview:-1\" \/>\n<meta property=\"og:locale\" content=\"nb_NO\" \/>\n<meta property=\"og:type\" content=\"article\" \/>\n<meta property=\"og:title\" content=\"Liewood, Cyrus silikon matsett 3 deler, Mr Bear oat mix\" \/>\n<meta property=\"og:description\" content=\"Et vakkert, slitesterkt og praktisk matsett fra danske Liewood i tre deler. Med den fine tallerkenen, sk\u00e5len og koppen vil du og ditt barn forene nytte med glede. Liewoods velkjente dyremotiv er designen for matsettet og finnes p\u00e5 alle deler. M\u00e5l: Tallerken \u00d817 cm, Sk\u00e5l \u00d811,5 H4,5 cm og koppen \u00d86,5 H9 cm Materiale: 100 [&hellip;]\" \/>\n<meta property=\"og:url\" content=\"https:\/\/babylove.se\/no\/produkt\/liewood-cyrus-silikon-matset-3-deler-mr-bear-oat-mix\/\" \/>\n<meta property=\"og:site_name\" content=\"Babylove Norska\" \/>\n<meta property=\"article:modified_time\" content=\"2026-04-08T10:34:50+00:00\" \/>\n<meta property=\"og:image\" content=\"https:\/\/babylove.se\/no\/wp-content\/uploads\/sites\/3\/2025\/07\/616974957feab.jpeg\" \/>\n\t<meta property=\"og:image:width\" content=\"1024\" \/>\n\t<meta property=\"og:image:height\" content=\"1024\" \/>\n\t<meta property=\"og:image:type\" content=\"image\/jpeg\" \/>\n<meta name=\"twitter:card\" content=\"summary_large_image\" \/>\n<meta name=\"twitter:label1\" content=\"Price\" \/>\n\t<meta name=\"twitter:data1\" content=\"299,00&nbsp;&#107;&#114;\" \/>\n\t<meta name=\"twitter:label2\" content=\"Availability\" \/>\n\t<meta name=\"twitter:data2\" content=\"Out of stock\" \/>\n<script type=\"application\/ld+json\" class=\"yoast-schema-graph\">{\"@context\":\"https:\/\/schema.org\",\"@graph\":[{\"@type\":\"WebPage\",\"@id\":\"https:\/\/babylove.se\/no\/produkt\/liewood-cyrus-silikon-matset-3-deler-mr-bear-oat-mix\/\",\"url\":\"https:\/\/babylove.se\/no\/produkt\/liewood-cyrus-silikon-matset-3-deler-mr-bear-oat-mix\/\",\"name\":\"Liewood, Cyrus silikon matsett 3 deler, Mr Bear oat mix - Babylove Norska\",\"isPartOf\":{\"@id\":\"https:\/\/babylove.se\/no\/#website\"},\"primaryImageOfPage\":{\"@id\":\"https:\/\/babylove.se\/no\/produkt\/liewood-cyrus-silikon-matset-3-deler-mr-bear-oat-mix\/#primaryimage\"},\"image\":{\"@id\":\"https:\/\/babylove.se\/no\/produkt\/liewood-cyrus-silikon-matset-3-deler-mr-bear-oat-mix\/#primaryimage\"},\"thumbnailUrl\":\"https:\/\/babylove.se\/no\/wp-content\/uploads\/sites\/3\/2025\/07\/616974957feab.jpeg\",\"datePublished\":\"2025-07-18T22:59:53+00:00\",\"dateModified\":\"2026-04-08T10:34:50+00:00\",\"breadcrumb\":{\"@id\":\"https:\/\/babylove.se\/no\/produkt\/liewood-cyrus-silikon-matset-3-deler-mr-bear-oat-mix\/#breadcrumb\"},\"inLanguage\":\"nb-NO\",\"potentialAction\":[{\"@type\":\"ReadAction\",\"target\":[\"https:\/\/babylove.se\/no\/produkt\/liewood-cyrus-silikon-matset-3-deler-mr-bear-oat-mix\/\"]}]},{\"@type\":\"ImageObject\",\"inLanguage\":\"nb-NO\",\"@id\":\"https:\/\/babylove.se\/no\/produkt\/liewood-cyrus-silikon-matset-3-deler-mr-bear-oat-mix\/#primaryimage\",\"url\":\"https:\/\/babylove.se\/no\/wp-content\/uploads\/sites\/3\/2025\/07\/616974957feab.jpeg\",\"contentUrl\":\"https:\/\/babylove.se\/no\/wp-content\/uploads\/sites\/3\/2025\/07\/616974957feab.jpeg\",\"width\":1024,\"height\":1024},{\"@type\":\"BreadcrumbList\",\"@id\":\"https:\/\/babylove.se\/no\/produkt\/liewood-cyrus-silikon-matset-3-deler-mr-bear-oat-mix\/#breadcrumb\",\"itemListElement\":[{\"@type\":\"ListItem\",\"position\":1,\"name\":\"Hem\",\"item\":\"https:\/\/babylove.se\/no\/\"},{\"@type\":\"ListItem\",\"position\":2,\"name\":\"Butik\",\"item\":\"https:\/\/babylove.se\/no\/butik\/\"},{\"@type\":\"ListItem\",\"position\":3,\"name\":\"Liewood, Cyrus silikon matsett 3 deler, Mr Bear oat mix\"}]},{\"@type\":\"WebSite\",\"@id\":\"https:\/\/babylove.se\/no\/#website\",\"url\":\"https:\/\/babylove.se\/no\/\",\"name\":\"Babylove Norska\",\"description\":\"\",\"potentialAction\":[{\"@type\":\"SearchAction\",\"target\":{\"@type\":\"EntryPoint\",\"urlTemplate\":\"https:\/\/babylove.se\/no\/?s={search_term_string}\"},\"query-input\":{\"@type\":\"PropertyValueSpecification\",\"valueRequired\":true,\"valueName\":\"search_term_string\"}}],\"inLanguage\":\"nb-NO\"}]}<\/script>\n<meta property=\"product:brand\" content=\"Liewood\" \/>\n<meta property=\"product:price:amount\" content=\"299.00\" \/>\n<meta property=\"product:price:currency\" content=\"SEK\" \/>\n<meta property=\"og:availability\" content=\"out of stock\" \/>\n<meta property=\"product:availability\" content=\"out of stock\" \/>\n<meta property=\"product:retailer_item_id\" content=\"LW141773075\" \/>\n<meta property=\"product:condition\" content=\"new\" \/>\n<!-- \/ Yoast SEO Premium plugin. -->","yoast_head_json":{"title":"Liewood, Cyrus silikon matsett 3 deler, Mr Bear oat mix - Babylove Norska","robots":{"index":"noindex","follow":"follow","max-snippet":"max-snippet:-1","max-image-preview":"max-image-preview:large","max-video-preview":"max-video-preview:-1"},"og_locale":"nb_NO","og_type":"article","og_title":"Liewood, Cyrus silikon matsett 3 deler, Mr Bear oat mix","og_description":"Et vakkert, slitesterkt og praktisk matsett fra danske Liewood i tre deler. Med den fine tallerkenen, sk\u00e5len og koppen vil du og ditt barn forene nytte med glede. Liewoods velkjente dyremotiv er designen for matsettet og finnes p\u00e5 alle deler. M\u00e5l: Tallerken \u00d817 cm, Sk\u00e5l \u00d811,5 H4,5 cm og koppen \u00d86,5 H9 cm Materiale: 100 [&hellip;]","og_url":"https:\/\/babylove.se\/no\/produkt\/liewood-cyrus-silikon-matset-3-deler-mr-bear-oat-mix\/","og_site_name":"Babylove Norska","article_modified_time":"2026-04-08T10:34:50+00:00","og_image":[{"width":1024,"height":1024,"url":"https:\/\/babylove.se\/no\/wp-content\/uploads\/sites\/3\/2025\/07\/616974957feab.jpeg","type":"image\/jpeg"}],"twitter_card":"summary_large_image","twitter_misc":{"Price":"299,00&nbsp;&#107;&#114;","Availability":"Out of stock"},"schema":{"@context":"https:\/\/schema.org","@graph":[{"@type":"WebPage","@id":"https:\/\/babylove.se\/no\/produkt\/liewood-cyrus-silikon-matset-3-deler-mr-bear-oat-mix\/","url":"https:\/\/babylove.se\/no\/produkt\/liewood-cyrus-silikon-matset-3-deler-mr-bear-oat-mix\/","name":"Liewood, Cyrus silikon matsett 3 deler, Mr Bear oat mix - Babylove Norska","isPartOf":{"@id":"https:\/\/babylove.se\/no\/#website"},"primaryImageOfPage":{"@id":"https:\/\/babylove.se\/no\/produkt\/liewood-cyrus-silikon-matset-3-deler-mr-bear-oat-mix\/#primaryimage"},"image":{"@id":"https:\/\/babylove.se\/no\/produkt\/liewood-cyrus-silikon-matset-3-deler-mr-bear-oat-mix\/#primaryimage"},"thumbnailUrl":"https:\/\/babylove.se\/no\/wp-content\/uploads\/sites\/3\/2025\/07\/616974957feab.jpeg","datePublished":"2025-07-18T22:59:53+00:00","dateModified":"2026-04-08T10:34:50+00:00","breadcrumb":{"@id":"https:\/\/babylove.se\/no\/produkt\/liewood-cyrus-silikon-matset-3-deler-mr-bear-oat-mix\/#breadcrumb"},"inLanguage":"nb-NO","potentialAction":[{"@type":"ReadAction","target":["https:\/\/babylove.se\/no\/produkt\/liewood-cyrus-silikon-matset-3-deler-mr-bear-oat-mix\/"]}]},{"@type":"ImageObject","inLanguage":"nb-NO","@id":"https:\/\/babylove.se\/no\/produkt\/liewood-cyrus-silikon-matset-3-deler-mr-bear-oat-mix\/#primaryimage","url":"https:\/\/babylove.se\/no\/wp-content\/uploads\/sites\/3\/2025\/07\/616974957feab.jpeg","contentUrl":"https:\/\/babylove.se\/no\/wp-content\/uploads\/sites\/3\/2025\/07\/616974957feab.jpeg","width":1024,"height":1024},{"@type":"BreadcrumbList","@id":"https:\/\/babylove.se\/no\/produkt\/liewood-cyrus-silikon-matset-3-deler-mr-bear-oat-mix\/#breadcrumb","itemListElement":[{"@type":"ListItem","position":1,"name":"Hem","item":"https:\/\/babylove.se\/no\/"},{"@type":"ListItem","position":2,"name":"Butik","item":"https:\/\/babylove.se\/no\/butik\/"},{"@type":"ListItem","position":3,"name":"Liewood, Cyrus silikon matsett 3 deler, Mr Bear oat mix"}]},{"@type":"WebSite","@id":"https:\/\/babylove.se\/no\/#website","url":"https:\/\/babylove.se\/no\/","name":"Babylove Norska","description":"","potentialAction":[{"@type":"SearchAction","target":{"@type":"EntryPoint","urlTemplate":"https:\/\/babylove.se\/no\/?s={search_term_string}"},"query-input":{"@type":"PropertyValueSpecification","valueRequired":true,"valueName":"search_term_string"}}],"inLanguage":"nb-NO"}]},"product_brand":"Liewood","product_price_amount":"299.00","product_price_currency":"SEK","og_availability":"out of stock","product_availability":"out of stock","product_retailer_item_id":"LW141773075","product_condition":"new"},"_links":{"self":[{"href":"https:\/\/babylove.se\/no\/wp-json\/wp\/v2\/product\/29185","targetHints":{"allow":["GET"]}}],"collection":[{"href":"https:\/\/babylove.se\/no\/wp-json\/wp\/v2\/product"}],"about":[{"href":"https:\/\/babylove.se\/no\/wp-json\/wp\/v2\/types\/product"}],"replies":[{"embeddable":true,"href":"https:\/\/babylove.se\/no\/wp-json\/wp\/v2\/comments?post=29185"}],"wp:featuredmedia":[{"embeddable":true,"href":"https:\/\/babylove.se\/no\/wp-json\/wp\/v2\/media\/29187"}],"wp:attachment":[{"href":"https:\/\/babylove.se\/no\/wp-json\/wp\/v2\/media?parent=29185"}],"wp:term":[{"taxonomy":"product_brand","embeddable":true,"href":"https:\/\/babylove.se\/no\/wp-json\/wp\/v2\/product_brand?post=29185"},{"taxonomy":"product_cat","embeddable":true,"href":"https:\/\/babylove.se\/no\/wp-json\/wp\/v2\/product_cat?post=29185"},{"taxonomy":"product_tag","embeddable":true,"href":"https:\/\/babylove.se\/no\/wp-json\/wp\/v2\/product_tag?post=29185"}],"curies":[{"name":"wp","href":"https:\/\/api.w.org\/{rel}","templated":true}]}}