{"id":29315,"date":"2025-07-19T00:01:33","date_gmt":"2025-07-18T23:01:33","guid":{"rendered":"https:\/\/babylove.se\/produkt\/cam-cam-skotbord-skap-harlequin-light-sand\/"},"modified":"2026-04-08T11:35:55","modified_gmt":"2026-04-08T10:35:55","slug":"cam-cam-skuddtavle-skap-harlekin-lys-sand","status":"publish","type":"product","link":"https:\/\/babylove.se\/no\/produkt\/cam-cam-skuddtavle-skap-harlekin-lys-sand\/","title":{"rendered":"Cam Cam, Stellebord Skap Harlequin Light Sand"},"content":{"rendered":"<p>Et superfint og elegant stellebord til barnerommet fra danske Cam Cam. Garderoben har dobbeltd\u00f8r og to praktiske hyller. <\/p>\n<p>Utrolig vakker m\u00f8bel som vil bidra mye til barneroms-innredningen din. Stellebordet passer utmerket sammen med andre m\u00f8bler fra samme serie. <\/p>\n<p><strong>M\u00e5l<\/strong>: <\/p>\n<ul>\n<li>Stellebord: H100 x B84 x D69 cm<\/li>\n<li>Skap: H100 x B84 x D52 cm<\/li>\n<\/ul>\n<p><strong>Materiale<\/strong>: MDF <\/p>\n<p>Fargen er giftfri i henhold til direktiv for leketoysikkerhet EN 71\/3 2013. <\/p>\n<p>Skal kun rengj\u00f8res forsiktig med en lett fuktet klut. <\/p>\n<p>Designer:<a href=\"https:\/\/babylove.se\/varumarken\/cam-cam-copenhagen\"> Cam Cam Copenhagen<\/a><\/p>\n","protected":false},"excerpt":{"rendered":"<p>Et superfint og elegant stellebord til barnerommet fra danske Cam Cam. Garderoben har dobbeltd\u00f8r og to praktiske hyller. Utrolig vakker m\u00f8bel som vil bidra mye til barneroms-innredningen din. Stellebordet passer utmerket sammen med andre m\u00f8bler fra samme serie. M\u00e5l: Stellebord: H100 x B84 x D69 cm Skap: H100 x B84 x D52 cm Materiale: MDF [&hellip;]<\/p>\n","protected":false},"featured_media":29317,"comment_status":"closed","ping_status":"closed","template":"","meta":{"_acf_changed":false},"product_brand":[1024],"product_cat":[1025,43,838],"product_tag":[],"class_list":{"0":"post-29315","1":"product","2":"type-product","3":"status-publish","4":"has-post-thumbnail","6":"product_brand-cam-cam-copenhagen","7":"product_cat-cam-cam-copenhagen","8":"product_cat-oppbevaringskurver","9":"product_cat-skap","11":"first","12":"outofstock","13":"taxable","14":"shipping-taxable","15":"purchasable","16":"product-type-simple"},"acf":[],"yoast_head":"<!-- This site is optimized with the Yoast SEO Premium plugin v25.8 (Yoast SEO v27.2) - https:\/\/yoast.com\/product\/yoast-seo-premium-wordpress\/ -->\n<title>Cam Cam, Stellebord Skap Harlequin Light Sand - Babylove Norska<\/title>\n<meta name=\"robots\" content=\"noindex, follow, max-snippet:-1, max-image-preview:large, max-video-preview:-1\" \/>\n<meta property=\"og:locale\" content=\"nb_NO\" \/>\n<meta property=\"og:type\" content=\"article\" \/>\n<meta property=\"og:title\" content=\"Cam Cam, Stellebord Skap Harlequin Light Sand\" \/>\n<meta property=\"og:description\" content=\"Et superfint og elegant stellebord til barnerommet fra danske Cam Cam. Garderoben har dobbeltd\u00f8r og to praktiske hyller. Utrolig vakker m\u00f8bel som vil bidra mye til barneroms-innredningen din. Stellebordet passer utmerket sammen med andre m\u00f8bler fra samme serie. M\u00e5l: Stellebord: H100 x B84 x D69 cm Skap: H100 x B84 x D52 cm Materiale: MDF [&hellip;]\" \/>\n<meta property=\"og:url\" content=\"https:\/\/babylove.se\/no\/produkt\/cam-cam-skuddtavle-skap-harlekin-lys-sand\/\" \/>\n<meta property=\"og:site_name\" content=\"Babylove Norska\" \/>\n<meta property=\"article:modified_time\" content=\"2026-04-08T10:35:55+00:00\" \/>\n<meta property=\"og:image\" content=\"https:\/\/babylove.se\/no\/wp-content\/uploads\/sites\/3\/2025\/07\/6170052e1bbbc.jpeg\" \/>\n\t<meta property=\"og:image:width\" content=\"900\" \/>\n\t<meta property=\"og:image:height\" content=\"900\" \/>\n\t<meta property=\"og:image:type\" content=\"image\/jpeg\" \/>\n<meta name=\"twitter:card\" content=\"summary_large_image\" \/>\n<meta name=\"twitter:label1\" content=\"Price\" \/>\n\t<meta name=\"twitter:data1\" content=\"8 399,00&nbsp;&#107;&#114;\" \/>\n\t<meta name=\"twitter:label2\" content=\"Availability\" \/>\n\t<meta name=\"twitter:data2\" content=\"Out of stock\" \/>\n<script type=\"application\/ld+json\" class=\"yoast-schema-graph\">{\"@context\":\"https:\/\/schema.org\",\"@graph\":[{\"@type\":\"WebPage\",\"@id\":\"https:\/\/babylove.se\/no\/produkt\/cam-cam-skuddtavle-skap-harlekin-lys-sand\/\",\"url\":\"https:\/\/babylove.se\/no\/produkt\/cam-cam-skuddtavle-skap-harlekin-lys-sand\/\",\"name\":\"Cam Cam, Stellebord Skap Harlequin Light Sand - Babylove Norska\",\"isPartOf\":{\"@id\":\"https:\/\/babylove.se\/no\/#website\"},\"primaryImageOfPage\":{\"@id\":\"https:\/\/babylove.se\/no\/produkt\/cam-cam-skuddtavle-skap-harlekin-lys-sand\/#primaryimage\"},\"image\":{\"@id\":\"https:\/\/babylove.se\/no\/produkt\/cam-cam-skuddtavle-skap-harlekin-lys-sand\/#primaryimage\"},\"thumbnailUrl\":\"https:\/\/babylove.se\/no\/wp-content\/uploads\/sites\/3\/2025\/07\/6170052e1bbbc.jpeg\",\"datePublished\":\"2025-07-18T23:01:33+00:00\",\"dateModified\":\"2026-04-08T10:35:55+00:00\",\"breadcrumb\":{\"@id\":\"https:\/\/babylove.se\/no\/produkt\/cam-cam-skuddtavle-skap-harlekin-lys-sand\/#breadcrumb\"},\"inLanguage\":\"nb-NO\",\"potentialAction\":[{\"@type\":\"ReadAction\",\"target\":[\"https:\/\/babylove.se\/no\/produkt\/cam-cam-skuddtavle-skap-harlekin-lys-sand\/\"]}]},{\"@type\":\"ImageObject\",\"inLanguage\":\"nb-NO\",\"@id\":\"https:\/\/babylove.se\/no\/produkt\/cam-cam-skuddtavle-skap-harlekin-lys-sand\/#primaryimage\",\"url\":\"https:\/\/babylove.se\/no\/wp-content\/uploads\/sites\/3\/2025\/07\/6170052e1bbbc.jpeg\",\"contentUrl\":\"https:\/\/babylove.se\/no\/wp-content\/uploads\/sites\/3\/2025\/07\/6170052e1bbbc.jpeg\",\"width\":900,\"height\":900},{\"@type\":\"BreadcrumbList\",\"@id\":\"https:\/\/babylove.se\/no\/produkt\/cam-cam-skuddtavle-skap-harlekin-lys-sand\/#breadcrumb\",\"itemListElement\":[{\"@type\":\"ListItem\",\"position\":1,\"name\":\"Hem\",\"item\":\"https:\/\/babylove.se\/no\/\"},{\"@type\":\"ListItem\",\"position\":2,\"name\":\"Butik\",\"item\":\"https:\/\/babylove.se\/no\/butik\/\"},{\"@type\":\"ListItem\",\"position\":3,\"name\":\"Cam Cam, Stellebord Skap Harlequin Light Sand\"}]},{\"@type\":\"WebSite\",\"@id\":\"https:\/\/babylove.se\/no\/#website\",\"url\":\"https:\/\/babylove.se\/no\/\",\"name\":\"Babylove Norska\",\"description\":\"\",\"potentialAction\":[{\"@type\":\"SearchAction\",\"target\":{\"@type\":\"EntryPoint\",\"urlTemplate\":\"https:\/\/babylove.se\/no\/?s={search_term_string}\"},\"query-input\":{\"@type\":\"PropertyValueSpecification\",\"valueRequired\":true,\"valueName\":\"search_term_string\"}}],\"inLanguage\":\"nb-NO\"}]}<\/script>\n<meta property=\"product:brand\" content=\"Cam Cam Copenhagen\" \/>\n<meta property=\"product:price:amount\" content=\"8399.00\" \/>\n<meta property=\"product:price:currency\" content=\"SEK\" \/>\n<meta property=\"og:availability\" content=\"out of stock\" \/>\n<meta property=\"product:availability\" content=\"out of stock\" \/>\n<meta property=\"product:retailer_item_id\" content=\"2001C-54-000-EU\" \/>\n<meta property=\"product:condition\" content=\"new\" \/>\n<!-- \/ Yoast SEO Premium plugin. -->","yoast_head_json":{"title":"Cam Cam, Stellebord Skap Harlequin Light Sand - Babylove Norska","robots":{"index":"noindex","follow":"follow","max-snippet":"max-snippet:-1","max-image-preview":"max-image-preview:large","max-video-preview":"max-video-preview:-1"},"og_locale":"nb_NO","og_type":"article","og_title":"Cam Cam, Stellebord Skap Harlequin Light Sand","og_description":"Et superfint og elegant stellebord til barnerommet fra danske Cam Cam. Garderoben har dobbeltd\u00f8r og to praktiske hyller. Utrolig vakker m\u00f8bel som vil bidra mye til barneroms-innredningen din. Stellebordet passer utmerket sammen med andre m\u00f8bler fra samme serie. M\u00e5l: Stellebord: H100 x B84 x D69 cm Skap: H100 x B84 x D52 cm Materiale: MDF [&hellip;]","og_url":"https:\/\/babylove.se\/no\/produkt\/cam-cam-skuddtavle-skap-harlekin-lys-sand\/","og_site_name":"Babylove Norska","article_modified_time":"2026-04-08T10:35:55+00:00","og_image":[{"width":900,"height":900,"url":"https:\/\/babylove.se\/no\/wp-content\/uploads\/sites\/3\/2025\/07\/6170052e1bbbc.jpeg","type":"image\/jpeg"}],"twitter_card":"summary_large_image","twitter_misc":{"Price":"8 399,00&nbsp;&#107;&#114;","Availability":"Out of stock"},"schema":{"@context":"https:\/\/schema.org","@graph":[{"@type":"WebPage","@id":"https:\/\/babylove.se\/no\/produkt\/cam-cam-skuddtavle-skap-harlekin-lys-sand\/","url":"https:\/\/babylove.se\/no\/produkt\/cam-cam-skuddtavle-skap-harlekin-lys-sand\/","name":"Cam Cam, Stellebord Skap Harlequin Light Sand - Babylove Norska","isPartOf":{"@id":"https:\/\/babylove.se\/no\/#website"},"primaryImageOfPage":{"@id":"https:\/\/babylove.se\/no\/produkt\/cam-cam-skuddtavle-skap-harlekin-lys-sand\/#primaryimage"},"image":{"@id":"https:\/\/babylove.se\/no\/produkt\/cam-cam-skuddtavle-skap-harlekin-lys-sand\/#primaryimage"},"thumbnailUrl":"https:\/\/babylove.se\/no\/wp-content\/uploads\/sites\/3\/2025\/07\/6170052e1bbbc.jpeg","datePublished":"2025-07-18T23:01:33+00:00","dateModified":"2026-04-08T10:35:55+00:00","breadcrumb":{"@id":"https:\/\/babylove.se\/no\/produkt\/cam-cam-skuddtavle-skap-harlekin-lys-sand\/#breadcrumb"},"inLanguage":"nb-NO","potentialAction":[{"@type":"ReadAction","target":["https:\/\/babylove.se\/no\/produkt\/cam-cam-skuddtavle-skap-harlekin-lys-sand\/"]}]},{"@type":"ImageObject","inLanguage":"nb-NO","@id":"https:\/\/babylove.se\/no\/produkt\/cam-cam-skuddtavle-skap-harlekin-lys-sand\/#primaryimage","url":"https:\/\/babylove.se\/no\/wp-content\/uploads\/sites\/3\/2025\/07\/6170052e1bbbc.jpeg","contentUrl":"https:\/\/babylove.se\/no\/wp-content\/uploads\/sites\/3\/2025\/07\/6170052e1bbbc.jpeg","width":900,"height":900},{"@type":"BreadcrumbList","@id":"https:\/\/babylove.se\/no\/produkt\/cam-cam-skuddtavle-skap-harlekin-lys-sand\/#breadcrumb","itemListElement":[{"@type":"ListItem","position":1,"name":"Hem","item":"https:\/\/babylove.se\/no\/"},{"@type":"ListItem","position":2,"name":"Butik","item":"https:\/\/babylove.se\/no\/butik\/"},{"@type":"ListItem","position":3,"name":"Cam Cam, Stellebord Skap Harlequin Light Sand"}]},{"@type":"WebSite","@id":"https:\/\/babylove.se\/no\/#website","url":"https:\/\/babylove.se\/no\/","name":"Babylove Norska","description":"","potentialAction":[{"@type":"SearchAction","target":{"@type":"EntryPoint","urlTemplate":"https:\/\/babylove.se\/no\/?s={search_term_string}"},"query-input":{"@type":"PropertyValueSpecification","valueRequired":true,"valueName":"search_term_string"}}],"inLanguage":"nb-NO"}]},"product_brand":"Cam Cam Copenhagen","product_price_amount":"8399.00","product_price_currency":"SEK","og_availability":"out of stock","product_availability":"out of stock","product_retailer_item_id":"2001C-54-000-EU","product_condition":"new"},"_links":{"self":[{"href":"https:\/\/babylove.se\/no\/wp-json\/wp\/v2\/product\/29315","targetHints":{"allow":["GET"]}}],"collection":[{"href":"https:\/\/babylove.se\/no\/wp-json\/wp\/v2\/product"}],"about":[{"href":"https:\/\/babylove.se\/no\/wp-json\/wp\/v2\/types\/product"}],"replies":[{"embeddable":true,"href":"https:\/\/babylove.se\/no\/wp-json\/wp\/v2\/comments?post=29315"}],"wp:featuredmedia":[{"embeddable":true,"href":"https:\/\/babylove.se\/no\/wp-json\/wp\/v2\/media\/29317"}],"wp:attachment":[{"href":"https:\/\/babylove.se\/no\/wp-json\/wp\/v2\/media?parent=29315"}],"wp:term":[{"taxonomy":"product_brand","embeddable":true,"href":"https:\/\/babylove.se\/no\/wp-json\/wp\/v2\/product_brand?post=29315"},{"taxonomy":"product_cat","embeddable":true,"href":"https:\/\/babylove.se\/no\/wp-json\/wp\/v2\/product_cat?post=29315"},{"taxonomy":"product_tag","embeddable":true,"href":"https:\/\/babylove.se\/no\/wp-json\/wp\/v2\/product_tag?post=29315"}],"curies":[{"name":"wp","href":"https:\/\/api.w.org\/{rel}","templated":true}]}}