{"id":29351,"date":"2025-07-19T00:01:33","date_gmt":"2025-07-18T23:01:33","guid":{"rendered":"https:\/\/babylove.se\/produkt\/cam-cam-harlequin-spjalsang-vit\/"},"modified":"2026-04-08T11:36:04","modified_gmt":"2026-04-08T10:36:04","slug":"cam-cam-harlequin-barneseng-hvit","status":"publish","type":"product","link":"https:\/\/babylove.se\/no\/produkt\/cam-cam-harlequin-barneseng-hvit\/","title":{"rendered":"Cam Cam, Harlequin sprinkelseng, hvit"},"content":{"rendered":"<p>En elegant og stilren sprinkelseng fra det danske Cam Cam Copenhagen. <\/p>\n<p>Sengen har en klassisk design med vakre sidebeskyttelser som kan monteres ned n\u00e5r barnet har blitt st\u00f8rre. Dette er barneroms innredning p\u00e5 aller h\u00f8yeste niv\u00e5. Den passer utmerket sammen med andre m\u00f8bler fra samme serie. <\/p>\n<p>Madrassh\u00f8yden er justerbar i 3 forskjellige h\u00f8yder. Sidepanelet kan fjernes med 2 barnesikre trykknapper. P\u00e5 den nye forbedrede designen synes ingen skruer p\u00e5 utsiden av sprinkelseng og sengesidene kommer forh\u00e5ndsmontert for enda enklere sengemontering hjemme. <\/p>\n<p><strong>M\u00e5l: <\/strong> Innerm\u00e5l: 61 cm x121 cm. Ytterm\u00e5l: 68 cm x 128 cm x 95 cm. <\/p>\n<p><strong>Material<\/strong>: Hode: 100% FSC-sertifisert MDF tverrstenger: 100% bj\u00f8rk. <\/p>\n<p>Fargen er giftfri i henhold til direktiv for leker sikkerhet EN 71\/3 2013. <\/p>\n<p>Rengj\u00f8res forsiktig med en lett fuktet klut. <\/p>\n<p>Designer: <a href=\"https:\/\/babylove.se\/varumarken\/cam-cam-copenhagen\">Cam Cam Copenhagen<\/a> <\/p>\n<p><em><em><em><em><em>Obs! Sengen leveres umontert og b\u00f8r settes sammen i rommet den skal brukes i.<\/em><\/em><\/em><\/em><\/em><\/p>\n","protected":false},"excerpt":{"rendered":"<p>En elegant og stilren sprinkelseng fra det danske Cam Cam Copenhagen. Sengen har en klassisk design med vakre sidebeskyttelser som kan monteres ned n\u00e5r barnet har blitt st\u00f8rre. Dette er barneroms innredning p\u00e5 aller h\u00f8yeste niv\u00e5. Den passer utmerket sammen med andre m\u00f8bler fra samme serie. Madrassh\u00f8yden er justerbar i 3 forskjellige h\u00f8yder. Sidepanelet kan [&hellip;]<\/p>\n","protected":false},"featured_media":29353,"comment_status":"closed","ping_status":"closed","template":"","meta":{"_acf_changed":false},"product_brand":[1024],"product_cat":[279,1025],"product_tag":[],"class_list":{"0":"post-29351","1":"product","2":"type-product","3":"status-publish","4":"has-post-thumbnail","6":"product_brand-cam-cam-copenhagen","7":"product_cat-spjlsngar","8":"product_cat-cam-cam-copenhagen","10":"first","11":"outofstock","12":"taxable","13":"shipping-taxable","14":"purchasable","15":"product-type-simple"},"acf":[],"yoast_head":"<!-- This site is optimized with the Yoast SEO Premium plugin v25.8 (Yoast SEO v27.2) - https:\/\/yoast.com\/product\/yoast-seo-premium-wordpress\/ -->\n<title>Cam Cam, Harlequin sprinkelseng, hvit - Babylove Norska<\/title>\n<meta name=\"robots\" content=\"noindex, follow, max-snippet:-1, max-image-preview:large, max-video-preview:-1\" \/>\n<meta property=\"og:locale\" content=\"nb_NO\" \/>\n<meta property=\"og:type\" content=\"article\" \/>\n<meta property=\"og:title\" content=\"Cam Cam, Harlequin sprinkelseng, hvit\" \/>\n<meta property=\"og:description\" content=\"En elegant og stilren sprinkelseng fra det danske Cam Cam Copenhagen. Sengen har en klassisk design med vakre sidebeskyttelser som kan monteres ned n\u00e5r barnet har blitt st\u00f8rre. Dette er barneroms innredning p\u00e5 aller h\u00f8yeste niv\u00e5. Den passer utmerket sammen med andre m\u00f8bler fra samme serie. Madrassh\u00f8yden er justerbar i 3 forskjellige h\u00f8yder. Sidepanelet kan [&hellip;]\" \/>\n<meta property=\"og:url\" content=\"https:\/\/babylove.se\/no\/produkt\/cam-cam-harlequin-barneseng-hvit\/\" \/>\n<meta property=\"og:site_name\" content=\"Babylove Norska\" \/>\n<meta property=\"article:modified_time\" content=\"2026-04-08T10:36:04+00:00\" \/>\n<meta property=\"og:image\" content=\"https:\/\/babylove.se\/no\/wp-content\/uploads\/sites\/3\/2025\/07\/61700cf954388.jpeg\" \/>\n\t<meta property=\"og:image:width\" content=\"2000\" \/>\n\t<meta property=\"og:image:height\" content=\"2000\" \/>\n\t<meta property=\"og:image:type\" content=\"image\/jpeg\" \/>\n<meta name=\"twitter:card\" content=\"summary_large_image\" \/>\n<meta name=\"twitter:label1\" content=\"Price\" \/>\n\t<meta name=\"twitter:data1\" content=\"12 599,00&nbsp;&#107;&#114;\" \/>\n\t<meta name=\"twitter:label2\" content=\"Availability\" \/>\n\t<meta name=\"twitter:data2\" content=\"Out of stock\" \/>\n<script type=\"application\/ld+json\" class=\"yoast-schema-graph\">{\"@context\":\"https:\/\/schema.org\",\"@graph\":[{\"@type\":\"WebPage\",\"@id\":\"https:\/\/babylove.se\/no\/produkt\/cam-cam-harlequin-barneseng-hvit\/\",\"url\":\"https:\/\/babylove.se\/no\/produkt\/cam-cam-harlequin-barneseng-hvit\/\",\"name\":\"Cam Cam, Harlequin sprinkelseng, hvit - Babylove Norska\",\"isPartOf\":{\"@id\":\"https:\/\/babylove.se\/no\/#website\"},\"primaryImageOfPage\":{\"@id\":\"https:\/\/babylove.se\/no\/produkt\/cam-cam-harlequin-barneseng-hvit\/#primaryimage\"},\"image\":{\"@id\":\"https:\/\/babylove.se\/no\/produkt\/cam-cam-harlequin-barneseng-hvit\/#primaryimage\"},\"thumbnailUrl\":\"https:\/\/babylove.se\/no\/wp-content\/uploads\/sites\/3\/2025\/07\/61700cf954388.jpeg\",\"datePublished\":\"2025-07-18T23:01:33+00:00\",\"dateModified\":\"2026-04-08T10:36:04+00:00\",\"breadcrumb\":{\"@id\":\"https:\/\/babylove.se\/no\/produkt\/cam-cam-harlequin-barneseng-hvit\/#breadcrumb\"},\"inLanguage\":\"nb-NO\",\"potentialAction\":[{\"@type\":\"ReadAction\",\"target\":[\"https:\/\/babylove.se\/no\/produkt\/cam-cam-harlequin-barneseng-hvit\/\"]}]},{\"@type\":\"ImageObject\",\"inLanguage\":\"nb-NO\",\"@id\":\"https:\/\/babylove.se\/no\/produkt\/cam-cam-harlequin-barneseng-hvit\/#primaryimage\",\"url\":\"https:\/\/babylove.se\/no\/wp-content\/uploads\/sites\/3\/2025\/07\/61700cf954388.jpeg\",\"contentUrl\":\"https:\/\/babylove.se\/no\/wp-content\/uploads\/sites\/3\/2025\/07\/61700cf954388.jpeg\",\"width\":2000,\"height\":2000},{\"@type\":\"BreadcrumbList\",\"@id\":\"https:\/\/babylove.se\/no\/produkt\/cam-cam-harlequin-barneseng-hvit\/#breadcrumb\",\"itemListElement\":[{\"@type\":\"ListItem\",\"position\":1,\"name\":\"Hem\",\"item\":\"https:\/\/babylove.se\/no\/\"},{\"@type\":\"ListItem\",\"position\":2,\"name\":\"Butik\",\"item\":\"https:\/\/babylove.se\/no\/butik\/\"},{\"@type\":\"ListItem\",\"position\":3,\"name\":\"Cam Cam, Harlequin sprinkelseng, hvit\"}]},{\"@type\":\"WebSite\",\"@id\":\"https:\/\/babylove.se\/no\/#website\",\"url\":\"https:\/\/babylove.se\/no\/\",\"name\":\"Babylove Norska\",\"description\":\"\",\"potentialAction\":[{\"@type\":\"SearchAction\",\"target\":{\"@type\":\"EntryPoint\",\"urlTemplate\":\"https:\/\/babylove.se\/no\/?s={search_term_string}\"},\"query-input\":{\"@type\":\"PropertyValueSpecification\",\"valueRequired\":true,\"valueName\":\"search_term_string\"}}],\"inLanguage\":\"nb-NO\"}]}<\/script>\n<meta property=\"product:brand\" content=\"Cam Cam Copenhagen\" \/>\n<meta property=\"product:price:amount\" content=\"12599.00\" \/>\n<meta property=\"product:price:currency\" content=\"SEK\" \/>\n<meta property=\"og:availability\" content=\"out of stock\" \/>\n<meta property=\"product:availability\" content=\"out of stock\" \/>\n<meta property=\"product:retailer_item_id\" content=\"2000B-23-000-EU\" \/>\n<meta property=\"product:condition\" content=\"new\" \/>\n<!-- \/ Yoast SEO Premium plugin. -->","yoast_head_json":{"title":"Cam Cam, Harlequin sprinkelseng, hvit - Babylove Norska","robots":{"index":"noindex","follow":"follow","max-snippet":"max-snippet:-1","max-image-preview":"max-image-preview:large","max-video-preview":"max-video-preview:-1"},"og_locale":"nb_NO","og_type":"article","og_title":"Cam Cam, Harlequin sprinkelseng, hvit","og_description":"En elegant og stilren sprinkelseng fra det danske Cam Cam Copenhagen. Sengen har en klassisk design med vakre sidebeskyttelser som kan monteres ned n\u00e5r barnet har blitt st\u00f8rre. Dette er barneroms innredning p\u00e5 aller h\u00f8yeste niv\u00e5. Den passer utmerket sammen med andre m\u00f8bler fra samme serie. Madrassh\u00f8yden er justerbar i 3 forskjellige h\u00f8yder. Sidepanelet kan [&hellip;]","og_url":"https:\/\/babylove.se\/no\/produkt\/cam-cam-harlequin-barneseng-hvit\/","og_site_name":"Babylove Norska","article_modified_time":"2026-04-08T10:36:04+00:00","og_image":[{"width":2000,"height":2000,"url":"https:\/\/babylove.se\/no\/wp-content\/uploads\/sites\/3\/2025\/07\/61700cf954388.jpeg","type":"image\/jpeg"}],"twitter_card":"summary_large_image","twitter_misc":{"Price":"12 599,00&nbsp;&#107;&#114;","Availability":"Out of stock"},"schema":{"@context":"https:\/\/schema.org","@graph":[{"@type":"WebPage","@id":"https:\/\/babylove.se\/no\/produkt\/cam-cam-harlequin-barneseng-hvit\/","url":"https:\/\/babylove.se\/no\/produkt\/cam-cam-harlequin-barneseng-hvit\/","name":"Cam Cam, Harlequin sprinkelseng, hvit - Babylove Norska","isPartOf":{"@id":"https:\/\/babylove.se\/no\/#website"},"primaryImageOfPage":{"@id":"https:\/\/babylove.se\/no\/produkt\/cam-cam-harlequin-barneseng-hvit\/#primaryimage"},"image":{"@id":"https:\/\/babylove.se\/no\/produkt\/cam-cam-harlequin-barneseng-hvit\/#primaryimage"},"thumbnailUrl":"https:\/\/babylove.se\/no\/wp-content\/uploads\/sites\/3\/2025\/07\/61700cf954388.jpeg","datePublished":"2025-07-18T23:01:33+00:00","dateModified":"2026-04-08T10:36:04+00:00","breadcrumb":{"@id":"https:\/\/babylove.se\/no\/produkt\/cam-cam-harlequin-barneseng-hvit\/#breadcrumb"},"inLanguage":"nb-NO","potentialAction":[{"@type":"ReadAction","target":["https:\/\/babylove.se\/no\/produkt\/cam-cam-harlequin-barneseng-hvit\/"]}]},{"@type":"ImageObject","inLanguage":"nb-NO","@id":"https:\/\/babylove.se\/no\/produkt\/cam-cam-harlequin-barneseng-hvit\/#primaryimage","url":"https:\/\/babylove.se\/no\/wp-content\/uploads\/sites\/3\/2025\/07\/61700cf954388.jpeg","contentUrl":"https:\/\/babylove.se\/no\/wp-content\/uploads\/sites\/3\/2025\/07\/61700cf954388.jpeg","width":2000,"height":2000},{"@type":"BreadcrumbList","@id":"https:\/\/babylove.se\/no\/produkt\/cam-cam-harlequin-barneseng-hvit\/#breadcrumb","itemListElement":[{"@type":"ListItem","position":1,"name":"Hem","item":"https:\/\/babylove.se\/no\/"},{"@type":"ListItem","position":2,"name":"Butik","item":"https:\/\/babylove.se\/no\/butik\/"},{"@type":"ListItem","position":3,"name":"Cam Cam, Harlequin sprinkelseng, hvit"}]},{"@type":"WebSite","@id":"https:\/\/babylove.se\/no\/#website","url":"https:\/\/babylove.se\/no\/","name":"Babylove Norska","description":"","potentialAction":[{"@type":"SearchAction","target":{"@type":"EntryPoint","urlTemplate":"https:\/\/babylove.se\/no\/?s={search_term_string}"},"query-input":{"@type":"PropertyValueSpecification","valueRequired":true,"valueName":"search_term_string"}}],"inLanguage":"nb-NO"}]},"product_brand":"Cam Cam Copenhagen","product_price_amount":"12599.00","product_price_currency":"SEK","og_availability":"out of stock","product_availability":"out of stock","product_retailer_item_id":"2000B-23-000-EU","product_condition":"new"},"_links":{"self":[{"href":"https:\/\/babylove.se\/no\/wp-json\/wp\/v2\/product\/29351","targetHints":{"allow":["GET"]}}],"collection":[{"href":"https:\/\/babylove.se\/no\/wp-json\/wp\/v2\/product"}],"about":[{"href":"https:\/\/babylove.se\/no\/wp-json\/wp\/v2\/types\/product"}],"replies":[{"embeddable":true,"href":"https:\/\/babylove.se\/no\/wp-json\/wp\/v2\/comments?post=29351"}],"wp:featuredmedia":[{"embeddable":true,"href":"https:\/\/babylove.se\/no\/wp-json\/wp\/v2\/media\/29353"}],"wp:attachment":[{"href":"https:\/\/babylove.se\/no\/wp-json\/wp\/v2\/media?parent=29351"}],"wp:term":[{"taxonomy":"product_brand","embeddable":true,"href":"https:\/\/babylove.se\/no\/wp-json\/wp\/v2\/product_brand?post=29351"},{"taxonomy":"product_cat","embeddable":true,"href":"https:\/\/babylove.se\/no\/wp-json\/wp\/v2\/product_cat?post=29351"},{"taxonomy":"product_tag","embeddable":true,"href":"https:\/\/babylove.se\/no\/wp-json\/wp\/v2\/product_tag?post=29351"}],"curies":[{"name":"wp","href":"https:\/\/api.w.org\/{rel}","templated":true}]}}