{"id":29378,"date":"2025-07-19T00:01:33","date_gmt":"2025-07-18T23:01:33","guid":{"rendered":"https:\/\/babylove.se\/produkt\/cam-cam-harlequin-spjalsang-light-sand\/"},"modified":"2026-04-08T11:36:10","modified_gmt":"2026-04-08T10:36:10","slug":"cam-cam-harlequin-sprinkelseng-light-sand","status":"publish","type":"product","link":"https:\/\/babylove.se\/no\/produkt\/cam-cam-harlequin-sprinkelseng-light-sand\/","title":{"rendered":"Cam Cam, Harlequin barneseng, light sand"},"content":{"rendered":"<p>En elegant og stilren barneseng fra det danske Cam Cam Copenhagen. <\/p>\n<p>Sengen har et klassisk design med vakre sidebeskyttelser som kan monteres ned n\u00e5r barnet har blitt st\u00f8rre. Dette er barneroms-innredning p\u00e5 aller h\u00f8yeste niv\u00e5. Den passer utmerket sammen med andre m\u00f8bler fra samme serie. <\/p>\n<p>Madrassh\u00f8yden er justerbar i 3 forskjellige h\u00f8yder. Sidepanelet kan fjernes med 2 barnesikre trykkknapper. P\u00e5 det nye forbedrede designet synes ingen skruer p\u00e5 utsiden av barnesengen og sengesidene kommer formontert for enda enklere sengmontering hjemme. <\/p>\n<p><strong>M\u00e5l: <\/strong> Innerm\u00e5l: 61 cm x121 cm. Ytterm\u00e5l: 68 cm x 128 cm x 95 cm. <\/p>\n<p><strong>Material<\/strong>: Hode: 100% FSC-sertifisert MDF tverrstenger: 100% bj\u00f8rk. <\/p>\n<p>Fargen er giftfri i henhold til direktiv for lekesikkerhet EN 71\/3 2013. <\/p>\n<p>Rengj\u00f8res forsiktig med en lett fuktet klut. <\/p>\n<p>Designer: <a href=\"https:\/\/babylove.se\/varumarken\/cam-cam-copenhagen\">Cam Cam Copenhagen<\/a> <\/p>\n<p><em><em><em><em><em>Obs! Sengen leveres umontert og b\u00f8r settes sammen i rommet den skal brukes i.<\/em><\/em><\/em><\/em><\/em><\/p>\n","protected":false},"excerpt":{"rendered":"<p>En elegant og stilren barneseng fra det danske Cam Cam Copenhagen. Sengen har et klassisk design med vakre sidebeskyttelser som kan monteres ned n\u00e5r barnet har blitt st\u00f8rre. Dette er barneroms-innredning p\u00e5 aller h\u00f8yeste niv\u00e5. Den passer utmerket sammen med andre m\u00f8bler fra samme serie. Madrassh\u00f8yden er justerbar i 3 forskjellige h\u00f8yder. Sidepanelet kan fjernes [&hellip;]<\/p>\n","protected":false},"featured_media":29380,"comment_status":"closed","ping_status":"closed","template":"","meta":{"_acf_changed":false},"product_brand":[1024],"product_cat":[279,1025],"product_tag":[],"class_list":{"0":"post-29378","1":"product","2":"type-product","3":"status-publish","4":"has-post-thumbnail","6":"product_brand-cam-cam-copenhagen","7":"product_cat-spjlsngar","8":"product_cat-cam-cam-copenhagen","10":"first","11":"outofstock","12":"taxable","13":"shipping-taxable","14":"purchasable","15":"product-type-simple"},"acf":[],"yoast_head":"<!-- This site is optimized with the Yoast SEO Premium plugin v25.8 (Yoast SEO v27.2) - https:\/\/yoast.com\/product\/yoast-seo-premium-wordpress\/ -->\n<title>Cam Cam, Harlequin barneseng, light sand - Babylove Norska<\/title>\n<meta name=\"robots\" content=\"noindex, follow, max-snippet:-1, max-image-preview:large, max-video-preview:-1\" \/>\n<meta property=\"og:locale\" content=\"nb_NO\" \/>\n<meta property=\"og:type\" content=\"article\" \/>\n<meta property=\"og:title\" content=\"Cam Cam, Harlequin barneseng, light sand\" \/>\n<meta property=\"og:description\" content=\"En elegant og stilren barneseng fra det danske Cam Cam Copenhagen. Sengen har et klassisk design med vakre sidebeskyttelser som kan monteres ned n\u00e5r barnet har blitt st\u00f8rre. Dette er barneroms-innredning p\u00e5 aller h\u00f8yeste niv\u00e5. Den passer utmerket sammen med andre m\u00f8bler fra samme serie. Madrassh\u00f8yden er justerbar i 3 forskjellige h\u00f8yder. Sidepanelet kan fjernes [&hellip;]\" \/>\n<meta property=\"og:url\" content=\"https:\/\/babylove.se\/no\/produkt\/cam-cam-harlequin-sprinkelseng-light-sand\/\" \/>\n<meta property=\"og:site_name\" content=\"Babylove Norska\" \/>\n<meta property=\"article:modified_time\" content=\"2026-04-08T10:36:10+00:00\" \/>\n<meta property=\"og:image\" content=\"https:\/\/babylove.se\/no\/wp-content\/uploads\/sites\/3\/2025\/07\/6170136748fd4.jpeg\" \/>\n\t<meta property=\"og:image:width\" content=\"681\" \/>\n\t<meta property=\"og:image:height\" content=\"749\" \/>\n\t<meta property=\"og:image:type\" content=\"image\/jpeg\" \/>\n<meta name=\"twitter:card\" content=\"summary_large_image\" \/>\n<meta name=\"twitter:label1\" content=\"Price\" \/>\n\t<meta name=\"twitter:data1\" content=\"12 599,00&nbsp;&#107;&#114;\" \/>\n\t<meta name=\"twitter:label2\" content=\"Availability\" \/>\n\t<meta name=\"twitter:data2\" content=\"Out of stock\" \/>\n<script type=\"application\/ld+json\" class=\"yoast-schema-graph\">{\"@context\":\"https:\/\/schema.org\",\"@graph\":[{\"@type\":\"WebPage\",\"@id\":\"https:\/\/babylove.se\/no\/produkt\/cam-cam-harlequin-sprinkelseng-light-sand\/\",\"url\":\"https:\/\/babylove.se\/no\/produkt\/cam-cam-harlequin-sprinkelseng-light-sand\/\",\"name\":\"Cam Cam, Harlequin barneseng, light sand - Babylove Norska\",\"isPartOf\":{\"@id\":\"https:\/\/babylove.se\/no\/#website\"},\"primaryImageOfPage\":{\"@id\":\"https:\/\/babylove.se\/no\/produkt\/cam-cam-harlequin-sprinkelseng-light-sand\/#primaryimage\"},\"image\":{\"@id\":\"https:\/\/babylove.se\/no\/produkt\/cam-cam-harlequin-sprinkelseng-light-sand\/#primaryimage\"},\"thumbnailUrl\":\"https:\/\/babylove.se\/no\/wp-content\/uploads\/sites\/3\/2025\/07\/6170136748fd4.jpeg\",\"datePublished\":\"2025-07-18T23:01:33+00:00\",\"dateModified\":\"2026-04-08T10:36:10+00:00\",\"breadcrumb\":{\"@id\":\"https:\/\/babylove.se\/no\/produkt\/cam-cam-harlequin-sprinkelseng-light-sand\/#breadcrumb\"},\"inLanguage\":\"nb-NO\",\"potentialAction\":[{\"@type\":\"ReadAction\",\"target\":[\"https:\/\/babylove.se\/no\/produkt\/cam-cam-harlequin-sprinkelseng-light-sand\/\"]}]},{\"@type\":\"ImageObject\",\"inLanguage\":\"nb-NO\",\"@id\":\"https:\/\/babylove.se\/no\/produkt\/cam-cam-harlequin-sprinkelseng-light-sand\/#primaryimage\",\"url\":\"https:\/\/babylove.se\/no\/wp-content\/uploads\/sites\/3\/2025\/07\/6170136748fd4.jpeg\",\"contentUrl\":\"https:\/\/babylove.se\/no\/wp-content\/uploads\/sites\/3\/2025\/07\/6170136748fd4.jpeg\",\"width\":681,\"height\":749},{\"@type\":\"BreadcrumbList\",\"@id\":\"https:\/\/babylove.se\/no\/produkt\/cam-cam-harlequin-sprinkelseng-light-sand\/#breadcrumb\",\"itemListElement\":[{\"@type\":\"ListItem\",\"position\":1,\"name\":\"Hem\",\"item\":\"https:\/\/babylove.se\/no\/\"},{\"@type\":\"ListItem\",\"position\":2,\"name\":\"Butik\",\"item\":\"https:\/\/babylove.se\/no\/butik\/\"},{\"@type\":\"ListItem\",\"position\":3,\"name\":\"Cam Cam, Harlequin barneseng, light sand\"}]},{\"@type\":\"WebSite\",\"@id\":\"https:\/\/babylove.se\/no\/#website\",\"url\":\"https:\/\/babylove.se\/no\/\",\"name\":\"Babylove Norska\",\"description\":\"\",\"potentialAction\":[{\"@type\":\"SearchAction\",\"target\":{\"@type\":\"EntryPoint\",\"urlTemplate\":\"https:\/\/babylove.se\/no\/?s={search_term_string}\"},\"query-input\":{\"@type\":\"PropertyValueSpecification\",\"valueRequired\":true,\"valueName\":\"search_term_string\"}}],\"inLanguage\":\"nb-NO\"}]}<\/script>\n<meta property=\"product:brand\" content=\"Cam Cam Copenhagen\" \/>\n<meta property=\"product:price:amount\" content=\"12599.00\" \/>\n<meta property=\"product:price:currency\" content=\"SEK\" \/>\n<meta property=\"og:availability\" content=\"out of stock\" \/>\n<meta property=\"product:availability\" content=\"out of stock\" \/>\n<meta property=\"product:retailer_item_id\" content=\"2000B-54-000-EU\" \/>\n<meta property=\"product:condition\" content=\"new\" \/>\n<!-- \/ Yoast SEO Premium plugin. -->","yoast_head_json":{"title":"Cam Cam, Harlequin barneseng, light sand - Babylove Norska","robots":{"index":"noindex","follow":"follow","max-snippet":"max-snippet:-1","max-image-preview":"max-image-preview:large","max-video-preview":"max-video-preview:-1"},"og_locale":"nb_NO","og_type":"article","og_title":"Cam Cam, Harlequin barneseng, light sand","og_description":"En elegant og stilren barneseng fra det danske Cam Cam Copenhagen. Sengen har et klassisk design med vakre sidebeskyttelser som kan monteres ned n\u00e5r barnet har blitt st\u00f8rre. Dette er barneroms-innredning p\u00e5 aller h\u00f8yeste niv\u00e5. Den passer utmerket sammen med andre m\u00f8bler fra samme serie. Madrassh\u00f8yden er justerbar i 3 forskjellige h\u00f8yder. Sidepanelet kan fjernes [&hellip;]","og_url":"https:\/\/babylove.se\/no\/produkt\/cam-cam-harlequin-sprinkelseng-light-sand\/","og_site_name":"Babylove Norska","article_modified_time":"2026-04-08T10:36:10+00:00","og_image":[{"width":681,"height":749,"url":"https:\/\/babylove.se\/no\/wp-content\/uploads\/sites\/3\/2025\/07\/6170136748fd4.jpeg","type":"image\/jpeg"}],"twitter_card":"summary_large_image","twitter_misc":{"Price":"12 599,00&nbsp;&#107;&#114;","Availability":"Out of stock"},"schema":{"@context":"https:\/\/schema.org","@graph":[{"@type":"WebPage","@id":"https:\/\/babylove.se\/no\/produkt\/cam-cam-harlequin-sprinkelseng-light-sand\/","url":"https:\/\/babylove.se\/no\/produkt\/cam-cam-harlequin-sprinkelseng-light-sand\/","name":"Cam Cam, Harlequin barneseng, light sand - Babylove Norska","isPartOf":{"@id":"https:\/\/babylove.se\/no\/#website"},"primaryImageOfPage":{"@id":"https:\/\/babylove.se\/no\/produkt\/cam-cam-harlequin-sprinkelseng-light-sand\/#primaryimage"},"image":{"@id":"https:\/\/babylove.se\/no\/produkt\/cam-cam-harlequin-sprinkelseng-light-sand\/#primaryimage"},"thumbnailUrl":"https:\/\/babylove.se\/no\/wp-content\/uploads\/sites\/3\/2025\/07\/6170136748fd4.jpeg","datePublished":"2025-07-18T23:01:33+00:00","dateModified":"2026-04-08T10:36:10+00:00","breadcrumb":{"@id":"https:\/\/babylove.se\/no\/produkt\/cam-cam-harlequin-sprinkelseng-light-sand\/#breadcrumb"},"inLanguage":"nb-NO","potentialAction":[{"@type":"ReadAction","target":["https:\/\/babylove.se\/no\/produkt\/cam-cam-harlequin-sprinkelseng-light-sand\/"]}]},{"@type":"ImageObject","inLanguage":"nb-NO","@id":"https:\/\/babylove.se\/no\/produkt\/cam-cam-harlequin-sprinkelseng-light-sand\/#primaryimage","url":"https:\/\/babylove.se\/no\/wp-content\/uploads\/sites\/3\/2025\/07\/6170136748fd4.jpeg","contentUrl":"https:\/\/babylove.se\/no\/wp-content\/uploads\/sites\/3\/2025\/07\/6170136748fd4.jpeg","width":681,"height":749},{"@type":"BreadcrumbList","@id":"https:\/\/babylove.se\/no\/produkt\/cam-cam-harlequin-sprinkelseng-light-sand\/#breadcrumb","itemListElement":[{"@type":"ListItem","position":1,"name":"Hem","item":"https:\/\/babylove.se\/no\/"},{"@type":"ListItem","position":2,"name":"Butik","item":"https:\/\/babylove.se\/no\/butik\/"},{"@type":"ListItem","position":3,"name":"Cam Cam, Harlequin barneseng, light sand"}]},{"@type":"WebSite","@id":"https:\/\/babylove.se\/no\/#website","url":"https:\/\/babylove.se\/no\/","name":"Babylove Norska","description":"","potentialAction":[{"@type":"SearchAction","target":{"@type":"EntryPoint","urlTemplate":"https:\/\/babylove.se\/no\/?s={search_term_string}"},"query-input":{"@type":"PropertyValueSpecification","valueRequired":true,"valueName":"search_term_string"}}],"inLanguage":"nb-NO"}]},"product_brand":"Cam Cam Copenhagen","product_price_amount":"12599.00","product_price_currency":"SEK","og_availability":"out of stock","product_availability":"out of stock","product_retailer_item_id":"2000B-54-000-EU","product_condition":"new"},"_links":{"self":[{"href":"https:\/\/babylove.se\/no\/wp-json\/wp\/v2\/product\/29378","targetHints":{"allow":["GET"]}}],"collection":[{"href":"https:\/\/babylove.se\/no\/wp-json\/wp\/v2\/product"}],"about":[{"href":"https:\/\/babylove.se\/no\/wp-json\/wp\/v2\/types\/product"}],"replies":[{"embeddable":true,"href":"https:\/\/babylove.se\/no\/wp-json\/wp\/v2\/comments?post=29378"}],"wp:featuredmedia":[{"embeddable":true,"href":"https:\/\/babylove.se\/no\/wp-json\/wp\/v2\/media\/29380"}],"wp:attachment":[{"href":"https:\/\/babylove.se\/no\/wp-json\/wp\/v2\/media?parent=29378"}],"wp:term":[{"taxonomy":"product_brand","embeddable":true,"href":"https:\/\/babylove.se\/no\/wp-json\/wp\/v2\/product_brand?post=29378"},{"taxonomy":"product_cat","embeddable":true,"href":"https:\/\/babylove.se\/no\/wp-json\/wp\/v2\/product_cat?post=29378"},{"taxonomy":"product_tag","embeddable":true,"href":"https:\/\/babylove.se\/no\/wp-json\/wp\/v2\/product_tag?post=29378"}],"curies":[{"name":"wp","href":"https:\/\/api.w.org\/{rel}","templated":true}]}}