{"id":29525,"date":"2025-07-19T00:03:24","date_gmt":"2025-07-18T23:03:24","guid":{"rendered":"https:\/\/babylove.se\/produkt\/liewood-whitney-frisorset-blue-multi-mix\/"},"modified":"2026-04-08T11:37:20","modified_gmt":"2026-04-08T10:37:20","slug":"liewood-whitney-frisorsett-blue-multi-mix","status":"publish","type":"product","link":"https:\/\/babylove.se\/no\/produkt\/liewood-whitney-frisorsett-blue-multi-mix\/","title":{"rendered":"Liewood, Whitney fris\u00f8rsett blue multi mix"},"content":{"rendered":"<p>N\u00e5 kan ditt barn starte sin egen fris\u00f8rsalong hjemme med dette fantastiske fris\u00f8rsettet fra danske Liewood! <\/p>\n<p>\u00c5 leke med h\u00e5r gj\u00f8r mer nytte enn man kan tro. Det trener ditt barns motorikk og l\u00e6rer barnet \u00e5 utforske sin egen kreativitet. <\/p>\n<p>Inneholder h\u00e5rt\u00f8rker, saks, kam, speil, h\u00e5rspray og stoffpose. <\/p>\n<p><strong>Materia<\/strong><strong>l<\/strong>: 100% silikon <\/p>\n<p>Designer:<a href=\"https:\/\/babylove.se\/varumarken\/liewood\"> Liewood<\/a><\/p>\n","protected":false},"excerpt":{"rendered":"<p>N\u00e5 kan ditt barn starte sin egen fris\u00f8rsalong hjemme med dette fantastiske fris\u00f8rsettet fra danske Liewood! \u00c5 leke med h\u00e5r gj\u00f8r mer nytte enn man kan tro. Det trener ditt barns motorikk og l\u00e6rer barnet \u00e5 utforske sin egen kreativitet. Inneholder h\u00e5rt\u00f8rker, saks, kam, speil, h\u00e5rspray og stoffpose. Material: 100% silikon Designer: Liewood<\/p>\n","protected":false},"featured_media":29527,"comment_status":"closed","ping_status":"closed","template":"","meta":{"_acf_changed":false},"product_brand":[282],"product_cat":[72,1774,68,283,322],"product_tag":[1709],"class_list":{"0":"post-29525","1":"product","2":"type-product","3":"status-publish","4":"has-post-thumbnail","6":"product_brand-liewood","7":"product_cat-julegaver","8":"product_cat-late-leker","9":"product_cat-leker","10":"product_cat-liewood","11":"product_cat-rollespill","12":"product_tag-utforsalg","14":"first","15":"instock","16":"taxable","17":"shipping-taxable","18":"purchasable","19":"product-type-simple"},"acf":[],"yoast_head":"<!-- This site is optimized with the Yoast SEO Premium plugin v25.8 (Yoast SEO v27.2) - https:\/\/yoast.com\/product\/yoast-seo-premium-wordpress\/ -->\n<title>Liewood, Whitney fris\u00f8rsett blue multi mix - Babylove Norska<\/title>\n<meta name=\"robots\" content=\"noindex, follow, max-snippet:-1, max-image-preview:large, max-video-preview:-1\" \/>\n<meta property=\"og:locale\" content=\"nb_NO\" \/>\n<meta property=\"og:type\" content=\"article\" \/>\n<meta property=\"og:title\" content=\"Liewood, Whitney fris\u00f8rsett blue multi mix\" \/>\n<meta property=\"og:description\" content=\"N\u00e5 kan ditt barn starte sin egen fris\u00f8rsalong hjemme med dette fantastiske fris\u00f8rsettet fra danske Liewood! \u00c5 leke med h\u00e5r gj\u00f8r mer nytte enn man kan tro. Det trener ditt barns motorikk og l\u00e6rer barnet \u00e5 utforske sin egen kreativitet. Inneholder h\u00e5rt\u00f8rker, saks, kam, speil, h\u00e5rspray og stoffpose. Material: 100% silikon Designer: Liewood\" \/>\n<meta property=\"og:url\" content=\"https:\/\/babylove.se\/no\/produkt\/liewood-whitney-frisorsett-blue-multi-mix\/\" \/>\n<meta property=\"og:site_name\" content=\"Babylove Norska\" \/>\n<meta property=\"article:modified_time\" content=\"2026-04-08T10:37:20+00:00\" \/>\n<meta property=\"og:image\" content=\"https:\/\/babylove.se\/no\/wp-content\/uploads\/sites\/3\/2025\/07\/617bf25cd28d4.jpeg\" \/>\n\t<meta property=\"og:image:width\" content=\"800\" \/>\n\t<meta property=\"og:image:height\" content=\"800\" \/>\n\t<meta property=\"og:image:type\" content=\"image\/jpeg\" \/>\n<meta name=\"twitter:card\" content=\"summary_large_image\" \/>\n<meta name=\"twitter:label1\" content=\"Price\" \/>\n\t<meta name=\"twitter:data1\" content=\"329,00&nbsp;&#107;&#114;\" \/>\n\t<meta name=\"twitter:label2\" content=\"Availability\" \/>\n\t<meta name=\"twitter:data2\" content=\"In stock\" \/>\n<script type=\"application\/ld+json\" class=\"yoast-schema-graph\">{\"@context\":\"https:\/\/schema.org\",\"@graph\":[{\"@type\":\"WebPage\",\"@id\":\"https:\/\/babylove.se\/no\/produkt\/liewood-whitney-frisorsett-blue-multi-mix\/\",\"url\":\"https:\/\/babylove.se\/no\/produkt\/liewood-whitney-frisorsett-blue-multi-mix\/\",\"name\":\"Liewood, Whitney fris\u00f8rsett blue multi mix - Babylove Norska\",\"isPartOf\":{\"@id\":\"https:\/\/babylove.se\/no\/#website\"},\"primaryImageOfPage\":{\"@id\":\"https:\/\/babylove.se\/no\/produkt\/liewood-whitney-frisorsett-blue-multi-mix\/#primaryimage\"},\"image\":{\"@id\":\"https:\/\/babylove.se\/no\/produkt\/liewood-whitney-frisorsett-blue-multi-mix\/#primaryimage\"},\"thumbnailUrl\":\"https:\/\/babylove.se\/no\/wp-content\/uploads\/sites\/3\/2025\/07\/617bf25cd28d4.jpeg\",\"datePublished\":\"2025-07-18T23:03:24+00:00\",\"dateModified\":\"2026-04-08T10:37:20+00:00\",\"breadcrumb\":{\"@id\":\"https:\/\/babylove.se\/no\/produkt\/liewood-whitney-frisorsett-blue-multi-mix\/#breadcrumb\"},\"inLanguage\":\"nb-NO\",\"potentialAction\":[{\"@type\":\"ReadAction\",\"target\":[\"https:\/\/babylove.se\/no\/produkt\/liewood-whitney-frisorsett-blue-multi-mix\/\"]}]},{\"@type\":\"ImageObject\",\"inLanguage\":\"nb-NO\",\"@id\":\"https:\/\/babylove.se\/no\/produkt\/liewood-whitney-frisorsett-blue-multi-mix\/#primaryimage\",\"url\":\"https:\/\/babylove.se\/no\/wp-content\/uploads\/sites\/3\/2025\/07\/617bf25cd28d4.jpeg\",\"contentUrl\":\"https:\/\/babylove.se\/no\/wp-content\/uploads\/sites\/3\/2025\/07\/617bf25cd28d4.jpeg\",\"width\":800,\"height\":800},{\"@type\":\"BreadcrumbList\",\"@id\":\"https:\/\/babylove.se\/no\/produkt\/liewood-whitney-frisorsett-blue-multi-mix\/#breadcrumb\",\"itemListElement\":[{\"@type\":\"ListItem\",\"position\":1,\"name\":\"Hem\",\"item\":\"https:\/\/babylove.se\/no\/\"},{\"@type\":\"ListItem\",\"position\":2,\"name\":\"Butik\",\"item\":\"https:\/\/babylove.se\/no\/butik\/\"},{\"@type\":\"ListItem\",\"position\":3,\"name\":\"Liewood, Whitney fris\u00f8rsett blue multi mix\"}]},{\"@type\":\"WebSite\",\"@id\":\"https:\/\/babylove.se\/no\/#website\",\"url\":\"https:\/\/babylove.se\/no\/\",\"name\":\"Babylove Norska\",\"description\":\"\",\"potentialAction\":[{\"@type\":\"SearchAction\",\"target\":{\"@type\":\"EntryPoint\",\"urlTemplate\":\"https:\/\/babylove.se\/no\/?s={search_term_string}\"},\"query-input\":{\"@type\":\"PropertyValueSpecification\",\"valueRequired\":true,\"valueName\":\"search_term_string\"}}],\"inLanguage\":\"nb-NO\"}]}<\/script>\n<meta property=\"product:brand\" content=\"Liewood\" \/>\n<meta property=\"product:price:amount\" content=\"329.00\" \/>\n<meta property=\"product:price:currency\" content=\"SEK\" \/>\n<meta property=\"og:availability\" content=\"instock\" \/>\n<meta property=\"product:availability\" content=\"instock\" \/>\n<meta property=\"product:retailer_item_id\" content=\"LW144256911\" \/>\n<meta property=\"product:condition\" content=\"new\" \/>\n<!-- \/ Yoast SEO Premium plugin. -->","yoast_head_json":{"title":"Liewood, Whitney fris\u00f8rsett blue multi mix - Babylove Norska","robots":{"index":"noindex","follow":"follow","max-snippet":"max-snippet:-1","max-image-preview":"max-image-preview:large","max-video-preview":"max-video-preview:-1"},"og_locale":"nb_NO","og_type":"article","og_title":"Liewood, Whitney fris\u00f8rsett blue multi mix","og_description":"N\u00e5 kan ditt barn starte sin egen fris\u00f8rsalong hjemme med dette fantastiske fris\u00f8rsettet fra danske Liewood! \u00c5 leke med h\u00e5r gj\u00f8r mer nytte enn man kan tro. Det trener ditt barns motorikk og l\u00e6rer barnet \u00e5 utforske sin egen kreativitet. Inneholder h\u00e5rt\u00f8rker, saks, kam, speil, h\u00e5rspray og stoffpose. Material: 100% silikon Designer: Liewood","og_url":"https:\/\/babylove.se\/no\/produkt\/liewood-whitney-frisorsett-blue-multi-mix\/","og_site_name":"Babylove Norska","article_modified_time":"2026-04-08T10:37:20+00:00","og_image":[{"width":800,"height":800,"url":"https:\/\/babylove.se\/no\/wp-content\/uploads\/sites\/3\/2025\/07\/617bf25cd28d4.jpeg","type":"image\/jpeg"}],"twitter_card":"summary_large_image","twitter_misc":{"Price":"329,00&nbsp;&#107;&#114;","Availability":"In stock"},"schema":{"@context":"https:\/\/schema.org","@graph":[{"@type":"WebPage","@id":"https:\/\/babylove.se\/no\/produkt\/liewood-whitney-frisorsett-blue-multi-mix\/","url":"https:\/\/babylove.se\/no\/produkt\/liewood-whitney-frisorsett-blue-multi-mix\/","name":"Liewood, Whitney fris\u00f8rsett blue multi mix - Babylove Norska","isPartOf":{"@id":"https:\/\/babylove.se\/no\/#website"},"primaryImageOfPage":{"@id":"https:\/\/babylove.se\/no\/produkt\/liewood-whitney-frisorsett-blue-multi-mix\/#primaryimage"},"image":{"@id":"https:\/\/babylove.se\/no\/produkt\/liewood-whitney-frisorsett-blue-multi-mix\/#primaryimage"},"thumbnailUrl":"https:\/\/babylove.se\/no\/wp-content\/uploads\/sites\/3\/2025\/07\/617bf25cd28d4.jpeg","datePublished":"2025-07-18T23:03:24+00:00","dateModified":"2026-04-08T10:37:20+00:00","breadcrumb":{"@id":"https:\/\/babylove.se\/no\/produkt\/liewood-whitney-frisorsett-blue-multi-mix\/#breadcrumb"},"inLanguage":"nb-NO","potentialAction":[{"@type":"ReadAction","target":["https:\/\/babylove.se\/no\/produkt\/liewood-whitney-frisorsett-blue-multi-mix\/"]}]},{"@type":"ImageObject","inLanguage":"nb-NO","@id":"https:\/\/babylove.se\/no\/produkt\/liewood-whitney-frisorsett-blue-multi-mix\/#primaryimage","url":"https:\/\/babylove.se\/no\/wp-content\/uploads\/sites\/3\/2025\/07\/617bf25cd28d4.jpeg","contentUrl":"https:\/\/babylove.se\/no\/wp-content\/uploads\/sites\/3\/2025\/07\/617bf25cd28d4.jpeg","width":800,"height":800},{"@type":"BreadcrumbList","@id":"https:\/\/babylove.se\/no\/produkt\/liewood-whitney-frisorsett-blue-multi-mix\/#breadcrumb","itemListElement":[{"@type":"ListItem","position":1,"name":"Hem","item":"https:\/\/babylove.se\/no\/"},{"@type":"ListItem","position":2,"name":"Butik","item":"https:\/\/babylove.se\/no\/butik\/"},{"@type":"ListItem","position":3,"name":"Liewood, Whitney fris\u00f8rsett blue multi mix"}]},{"@type":"WebSite","@id":"https:\/\/babylove.se\/no\/#website","url":"https:\/\/babylove.se\/no\/","name":"Babylove Norska","description":"","potentialAction":[{"@type":"SearchAction","target":{"@type":"EntryPoint","urlTemplate":"https:\/\/babylove.se\/no\/?s={search_term_string}"},"query-input":{"@type":"PropertyValueSpecification","valueRequired":true,"valueName":"search_term_string"}}],"inLanguage":"nb-NO"}]},"product_brand":"Liewood","product_price_amount":"329.00","product_price_currency":"SEK","og_availability":"instock","product_availability":"instock","product_retailer_item_id":"LW144256911","product_condition":"new"},"_links":{"self":[{"href":"https:\/\/babylove.se\/no\/wp-json\/wp\/v2\/product\/29525","targetHints":{"allow":["GET"]}}],"collection":[{"href":"https:\/\/babylove.se\/no\/wp-json\/wp\/v2\/product"}],"about":[{"href":"https:\/\/babylove.se\/no\/wp-json\/wp\/v2\/types\/product"}],"replies":[{"embeddable":true,"href":"https:\/\/babylove.se\/no\/wp-json\/wp\/v2\/comments?post=29525"}],"wp:featuredmedia":[{"embeddable":true,"href":"https:\/\/babylove.se\/no\/wp-json\/wp\/v2\/media\/29527"}],"wp:attachment":[{"href":"https:\/\/babylove.se\/no\/wp-json\/wp\/v2\/media?parent=29525"}],"wp:term":[{"taxonomy":"product_brand","embeddable":true,"href":"https:\/\/babylove.se\/no\/wp-json\/wp\/v2\/product_brand?post=29525"},{"taxonomy":"product_cat","embeddable":true,"href":"https:\/\/babylove.se\/no\/wp-json\/wp\/v2\/product_cat?post=29525"},{"taxonomy":"product_tag","embeddable":true,"href":"https:\/\/babylove.se\/no\/wp-json\/wp\/v2\/product_tag?post=29525"}],"curies":[{"name":"wp","href":"https:\/\/api.w.org\/{rel}","templated":true}]}}