{"id":29533,"date":"2025-07-19T00:03:24","date_gmt":"2025-07-18T23:03:24","guid":{"rendered":"https:\/\/babylove.se\/produkt\/liewood-vimpel-happi-tuscany-rose-multi-mix\/"},"modified":"2026-04-08T11:37:23","modified_gmt":"2026-04-08T10:37:23","slug":"liewood-vimpel-happi-tuscany-rose-multi-miks","status":"publish","type":"product","link":"https:\/\/babylove.se\/no\/produkt\/liewood-vimpel-happi-tuscany-rose-multi-miks\/","title":{"rendered":"Liewood vimpel Happi, tuscany rose multi mix"},"content":{"rendered":"<p>En vakker og stilfull vimpel fra det danske selskapet Liewood, kjent for sin fine design. Dette er et av de enkleste hjelpemidlene man kan skaffe for \u00e5 l\u00f8fte barnerommets innredning p\u00e5 en enkel m\u00e5te. <\/p>\n<p>Vimpelen er laget av 100 % \u00f8kologisk bomull. <\/p>\n<p><strong>M\u00e5l<\/strong>: Lengde 300 cm <\/p>\n<p>Vaskeinstruksjoner: Vask i kaldt vann ? Ikke bl\u00f8tlegg ? Ikke t\u00f8rk i t\u00f8rketrommel ? Ikke blek ? Ikke stryk ?Vask med lignende farger <\/p>\n<p>Designer: <a href=\"https:\/\/babylove.se\/varumarken\/liewood\"><u>Liewood<\/u><\/a><\/p>\n","protected":false},"excerpt":{"rendered":"<p>En vakker og stilfull vimpel fra det danske selskapet Liewood, kjent for sin fine design. Dette er et av de enkleste hjelpemidlene man kan skaffe for \u00e5 l\u00f8fte barnerommets innredning p\u00e5 en enkel m\u00e5te. Vimpelen er laget av 100 % \u00f8kologisk bomull. M\u00e5l: Lengde 300 cm Vaskeinstruksjoner: Vask i kaldt vann ? Ikke bl\u00f8tlegg ? [&hellip;]<\/p>\n","protected":false},"featured_media":29535,"comment_status":"closed","ping_status":"closed","template":"","meta":{"_acf_changed":false},"product_brand":[282],"product_cat":[283,58],"product_tag":[],"class_list":{"0":"post-29533","1":"product","2":"type-product","3":"status-publish","4":"has-post-thumbnail","6":"product_brand-liewood","7":"product_cat-liewood","8":"product_cat-vimpler","10":"first","11":"outofstock","12":"taxable","13":"shipping-taxable","14":"purchasable","15":"product-type-simple"},"acf":[],"yoast_head":"<!-- This site is optimized with the Yoast SEO Premium plugin v25.8 (Yoast SEO v27.2) - https:\/\/yoast.com\/product\/yoast-seo-premium-wordpress\/ -->\n<title>Liewood vimpel Happi, tuscany rose multi mix - Babylove Norska<\/title>\n<meta name=\"robots\" content=\"noindex, follow, max-snippet:-1, max-image-preview:large, max-video-preview:-1\" \/>\n<meta property=\"og:locale\" content=\"nb_NO\" \/>\n<meta property=\"og:type\" content=\"article\" \/>\n<meta property=\"og:title\" content=\"Liewood vimpel Happi, tuscany rose multi mix\" \/>\n<meta property=\"og:description\" content=\"En vakker og stilfull vimpel fra det danske selskapet Liewood, kjent for sin fine design. Dette er et av de enkleste hjelpemidlene man kan skaffe for \u00e5 l\u00f8fte barnerommets innredning p\u00e5 en enkel m\u00e5te. Vimpelen er laget av 100 % \u00f8kologisk bomull. M\u00e5l: Lengde 300 cm Vaskeinstruksjoner: Vask i kaldt vann ? Ikke bl\u00f8tlegg ? [&hellip;]\" \/>\n<meta property=\"og:url\" content=\"https:\/\/babylove.se\/no\/produkt\/liewood-vimpel-happi-tuscany-rose-multi-miks\/\" \/>\n<meta property=\"og:site_name\" content=\"Babylove Norska\" \/>\n<meta property=\"article:modified_time\" content=\"2026-04-08T10:37:23+00:00\" \/>\n<meta property=\"og:image\" content=\"https:\/\/babylove.se\/no\/wp-content\/uploads\/sites\/3\/2025\/07\/617bf50b92ca0.jpeg\" \/>\n\t<meta property=\"og:image:width\" content=\"800\" \/>\n\t<meta property=\"og:image:height\" content=\"800\" \/>\n\t<meta property=\"og:image:type\" content=\"image\/jpeg\" \/>\n<meta name=\"twitter:card\" content=\"summary_large_image\" \/>\n<meta name=\"twitter:label1\" content=\"Price\" \/>\n\t<meta name=\"twitter:data1\" content=\"239,00&nbsp;&#107;&#114;\" \/>\n\t<meta name=\"twitter:label2\" content=\"Availability\" \/>\n\t<meta name=\"twitter:data2\" content=\"Out of stock\" \/>\n<script type=\"application\/ld+json\" class=\"yoast-schema-graph\">{\"@context\":\"https:\/\/schema.org\",\"@graph\":[{\"@type\":\"WebPage\",\"@id\":\"https:\/\/babylove.se\/no\/produkt\/liewood-vimpel-happi-tuscany-rose-multi-miks\/\",\"url\":\"https:\/\/babylove.se\/no\/produkt\/liewood-vimpel-happi-tuscany-rose-multi-miks\/\",\"name\":\"Liewood vimpel Happi, tuscany rose multi mix - Babylove Norska\",\"isPartOf\":{\"@id\":\"https:\/\/babylove.se\/no\/#website\"},\"primaryImageOfPage\":{\"@id\":\"https:\/\/babylove.se\/no\/produkt\/liewood-vimpel-happi-tuscany-rose-multi-miks\/#primaryimage\"},\"image\":{\"@id\":\"https:\/\/babylove.se\/no\/produkt\/liewood-vimpel-happi-tuscany-rose-multi-miks\/#primaryimage\"},\"thumbnailUrl\":\"https:\/\/babylove.se\/no\/wp-content\/uploads\/sites\/3\/2025\/07\/617bf50b92ca0.jpeg\",\"datePublished\":\"2025-07-18T23:03:24+00:00\",\"dateModified\":\"2026-04-08T10:37:23+00:00\",\"breadcrumb\":{\"@id\":\"https:\/\/babylove.se\/no\/produkt\/liewood-vimpel-happi-tuscany-rose-multi-miks\/#breadcrumb\"},\"inLanguage\":\"nb-NO\",\"potentialAction\":[{\"@type\":\"ReadAction\",\"target\":[\"https:\/\/babylove.se\/no\/produkt\/liewood-vimpel-happi-tuscany-rose-multi-miks\/\"]}]},{\"@type\":\"ImageObject\",\"inLanguage\":\"nb-NO\",\"@id\":\"https:\/\/babylove.se\/no\/produkt\/liewood-vimpel-happi-tuscany-rose-multi-miks\/#primaryimage\",\"url\":\"https:\/\/babylove.se\/no\/wp-content\/uploads\/sites\/3\/2025\/07\/617bf50b92ca0.jpeg\",\"contentUrl\":\"https:\/\/babylove.se\/no\/wp-content\/uploads\/sites\/3\/2025\/07\/617bf50b92ca0.jpeg\",\"width\":800,\"height\":800},{\"@type\":\"BreadcrumbList\",\"@id\":\"https:\/\/babylove.se\/no\/produkt\/liewood-vimpel-happi-tuscany-rose-multi-miks\/#breadcrumb\",\"itemListElement\":[{\"@type\":\"ListItem\",\"position\":1,\"name\":\"Hem\",\"item\":\"https:\/\/babylove.se\/no\/\"},{\"@type\":\"ListItem\",\"position\":2,\"name\":\"Butik\",\"item\":\"https:\/\/babylove.se\/no\/butik\/\"},{\"@type\":\"ListItem\",\"position\":3,\"name\":\"Liewood vimpel Happi, tuscany rose multi mix\"}]},{\"@type\":\"WebSite\",\"@id\":\"https:\/\/babylove.se\/no\/#website\",\"url\":\"https:\/\/babylove.se\/no\/\",\"name\":\"Babylove Norska\",\"description\":\"\",\"potentialAction\":[{\"@type\":\"SearchAction\",\"target\":{\"@type\":\"EntryPoint\",\"urlTemplate\":\"https:\/\/babylove.se\/no\/?s={search_term_string}\"},\"query-input\":{\"@type\":\"PropertyValueSpecification\",\"valueRequired\":true,\"valueName\":\"search_term_string\"}}],\"inLanguage\":\"nb-NO\"}]}<\/script>\n<meta property=\"product:brand\" content=\"Liewood\" \/>\n<meta property=\"product:price:amount\" content=\"239.00\" \/>\n<meta property=\"product:price:currency\" content=\"SEK\" \/>\n<meta property=\"og:availability\" content=\"out of stock\" \/>\n<meta property=\"product:availability\" content=\"out of stock\" \/>\n<meta property=\"product:retailer_item_id\" content=\"LW143392076\" \/>\n<meta property=\"product:condition\" content=\"new\" \/>\n<!-- \/ Yoast SEO Premium plugin. -->","yoast_head_json":{"title":"Liewood vimpel Happi, tuscany rose multi mix - Babylove Norska","robots":{"index":"noindex","follow":"follow","max-snippet":"max-snippet:-1","max-image-preview":"max-image-preview:large","max-video-preview":"max-video-preview:-1"},"og_locale":"nb_NO","og_type":"article","og_title":"Liewood vimpel Happi, tuscany rose multi mix","og_description":"En vakker og stilfull vimpel fra det danske selskapet Liewood, kjent for sin fine design. Dette er et av de enkleste hjelpemidlene man kan skaffe for \u00e5 l\u00f8fte barnerommets innredning p\u00e5 en enkel m\u00e5te. Vimpelen er laget av 100 % \u00f8kologisk bomull. M\u00e5l: Lengde 300 cm Vaskeinstruksjoner: Vask i kaldt vann ? Ikke bl\u00f8tlegg ? [&hellip;]","og_url":"https:\/\/babylove.se\/no\/produkt\/liewood-vimpel-happi-tuscany-rose-multi-miks\/","og_site_name":"Babylove Norska","article_modified_time":"2026-04-08T10:37:23+00:00","og_image":[{"width":800,"height":800,"url":"https:\/\/babylove.se\/no\/wp-content\/uploads\/sites\/3\/2025\/07\/617bf50b92ca0.jpeg","type":"image\/jpeg"}],"twitter_card":"summary_large_image","twitter_misc":{"Price":"239,00&nbsp;&#107;&#114;","Availability":"Out of stock"},"schema":{"@context":"https:\/\/schema.org","@graph":[{"@type":"WebPage","@id":"https:\/\/babylove.se\/no\/produkt\/liewood-vimpel-happi-tuscany-rose-multi-miks\/","url":"https:\/\/babylove.se\/no\/produkt\/liewood-vimpel-happi-tuscany-rose-multi-miks\/","name":"Liewood vimpel Happi, tuscany rose multi mix - Babylove Norska","isPartOf":{"@id":"https:\/\/babylove.se\/no\/#website"},"primaryImageOfPage":{"@id":"https:\/\/babylove.se\/no\/produkt\/liewood-vimpel-happi-tuscany-rose-multi-miks\/#primaryimage"},"image":{"@id":"https:\/\/babylove.se\/no\/produkt\/liewood-vimpel-happi-tuscany-rose-multi-miks\/#primaryimage"},"thumbnailUrl":"https:\/\/babylove.se\/no\/wp-content\/uploads\/sites\/3\/2025\/07\/617bf50b92ca0.jpeg","datePublished":"2025-07-18T23:03:24+00:00","dateModified":"2026-04-08T10:37:23+00:00","breadcrumb":{"@id":"https:\/\/babylove.se\/no\/produkt\/liewood-vimpel-happi-tuscany-rose-multi-miks\/#breadcrumb"},"inLanguage":"nb-NO","potentialAction":[{"@type":"ReadAction","target":["https:\/\/babylove.se\/no\/produkt\/liewood-vimpel-happi-tuscany-rose-multi-miks\/"]}]},{"@type":"ImageObject","inLanguage":"nb-NO","@id":"https:\/\/babylove.se\/no\/produkt\/liewood-vimpel-happi-tuscany-rose-multi-miks\/#primaryimage","url":"https:\/\/babylove.se\/no\/wp-content\/uploads\/sites\/3\/2025\/07\/617bf50b92ca0.jpeg","contentUrl":"https:\/\/babylove.se\/no\/wp-content\/uploads\/sites\/3\/2025\/07\/617bf50b92ca0.jpeg","width":800,"height":800},{"@type":"BreadcrumbList","@id":"https:\/\/babylove.se\/no\/produkt\/liewood-vimpel-happi-tuscany-rose-multi-miks\/#breadcrumb","itemListElement":[{"@type":"ListItem","position":1,"name":"Hem","item":"https:\/\/babylove.se\/no\/"},{"@type":"ListItem","position":2,"name":"Butik","item":"https:\/\/babylove.se\/no\/butik\/"},{"@type":"ListItem","position":3,"name":"Liewood vimpel Happi, tuscany rose multi mix"}]},{"@type":"WebSite","@id":"https:\/\/babylove.se\/no\/#website","url":"https:\/\/babylove.se\/no\/","name":"Babylove Norska","description":"","potentialAction":[{"@type":"SearchAction","target":{"@type":"EntryPoint","urlTemplate":"https:\/\/babylove.se\/no\/?s={search_term_string}"},"query-input":{"@type":"PropertyValueSpecification","valueRequired":true,"valueName":"search_term_string"}}],"inLanguage":"nb-NO"}]},"product_brand":"Liewood","product_price_amount":"239.00","product_price_currency":"SEK","og_availability":"out of stock","product_availability":"out of stock","product_retailer_item_id":"LW143392076","product_condition":"new"},"_links":{"self":[{"href":"https:\/\/babylove.se\/no\/wp-json\/wp\/v2\/product\/29533","targetHints":{"allow":["GET"]}}],"collection":[{"href":"https:\/\/babylove.se\/no\/wp-json\/wp\/v2\/product"}],"about":[{"href":"https:\/\/babylove.se\/no\/wp-json\/wp\/v2\/types\/product"}],"replies":[{"embeddable":true,"href":"https:\/\/babylove.se\/no\/wp-json\/wp\/v2\/comments?post=29533"}],"wp:featuredmedia":[{"embeddable":true,"href":"https:\/\/babylove.se\/no\/wp-json\/wp\/v2\/media\/29535"}],"wp:attachment":[{"href":"https:\/\/babylove.se\/no\/wp-json\/wp\/v2\/media?parent=29533"}],"wp:term":[{"taxonomy":"product_brand","embeddable":true,"href":"https:\/\/babylove.se\/no\/wp-json\/wp\/v2\/product_brand?post=29533"},{"taxonomy":"product_cat","embeddable":true,"href":"https:\/\/babylove.se\/no\/wp-json\/wp\/v2\/product_cat?post=29533"},{"taxonomy":"product_tag","embeddable":true,"href":"https:\/\/babylove.se\/no\/wp-json\/wp\/v2\/product_tag?post=29533"}],"curies":[{"name":"wp","href":"https:\/\/api.w.org\/{rel}","templated":true}]}}