{"id":29549,"date":"2025-07-19T00:03:24","date_gmt":"2025-07-18T23:03:24","guid":{"rendered":"https:\/\/babylove.se\/produkt\/mr-maria-boris-nightlight-nattlampa\/"},"modified":"2026-04-08T11:37:31","modified_gmt":"2026-04-08T10:37:31","slug":"mr-maria-boris-nattlys-nattlampe","status":"publish","type":"product","link":"https:\/\/babylove.se\/no\/produkt\/mr-maria-boris-nattlys-nattlampe\/","title":{"rendered":"Mr Maria, Boris nattlys, nattlampe"},"content":{"rendered":"<p>Mange har spurt etter en noe mindre Borislampe enn de som hittil har v\u00e6rt p\u00e5 markedet, n\u00e5 er den endelig her, den lille Borislampen fra Mr Maria. Denne lampen er den ultimate barnerromslampen helt laget av myk silikon.&nbsp;<\/p>\n<p>Lampen lades enkelt opp med en USB-kabel (to timers lading gir 24 timers lys) og kan deretter plasseres hvor du vil i hjemmet. Den vil v\u00e6re like vakker ved siden av barnesengen som p\u00e5 en hylle i barnerommet. Lampen er ogs\u00e5 perfekt som en nattlampe da den kommer med dimmer-funksjon og du kan enkelt tilpasse lyset til det som passer best for \u00f8yeblikket. LED-lampen gj\u00f8r lyset varmt og klart, samtidig som det fortsatt er mykt. Borislampen verdsettes ogs\u00e5 for sitt design, da den er vakker \u00e5 se p\u00e5 selv n\u00e5r den ikke lyser.&nbsp;<\/p>\n<p>I tillegg er den meget holdbar, takket v\u00e6re produksjonsmetoden som gj\u00f8r at den vil holde selv om den faller i bakken. Lampen leveres i en vakker kartong, noe som gj\u00f8r at den er perfekt \u00e5 gi bort p\u00e5 d\u00e5p eller bursdag.<\/p>\n<p><strong>St\u00f8rrelse<\/strong>: 14x20x21cm<\/p>\n<p><strong>Materiale<\/strong>: myk silikon, BPA free<\/p>\n<p>Designer: <a href=\"https:\/\/babylove.se\/varumarken\/mr-maria\"><u>Mr Maria&nbsp;<\/u><\/a><\/p>\n","protected":false},"excerpt":{"rendered":"<p>Mange har spurt etter en noe mindre Borislampe enn de som hittil har v\u00e6rt p\u00e5 markedet, n\u00e5 er den endelig her, den lille Borislampen fra Mr Maria. Denne lampen er den ultimate barnerromslampen helt laget av myk silikon.&nbsp; Lampen lades enkelt opp med en USB-kabel (to timers lading gir 24 timers lys) og kan deretter [&hellip;]<\/p>\n","protected":false},"featured_media":29551,"comment_status":"closed","ping_status":"open","template":"","meta":{"_acf_changed":false},"product_brand":[176],"product_cat":[70,72,166,31,177,178,179],"product_tag":[],"class_list":{"0":"post-29549","1":"product","2":"type-product","3":"status-publish","4":"has-post-thumbnail","6":"product_brand-mr-maria","7":"product_cat-gaver","8":"product_cat-julegaver","9":"product_cat-lyskuler","10":"product_cat-lamper","11":"product_cat-miffy","12":"product_cat-mr-maria","13":"product_cat-nattlamper","15":"first","16":"outofstock","17":"taxable","18":"shipping-taxable","19":"purchasable","20":"product-type-simple"},"acf":[],"yoast_head":"<!-- This site is optimized with the Yoast SEO Premium plugin v25.8 (Yoast SEO v27.2) - https:\/\/yoast.com\/product\/yoast-seo-premium-wordpress\/ -->\n<title>Mr Maria, Boris nattlys, nattlampe - Babylove Norska<\/title>\n<meta name=\"robots\" content=\"noindex, follow, max-snippet:-1, max-image-preview:large, max-video-preview:-1\" \/>\n<meta property=\"og:locale\" content=\"nb_NO\" \/>\n<meta property=\"og:type\" content=\"article\" \/>\n<meta property=\"og:title\" content=\"Mr Maria, Boris nattlys, nattlampe\" \/>\n<meta property=\"og:description\" content=\"Mange har spurt etter en noe mindre Borislampe enn de som hittil har v\u00e6rt p\u00e5 markedet, n\u00e5 er den endelig her, den lille Borislampen fra Mr Maria. Denne lampen er den ultimate barnerromslampen helt laget av myk silikon.&nbsp; Lampen lades enkelt opp med en USB-kabel (to timers lading gir 24 timers lys) og kan deretter [&hellip;]\" \/>\n<meta property=\"og:url\" content=\"https:\/\/babylove.se\/no\/produkt\/mr-maria-boris-nattlys-nattlampe\/\" \/>\n<meta property=\"og:site_name\" content=\"Babylove Norska\" \/>\n<meta property=\"article:modified_time\" content=\"2026-04-08T10:37:31+00:00\" \/>\n<meta property=\"og:image\" content=\"https:\/\/babylove.se\/no\/wp-content\/uploads\/sites\/3\/2025\/07\/617ffb44e933c.jpeg\" \/>\n\t<meta property=\"og:image:width\" content=\"760\" \/>\n\t<meta property=\"og:image:height\" content=\"760\" \/>\n\t<meta property=\"og:image:type\" content=\"image\/webp\" \/>\n<meta name=\"twitter:card\" content=\"summary_large_image\" \/>\n<meta name=\"twitter:label1\" content=\"Price\" \/>\n\t<meta name=\"twitter:data1\" content=\"849,00&nbsp;&#107;&#114;\" \/>\n\t<meta name=\"twitter:label2\" content=\"Availability\" \/>\n\t<meta name=\"twitter:data2\" content=\"Out of stock\" \/>\n<script type=\"application\/ld+json\" class=\"yoast-schema-graph\">{\"@context\":\"https:\/\/schema.org\",\"@graph\":[{\"@type\":\"WebPage\",\"@id\":\"https:\/\/babylove.se\/no\/produkt\/mr-maria-boris-nattlys-nattlampe\/\",\"url\":\"https:\/\/babylove.se\/no\/produkt\/mr-maria-boris-nattlys-nattlampe\/\",\"name\":\"Mr Maria, Boris nattlys, nattlampe - Babylove Norska\",\"isPartOf\":{\"@id\":\"https:\/\/babylove.se\/no\/#website\"},\"primaryImageOfPage\":{\"@id\":\"https:\/\/babylove.se\/no\/produkt\/mr-maria-boris-nattlys-nattlampe\/#primaryimage\"},\"image\":{\"@id\":\"https:\/\/babylove.se\/no\/produkt\/mr-maria-boris-nattlys-nattlampe\/#primaryimage\"},\"thumbnailUrl\":\"https:\/\/babylove.se\/no\/wp-content\/uploads\/sites\/3\/2025\/07\/617ffb44e933c.jpeg\",\"datePublished\":\"2025-07-18T23:03:24+00:00\",\"dateModified\":\"2026-04-08T10:37:31+00:00\",\"breadcrumb\":{\"@id\":\"https:\/\/babylove.se\/no\/produkt\/mr-maria-boris-nattlys-nattlampe\/#breadcrumb\"},\"inLanguage\":\"nb-NO\",\"potentialAction\":[{\"@type\":\"ReadAction\",\"target\":[\"https:\/\/babylove.se\/no\/produkt\/mr-maria-boris-nattlys-nattlampe\/\"]}]},{\"@type\":\"ImageObject\",\"inLanguage\":\"nb-NO\",\"@id\":\"https:\/\/babylove.se\/no\/produkt\/mr-maria-boris-nattlys-nattlampe\/#primaryimage\",\"url\":\"https:\/\/babylove.se\/no\/wp-content\/uploads\/sites\/3\/2025\/07\/617ffb44e933c.jpeg\",\"contentUrl\":\"https:\/\/babylove.se\/no\/wp-content\/uploads\/sites\/3\/2025\/07\/617ffb44e933c.jpeg\",\"width\":760,\"height\":760},{\"@type\":\"BreadcrumbList\",\"@id\":\"https:\/\/babylove.se\/no\/produkt\/mr-maria-boris-nattlys-nattlampe\/#breadcrumb\",\"itemListElement\":[{\"@type\":\"ListItem\",\"position\":1,\"name\":\"Hem\",\"item\":\"https:\/\/babylove.se\/no\/\"},{\"@type\":\"ListItem\",\"position\":2,\"name\":\"Butik\",\"item\":\"https:\/\/babylove.se\/no\/butik\/\"},{\"@type\":\"ListItem\",\"position\":3,\"name\":\"Mr Maria, Boris nattlys, nattlampe\"}]},{\"@type\":\"WebSite\",\"@id\":\"https:\/\/babylove.se\/no\/#website\",\"url\":\"https:\/\/babylove.se\/no\/\",\"name\":\"Babylove Norska\",\"description\":\"\",\"potentialAction\":[{\"@type\":\"SearchAction\",\"target\":{\"@type\":\"EntryPoint\",\"urlTemplate\":\"https:\/\/babylove.se\/no\/?s={search_term_string}\"},\"query-input\":{\"@type\":\"PropertyValueSpecification\",\"valueRequired\":true,\"valueName\":\"search_term_string\"}}],\"inLanguage\":\"nb-NO\"}]}<\/script>\n<meta property=\"product:brand\" content=\"Mr Maria\" \/>\n<meta property=\"product:price:amount\" content=\"849.00\" \/>\n<meta property=\"product:price:currency\" content=\"SEK\" \/>\n<meta property=\"og:availability\" content=\"out of stock\" \/>\n<meta property=\"product:availability\" content=\"out of stock\" \/>\n<meta property=\"product:retailer_item_id\" content=\"8719327104620\" \/>\n<meta property=\"product:condition\" content=\"new\" \/>\n<!-- \/ Yoast SEO Premium plugin. -->","yoast_head_json":{"title":"Mr Maria, Boris nattlys, nattlampe - Babylove Norska","robots":{"index":"noindex","follow":"follow","max-snippet":"max-snippet:-1","max-image-preview":"max-image-preview:large","max-video-preview":"max-video-preview:-1"},"og_locale":"nb_NO","og_type":"article","og_title":"Mr Maria, Boris nattlys, nattlampe","og_description":"Mange har spurt etter en noe mindre Borislampe enn de som hittil har v\u00e6rt p\u00e5 markedet, n\u00e5 er den endelig her, den lille Borislampen fra Mr Maria. Denne lampen er den ultimate barnerromslampen helt laget av myk silikon.&nbsp; Lampen lades enkelt opp med en USB-kabel (to timers lading gir 24 timers lys) og kan deretter [&hellip;]","og_url":"https:\/\/babylove.se\/no\/produkt\/mr-maria-boris-nattlys-nattlampe\/","og_site_name":"Babylove Norska","article_modified_time":"2026-04-08T10:37:31+00:00","og_image":[{"width":760,"height":760,"url":"https:\/\/babylove.se\/no\/wp-content\/uploads\/sites\/3\/2025\/07\/617ffb44e933c.jpeg","type":"image\/webp"}],"twitter_card":"summary_large_image","twitter_misc":{"Price":"849,00&nbsp;&#107;&#114;","Availability":"Out of stock"},"schema":{"@context":"https:\/\/schema.org","@graph":[{"@type":"WebPage","@id":"https:\/\/babylove.se\/no\/produkt\/mr-maria-boris-nattlys-nattlampe\/","url":"https:\/\/babylove.se\/no\/produkt\/mr-maria-boris-nattlys-nattlampe\/","name":"Mr Maria, Boris nattlys, nattlampe - Babylove Norska","isPartOf":{"@id":"https:\/\/babylove.se\/no\/#website"},"primaryImageOfPage":{"@id":"https:\/\/babylove.se\/no\/produkt\/mr-maria-boris-nattlys-nattlampe\/#primaryimage"},"image":{"@id":"https:\/\/babylove.se\/no\/produkt\/mr-maria-boris-nattlys-nattlampe\/#primaryimage"},"thumbnailUrl":"https:\/\/babylove.se\/no\/wp-content\/uploads\/sites\/3\/2025\/07\/617ffb44e933c.jpeg","datePublished":"2025-07-18T23:03:24+00:00","dateModified":"2026-04-08T10:37:31+00:00","breadcrumb":{"@id":"https:\/\/babylove.se\/no\/produkt\/mr-maria-boris-nattlys-nattlampe\/#breadcrumb"},"inLanguage":"nb-NO","potentialAction":[{"@type":"ReadAction","target":["https:\/\/babylove.se\/no\/produkt\/mr-maria-boris-nattlys-nattlampe\/"]}]},{"@type":"ImageObject","inLanguage":"nb-NO","@id":"https:\/\/babylove.se\/no\/produkt\/mr-maria-boris-nattlys-nattlampe\/#primaryimage","url":"https:\/\/babylove.se\/no\/wp-content\/uploads\/sites\/3\/2025\/07\/617ffb44e933c.jpeg","contentUrl":"https:\/\/babylove.se\/no\/wp-content\/uploads\/sites\/3\/2025\/07\/617ffb44e933c.jpeg","width":760,"height":760},{"@type":"BreadcrumbList","@id":"https:\/\/babylove.se\/no\/produkt\/mr-maria-boris-nattlys-nattlampe\/#breadcrumb","itemListElement":[{"@type":"ListItem","position":1,"name":"Hem","item":"https:\/\/babylove.se\/no\/"},{"@type":"ListItem","position":2,"name":"Butik","item":"https:\/\/babylove.se\/no\/butik\/"},{"@type":"ListItem","position":3,"name":"Mr Maria, Boris nattlys, nattlampe"}]},{"@type":"WebSite","@id":"https:\/\/babylove.se\/no\/#website","url":"https:\/\/babylove.se\/no\/","name":"Babylove Norska","description":"","potentialAction":[{"@type":"SearchAction","target":{"@type":"EntryPoint","urlTemplate":"https:\/\/babylove.se\/no\/?s={search_term_string}"},"query-input":{"@type":"PropertyValueSpecification","valueRequired":true,"valueName":"search_term_string"}}],"inLanguage":"nb-NO"}]},"product_brand":"Mr Maria","product_price_amount":"849.00","product_price_currency":"SEK","og_availability":"out of stock","product_availability":"out of stock","product_retailer_item_id":"8719327104620","product_condition":"new"},"_links":{"self":[{"href":"https:\/\/babylove.se\/no\/wp-json\/wp\/v2\/product\/29549","targetHints":{"allow":["GET"]}}],"collection":[{"href":"https:\/\/babylove.se\/no\/wp-json\/wp\/v2\/product"}],"about":[{"href":"https:\/\/babylove.se\/no\/wp-json\/wp\/v2\/types\/product"}],"replies":[{"embeddable":true,"href":"https:\/\/babylove.se\/no\/wp-json\/wp\/v2\/comments?post=29549"}],"wp:featuredmedia":[{"embeddable":true,"href":"https:\/\/babylove.se\/no\/wp-json\/wp\/v2\/media\/29551"}],"wp:attachment":[{"href":"https:\/\/babylove.se\/no\/wp-json\/wp\/v2\/media?parent=29549"}],"wp:term":[{"taxonomy":"product_brand","embeddable":true,"href":"https:\/\/babylove.se\/no\/wp-json\/wp\/v2\/product_brand?post=29549"},{"taxonomy":"product_cat","embeddable":true,"href":"https:\/\/babylove.se\/no\/wp-json\/wp\/v2\/product_cat?post=29549"},{"taxonomy":"product_tag","embeddable":true,"href":"https:\/\/babylove.se\/no\/wp-json\/wp\/v2\/product_tag?post=29549"}],"curies":[{"name":"wp","href":"https:\/\/api.w.org\/{rel}","templated":true}]}}