{"id":29570,"date":"2025-07-19T00:03:51","date_gmt":"2025-07-18T23:03:51","guid":{"rendered":"https:\/\/babylove.se\/produkt\/sebra-leksakskok-blossom-pink\/"},"modified":"2026-04-08T11:37:42","modified_gmt":"2026-04-08T10:37:42","slug":"sebra-lekekjokken-blossom-pink","status":"publish","type":"product","link":"https:\/\/babylove.se\/no\/produkt\/sebra-lekekjokken-blossom-pink\/","title":{"rendered":"Sebra, lekekj\u00f8kken blossom pink"},"content":{"rendered":"<p>Et fantastisk flott og innbydende barnekj\u00f8kken i vakre rosa farger med avrundede hj\u00f8rner. Dette kj\u00f8kkenet passer i alle rom i hjemmet, og barnet ditt kommer til \u00e5 elske det. Et kj\u00f8kken oppfordrer barnet ditt til lek, matlaging eller hvorfor ikke bake sammen med deg p\u00e5 kj\u00f8kkenet. <\/p>\n<p>Kj\u00f8kkenet fra Sebra er laget av naturlig og malt kryssfiner og inneholder en ovn, 2 knapper for platene samt en l\u00f8stagbar oppvaskbenk som gj\u00f8r at rengj\u00f8ringen er enkel. Dette kj\u00f8kkenet fra Sebra er en optimal gave som kommer til \u00e5 underholde barnet i mange dager fremover. <\/p>\n<p>Ambefalt alder: 1+ <\/p>\n<p><strong>M\u00e5l<\/strong>: 58 x 38 x 50 cm <\/p>\n<p><strong>Materiale<\/strong>: Kryssfiner <\/p>\n<p>Designer: <a href=\"https:\/\/babylove.se\/varumarken\/sebra\"><u>Sebra<\/u><\/a><\/p>\n","protected":false},"excerpt":{"rendered":"<p>Et fantastisk flott og innbydende barnekj\u00f8kken i vakre rosa farger med avrundede hj\u00f8rner. Dette kj\u00f8kkenet passer i alle rom i hjemmet, og barnet ditt kommer til \u00e5 elske det. Et kj\u00f8kken oppfordrer barnet ditt til lek, matlaging eller hvorfor ikke bake sammen med deg p\u00e5 kj\u00f8kkenet. Kj\u00f8kkenet fra Sebra er laget av naturlig og malt [&hellip;]<\/p>\n","protected":false},"featured_media":29572,"comment_status":"closed","ping_status":"closed","template":"","meta":{"_acf_changed":false},"product_brand":[160],"product_cat":[25,1774,253,68,161,112],"product_tag":[],"class_list":{"0":"post-29570","1":"product","2":"type-product","3":"status-publish","4":"has-post-thumbnail","6":"product_brand-sebra","7":"product_cat-ikke-bare-jenter","8":"product_cat-late-leker","9":"product_cat-lekemat-kjokken","10":"product_cat-leker","11":"product_cat-sebra","12":"product_cat-treleker","14":"first","15":"outofstock","16":"taxable","17":"shipping-taxable","18":"purchasable","19":"product-type-simple"},"acf":[],"yoast_head":"<!-- This site is optimized with the Yoast SEO Premium plugin v25.8 (Yoast SEO v27.2) - https:\/\/yoast.com\/product\/yoast-seo-premium-wordpress\/ -->\n<title>Sebra, lekekj\u00f8kken blossom pink - Babylove Norska<\/title>\n<meta name=\"description\" content=\"Ett fantastiskt snyggt och inbjudande barnk\u00f6k i vackra rosa f\u00e4rger med rundade h\u00f6rn. Detta k\u00f6k passar i alla rum i hemmet, och ditt barn kommer att \u00e4lska det\" \/>\n<meta name=\"robots\" content=\"noindex, follow, max-snippet:-1, max-image-preview:large, max-video-preview:-1\" \/>\n<meta property=\"og:locale\" content=\"nb_NO\" \/>\n<meta property=\"og:type\" content=\"article\" \/>\n<meta property=\"og:title\" content=\"Sebra, lekekj\u00f8kken blossom pink\" \/>\n<meta property=\"og:description\" content=\"Ett fantastiskt snyggt och inbjudande barnk\u00f6k i vackra rosa f\u00e4rger med rundade h\u00f6rn. Detta k\u00f6k passar i alla rum i hemmet, och ditt barn kommer att \u00e4lska det\" \/>\n<meta property=\"og:url\" content=\"https:\/\/babylove.se\/no\/produkt\/sebra-lekekjokken-blossom-pink\/\" \/>\n<meta property=\"og:site_name\" content=\"Babylove Norska\" \/>\n<meta property=\"article:modified_time\" content=\"2026-04-08T10:37:42+00:00\" \/>\n<meta property=\"og:image\" content=\"https:\/\/babylove.se\/no\/wp-content\/uploads\/sites\/3\/2025\/07\/61829377a37bc.jpeg\" \/>\n\t<meta property=\"og:image:width\" content=\"460\" \/>\n\t<meta property=\"og:image:height\" content=\"460\" \/>\n\t<meta property=\"og:image:type\" content=\"image\/jpeg\" \/>\n<meta name=\"twitter:card\" content=\"summary_large_image\" \/>\n<meta name=\"twitter:label1\" content=\"Price\" \/>\n\t<meta name=\"twitter:data1\" content=\"2 199,00&nbsp;&#107;&#114;\" \/>\n\t<meta name=\"twitter:label2\" content=\"Availability\" \/>\n\t<meta name=\"twitter:data2\" content=\"Out of stock\" \/>\n<script type=\"application\/ld+json\" class=\"yoast-schema-graph\">{\"@context\":\"https:\/\/schema.org\",\"@graph\":[{\"@type\":\"WebPage\",\"@id\":\"https:\/\/babylove.se\/no\/produkt\/sebra-lekekjokken-blossom-pink\/\",\"url\":\"https:\/\/babylove.se\/no\/produkt\/sebra-lekekjokken-blossom-pink\/\",\"name\":\"Sebra, lekekj\u00f8kken blossom pink - Babylove Norska\",\"isPartOf\":{\"@id\":\"https:\/\/babylove.se\/no\/#website\"},\"primaryImageOfPage\":{\"@id\":\"https:\/\/babylove.se\/no\/produkt\/sebra-lekekjokken-blossom-pink\/#primaryimage\"},\"image\":{\"@id\":\"https:\/\/babylove.se\/no\/produkt\/sebra-lekekjokken-blossom-pink\/#primaryimage\"},\"thumbnailUrl\":\"https:\/\/babylove.se\/no\/wp-content\/uploads\/sites\/3\/2025\/07\/61829377a37bc.jpeg\",\"datePublished\":\"2025-07-18T23:03:51+00:00\",\"dateModified\":\"2026-04-08T10:37:42+00:00\",\"description\":\"Ett fantastiskt snyggt och inbjudande barnk\u00f6k i vackra rosa f\u00e4rger med rundade h\u00f6rn. Detta k\u00f6k passar i alla rum i hemmet, och ditt barn kommer att \u00e4lska det\",\"breadcrumb\":{\"@id\":\"https:\/\/babylove.se\/no\/produkt\/sebra-lekekjokken-blossom-pink\/#breadcrumb\"},\"inLanguage\":\"nb-NO\",\"potentialAction\":[{\"@type\":\"ReadAction\",\"target\":[\"https:\/\/babylove.se\/no\/produkt\/sebra-lekekjokken-blossom-pink\/\"]}]},{\"@type\":\"ImageObject\",\"inLanguage\":\"nb-NO\",\"@id\":\"https:\/\/babylove.se\/no\/produkt\/sebra-lekekjokken-blossom-pink\/#primaryimage\",\"url\":\"https:\/\/babylove.se\/no\/wp-content\/uploads\/sites\/3\/2025\/07\/61829377a37bc.jpeg\",\"contentUrl\":\"https:\/\/babylove.se\/no\/wp-content\/uploads\/sites\/3\/2025\/07\/61829377a37bc.jpeg\",\"width\":460,\"height\":460},{\"@type\":\"BreadcrumbList\",\"@id\":\"https:\/\/babylove.se\/no\/produkt\/sebra-lekekjokken-blossom-pink\/#breadcrumb\",\"itemListElement\":[{\"@type\":\"ListItem\",\"position\":1,\"name\":\"Hem\",\"item\":\"https:\/\/babylove.se\/no\/\"},{\"@type\":\"ListItem\",\"position\":2,\"name\":\"Butik\",\"item\":\"https:\/\/babylove.se\/no\/butik\/\"},{\"@type\":\"ListItem\",\"position\":3,\"name\":\"Sebra, lekekj\u00f8kken blossom pink\"}]},{\"@type\":\"WebSite\",\"@id\":\"https:\/\/babylove.se\/no\/#website\",\"url\":\"https:\/\/babylove.se\/no\/\",\"name\":\"Babylove Norska\",\"description\":\"\",\"potentialAction\":[{\"@type\":\"SearchAction\",\"target\":{\"@type\":\"EntryPoint\",\"urlTemplate\":\"https:\/\/babylove.se\/no\/?s={search_term_string}\"},\"query-input\":{\"@type\":\"PropertyValueSpecification\",\"valueRequired\":true,\"valueName\":\"search_term_string\"}}],\"inLanguage\":\"nb-NO\"}]}<\/script>\n<meta property=\"product:brand\" content=\"Sebra\" \/>\n<meta property=\"product:price:amount\" content=\"2199.00\" \/>\n<meta property=\"product:price:currency\" content=\"SEK\" \/>\n<meta property=\"og:availability\" content=\"out of stock\" \/>\n<meta property=\"product:availability\" content=\"out of stock\" \/>\n<meta property=\"product:retailer_item_id\" content=\"300530019\" \/>\n<meta property=\"product:condition\" content=\"new\" \/>\n<!-- \/ Yoast SEO Premium plugin. -->","yoast_head_json":{"title":"Sebra, lekekj\u00f8kken blossom pink - Babylove Norska","description":"Ett fantastiskt snyggt och inbjudande barnk\u00f6k i vackra rosa f\u00e4rger med rundade h\u00f6rn. Detta k\u00f6k passar i alla rum i hemmet, och ditt barn kommer att \u00e4lska det","robots":{"index":"noindex","follow":"follow","max-snippet":"max-snippet:-1","max-image-preview":"max-image-preview:large","max-video-preview":"max-video-preview:-1"},"og_locale":"nb_NO","og_type":"article","og_title":"Sebra, lekekj\u00f8kken blossom pink","og_description":"Ett fantastiskt snyggt och inbjudande barnk\u00f6k i vackra rosa f\u00e4rger med rundade h\u00f6rn. Detta k\u00f6k passar i alla rum i hemmet, och ditt barn kommer att \u00e4lska det","og_url":"https:\/\/babylove.se\/no\/produkt\/sebra-lekekjokken-blossom-pink\/","og_site_name":"Babylove Norska","article_modified_time":"2026-04-08T10:37:42+00:00","og_image":[{"width":460,"height":460,"url":"https:\/\/babylove.se\/no\/wp-content\/uploads\/sites\/3\/2025\/07\/61829377a37bc.jpeg","type":"image\/jpeg"}],"twitter_card":"summary_large_image","twitter_misc":{"Price":"2 199,00&nbsp;&#107;&#114;","Availability":"Out of stock"},"schema":{"@context":"https:\/\/schema.org","@graph":[{"@type":"WebPage","@id":"https:\/\/babylove.se\/no\/produkt\/sebra-lekekjokken-blossom-pink\/","url":"https:\/\/babylove.se\/no\/produkt\/sebra-lekekjokken-blossom-pink\/","name":"Sebra, lekekj\u00f8kken blossom pink - Babylove Norska","isPartOf":{"@id":"https:\/\/babylove.se\/no\/#website"},"primaryImageOfPage":{"@id":"https:\/\/babylove.se\/no\/produkt\/sebra-lekekjokken-blossom-pink\/#primaryimage"},"image":{"@id":"https:\/\/babylove.se\/no\/produkt\/sebra-lekekjokken-blossom-pink\/#primaryimage"},"thumbnailUrl":"https:\/\/babylove.se\/no\/wp-content\/uploads\/sites\/3\/2025\/07\/61829377a37bc.jpeg","datePublished":"2025-07-18T23:03:51+00:00","dateModified":"2026-04-08T10:37:42+00:00","description":"Ett fantastiskt snyggt och inbjudande barnk\u00f6k i vackra rosa f\u00e4rger med rundade h\u00f6rn. Detta k\u00f6k passar i alla rum i hemmet, och ditt barn kommer att \u00e4lska det","breadcrumb":{"@id":"https:\/\/babylove.se\/no\/produkt\/sebra-lekekjokken-blossom-pink\/#breadcrumb"},"inLanguage":"nb-NO","potentialAction":[{"@type":"ReadAction","target":["https:\/\/babylove.se\/no\/produkt\/sebra-lekekjokken-blossom-pink\/"]}]},{"@type":"ImageObject","inLanguage":"nb-NO","@id":"https:\/\/babylove.se\/no\/produkt\/sebra-lekekjokken-blossom-pink\/#primaryimage","url":"https:\/\/babylove.se\/no\/wp-content\/uploads\/sites\/3\/2025\/07\/61829377a37bc.jpeg","contentUrl":"https:\/\/babylove.se\/no\/wp-content\/uploads\/sites\/3\/2025\/07\/61829377a37bc.jpeg","width":460,"height":460},{"@type":"BreadcrumbList","@id":"https:\/\/babylove.se\/no\/produkt\/sebra-lekekjokken-blossom-pink\/#breadcrumb","itemListElement":[{"@type":"ListItem","position":1,"name":"Hem","item":"https:\/\/babylove.se\/no\/"},{"@type":"ListItem","position":2,"name":"Butik","item":"https:\/\/babylove.se\/no\/butik\/"},{"@type":"ListItem","position":3,"name":"Sebra, lekekj\u00f8kken blossom pink"}]},{"@type":"WebSite","@id":"https:\/\/babylove.se\/no\/#website","url":"https:\/\/babylove.se\/no\/","name":"Babylove Norska","description":"","potentialAction":[{"@type":"SearchAction","target":{"@type":"EntryPoint","urlTemplate":"https:\/\/babylove.se\/no\/?s={search_term_string}"},"query-input":{"@type":"PropertyValueSpecification","valueRequired":true,"valueName":"search_term_string"}}],"inLanguage":"nb-NO"}]},"product_brand":"Sebra","product_price_amount":"2199.00","product_price_currency":"SEK","og_availability":"out of stock","product_availability":"out of stock","product_retailer_item_id":"300530019","product_condition":"new"},"_links":{"self":[{"href":"https:\/\/babylove.se\/no\/wp-json\/wp\/v2\/product\/29570","targetHints":{"allow":["GET"]}}],"collection":[{"href":"https:\/\/babylove.se\/no\/wp-json\/wp\/v2\/product"}],"about":[{"href":"https:\/\/babylove.se\/no\/wp-json\/wp\/v2\/types\/product"}],"replies":[{"embeddable":true,"href":"https:\/\/babylove.se\/no\/wp-json\/wp\/v2\/comments?post=29570"}],"wp:featuredmedia":[{"embeddable":true,"href":"https:\/\/babylove.se\/no\/wp-json\/wp\/v2\/media\/29572"}],"wp:attachment":[{"href":"https:\/\/babylove.se\/no\/wp-json\/wp\/v2\/media?parent=29570"}],"wp:term":[{"taxonomy":"product_brand","embeddable":true,"href":"https:\/\/babylove.se\/no\/wp-json\/wp\/v2\/product_brand?post=29570"},{"taxonomy":"product_cat","embeddable":true,"href":"https:\/\/babylove.se\/no\/wp-json\/wp\/v2\/product_cat?post=29570"},{"taxonomy":"product_tag","embeddable":true,"href":"https:\/\/babylove.se\/no\/wp-json\/wp\/v2\/product_tag?post=29570"}],"curies":[{"name":"wp","href":"https:\/\/api.w.org\/{rel}","templated":true}]}}