{"id":29583,"date":"2025-07-19T00:03:51","date_gmt":"2025-07-18T23:03:51","guid":{"rendered":"https:\/\/babylove.se\/produkt\/sebra-dockvagn-i-tra-dark-amber\/"},"modified":"2026-04-08T11:37:51","modified_gmt":"2026-04-08T10:37:51","slug":"sebra-dockvogn-i-tre-dark-amber","status":"publish","type":"product","link":"https:\/\/babylove.se\/no\/produkt\/sebra-dockvogn-i-tre-dark-amber\/","title":{"rendered":"Sebra, dukkevogn i tre dark amber"},"content":{"rendered":"<p>En helt underbar og vakker dukkevogn laget helt av tre, fra det popul\u00e6re danske selskapet Sebra. Dukkevognen er perfekt for \u00e5 kj\u00f8re rundt med favorittdukka eller kosedyrene. <\/p>\n<p>Denne fine dukkevognen er laget av malt kryssfiner og har kanter i naturtre, et genuint produkt som g\u00e5r i balanse med naturen. Hjulene p\u00e5 dukkevognen er kledd i gummi, for \u00e5 gi en stabil og lydl\u00f8s kj\u00f8ring, n\u00e5r barnet tar med seg vognen p\u00e5 lek i hjemmets alle kroker. <\/p>\n<p><strong>M\u00e5l<\/strong>: L 45 x B 25 x H 44 cm. <\/p>\n<p><strong>Material<\/strong>: Tre <\/p>\n<p>Designer: <a href=\"https:\/\/babylove.se\/varumarken\/sebra\"><u>Sebra<\/u><\/a><\/p>\n","protected":false},"excerpt":{"rendered":"<p>En helt underbar og vakker dukkevogn laget helt av tre, fra det popul\u00e6re danske selskapet Sebra. Dukkevognen er perfekt for \u00e5 kj\u00f8re rundt med favorittdukka eller kosedyrene. Denne fine dukkevognen er laget av malt kryssfiner og har kanter i naturtre, et genuint produkt som g\u00e5r i balanse med naturen. Hjulene p\u00e5 dukkevognen er kledd i [&hellip;]<\/p>\n","protected":false},"featured_media":29585,"comment_status":"closed","ping_status":"closed","template":"","meta":{"_acf_changed":false},"product_brand":[160],"product_cat":[69,70,162,72,161,112],"product_tag":[],"class_list":{"0":"post-29583","1":"product","2":"type-product","3":"status-publish","4":"has-post-thumbnail","6":"product_brand-sebra","7":"product_cat-dukker-tilbehoer","8":"product_cat-gaver","9":"product_cat-dockvogner","10":"product_cat-julegaver","11":"product_cat-sebra","12":"product_cat-treleker","14":"first","15":"outofstock","16":"taxable","17":"shipping-taxable","18":"purchasable","19":"product-type-simple"},"acf":[],"yoast_head":"<!-- This site is optimized with the Yoast SEO Premium plugin v25.8 (Yoast SEO v27.2) - https:\/\/yoast.com\/product\/yoast-seo-premium-wordpress\/ -->\n<title>Sebra, dukkevogn i tre dark amber - Babylove Norska<\/title>\n<meta name=\"description\" content=\"En alldeles underbar och vacker dockvagn helt gjord i tr\u00e4, fr\u00e5n det popul\u00e4ra danska f\u00f6retaget Sebra. Skickas inom 24 timmar !\" \/>\n<meta name=\"robots\" content=\"noindex, follow, max-snippet:-1, max-image-preview:large, max-video-preview:-1\" \/>\n<meta property=\"og:locale\" content=\"nb_NO\" \/>\n<meta property=\"og:type\" content=\"article\" \/>\n<meta property=\"og:title\" content=\"Sebra, dukkevogn i tre dark amber\" \/>\n<meta property=\"og:description\" content=\"En alldeles underbar och vacker dockvagn helt gjord i tr\u00e4, fr\u00e5n det popul\u00e4ra danska f\u00f6retaget Sebra. Skickas inom 24 timmar !\" \/>\n<meta property=\"og:url\" content=\"https:\/\/babylove.se\/no\/produkt\/sebra-dockvogn-i-tre-dark-amber\/\" \/>\n<meta property=\"og:site_name\" content=\"Babylove Norska\" \/>\n<meta property=\"article:modified_time\" content=\"2026-04-08T10:37:51+00:00\" \/>\n<meta property=\"og:image\" content=\"https:\/\/babylove.se\/no\/wp-content\/uploads\/sites\/3\/2025\/07\/618297d576d7f.jpeg\" \/>\n\t<meta property=\"og:image:width\" content=\"460\" \/>\n\t<meta property=\"og:image:height\" content=\"460\" \/>\n\t<meta property=\"og:image:type\" content=\"image\/jpeg\" \/>\n<meta name=\"twitter:card\" content=\"summary_large_image\" \/>\n<meta name=\"twitter:label1\" content=\"Price\" \/>\n\t<meta name=\"twitter:data1\" content=\"1 349,00&nbsp;&#107;&#114;\" \/>\n\t<meta name=\"twitter:label2\" content=\"Availability\" \/>\n\t<meta name=\"twitter:data2\" content=\"Out of stock\" \/>\n<script type=\"application\/ld+json\" class=\"yoast-schema-graph\">{\"@context\":\"https:\/\/schema.org\",\"@graph\":[{\"@type\":\"WebPage\",\"@id\":\"https:\/\/babylove.se\/no\/produkt\/sebra-dockvogn-i-tre-dark-amber\/\",\"url\":\"https:\/\/babylove.se\/no\/produkt\/sebra-dockvogn-i-tre-dark-amber\/\",\"name\":\"Sebra, dukkevogn i tre dark amber - Babylove Norska\",\"isPartOf\":{\"@id\":\"https:\/\/babylove.se\/no\/#website\"},\"primaryImageOfPage\":{\"@id\":\"https:\/\/babylove.se\/no\/produkt\/sebra-dockvogn-i-tre-dark-amber\/#primaryimage\"},\"image\":{\"@id\":\"https:\/\/babylove.se\/no\/produkt\/sebra-dockvogn-i-tre-dark-amber\/#primaryimage\"},\"thumbnailUrl\":\"https:\/\/babylove.se\/no\/wp-content\/uploads\/sites\/3\/2025\/07\/618297d576d7f.jpeg\",\"datePublished\":\"2025-07-18T23:03:51+00:00\",\"dateModified\":\"2026-04-08T10:37:51+00:00\",\"description\":\"En alldeles underbar och vacker dockvagn helt gjord i tr\u00e4, fr\u00e5n det popul\u00e4ra danska f\u00f6retaget Sebra. Skickas inom 24 timmar !\",\"breadcrumb\":{\"@id\":\"https:\/\/babylove.se\/no\/produkt\/sebra-dockvogn-i-tre-dark-amber\/#breadcrumb\"},\"inLanguage\":\"nb-NO\",\"potentialAction\":[{\"@type\":\"ReadAction\",\"target\":[\"https:\/\/babylove.se\/no\/produkt\/sebra-dockvogn-i-tre-dark-amber\/\"]}]},{\"@type\":\"ImageObject\",\"inLanguage\":\"nb-NO\",\"@id\":\"https:\/\/babylove.se\/no\/produkt\/sebra-dockvogn-i-tre-dark-amber\/#primaryimage\",\"url\":\"https:\/\/babylove.se\/no\/wp-content\/uploads\/sites\/3\/2025\/07\/618297d576d7f.jpeg\",\"contentUrl\":\"https:\/\/babylove.se\/no\/wp-content\/uploads\/sites\/3\/2025\/07\/618297d576d7f.jpeg\",\"width\":460,\"height\":460},{\"@type\":\"BreadcrumbList\",\"@id\":\"https:\/\/babylove.se\/no\/produkt\/sebra-dockvogn-i-tre-dark-amber\/#breadcrumb\",\"itemListElement\":[{\"@type\":\"ListItem\",\"position\":1,\"name\":\"Hem\",\"item\":\"https:\/\/babylove.se\/no\/\"},{\"@type\":\"ListItem\",\"position\":2,\"name\":\"Butik\",\"item\":\"https:\/\/babylove.se\/no\/butik\/\"},{\"@type\":\"ListItem\",\"position\":3,\"name\":\"Sebra, dukkevogn i tre dark amber\"}]},{\"@type\":\"WebSite\",\"@id\":\"https:\/\/babylove.se\/no\/#website\",\"url\":\"https:\/\/babylove.se\/no\/\",\"name\":\"Babylove Norska\",\"description\":\"\",\"potentialAction\":[{\"@type\":\"SearchAction\",\"target\":{\"@type\":\"EntryPoint\",\"urlTemplate\":\"https:\/\/babylove.se\/no\/?s={search_term_string}\"},\"query-input\":{\"@type\":\"PropertyValueSpecification\",\"valueRequired\":true,\"valueName\":\"search_term_string\"}}],\"inLanguage\":\"nb-NO\"}]}<\/script>\n<meta property=\"product:brand\" content=\"Sebra\" \/>\n<meta property=\"product:price:amount\" content=\"1349.00\" \/>\n<meta property=\"product:price:currency\" content=\"SEK\" \/>\n<meta property=\"og:availability\" content=\"out of stock\" \/>\n<meta property=\"product:availability\" content=\"out of stock\" \/>\n<meta property=\"product:retailer_item_id\" content=\"300520013\" \/>\n<meta property=\"product:condition\" content=\"new\" \/>\n<!-- \/ Yoast SEO Premium plugin. -->","yoast_head_json":{"title":"Sebra, dukkevogn i tre dark amber - Babylove Norska","description":"En alldeles underbar och vacker dockvagn helt gjord i tr\u00e4, fr\u00e5n det popul\u00e4ra danska f\u00f6retaget Sebra. Skickas inom 24 timmar !","robots":{"index":"noindex","follow":"follow","max-snippet":"max-snippet:-1","max-image-preview":"max-image-preview:large","max-video-preview":"max-video-preview:-1"},"og_locale":"nb_NO","og_type":"article","og_title":"Sebra, dukkevogn i tre dark amber","og_description":"En alldeles underbar och vacker dockvagn helt gjord i tr\u00e4, fr\u00e5n det popul\u00e4ra danska f\u00f6retaget Sebra. Skickas inom 24 timmar !","og_url":"https:\/\/babylove.se\/no\/produkt\/sebra-dockvogn-i-tre-dark-amber\/","og_site_name":"Babylove Norska","article_modified_time":"2026-04-08T10:37:51+00:00","og_image":[{"width":460,"height":460,"url":"https:\/\/babylove.se\/no\/wp-content\/uploads\/sites\/3\/2025\/07\/618297d576d7f.jpeg","type":"image\/jpeg"}],"twitter_card":"summary_large_image","twitter_misc":{"Price":"1 349,00&nbsp;&#107;&#114;","Availability":"Out of stock"},"schema":{"@context":"https:\/\/schema.org","@graph":[{"@type":"WebPage","@id":"https:\/\/babylove.se\/no\/produkt\/sebra-dockvogn-i-tre-dark-amber\/","url":"https:\/\/babylove.se\/no\/produkt\/sebra-dockvogn-i-tre-dark-amber\/","name":"Sebra, dukkevogn i tre dark amber - Babylove Norska","isPartOf":{"@id":"https:\/\/babylove.se\/no\/#website"},"primaryImageOfPage":{"@id":"https:\/\/babylove.se\/no\/produkt\/sebra-dockvogn-i-tre-dark-amber\/#primaryimage"},"image":{"@id":"https:\/\/babylove.se\/no\/produkt\/sebra-dockvogn-i-tre-dark-amber\/#primaryimage"},"thumbnailUrl":"https:\/\/babylove.se\/no\/wp-content\/uploads\/sites\/3\/2025\/07\/618297d576d7f.jpeg","datePublished":"2025-07-18T23:03:51+00:00","dateModified":"2026-04-08T10:37:51+00:00","description":"En alldeles underbar och vacker dockvagn helt gjord i tr\u00e4, fr\u00e5n det popul\u00e4ra danska f\u00f6retaget Sebra. Skickas inom 24 timmar !","breadcrumb":{"@id":"https:\/\/babylove.se\/no\/produkt\/sebra-dockvogn-i-tre-dark-amber\/#breadcrumb"},"inLanguage":"nb-NO","potentialAction":[{"@type":"ReadAction","target":["https:\/\/babylove.se\/no\/produkt\/sebra-dockvogn-i-tre-dark-amber\/"]}]},{"@type":"ImageObject","inLanguage":"nb-NO","@id":"https:\/\/babylove.se\/no\/produkt\/sebra-dockvogn-i-tre-dark-amber\/#primaryimage","url":"https:\/\/babylove.se\/no\/wp-content\/uploads\/sites\/3\/2025\/07\/618297d576d7f.jpeg","contentUrl":"https:\/\/babylove.se\/no\/wp-content\/uploads\/sites\/3\/2025\/07\/618297d576d7f.jpeg","width":460,"height":460},{"@type":"BreadcrumbList","@id":"https:\/\/babylove.se\/no\/produkt\/sebra-dockvogn-i-tre-dark-amber\/#breadcrumb","itemListElement":[{"@type":"ListItem","position":1,"name":"Hem","item":"https:\/\/babylove.se\/no\/"},{"@type":"ListItem","position":2,"name":"Butik","item":"https:\/\/babylove.se\/no\/butik\/"},{"@type":"ListItem","position":3,"name":"Sebra, dukkevogn i tre dark amber"}]},{"@type":"WebSite","@id":"https:\/\/babylove.se\/no\/#website","url":"https:\/\/babylove.se\/no\/","name":"Babylove Norska","description":"","potentialAction":[{"@type":"SearchAction","target":{"@type":"EntryPoint","urlTemplate":"https:\/\/babylove.se\/no\/?s={search_term_string}"},"query-input":{"@type":"PropertyValueSpecification","valueRequired":true,"valueName":"search_term_string"}}],"inLanguage":"nb-NO"}]},"product_brand":"Sebra","product_price_amount":"1349.00","product_price_currency":"SEK","og_availability":"out of stock","product_availability":"out of stock","product_retailer_item_id":"300520013","product_condition":"new"},"_links":{"self":[{"href":"https:\/\/babylove.se\/no\/wp-json\/wp\/v2\/product\/29583","targetHints":{"allow":["GET"]}}],"collection":[{"href":"https:\/\/babylove.se\/no\/wp-json\/wp\/v2\/product"}],"about":[{"href":"https:\/\/babylove.se\/no\/wp-json\/wp\/v2\/types\/product"}],"replies":[{"embeddable":true,"href":"https:\/\/babylove.se\/no\/wp-json\/wp\/v2\/comments?post=29583"}],"wp:featuredmedia":[{"embeddable":true,"href":"https:\/\/babylove.se\/no\/wp-json\/wp\/v2\/media\/29585"}],"wp:attachment":[{"href":"https:\/\/babylove.se\/no\/wp-json\/wp\/v2\/media?parent=29583"}],"wp:term":[{"taxonomy":"product_brand","embeddable":true,"href":"https:\/\/babylove.se\/no\/wp-json\/wp\/v2\/product_brand?post=29583"},{"taxonomy":"product_cat","embeddable":true,"href":"https:\/\/babylove.se\/no\/wp-json\/wp\/v2\/product_cat?post=29583"},{"taxonomy":"product_tag","embeddable":true,"href":"https:\/\/babylove.se\/no\/wp-json\/wp\/v2\/product_tag?post=29583"}],"curies":[{"name":"wp","href":"https:\/\/api.w.org\/{rel}","templated":true}]}}