{"id":29587,"date":"2025-07-19T00:03:51","date_gmt":"2025-07-18T23:03:51","guid":{"rendered":"https:\/\/babylove.se\/produkt\/sebra-docksang-dark-amber\/"},"modified":"2026-04-08T11:37:54","modified_gmt":"2026-04-08T10:37:54","slug":"sebra-dukkesenng-dark-amber","status":"publish","type":"product","link":"https:\/\/babylove.se\/no\/produkt\/sebra-dukkesenng-dark-amber\/","title":{"rendered":"Sebra Dukkeseng dark amber"},"content":{"rendered":"<p>Denne elegante dukkesengen fra det danske selskapet Sebra er en perfekt d\u0443kkeseng for b\u00e5de dukkene og kosedyrene. <\/p>\n<p>Dukkesengen har et stilrent design og du kan matche dukkesengen med en tilpasset madras, ogs\u00e5 den fra Sebra. <\/p>\n<p><strong>M\u00e5l<\/strong>: Lengde 49 cm, Bredde 31 cm, H\u00f8yde 35 cm. <\/p>\n<p><strong>Materiale<\/strong>: Tre <\/p>\n<p>Designer: <a href=\"https:\/\/babylove.se\/varumarken\/sebra\" rel=\"nofollow\"><u>Sebra<\/u><\/a><\/p>\n","protected":false},"excerpt":{"rendered":"<p>Denne elegante dukkesengen fra det danske selskapet Sebra er en perfekt d\u0443kkeseng for b\u00e5de dukkene og kosedyrene. Dukkesengen har et stilrent design og du kan matche dukkesengen med en tilpasset madras, ogs\u00e5 den fra Sebra. M\u00e5l: Lengde 49 cm, Bredde 31 cm, H\u00f8yde 35 cm. Materiale: Tre Designer: Sebra<\/p>\n","protected":false},"featured_media":29589,"comment_status":"closed","ping_status":"closed","template":"","meta":{"_acf_changed":false},"product_brand":[160],"product_cat":[69,151,161,112],"product_tag":[],"class_list":{"0":"post-29587","1":"product","2":"type-product","3":"status-publish","4":"has-post-thumbnail","6":"product_brand-sebra","7":"product_cat-dukker-tilbehoer","8":"product_cat-docksangar","9":"product_cat-sebra","10":"product_cat-treleker","12":"first","13":"outofstock","14":"taxable","15":"shipping-taxable","16":"purchasable","17":"product-type-simple"},"acf":[],"yoast_head":"<!-- This site is optimized with the Yoast SEO Premium plugin v25.8 (Yoast SEO v27.2) - https:\/\/yoast.com\/product\/yoast-seo-premium-wordpress\/ -->\n<title>Docks\u00e4ng Vit - Sebra: Dansk design - Fri Frakt<\/title>\n<meta name=\"description\" content=\"Vit och elegant docks\u00e4ng fr\u00e5n det danska f\u00f6retaget Sebra - Snabba leveranser - Betala med Swish\/Kreditkort\/Faktura - V\u00e4lkommen till Babylove.se!\" \/>\n<meta name=\"robots\" content=\"noindex, follow, max-snippet:-1, max-image-preview:large, max-video-preview:-1\" \/>\n<meta property=\"og:locale\" content=\"nb_NO\" \/>\n<meta property=\"og:type\" content=\"article\" \/>\n<meta property=\"og:title\" content=\"Sebra Dukkeseng dark amber\" \/>\n<meta property=\"og:description\" content=\"Vit och elegant docks\u00e4ng fr\u00e5n det danska f\u00f6retaget Sebra - Snabba leveranser - Betala med Swish\/Kreditkort\/Faktura - V\u00e4lkommen till Babylove.se!\" \/>\n<meta property=\"og:url\" content=\"https:\/\/babylove.se\/no\/produkt\/sebra-dukkesenng-dark-amber\/\" \/>\n<meta property=\"og:site_name\" content=\"Babylove Norska\" \/>\n<meta property=\"article:modified_time\" content=\"2026-04-08T10:37:54+00:00\" \/>\n<meta property=\"og:image\" content=\"https:\/\/babylove.se\/no\/wp-content\/uploads\/sites\/3\/2025\/07\/618298ecec4a1.jpeg\" \/>\n\t<meta property=\"og:image:width\" content=\"460\" \/>\n\t<meta property=\"og:image:height\" content=\"460\" \/>\n\t<meta property=\"og:image:type\" content=\"image\/jpeg\" \/>\n<meta name=\"twitter:card\" content=\"summary_large_image\" \/>\n<meta name=\"twitter:label1\" content=\"Price\" \/>\n\t<meta name=\"twitter:data1\" content=\"1 249,00&nbsp;&#107;&#114;\" \/>\n\t<meta name=\"twitter:label2\" content=\"Availability\" \/>\n\t<meta name=\"twitter:data2\" content=\"Out of stock\" \/>\n<script type=\"application\/ld+json\" class=\"yoast-schema-graph\">{\"@context\":\"https:\/\/schema.org\",\"@graph\":[{\"@type\":\"WebPage\",\"@id\":\"https:\/\/babylove.se\/no\/produkt\/sebra-dukkesenng-dark-amber\/\",\"url\":\"https:\/\/babylove.se\/no\/produkt\/sebra-dukkesenng-dark-amber\/\",\"name\":\"Docks\u00e4ng Vit - Sebra: Dansk design - Fri Frakt\",\"isPartOf\":{\"@id\":\"https:\/\/babylove.se\/no\/#website\"},\"primaryImageOfPage\":{\"@id\":\"https:\/\/babylove.se\/no\/produkt\/sebra-dukkesenng-dark-amber\/#primaryimage\"},\"image\":{\"@id\":\"https:\/\/babylove.se\/no\/produkt\/sebra-dukkesenng-dark-amber\/#primaryimage\"},\"thumbnailUrl\":\"https:\/\/babylove.se\/no\/wp-content\/uploads\/sites\/3\/2025\/07\/618298ecec4a1.jpeg\",\"datePublished\":\"2025-07-18T23:03:51+00:00\",\"dateModified\":\"2026-04-08T10:37:54+00:00\",\"description\":\"Vit och elegant docks\u00e4ng fr\u00e5n det danska f\u00f6retaget Sebra - Snabba leveranser - Betala med Swish\/Kreditkort\/Faktura - V\u00e4lkommen till Babylove.se!\",\"breadcrumb\":{\"@id\":\"https:\/\/babylove.se\/no\/produkt\/sebra-dukkesenng-dark-amber\/#breadcrumb\"},\"inLanguage\":\"nb-NO\",\"potentialAction\":[{\"@type\":\"ReadAction\",\"target\":[\"https:\/\/babylove.se\/no\/produkt\/sebra-dukkesenng-dark-amber\/\"]}]},{\"@type\":\"ImageObject\",\"inLanguage\":\"nb-NO\",\"@id\":\"https:\/\/babylove.se\/no\/produkt\/sebra-dukkesenng-dark-amber\/#primaryimage\",\"url\":\"https:\/\/babylove.se\/no\/wp-content\/uploads\/sites\/3\/2025\/07\/618298ecec4a1.jpeg\",\"contentUrl\":\"https:\/\/babylove.se\/no\/wp-content\/uploads\/sites\/3\/2025\/07\/618298ecec4a1.jpeg\",\"width\":460,\"height\":460},{\"@type\":\"BreadcrumbList\",\"@id\":\"https:\/\/babylove.se\/no\/produkt\/sebra-dukkesenng-dark-amber\/#breadcrumb\",\"itemListElement\":[{\"@type\":\"ListItem\",\"position\":1,\"name\":\"Hem\",\"item\":\"https:\/\/babylove.se\/no\/\"},{\"@type\":\"ListItem\",\"position\":2,\"name\":\"Butik\",\"item\":\"https:\/\/babylove.se\/no\/butik\/\"},{\"@type\":\"ListItem\",\"position\":3,\"name\":\"Sebra Dukkeseng dark amber\"}]},{\"@type\":\"WebSite\",\"@id\":\"https:\/\/babylove.se\/no\/#website\",\"url\":\"https:\/\/babylove.se\/no\/\",\"name\":\"Babylove Norska\",\"description\":\"\",\"potentialAction\":[{\"@type\":\"SearchAction\",\"target\":{\"@type\":\"EntryPoint\",\"urlTemplate\":\"https:\/\/babylove.se\/no\/?s={search_term_string}\"},\"query-input\":{\"@type\":\"PropertyValueSpecification\",\"valueRequired\":true,\"valueName\":\"search_term_string\"}}],\"inLanguage\":\"nb-NO\"}]}<\/script>\n<meta property=\"product:brand\" content=\"Sebra\" \/>\n<meta property=\"product:price:amount\" content=\"1249.00\" \/>\n<meta property=\"product:price:currency\" content=\"SEK\" \/>\n<meta property=\"og:availability\" content=\"out of stock\" \/>\n<meta property=\"product:availability\" content=\"out of stock\" \/>\n<meta property=\"product:retailer_item_id\" content=\"300520012\" \/>\n<meta property=\"product:condition\" content=\"new\" \/>\n<!-- \/ Yoast SEO Premium plugin. -->","yoast_head_json":{"title":"Docks\u00e4ng Vit - Sebra: Dansk design - Fri Frakt","description":"Vit och elegant docks\u00e4ng fr\u00e5n det danska f\u00f6retaget Sebra - Snabba leveranser - Betala med Swish\/Kreditkort\/Faktura - V\u00e4lkommen till Babylove.se!","robots":{"index":"noindex","follow":"follow","max-snippet":"max-snippet:-1","max-image-preview":"max-image-preview:large","max-video-preview":"max-video-preview:-1"},"og_locale":"nb_NO","og_type":"article","og_title":"Sebra Dukkeseng dark amber","og_description":"Vit och elegant docks\u00e4ng fr\u00e5n det danska f\u00f6retaget Sebra - Snabba leveranser - Betala med Swish\/Kreditkort\/Faktura - V\u00e4lkommen till Babylove.se!","og_url":"https:\/\/babylove.se\/no\/produkt\/sebra-dukkesenng-dark-amber\/","og_site_name":"Babylove Norska","article_modified_time":"2026-04-08T10:37:54+00:00","og_image":[{"width":460,"height":460,"url":"https:\/\/babylove.se\/no\/wp-content\/uploads\/sites\/3\/2025\/07\/618298ecec4a1.jpeg","type":"image\/jpeg"}],"twitter_card":"summary_large_image","twitter_misc":{"Price":"1 249,00&nbsp;&#107;&#114;","Availability":"Out of stock"},"schema":{"@context":"https:\/\/schema.org","@graph":[{"@type":"WebPage","@id":"https:\/\/babylove.se\/no\/produkt\/sebra-dukkesenng-dark-amber\/","url":"https:\/\/babylove.se\/no\/produkt\/sebra-dukkesenng-dark-amber\/","name":"Docks\u00e4ng Vit - Sebra: Dansk design - Fri Frakt","isPartOf":{"@id":"https:\/\/babylove.se\/no\/#website"},"primaryImageOfPage":{"@id":"https:\/\/babylove.se\/no\/produkt\/sebra-dukkesenng-dark-amber\/#primaryimage"},"image":{"@id":"https:\/\/babylove.se\/no\/produkt\/sebra-dukkesenng-dark-amber\/#primaryimage"},"thumbnailUrl":"https:\/\/babylove.se\/no\/wp-content\/uploads\/sites\/3\/2025\/07\/618298ecec4a1.jpeg","datePublished":"2025-07-18T23:03:51+00:00","dateModified":"2026-04-08T10:37:54+00:00","description":"Vit och elegant docks\u00e4ng fr\u00e5n det danska f\u00f6retaget Sebra - Snabba leveranser - Betala med Swish\/Kreditkort\/Faktura - V\u00e4lkommen till Babylove.se!","breadcrumb":{"@id":"https:\/\/babylove.se\/no\/produkt\/sebra-dukkesenng-dark-amber\/#breadcrumb"},"inLanguage":"nb-NO","potentialAction":[{"@type":"ReadAction","target":["https:\/\/babylove.se\/no\/produkt\/sebra-dukkesenng-dark-amber\/"]}]},{"@type":"ImageObject","inLanguage":"nb-NO","@id":"https:\/\/babylove.se\/no\/produkt\/sebra-dukkesenng-dark-amber\/#primaryimage","url":"https:\/\/babylove.se\/no\/wp-content\/uploads\/sites\/3\/2025\/07\/618298ecec4a1.jpeg","contentUrl":"https:\/\/babylove.se\/no\/wp-content\/uploads\/sites\/3\/2025\/07\/618298ecec4a1.jpeg","width":460,"height":460},{"@type":"BreadcrumbList","@id":"https:\/\/babylove.se\/no\/produkt\/sebra-dukkesenng-dark-amber\/#breadcrumb","itemListElement":[{"@type":"ListItem","position":1,"name":"Hem","item":"https:\/\/babylove.se\/no\/"},{"@type":"ListItem","position":2,"name":"Butik","item":"https:\/\/babylove.se\/no\/butik\/"},{"@type":"ListItem","position":3,"name":"Sebra Dukkeseng dark amber"}]},{"@type":"WebSite","@id":"https:\/\/babylove.se\/no\/#website","url":"https:\/\/babylove.se\/no\/","name":"Babylove Norska","description":"","potentialAction":[{"@type":"SearchAction","target":{"@type":"EntryPoint","urlTemplate":"https:\/\/babylove.se\/no\/?s={search_term_string}"},"query-input":{"@type":"PropertyValueSpecification","valueRequired":true,"valueName":"search_term_string"}}],"inLanguage":"nb-NO"}]},"product_brand":"Sebra","product_price_amount":"1249.00","product_price_currency":"SEK","og_availability":"out of stock","product_availability":"out of stock","product_retailer_item_id":"300520012","product_condition":"new"},"_links":{"self":[{"href":"https:\/\/babylove.se\/no\/wp-json\/wp\/v2\/product\/29587","targetHints":{"allow":["GET"]}}],"collection":[{"href":"https:\/\/babylove.se\/no\/wp-json\/wp\/v2\/product"}],"about":[{"href":"https:\/\/babylove.se\/no\/wp-json\/wp\/v2\/types\/product"}],"replies":[{"embeddable":true,"href":"https:\/\/babylove.se\/no\/wp-json\/wp\/v2\/comments?post=29587"}],"wp:featuredmedia":[{"embeddable":true,"href":"https:\/\/babylove.se\/no\/wp-json\/wp\/v2\/media\/29589"}],"wp:attachment":[{"href":"https:\/\/babylove.se\/no\/wp-json\/wp\/v2\/media?parent=29587"}],"wp:term":[{"taxonomy":"product_brand","embeddable":true,"href":"https:\/\/babylove.se\/no\/wp-json\/wp\/v2\/product_brand?post=29587"},{"taxonomy":"product_cat","embeddable":true,"href":"https:\/\/babylove.se\/no\/wp-json\/wp\/v2\/product_cat?post=29587"},{"taxonomy":"product_tag","embeddable":true,"href":"https:\/\/babylove.se\/no\/wp-json\/wp\/v2\/product_tag?post=29587"}],"curies":[{"name":"wp","href":"https:\/\/api.w.org\/{rel}","templated":true}]}}