{"id":29626,"date":"2025-07-19T00:04:14","date_gmt":"2025-07-18T23:04:14","guid":{"rendered":"https:\/\/babylove.se\/produkt\/tipisang-vitnatur-90x190-cm\/"},"modified":"2026-04-08T11:38:17","modified_gmt":"2026-04-08T10:38:17","slug":"tipiseng-hvitlasert-90x190-cm","status":"publish","type":"product","link":"https:\/\/babylove.se\/no\/produkt\/tipiseng-hvitlasert-90x190-cm\/","title":{"rendered":"Tipiseng hvit\/natur 90&#215;190 cm"},"content":{"rendered":"<p>En vidunderlig vakker hvit barneseng i et fantastisk utf\u00f8relse, inspirert av tipi-telt. Denne tipi-sengen kommer til \u00e5 l\u00f8fte barnerommet ditt til uh\u00f8rte h\u00f8yder. Like koselig og deilig \u00e5 sove i, som en perfekt seng for \u00e5 leke i eller bygge opp kosekroken. En seng i skandinavisk stilren stil som passer overalt og i alle typer rom. Du kan enkelt dekorere den med fine vimpler eller lysslynger for \u00e5 f\u00e5 mer effekt.&nbsp;<\/p>\n<ul>\n<li>Madrass inng\u00e5r ikke, men ta gjerne en titt p\u00e5 v\u00e5rt store madrassutvalg. Vi anbefaler en skummadrass med tykkelse p\u00e5 ca. 10-12 cm.<\/li>\n<li>Ribbebunnen inng\u00e5r<\/li>\n<li>Hussengen kommer umontert men er enkel \u00e5 sette sammen.&nbsp;<\/li>\n<\/ul>\n<p>Finnes i to st\u00f8rrelser:<\/p>\n<p><strong>90&#215;190 cm<\/strong><\/p>\n<ul>\n<li>Reddem\u00e5l: 90&#215;190 cm<\/li>\n<li>Ytterm\u00e5l: L:192 cm B:99 cm H:175 cm<\/li>\n<\/ul>\n<p><strong>70&#215;140 cm<\/strong><\/p>\n<ul>\n<li>Reddem\u00e5l: 70&#215;140 cm<\/li>\n<li>Ytterm\u00e5l: L:142 cm B:79 cm H:150 cm<\/li>\n<\/ul>\n<p><em>Obs! Sengen leveres umontert og b\u00f8r settes sammen i rommet den skal brukes i.<\/em><\/p>\n","protected":false},"excerpt":{"rendered":"<p>En vidunderlig vakker hvit barneseng i et fantastisk utf\u00f8relse, inspirert av tipi-telt. Denne tipi-sengen kommer til \u00e5 l\u00f8fte barnerommet ditt til uh\u00f8rte h\u00f8yder. Like koselig og deilig \u00e5 sove i, som en perfekt seng for \u00e5 leke i eller bygge opp kosekroken. En seng i skandinavisk stilren stil som passer overalt og i alle typer [&hellip;]<\/p>\n","protected":false},"featured_media":29628,"comment_status":"closed","ping_status":"open","template":"","meta":{"_acf_changed":false},"product_brand":[261],"product_cat":[217,269,263,40],"product_tag":[1689],"class_list":{"0":"post-29626","1":"product","2":"type-product","3":"status-publish","4":"has-post-thumbnail","6":"product_brand-ohh-mami","7":"product_cat-sengesanger","8":"product_cat-juniorsenger","9":"product_cat-ohhmami","10":"product_cat-soverom-barn","11":"product_tag-bestillingsvaror","12":"pa_baddmatt-70x140-cm","13":"pa_baddmatt-90x190-cm","15":"first","16":"instock","17":"taxable","18":"shipping-taxable","19":"purchasable","20":"product-type-variable"},"acf":[],"yoast_head":"<!-- This site is optimized with the Yoast SEO Premium plugin v25.8 (Yoast SEO v27.2) - https:\/\/yoast.com\/product\/yoast-seo-premium-wordpress\/ -->\n<title>Tipis\u00e4ng till barnrummet - K\u00f6p tipi s\u00e4ng h\u00e4r !<\/title>\n<meta name=\"description\" content=\"En underbart vacker barns\u00e4ng i ett fantastiskt utf\u00f6rande, inspirerad av tipit\u00e4lt. Klarna faktura &amp; Fri Frakt ! K\u00f6p den h\u00e4r ! V\u00e4lkommen till Babylove.se\" \/>\n<meta name=\"robots\" content=\"noindex, follow, max-snippet:-1, max-image-preview:large, max-video-preview:-1\" \/>\n<meta property=\"og:locale\" content=\"nb_NO\" \/>\n<meta property=\"og:type\" content=\"article\" \/>\n<meta property=\"og:title\" content=\"Tipiseng hvit\/natur 90x190 cm\" \/>\n<meta property=\"og:description\" content=\"En underbart vacker barns\u00e4ng i ett fantastiskt utf\u00f6rande, inspirerad av tipit\u00e4lt. Klarna faktura &amp; Fri Frakt ! K\u00f6p den h\u00e4r ! V\u00e4lkommen till Babylove.se\" \/>\n<meta property=\"og:url\" content=\"https:\/\/babylove.se\/no\/produkt\/tipiseng-hvitlasert-90x190-cm\/\" \/>\n<meta property=\"og:site_name\" content=\"Babylove Norska\" \/>\n<meta property=\"article:modified_time\" content=\"2026-04-08T10:38:17+00:00\" \/>\n<meta property=\"og:image\" content=\"https:\/\/babylove.se\/no\/wp-content\/uploads\/sites\/3\/2025\/07\/618b88051eec5.jpeg\" \/>\n\t<meta property=\"og:image:width\" content=\"800\" \/>\n\t<meta property=\"og:image:height\" content=\"800\" \/>\n\t<meta property=\"og:image:type\" content=\"image\/jpeg\" \/>\n<meta name=\"twitter:card\" content=\"summary_large_image\" \/>\n<meta name=\"twitter:label1\" content=\"Availability\" \/>\n\t<meta name=\"twitter:data1\" content=\"In stock\" \/>\n<script type=\"application\/ld+json\" class=\"yoast-schema-graph\">{\"@context\":\"https:\/\/schema.org\",\"@graph\":[{\"@type\":\"WebPage\",\"@id\":\"https:\/\/babylove.se\/no\/produkt\/tipiseng-hvitlasert-90x190-cm\/\",\"url\":\"https:\/\/babylove.se\/no\/produkt\/tipiseng-hvitlasert-90x190-cm\/\",\"name\":\"Tipis\u00e4ng till barnrummet - K\u00f6p tipi s\u00e4ng h\u00e4r !\",\"isPartOf\":{\"@id\":\"https:\/\/babylove.se\/no\/#website\"},\"primaryImageOfPage\":{\"@id\":\"https:\/\/babylove.se\/no\/produkt\/tipiseng-hvitlasert-90x190-cm\/#primaryimage\"},\"image\":{\"@id\":\"https:\/\/babylove.se\/no\/produkt\/tipiseng-hvitlasert-90x190-cm\/#primaryimage\"},\"thumbnailUrl\":\"https:\/\/babylove.se\/no\/wp-content\/uploads\/sites\/3\/2025\/07\/618b88051eec5.jpeg\",\"datePublished\":\"2025-07-18T23:04:14+00:00\",\"dateModified\":\"2026-04-08T10:38:17+00:00\",\"description\":\"En underbart vacker barns\u00e4ng i ett fantastiskt utf\u00f6rande, inspirerad av tipit\u00e4lt. Klarna faktura & Fri Frakt ! K\u00f6p den h\u00e4r ! V\u00e4lkommen till Babylove.se\",\"breadcrumb\":{\"@id\":\"https:\/\/babylove.se\/no\/produkt\/tipiseng-hvitlasert-90x190-cm\/#breadcrumb\"},\"inLanguage\":\"nb-NO\",\"potentialAction\":[{\"@type\":\"ReadAction\",\"target\":[\"https:\/\/babylove.se\/no\/produkt\/tipiseng-hvitlasert-90x190-cm\/\"]}]},{\"@type\":\"ImageObject\",\"inLanguage\":\"nb-NO\",\"@id\":\"https:\/\/babylove.se\/no\/produkt\/tipiseng-hvitlasert-90x190-cm\/#primaryimage\",\"url\":\"https:\/\/babylove.se\/no\/wp-content\/uploads\/sites\/3\/2025\/07\/618b88051eec5.jpeg\",\"contentUrl\":\"https:\/\/babylove.se\/no\/wp-content\/uploads\/sites\/3\/2025\/07\/618b88051eec5.jpeg\",\"width\":800,\"height\":800},{\"@type\":\"BreadcrumbList\",\"@id\":\"https:\/\/babylove.se\/no\/produkt\/tipiseng-hvitlasert-90x190-cm\/#breadcrumb\",\"itemListElement\":[{\"@type\":\"ListItem\",\"position\":1,\"name\":\"Hem\",\"item\":\"https:\/\/babylove.se\/no\/\"},{\"@type\":\"ListItem\",\"position\":2,\"name\":\"Butik\",\"item\":\"https:\/\/babylove.se\/no\/butik\/\"},{\"@type\":\"ListItem\",\"position\":3,\"name\":\"Tipiseng hvit\/natur 90&#215;190 cm\"}]},{\"@type\":\"WebSite\",\"@id\":\"https:\/\/babylove.se\/no\/#website\",\"url\":\"https:\/\/babylove.se\/no\/\",\"name\":\"Babylove Norska\",\"description\":\"\",\"potentialAction\":[{\"@type\":\"SearchAction\",\"target\":{\"@type\":\"EntryPoint\",\"urlTemplate\":\"https:\/\/babylove.se\/no\/?s={search_term_string}\"},\"query-input\":{\"@type\":\"PropertyValueSpecification\",\"valueRequired\":true,\"valueName\":\"search_term_string\"}}],\"inLanguage\":\"nb-NO\"}]}<\/script>\n<meta property=\"product:brand\" content=\"Ohh Mami\" \/>\n<meta property=\"og:availability\" content=\"instock\" \/>\n<meta property=\"product:availability\" content=\"instock\" \/>\n<meta property=\"product:retailer_item_id\" content=\"Tipi vit\/natur70x140-cm\" \/>\n<meta property=\"product:condition\" content=\"new\" \/>\n<!-- \/ Yoast SEO Premium plugin. -->","yoast_head_json":{"title":"Tipis\u00e4ng till barnrummet - K\u00f6p tipi s\u00e4ng h\u00e4r !","description":"En underbart vacker barns\u00e4ng i ett fantastiskt utf\u00f6rande, inspirerad av tipit\u00e4lt. Klarna faktura & Fri Frakt ! K\u00f6p den h\u00e4r ! V\u00e4lkommen till Babylove.se","robots":{"index":"noindex","follow":"follow","max-snippet":"max-snippet:-1","max-image-preview":"max-image-preview:large","max-video-preview":"max-video-preview:-1"},"og_locale":"nb_NO","og_type":"article","og_title":"Tipiseng hvit\/natur 90x190 cm","og_description":"En underbart vacker barns\u00e4ng i ett fantastiskt utf\u00f6rande, inspirerad av tipit\u00e4lt. Klarna faktura & Fri Frakt ! K\u00f6p den h\u00e4r ! V\u00e4lkommen till Babylove.se","og_url":"https:\/\/babylove.se\/no\/produkt\/tipiseng-hvitlasert-90x190-cm\/","og_site_name":"Babylove Norska","article_modified_time":"2026-04-08T10:38:17+00:00","og_image":[{"width":800,"height":800,"url":"https:\/\/babylove.se\/no\/wp-content\/uploads\/sites\/3\/2025\/07\/618b88051eec5.jpeg","type":"image\/jpeg"}],"twitter_card":"summary_large_image","twitter_misc":{"Availability":"In stock"},"schema":{"@context":"https:\/\/schema.org","@graph":[{"@type":"WebPage","@id":"https:\/\/babylove.se\/no\/produkt\/tipiseng-hvitlasert-90x190-cm\/","url":"https:\/\/babylove.se\/no\/produkt\/tipiseng-hvitlasert-90x190-cm\/","name":"Tipis\u00e4ng till barnrummet - K\u00f6p tipi s\u00e4ng h\u00e4r !","isPartOf":{"@id":"https:\/\/babylove.se\/no\/#website"},"primaryImageOfPage":{"@id":"https:\/\/babylove.se\/no\/produkt\/tipiseng-hvitlasert-90x190-cm\/#primaryimage"},"image":{"@id":"https:\/\/babylove.se\/no\/produkt\/tipiseng-hvitlasert-90x190-cm\/#primaryimage"},"thumbnailUrl":"https:\/\/babylove.se\/no\/wp-content\/uploads\/sites\/3\/2025\/07\/618b88051eec5.jpeg","datePublished":"2025-07-18T23:04:14+00:00","dateModified":"2026-04-08T10:38:17+00:00","description":"En underbart vacker barns\u00e4ng i ett fantastiskt utf\u00f6rande, inspirerad av tipit\u00e4lt. Klarna faktura & Fri Frakt ! K\u00f6p den h\u00e4r ! V\u00e4lkommen till Babylove.se","breadcrumb":{"@id":"https:\/\/babylove.se\/no\/produkt\/tipiseng-hvitlasert-90x190-cm\/#breadcrumb"},"inLanguage":"nb-NO","potentialAction":[{"@type":"ReadAction","target":["https:\/\/babylove.se\/no\/produkt\/tipiseng-hvitlasert-90x190-cm\/"]}]},{"@type":"ImageObject","inLanguage":"nb-NO","@id":"https:\/\/babylove.se\/no\/produkt\/tipiseng-hvitlasert-90x190-cm\/#primaryimage","url":"https:\/\/babylove.se\/no\/wp-content\/uploads\/sites\/3\/2025\/07\/618b88051eec5.jpeg","contentUrl":"https:\/\/babylove.se\/no\/wp-content\/uploads\/sites\/3\/2025\/07\/618b88051eec5.jpeg","width":800,"height":800},{"@type":"BreadcrumbList","@id":"https:\/\/babylove.se\/no\/produkt\/tipiseng-hvitlasert-90x190-cm\/#breadcrumb","itemListElement":[{"@type":"ListItem","position":1,"name":"Hem","item":"https:\/\/babylove.se\/no\/"},{"@type":"ListItem","position":2,"name":"Butik","item":"https:\/\/babylove.se\/no\/butik\/"},{"@type":"ListItem","position":3,"name":"Tipiseng hvit\/natur 90&#215;190 cm"}]},{"@type":"WebSite","@id":"https:\/\/babylove.se\/no\/#website","url":"https:\/\/babylove.se\/no\/","name":"Babylove Norska","description":"","potentialAction":[{"@type":"SearchAction","target":{"@type":"EntryPoint","urlTemplate":"https:\/\/babylove.se\/no\/?s={search_term_string}"},"query-input":{"@type":"PropertyValueSpecification","valueRequired":true,"valueName":"search_term_string"}}],"inLanguage":"nb-NO"}]},"product_brand":"Ohh Mami","og_availability":"instock","product_availability":"instock","product_retailer_item_id":"Tipi vit\/natur70x140-cm","product_condition":"new"},"_links":{"self":[{"href":"https:\/\/babylove.se\/no\/wp-json\/wp\/v2\/product\/29626","targetHints":{"allow":["GET"]}}],"collection":[{"href":"https:\/\/babylove.se\/no\/wp-json\/wp\/v2\/product"}],"about":[{"href":"https:\/\/babylove.se\/no\/wp-json\/wp\/v2\/types\/product"}],"replies":[{"embeddable":true,"href":"https:\/\/babylove.se\/no\/wp-json\/wp\/v2\/comments?post=29626"}],"wp:featuredmedia":[{"embeddable":true,"href":"https:\/\/babylove.se\/no\/wp-json\/wp\/v2\/media\/29628"}],"wp:attachment":[{"href":"https:\/\/babylove.se\/no\/wp-json\/wp\/v2\/media?parent=29626"}],"wp:term":[{"taxonomy":"product_brand","embeddable":true,"href":"https:\/\/babylove.se\/no\/wp-json\/wp\/v2\/product_brand?post=29626"},{"taxonomy":"product_cat","embeddable":true,"href":"https:\/\/babylove.se\/no\/wp-json\/wp\/v2\/product_cat?post=29626"},{"taxonomy":"product_tag","embeddable":true,"href":"https:\/\/babylove.se\/no\/wp-json\/wp\/v2\/product_tag?post=29626"}],"curies":[{"name":"wp","href":"https:\/\/api.w.org\/{rel}","templated":true}]}}