{"id":29631,"date":"2025-07-19T00:04:14","date_gmt":"2025-07-18T23:04:14","guid":{"rendered":"https:\/\/babylove.se\/produkt\/vit-sang-90x200-med-forvaring\/"},"modified":"2026-04-08T11:38:20","modified_gmt":"2026-04-08T10:38:20","slug":"hvit-seng-90x200-med-oppbevaring","status":"publish","type":"product","link":"https:\/\/babylove.se\/no\/produkt\/hvit-seng-90x200-med-oppbevaring\/","title":{"rendered":"Hvit seng 90&#215;200 med oppbevaring"},"content":{"rendered":"<p>En underbart fin og praktisk seng med oppbevaring. Denne sengen gir en herlig f\u00f8lelse til hele barnerommet, da ditt barn kan leke i den eller skape et helt eget favorittmyshj\u00f8rne, gjerne med hjelp av noen fine dekorasjoner.&nbsp;<\/p>\n<p>Materiale: &nbsp;MDF<\/p>\n<p>M\u00e5l: sengem\u00e5l 90&#215;200 &nbsp;(totalt m\u00e5l 96&#215;205 cm)&nbsp;<\/p>\n<ul>\n<li>Madrasser er ikke inkludert, madrasser kan kj\u00f8pes til separat (maks tykkelse p\u00e5 den nederste madrassen skal v\u00e6re 14 cm) &nbsp;<\/li>\n<li>Ribbbunn er inkludert&nbsp;<\/li>\n<li>Sengen kommer umontert men er enkel \u00e5 sette sammen. B\u00f8r settes sammen i rommet den skal brukes i.<\/li>\n<\/ul>\n","protected":false},"excerpt":{"rendered":"<p>En underbart fin og praktisk seng med oppbevaring. Denne sengen gir en herlig f\u00f8lelse til hele barnerommet, da ditt barn kan leke i den eller skape et helt eget favorittmyshj\u00f8rne, gjerne med hjelp av noen fine dekorasjoner.&nbsp; Materiale: &nbsp;MDF M\u00e5l: sengem\u00e5l 90&#215;200 &nbsp;(totalt m\u00e5l 96&#215;205 cm)&nbsp; Madrasser er ikke inkludert, madrasser kan kj\u00f8pes til separat [&hellip;]<\/p>\n","protected":false},"featured_media":29633,"comment_status":"closed","ping_status":"open","template":"","meta":{"_acf_changed":false},"product_brand":[671],"product_cat":[672,269,280,40],"product_tag":[1689],"class_list":{"0":"post-29631","1":"product","2":"type-product","3":"status-publish","4":"has-post-thumbnail","6":"product_brand-homestyle4u","7":"product_cat-hm","8":"product_cat-juniorsenger","9":"product_cat-senger-med-rask-levering","10":"product_cat-soverom-barn","11":"product_tag-bestillingsvaror","13":"first","14":"instock","15":"taxable","16":"shipping-taxable","17":"purchasable","18":"product-type-simple"},"acf":[],"yoast_head":"<!-- This site is optimized with the Yoast SEO Premium plugin v25.8 (Yoast SEO v27.2) - https:\/\/yoast.com\/product\/yoast-seo-premium-wordpress\/ -->\n<title>Hvit seng 90x200 med oppbevaring - Babylove Norska<\/title>\n<meta name=\"robots\" content=\"noindex, follow, max-snippet:-1, max-image-preview:large, max-video-preview:-1\" \/>\n<meta property=\"og:locale\" content=\"nb_NO\" \/>\n<meta property=\"og:type\" content=\"article\" \/>\n<meta property=\"og:title\" content=\"Hvit seng 90x200 med oppbevaring\" \/>\n<meta property=\"og:description\" content=\"En underbart fin og praktisk seng med oppbevaring. Denne sengen gir en herlig f\u00f8lelse til hele barnerommet, da ditt barn kan leke i den eller skape et helt eget favorittmyshj\u00f8rne, gjerne med hjelp av noen fine dekorasjoner.&nbsp; Materiale: &nbsp;MDF M\u00e5l: sengem\u00e5l 90&#215;200 &nbsp;(totalt m\u00e5l 96&#215;205 cm)&nbsp; Madrasser er ikke inkludert, madrasser kan kj\u00f8pes til separat [&hellip;]\" \/>\n<meta property=\"og:url\" content=\"https:\/\/babylove.se\/no\/produkt\/hvit-seng-90x200-med-oppbevaring\/\" \/>\n<meta property=\"og:site_name\" content=\"Babylove Norska\" \/>\n<meta property=\"article:modified_time\" content=\"2026-04-08T10:38:20+00:00\" \/>\n<meta property=\"og:image\" content=\"https:\/\/babylove.se\/no\/wp-content\/uploads\/sites\/3\/2025\/07\/64ecd910cc54b.png\" \/>\n\t<meta property=\"og:image:width\" content=\"800\" \/>\n\t<meta property=\"og:image:height\" content=\"800\" \/>\n\t<meta property=\"og:image:type\" content=\"image\/png\" \/>\n<meta name=\"twitter:card\" content=\"summary_large_image\" \/>\n<meta name=\"twitter:label1\" content=\"Price\" \/>\n\t<meta name=\"twitter:data1\" content=\"4 599,00&nbsp;&#107;&#114;\" \/>\n\t<meta name=\"twitter:label2\" content=\"Availability\" \/>\n\t<meta name=\"twitter:data2\" content=\"In stock\" \/>\n<script type=\"application\/ld+json\" class=\"yoast-schema-graph\">{\"@context\":\"https:\/\/schema.org\",\"@graph\":[{\"@type\":\"WebPage\",\"@id\":\"https:\/\/babylove.se\/no\/produkt\/hvit-seng-90x200-med-oppbevaring\/\",\"url\":\"https:\/\/babylove.se\/no\/produkt\/hvit-seng-90x200-med-oppbevaring\/\",\"name\":\"Hvit seng 90x200 med oppbevaring - Babylove Norska\",\"isPartOf\":{\"@id\":\"https:\/\/babylove.se\/no\/#website\"},\"primaryImageOfPage\":{\"@id\":\"https:\/\/babylove.se\/no\/produkt\/hvit-seng-90x200-med-oppbevaring\/#primaryimage\"},\"image\":{\"@id\":\"https:\/\/babylove.se\/no\/produkt\/hvit-seng-90x200-med-oppbevaring\/#primaryimage\"},\"thumbnailUrl\":\"https:\/\/babylove.se\/no\/wp-content\/uploads\/sites\/3\/2025\/07\/64ecd910cc54b.png\",\"datePublished\":\"2025-07-18T23:04:14+00:00\",\"dateModified\":\"2026-04-08T10:38:20+00:00\",\"breadcrumb\":{\"@id\":\"https:\/\/babylove.se\/no\/produkt\/hvit-seng-90x200-med-oppbevaring\/#breadcrumb\"},\"inLanguage\":\"nb-NO\",\"potentialAction\":[{\"@type\":\"ReadAction\",\"target\":[\"https:\/\/babylove.se\/no\/produkt\/hvit-seng-90x200-med-oppbevaring\/\"]}]},{\"@type\":\"ImageObject\",\"inLanguage\":\"nb-NO\",\"@id\":\"https:\/\/babylove.se\/no\/produkt\/hvit-seng-90x200-med-oppbevaring\/#primaryimage\",\"url\":\"https:\/\/babylove.se\/no\/wp-content\/uploads\/sites\/3\/2025\/07\/64ecd910cc54b.png\",\"contentUrl\":\"https:\/\/babylove.se\/no\/wp-content\/uploads\/sites\/3\/2025\/07\/64ecd910cc54b.png\",\"width\":800,\"height\":800},{\"@type\":\"BreadcrumbList\",\"@id\":\"https:\/\/babylove.se\/no\/produkt\/hvit-seng-90x200-med-oppbevaring\/#breadcrumb\",\"itemListElement\":[{\"@type\":\"ListItem\",\"position\":1,\"name\":\"Hem\",\"item\":\"https:\/\/babylove.se\/no\/\"},{\"@type\":\"ListItem\",\"position\":2,\"name\":\"Butik\",\"item\":\"https:\/\/babylove.se\/no\/butik\/\"},{\"@type\":\"ListItem\",\"position\":3,\"name\":\"Hvit seng 90&#215;200 med oppbevaring\"}]},{\"@type\":\"WebSite\",\"@id\":\"https:\/\/babylove.se\/no\/#website\",\"url\":\"https:\/\/babylove.se\/no\/\",\"name\":\"Babylove Norska\",\"description\":\"\",\"potentialAction\":[{\"@type\":\"SearchAction\",\"target\":{\"@type\":\"EntryPoint\",\"urlTemplate\":\"https:\/\/babylove.se\/no\/?s={search_term_string}\"},\"query-input\":{\"@type\":\"PropertyValueSpecification\",\"valueRequired\":true,\"valueName\":\"search_term_string\"}}],\"inLanguage\":\"nb-NO\"}]}<\/script>\n<meta property=\"product:brand\" content=\"Homestyle4u\" \/>\n<meta property=\"product:price:amount\" content=\"4599.00\" \/>\n<meta property=\"product:price:currency\" content=\"SEK\" \/>\n<meta property=\"og:availability\" content=\"instock\" \/>\n<meta property=\"product:availability\" content=\"instock\" \/>\n<meta property=\"product:retailer_item_id\" content=\"1422\" \/>\n<meta property=\"product:condition\" content=\"new\" \/>\n<!-- \/ Yoast SEO Premium plugin. -->","yoast_head_json":{"title":"Hvit seng 90x200 med oppbevaring - Babylove Norska","robots":{"index":"noindex","follow":"follow","max-snippet":"max-snippet:-1","max-image-preview":"max-image-preview:large","max-video-preview":"max-video-preview:-1"},"og_locale":"nb_NO","og_type":"article","og_title":"Hvit seng 90x200 med oppbevaring","og_description":"En underbart fin og praktisk seng med oppbevaring. Denne sengen gir en herlig f\u00f8lelse til hele barnerommet, da ditt barn kan leke i den eller skape et helt eget favorittmyshj\u00f8rne, gjerne med hjelp av noen fine dekorasjoner.&nbsp; Materiale: &nbsp;MDF M\u00e5l: sengem\u00e5l 90&#215;200 &nbsp;(totalt m\u00e5l 96&#215;205 cm)&nbsp; Madrasser er ikke inkludert, madrasser kan kj\u00f8pes til separat [&hellip;]","og_url":"https:\/\/babylove.se\/no\/produkt\/hvit-seng-90x200-med-oppbevaring\/","og_site_name":"Babylove Norska","article_modified_time":"2026-04-08T10:38:20+00:00","og_image":[{"width":800,"height":800,"url":"https:\/\/babylove.se\/no\/wp-content\/uploads\/sites\/3\/2025\/07\/64ecd910cc54b.png","type":"image\/png"}],"twitter_card":"summary_large_image","twitter_misc":{"Price":"4 599,00&nbsp;&#107;&#114;","Availability":"In stock"},"schema":{"@context":"https:\/\/schema.org","@graph":[{"@type":"WebPage","@id":"https:\/\/babylove.se\/no\/produkt\/hvit-seng-90x200-med-oppbevaring\/","url":"https:\/\/babylove.se\/no\/produkt\/hvit-seng-90x200-med-oppbevaring\/","name":"Hvit seng 90x200 med oppbevaring - Babylove Norska","isPartOf":{"@id":"https:\/\/babylove.se\/no\/#website"},"primaryImageOfPage":{"@id":"https:\/\/babylove.se\/no\/produkt\/hvit-seng-90x200-med-oppbevaring\/#primaryimage"},"image":{"@id":"https:\/\/babylove.se\/no\/produkt\/hvit-seng-90x200-med-oppbevaring\/#primaryimage"},"thumbnailUrl":"https:\/\/babylove.se\/no\/wp-content\/uploads\/sites\/3\/2025\/07\/64ecd910cc54b.png","datePublished":"2025-07-18T23:04:14+00:00","dateModified":"2026-04-08T10:38:20+00:00","breadcrumb":{"@id":"https:\/\/babylove.se\/no\/produkt\/hvit-seng-90x200-med-oppbevaring\/#breadcrumb"},"inLanguage":"nb-NO","potentialAction":[{"@type":"ReadAction","target":["https:\/\/babylove.se\/no\/produkt\/hvit-seng-90x200-med-oppbevaring\/"]}]},{"@type":"ImageObject","inLanguage":"nb-NO","@id":"https:\/\/babylove.se\/no\/produkt\/hvit-seng-90x200-med-oppbevaring\/#primaryimage","url":"https:\/\/babylove.se\/no\/wp-content\/uploads\/sites\/3\/2025\/07\/64ecd910cc54b.png","contentUrl":"https:\/\/babylove.se\/no\/wp-content\/uploads\/sites\/3\/2025\/07\/64ecd910cc54b.png","width":800,"height":800},{"@type":"BreadcrumbList","@id":"https:\/\/babylove.se\/no\/produkt\/hvit-seng-90x200-med-oppbevaring\/#breadcrumb","itemListElement":[{"@type":"ListItem","position":1,"name":"Hem","item":"https:\/\/babylove.se\/no\/"},{"@type":"ListItem","position":2,"name":"Butik","item":"https:\/\/babylove.se\/no\/butik\/"},{"@type":"ListItem","position":3,"name":"Hvit seng 90&#215;200 med oppbevaring"}]},{"@type":"WebSite","@id":"https:\/\/babylove.se\/no\/#website","url":"https:\/\/babylove.se\/no\/","name":"Babylove Norska","description":"","potentialAction":[{"@type":"SearchAction","target":{"@type":"EntryPoint","urlTemplate":"https:\/\/babylove.se\/no\/?s={search_term_string}"},"query-input":{"@type":"PropertyValueSpecification","valueRequired":true,"valueName":"search_term_string"}}],"inLanguage":"nb-NO"}]},"product_brand":"Homestyle4u","product_price_amount":"4599.00","product_price_currency":"SEK","og_availability":"instock","product_availability":"instock","product_retailer_item_id":"1422","product_condition":"new"},"_links":{"self":[{"href":"https:\/\/babylove.se\/no\/wp-json\/wp\/v2\/product\/29631","targetHints":{"allow":["GET"]}}],"collection":[{"href":"https:\/\/babylove.se\/no\/wp-json\/wp\/v2\/product"}],"about":[{"href":"https:\/\/babylove.se\/no\/wp-json\/wp\/v2\/types\/product"}],"replies":[{"embeddable":true,"href":"https:\/\/babylove.se\/no\/wp-json\/wp\/v2\/comments?post=29631"}],"wp:featuredmedia":[{"embeddable":true,"href":"https:\/\/babylove.se\/no\/wp-json\/wp\/v2\/media\/29633"}],"wp:attachment":[{"href":"https:\/\/babylove.se\/no\/wp-json\/wp\/v2\/media?parent=29631"}],"wp:term":[{"taxonomy":"product_brand","embeddable":true,"href":"https:\/\/babylove.se\/no\/wp-json\/wp\/v2\/product_brand?post=29631"},{"taxonomy":"product_cat","embeddable":true,"href":"https:\/\/babylove.se\/no\/wp-json\/wp\/v2\/product_cat?post=29631"},{"taxonomy":"product_tag","embeddable":true,"href":"https:\/\/babylove.se\/no\/wp-json\/wp\/v2\/product_tag?post=29631"}],"curies":[{"name":"wp","href":"https:\/\/api.w.org\/{rel}","templated":true}]}}