{"id":29641,"date":"2025-07-19T00:04:14","date_gmt":"2025-07-18T23:04:14","guid":{"rendered":"https:\/\/babylove.se\/produkt\/the-brooklyn-kids-funny-bunny-bean-bag-grey\/"},"modified":"2026-04-08T11:38:23","modified_gmt":"2026-04-08T10:38:23","slug":"de-brooklyn-barna-morsomme-kanin-sittepose-gra","status":"publish","type":"product","link":"https:\/\/babylove.se\/no\/produkt\/de-brooklyn-barna-morsomme-kanin-sittepose-gra\/","title":{"rendered":"The Brooklyn Kids, Funny Bunny Bean bag, gr\u00e5"},"content":{"rendered":"<p>Hvor s\u00f8t er ikke denne sittesekken med kanin-\u00f8rer og -hale?!&nbsp;<\/p>\n<p>Et fint tilskudd til ditt barneroms-innredning. Sittesekken er enkel \u00e5 flytte hvilket gj\u00f8r at den selvf\u00f8lgelig kan brukes ogs\u00e5 i stuen eller i favoritthj\u00f8rnet.<\/p>\n<p>Passer perfekt for b\u00e5de store og sm\u00e5 barn. Foruten at den er pen, har den ogs\u00e5 store lommer p\u00e5 begge sidene slik at ditt barn enkelt kan gjemme sine skatter. Den rosettformede puten er dessuten avtakbar.&nbsp;<\/p>\n<p>Stoffet finnes i flere farger og er avtakbart, hvilket gj\u00f8r at du kan vaske det og holde sittesekken ren og frisk. <span style=\"background-color: initial; text-align: initial;\">Fyllet best\u00e5r av 100 % giftfrie perler.<\/span><\/p>\n<p><strong>M\u00e5l<\/strong>: 70 x 90 x 70 cm<\/p>\n<p><strong>Materiale<\/strong>: 100% polyester<\/p>\n<p>Designer: <a href=\"https:\/\/babylove.se\/varumarken\/the-brooklyn-kids\">The Brooklyn Kids<\/a><\/p>\n","protected":false},"excerpt":{"rendered":"<p>Hvor s\u00f8t er ikke denne sittesekken med kanin-\u00f8rer og -hale?!&nbsp; Et fint tilskudd til ditt barneroms-innredning. Sittesekken er enkel \u00e5 flytte hvilket gj\u00f8r at den selvf\u00f8lgelig kan brukes ogs\u00e5 i stuen eller i favoritthj\u00f8rnet. Passer perfekt for b\u00e5de store og sm\u00e5 barn. Foruten at den er pen, har den ogs\u00e5 store lommer p\u00e5 begge sidene [&hellip;]<\/p>\n","protected":false},"featured_media":29643,"comment_status":"closed","ping_status":"open","template":"","meta":{"_acf_changed":false},"product_brand":[1033],"product_cat":[44,80,1034],"product_tag":[1689],"class_list":{"0":"post-29641","1":"product","2":"type-product","3":"status-publish","4":"has-post-thumbnail","6":"product_brand-the-brooklyn-kids","7":"product_cat-sitteputfer-saccosekker","8":"product_cat-stoler","9":"product_cat-the-brooklyn-kids","10":"product_tag-bestillingsvaror","12":"first","13":"instock","14":"taxable","15":"shipping-taxable","16":"purchasable","17":"product-type-simple"},"acf":[],"yoast_head":"<!-- This site is optimized with the Yoast SEO Premium plugin v25.8 (Yoast SEO v27.2) - https:\/\/yoast.com\/product\/yoast-seo-premium-wordpress\/ -->\n<title>The Brooklyn Kids, Funny Bunny Bean bag, gr\u00e5 - Babylove Norska<\/title>\n<meta name=\"robots\" content=\"noindex, follow, max-snippet:-1, max-image-preview:large, max-video-preview:-1\" \/>\n<meta property=\"og:locale\" content=\"nb_NO\" \/>\n<meta property=\"og:type\" content=\"article\" \/>\n<meta property=\"og:title\" content=\"The Brooklyn Kids, Funny Bunny Bean bag, gr\u00e5\" \/>\n<meta property=\"og:description\" content=\"Hvor s\u00f8t er ikke denne sittesekken med kanin-\u00f8rer og -hale?!&nbsp; Et fint tilskudd til ditt barneroms-innredning. Sittesekken er enkel \u00e5 flytte hvilket gj\u00f8r at den selvf\u00f8lgelig kan brukes ogs\u00e5 i stuen eller i favoritthj\u00f8rnet. Passer perfekt for b\u00e5de store og sm\u00e5 barn. Foruten at den er pen, har den ogs\u00e5 store lommer p\u00e5 begge sidene [&hellip;]\" \/>\n<meta property=\"og:url\" content=\"https:\/\/babylove.se\/no\/produkt\/de-brooklyn-barna-morsomme-kanin-sittepose-gra\/\" \/>\n<meta property=\"og:site_name\" content=\"Babylove Norska\" \/>\n<meta property=\"article:modified_time\" content=\"2026-04-08T10:38:23+00:00\" \/>\n<meta property=\"og:image\" content=\"https:\/\/babylove.se\/no\/wp-content\/uploads\/sites\/3\/2025\/07\/618d28d5b5629.jpeg\" \/>\n\t<meta property=\"og:image:width\" content=\"697\" \/>\n\t<meta property=\"og:image:height\" content=\"465\" \/>\n\t<meta property=\"og:image:type\" content=\"image\/jpeg\" \/>\n<meta name=\"twitter:card\" content=\"summary_large_image\" \/>\n<meta name=\"twitter:label1\" content=\"Price\" \/>\n\t<meta name=\"twitter:data1\" content=\"2 899,00&nbsp;&#107;&#114;\" \/>\n\t<meta name=\"twitter:label2\" content=\"Availability\" \/>\n\t<meta name=\"twitter:data2\" content=\"In stock\" \/>\n<script type=\"application\/ld+json\" class=\"yoast-schema-graph\">{\"@context\":\"https:\/\/schema.org\",\"@graph\":[{\"@type\":\"WebPage\",\"@id\":\"https:\/\/babylove.se\/no\/produkt\/de-brooklyn-barna-morsomme-kanin-sittepose-gra\/\",\"url\":\"https:\/\/babylove.se\/no\/produkt\/de-brooklyn-barna-morsomme-kanin-sittepose-gra\/\",\"name\":\"The Brooklyn Kids, Funny Bunny Bean bag, gr\u00e5 - Babylove Norska\",\"isPartOf\":{\"@id\":\"https:\/\/babylove.se\/no\/#website\"},\"primaryImageOfPage\":{\"@id\":\"https:\/\/babylove.se\/no\/produkt\/de-brooklyn-barna-morsomme-kanin-sittepose-gra\/#primaryimage\"},\"image\":{\"@id\":\"https:\/\/babylove.se\/no\/produkt\/de-brooklyn-barna-morsomme-kanin-sittepose-gra\/#primaryimage\"},\"thumbnailUrl\":\"https:\/\/babylove.se\/no\/wp-content\/uploads\/sites\/3\/2025\/07\/618d28d5b5629.jpeg\",\"datePublished\":\"2025-07-18T23:04:14+00:00\",\"dateModified\":\"2026-04-08T10:38:23+00:00\",\"breadcrumb\":{\"@id\":\"https:\/\/babylove.se\/no\/produkt\/de-brooklyn-barna-morsomme-kanin-sittepose-gra\/#breadcrumb\"},\"inLanguage\":\"nb-NO\",\"potentialAction\":[{\"@type\":\"ReadAction\",\"target\":[\"https:\/\/babylove.se\/no\/produkt\/de-brooklyn-barna-morsomme-kanin-sittepose-gra\/\"]}]},{\"@type\":\"ImageObject\",\"inLanguage\":\"nb-NO\",\"@id\":\"https:\/\/babylove.se\/no\/produkt\/de-brooklyn-barna-morsomme-kanin-sittepose-gra\/#primaryimage\",\"url\":\"https:\/\/babylove.se\/no\/wp-content\/uploads\/sites\/3\/2025\/07\/618d28d5b5629.jpeg\",\"contentUrl\":\"https:\/\/babylove.se\/no\/wp-content\/uploads\/sites\/3\/2025\/07\/618d28d5b5629.jpeg\",\"width\":697,\"height\":465},{\"@type\":\"BreadcrumbList\",\"@id\":\"https:\/\/babylove.se\/no\/produkt\/de-brooklyn-barna-morsomme-kanin-sittepose-gra\/#breadcrumb\",\"itemListElement\":[{\"@type\":\"ListItem\",\"position\":1,\"name\":\"Hem\",\"item\":\"https:\/\/babylove.se\/no\/\"},{\"@type\":\"ListItem\",\"position\":2,\"name\":\"Butik\",\"item\":\"https:\/\/babylove.se\/no\/butik\/\"},{\"@type\":\"ListItem\",\"position\":3,\"name\":\"The Brooklyn Kids, Funny Bunny Bean bag, gr\u00e5\"}]},{\"@type\":\"WebSite\",\"@id\":\"https:\/\/babylove.se\/no\/#website\",\"url\":\"https:\/\/babylove.se\/no\/\",\"name\":\"Babylove Norska\",\"description\":\"\",\"potentialAction\":[{\"@type\":\"SearchAction\",\"target\":{\"@type\":\"EntryPoint\",\"urlTemplate\":\"https:\/\/babylove.se\/no\/?s={search_term_string}\"},\"query-input\":{\"@type\":\"PropertyValueSpecification\",\"valueRequired\":true,\"valueName\":\"search_term_string\"}}],\"inLanguage\":\"nb-NO\"}]}<\/script>\n<meta property=\"product:brand\" content=\"The Brooklyn Kids\" \/>\n<meta property=\"product:price:amount\" content=\"2899.00\" \/>\n<meta property=\"product:price:currency\" content=\"SEK\" \/>\n<meta property=\"og:availability\" content=\"instock\" \/>\n<meta property=\"product:availability\" content=\"instock\" \/>\n<meta property=\"product:retailer_item_id\" content=\"5038\" \/>\n<meta property=\"product:condition\" content=\"new\" \/>\n<!-- \/ Yoast SEO Premium plugin. -->","yoast_head_json":{"title":"The Brooklyn Kids, Funny Bunny Bean bag, gr\u00e5 - Babylove Norska","robots":{"index":"noindex","follow":"follow","max-snippet":"max-snippet:-1","max-image-preview":"max-image-preview:large","max-video-preview":"max-video-preview:-1"},"og_locale":"nb_NO","og_type":"article","og_title":"The Brooklyn Kids, Funny Bunny Bean bag, gr\u00e5","og_description":"Hvor s\u00f8t er ikke denne sittesekken med kanin-\u00f8rer og -hale?!&nbsp; Et fint tilskudd til ditt barneroms-innredning. Sittesekken er enkel \u00e5 flytte hvilket gj\u00f8r at den selvf\u00f8lgelig kan brukes ogs\u00e5 i stuen eller i favoritthj\u00f8rnet. Passer perfekt for b\u00e5de store og sm\u00e5 barn. Foruten at den er pen, har den ogs\u00e5 store lommer p\u00e5 begge sidene [&hellip;]","og_url":"https:\/\/babylove.se\/no\/produkt\/de-brooklyn-barna-morsomme-kanin-sittepose-gra\/","og_site_name":"Babylove Norska","article_modified_time":"2026-04-08T10:38:23+00:00","og_image":[{"width":697,"height":465,"url":"https:\/\/babylove.se\/no\/wp-content\/uploads\/sites\/3\/2025\/07\/618d28d5b5629.jpeg","type":"image\/jpeg"}],"twitter_card":"summary_large_image","twitter_misc":{"Price":"2 899,00&nbsp;&#107;&#114;","Availability":"In stock"},"schema":{"@context":"https:\/\/schema.org","@graph":[{"@type":"WebPage","@id":"https:\/\/babylove.se\/no\/produkt\/de-brooklyn-barna-morsomme-kanin-sittepose-gra\/","url":"https:\/\/babylove.se\/no\/produkt\/de-brooklyn-barna-morsomme-kanin-sittepose-gra\/","name":"The Brooklyn Kids, Funny Bunny Bean bag, gr\u00e5 - Babylove Norska","isPartOf":{"@id":"https:\/\/babylove.se\/no\/#website"},"primaryImageOfPage":{"@id":"https:\/\/babylove.se\/no\/produkt\/de-brooklyn-barna-morsomme-kanin-sittepose-gra\/#primaryimage"},"image":{"@id":"https:\/\/babylove.se\/no\/produkt\/de-brooklyn-barna-morsomme-kanin-sittepose-gra\/#primaryimage"},"thumbnailUrl":"https:\/\/babylove.se\/no\/wp-content\/uploads\/sites\/3\/2025\/07\/618d28d5b5629.jpeg","datePublished":"2025-07-18T23:04:14+00:00","dateModified":"2026-04-08T10:38:23+00:00","breadcrumb":{"@id":"https:\/\/babylove.se\/no\/produkt\/de-brooklyn-barna-morsomme-kanin-sittepose-gra\/#breadcrumb"},"inLanguage":"nb-NO","potentialAction":[{"@type":"ReadAction","target":["https:\/\/babylove.se\/no\/produkt\/de-brooklyn-barna-morsomme-kanin-sittepose-gra\/"]}]},{"@type":"ImageObject","inLanguage":"nb-NO","@id":"https:\/\/babylove.se\/no\/produkt\/de-brooklyn-barna-morsomme-kanin-sittepose-gra\/#primaryimage","url":"https:\/\/babylove.se\/no\/wp-content\/uploads\/sites\/3\/2025\/07\/618d28d5b5629.jpeg","contentUrl":"https:\/\/babylove.se\/no\/wp-content\/uploads\/sites\/3\/2025\/07\/618d28d5b5629.jpeg","width":697,"height":465},{"@type":"BreadcrumbList","@id":"https:\/\/babylove.se\/no\/produkt\/de-brooklyn-barna-morsomme-kanin-sittepose-gra\/#breadcrumb","itemListElement":[{"@type":"ListItem","position":1,"name":"Hem","item":"https:\/\/babylove.se\/no\/"},{"@type":"ListItem","position":2,"name":"Butik","item":"https:\/\/babylove.se\/no\/butik\/"},{"@type":"ListItem","position":3,"name":"The Brooklyn Kids, Funny Bunny Bean bag, gr\u00e5"}]},{"@type":"WebSite","@id":"https:\/\/babylove.se\/no\/#website","url":"https:\/\/babylove.se\/no\/","name":"Babylove Norska","description":"","potentialAction":[{"@type":"SearchAction","target":{"@type":"EntryPoint","urlTemplate":"https:\/\/babylove.se\/no\/?s={search_term_string}"},"query-input":{"@type":"PropertyValueSpecification","valueRequired":true,"valueName":"search_term_string"}}],"inLanguage":"nb-NO"}]},"product_brand":"The Brooklyn Kids","product_price_amount":"2899.00","product_price_currency":"SEK","og_availability":"instock","product_availability":"instock","product_retailer_item_id":"5038","product_condition":"new"},"_links":{"self":[{"href":"https:\/\/babylove.se\/no\/wp-json\/wp\/v2\/product\/29641","targetHints":{"allow":["GET"]}}],"collection":[{"href":"https:\/\/babylove.se\/no\/wp-json\/wp\/v2\/product"}],"about":[{"href":"https:\/\/babylove.se\/no\/wp-json\/wp\/v2\/types\/product"}],"replies":[{"embeddable":true,"href":"https:\/\/babylove.se\/no\/wp-json\/wp\/v2\/comments?post=29641"}],"wp:featuredmedia":[{"embeddable":true,"href":"https:\/\/babylove.se\/no\/wp-json\/wp\/v2\/media\/29643"}],"wp:attachment":[{"href":"https:\/\/babylove.se\/no\/wp-json\/wp\/v2\/media?parent=29641"}],"wp:term":[{"taxonomy":"product_brand","embeddable":true,"href":"https:\/\/babylove.se\/no\/wp-json\/wp\/v2\/product_brand?post=29641"},{"taxonomy":"product_cat","embeddable":true,"href":"https:\/\/babylove.se\/no\/wp-json\/wp\/v2\/product_cat?post=29641"},{"taxonomy":"product_tag","embeddable":true,"href":"https:\/\/babylove.se\/no\/wp-json\/wp\/v2\/product_tag?post=29641"}],"curies":[{"name":"wp","href":"https:\/\/api.w.org\/{rel}","templated":true}]}}