{"id":2967,"date":"2025-07-18T20:12:29","date_gmt":"2025-07-18T19:12:29","guid":{"rendered":"https:\/\/babylove.se\/produkt\/pretty-petrol-lekmatta-elodie-details\/"},"modified":"2026-04-08T07:55:44","modified_gmt":"2026-04-08T06:55:44","slug":"pen-bensin-lekematte-elodie-details","status":"publish","type":"product","link":"https:\/\/babylove.se\/no\/produkt\/pen-bensin-lekematte-elodie-details\/","title":{"rendered":"Pretty Petrol lekematte Elodie Details"},"content":{"rendered":"<p>En fantastisk lekematte laget av myk \u00d6KO-Tex-sertifisert bomull, som garantert er fri for skadelige kjemikalier. Denne fine lekematten har en lett skumpolstring som gj\u00f8r at den b\u00e5de beskytter og demper, alt for ditt barns komfort. Lekematten er anbefalt for nyf\u00f8dte og oppover, den passer barn i alle aldre. I tillegg har den fine m\u00f8nstre p\u00e5 begge sider, noe som gj\u00f8r at den passer godt til din innredning b\u00e5de i barnerommet og i \u00f8vrige deler av ditt hjem.<\/p>\n<p><strong>Materiale<\/strong>: 100% \u00d6KO-Tex bomull.&nbsp;<\/p>\n<p><strong>M\u00e5l<\/strong>: Diameter 120 cm.&nbsp;<\/p>\n<p>Kan vaskes i maskin opptil 40 grader.<\/p>\n<p>Designer: <a href=\"https:\/\/babylove.se\/varumarken\/elodie-details\"><u>Elodie Details<\/u><\/a><\/p>\n","protected":false},"excerpt":{"rendered":"<p>En fantastisk lekematte laget av myk \u00d6KO-Tex-sertifisert bomull, som garantert er fri for skadelige kjemikalier. Denne fine lekematten har en lett skumpolstring som gj\u00f8r at den b\u00e5de beskytter og demper, alt for ditt barns komfort. Lekematten er anbefalt for nyf\u00f8dte og oppover, den passer barn i alle aldre. I tillegg har den fine m\u00f8nstre p\u00e5 [&hellip;]<\/p>\n","protected":false},"featured_media":2969,"comment_status":"closed","ping_status":"open","template":"","meta":{"_acf_changed":false},"product_brand":[174],"product_cat":[175,26,52,135],"product_tag":[],"class_list":{"0":"post-2967","1":"product","2":"type-product","3":"status-publish","4":"has-post-thumbnail","6":"product_brand-elodie-details","7":"product_cat-elodie-details","8":"product_cat-kjop-produkter-som-ikke-bare-er-for-gutter","9":"product_cat-lekematter","10":"product_cat-tepper","12":"first","13":"outofstock","14":"taxable","15":"shipping-taxable","16":"purchasable","17":"product-type-simple"},"acf":[],"yoast_head":"<!-- This site is optimized with the Yoast SEO Premium plugin v25.8 (Yoast SEO v27.2) - https:\/\/yoast.com\/product\/yoast-seo-premium-wordpress\/ -->\n<title>Pretty Petrol lekematte Elodie Details - Babylove Norska<\/title>\n<meta name=\"description\" content=\"En fantastisk lekmatta gjord i mjuk \u00d6KO-Tex-certifierad bomull, som garanterat \u00e4r fri fr\u00e5n skadliga kemikalier - k\u00f6p den h\u00e4r -\" \/>\n<meta name=\"robots\" content=\"noindex, follow, max-snippet:-1, max-image-preview:large, max-video-preview:-1\" \/>\n<meta property=\"og:locale\" content=\"nb_NO\" \/>\n<meta property=\"og:type\" content=\"article\" \/>\n<meta property=\"og:title\" content=\"Pretty Petrol lekematte Elodie Details\" \/>\n<meta property=\"og:description\" content=\"En fantastisk lekmatta gjord i mjuk \u00d6KO-Tex-certifierad bomull, som garanterat \u00e4r fri fr\u00e5n skadliga kemikalier - k\u00f6p den h\u00e4r -\" \/>\n<meta property=\"og:url\" content=\"https:\/\/babylove.se\/no\/produkt\/pen-bensin-lekematte-elodie-details\/\" \/>\n<meta property=\"og:site_name\" content=\"Babylove Norska\" \/>\n<meta property=\"article:modified_time\" content=\"2026-04-08T06:55:44+00:00\" \/>\n<meta property=\"og:image\" content=\"https:\/\/babylove.se\/no\/wp-content\/uploads\/sites\/3\/2025\/07\/552-149492439674.jpeg\" \/>\n\t<meta property=\"og:image:width\" content=\"647\" \/>\n\t<meta property=\"og:image:height\" content=\"750\" \/>\n\t<meta property=\"og:image:type\" content=\"image\/jpeg\" \/>\n<meta name=\"twitter:card\" content=\"summary_large_image\" \/>\n<meta name=\"twitter:label1\" content=\"Price\" \/>\n\t<meta name=\"twitter:data1\" content=\"999,00&nbsp;&#107;&#114;\" \/>\n\t<meta name=\"twitter:label2\" content=\"Availability\" \/>\n\t<meta name=\"twitter:data2\" content=\"Out of stock\" \/>\n<script type=\"application\/ld+json\" class=\"yoast-schema-graph\">{\"@context\":\"https:\/\/schema.org\",\"@graph\":[{\"@type\":\"WebPage\",\"@id\":\"https:\/\/babylove.se\/no\/produkt\/pen-bensin-lekematte-elodie-details\/\",\"url\":\"https:\/\/babylove.se\/no\/produkt\/pen-bensin-lekematte-elodie-details\/\",\"name\":\"Pretty Petrol lekematte Elodie Details - Babylove Norska\",\"isPartOf\":{\"@id\":\"https:\/\/babylove.se\/no\/#website\"},\"primaryImageOfPage\":{\"@id\":\"https:\/\/babylove.se\/no\/produkt\/pen-bensin-lekematte-elodie-details\/#primaryimage\"},\"image\":{\"@id\":\"https:\/\/babylove.se\/no\/produkt\/pen-bensin-lekematte-elodie-details\/#primaryimage\"},\"thumbnailUrl\":\"https:\/\/babylove.se\/no\/wp-content\/uploads\/sites\/3\/2025\/07\/552-149492439674.jpeg\",\"datePublished\":\"2025-07-18T19:12:29+00:00\",\"dateModified\":\"2026-04-08T06:55:44+00:00\",\"description\":\"En fantastisk lekmatta gjord i mjuk \u00d6KO-Tex-certifierad bomull, som garanterat \u00e4r fri fr\u00e5n skadliga kemikalier - k\u00f6p den h\u00e4r -\",\"breadcrumb\":{\"@id\":\"https:\/\/babylove.se\/no\/produkt\/pen-bensin-lekematte-elodie-details\/#breadcrumb\"},\"inLanguage\":\"nb-NO\",\"potentialAction\":[{\"@type\":\"ReadAction\",\"target\":[\"https:\/\/babylove.se\/no\/produkt\/pen-bensin-lekematte-elodie-details\/\"]}]},{\"@type\":\"ImageObject\",\"inLanguage\":\"nb-NO\",\"@id\":\"https:\/\/babylove.se\/no\/produkt\/pen-bensin-lekematte-elodie-details\/#primaryimage\",\"url\":\"https:\/\/babylove.se\/no\/wp-content\/uploads\/sites\/3\/2025\/07\/552-149492439674.jpeg\",\"contentUrl\":\"https:\/\/babylove.se\/no\/wp-content\/uploads\/sites\/3\/2025\/07\/552-149492439674.jpeg\",\"width\":647,\"height\":750},{\"@type\":\"BreadcrumbList\",\"@id\":\"https:\/\/babylove.se\/no\/produkt\/pen-bensin-lekematte-elodie-details\/#breadcrumb\",\"itemListElement\":[{\"@type\":\"ListItem\",\"position\":1,\"name\":\"Hem\",\"item\":\"https:\/\/babylove.se\/no\/\"},{\"@type\":\"ListItem\",\"position\":2,\"name\":\"Butik\",\"item\":\"https:\/\/babylove.se\/no\/butik\/\"},{\"@type\":\"ListItem\",\"position\":3,\"name\":\"Pretty Petrol lekematte Elodie Details\"}]},{\"@type\":\"WebSite\",\"@id\":\"https:\/\/babylove.se\/no\/#website\",\"url\":\"https:\/\/babylove.se\/no\/\",\"name\":\"Babylove Norska\",\"description\":\"\",\"potentialAction\":[{\"@type\":\"SearchAction\",\"target\":{\"@type\":\"EntryPoint\",\"urlTemplate\":\"https:\/\/babylove.se\/no\/?s={search_term_string}\"},\"query-input\":{\"@type\":\"PropertyValueSpecification\",\"valueRequired\":true,\"valueName\":\"search_term_string\"}}],\"inLanguage\":\"nb-NO\"}]}<\/script>\n<meta property=\"product:brand\" content=\"Elodie Details\" \/>\n<meta property=\"product:price:amount\" content=\"999.00\" \/>\n<meta property=\"product:price:currency\" content=\"SEK\" \/>\n<meta property=\"og:availability\" content=\"out of stock\" \/>\n<meta property=\"product:availability\" content=\"out of stock\" \/>\n<meta property=\"product:retailer_item_id\" content=\"1085\" \/>\n<meta property=\"product:condition\" content=\"new\" \/>\n<!-- \/ Yoast SEO Premium plugin. -->","yoast_head_json":{"title":"Pretty Petrol lekematte Elodie Details - Babylove Norska","description":"En fantastisk lekmatta gjord i mjuk \u00d6KO-Tex-certifierad bomull, som garanterat \u00e4r fri fr\u00e5n skadliga kemikalier - k\u00f6p den h\u00e4r -","robots":{"index":"noindex","follow":"follow","max-snippet":"max-snippet:-1","max-image-preview":"max-image-preview:large","max-video-preview":"max-video-preview:-1"},"og_locale":"nb_NO","og_type":"article","og_title":"Pretty Petrol lekematte Elodie Details","og_description":"En fantastisk lekmatta gjord i mjuk \u00d6KO-Tex-certifierad bomull, som garanterat \u00e4r fri fr\u00e5n skadliga kemikalier - k\u00f6p den h\u00e4r -","og_url":"https:\/\/babylove.se\/no\/produkt\/pen-bensin-lekematte-elodie-details\/","og_site_name":"Babylove Norska","article_modified_time":"2026-04-08T06:55:44+00:00","og_image":[{"width":647,"height":750,"url":"https:\/\/babylove.se\/no\/wp-content\/uploads\/sites\/3\/2025\/07\/552-149492439674.jpeg","type":"image\/jpeg"}],"twitter_card":"summary_large_image","twitter_misc":{"Price":"999,00&nbsp;&#107;&#114;","Availability":"Out of stock"},"schema":{"@context":"https:\/\/schema.org","@graph":[{"@type":"WebPage","@id":"https:\/\/babylove.se\/no\/produkt\/pen-bensin-lekematte-elodie-details\/","url":"https:\/\/babylove.se\/no\/produkt\/pen-bensin-lekematte-elodie-details\/","name":"Pretty Petrol lekematte Elodie Details - Babylove Norska","isPartOf":{"@id":"https:\/\/babylove.se\/no\/#website"},"primaryImageOfPage":{"@id":"https:\/\/babylove.se\/no\/produkt\/pen-bensin-lekematte-elodie-details\/#primaryimage"},"image":{"@id":"https:\/\/babylove.se\/no\/produkt\/pen-bensin-lekematte-elodie-details\/#primaryimage"},"thumbnailUrl":"https:\/\/babylove.se\/no\/wp-content\/uploads\/sites\/3\/2025\/07\/552-149492439674.jpeg","datePublished":"2025-07-18T19:12:29+00:00","dateModified":"2026-04-08T06:55:44+00:00","description":"En fantastisk lekmatta gjord i mjuk \u00d6KO-Tex-certifierad bomull, som garanterat \u00e4r fri fr\u00e5n skadliga kemikalier - k\u00f6p den h\u00e4r -","breadcrumb":{"@id":"https:\/\/babylove.se\/no\/produkt\/pen-bensin-lekematte-elodie-details\/#breadcrumb"},"inLanguage":"nb-NO","potentialAction":[{"@type":"ReadAction","target":["https:\/\/babylove.se\/no\/produkt\/pen-bensin-lekematte-elodie-details\/"]}]},{"@type":"ImageObject","inLanguage":"nb-NO","@id":"https:\/\/babylove.se\/no\/produkt\/pen-bensin-lekematte-elodie-details\/#primaryimage","url":"https:\/\/babylove.se\/no\/wp-content\/uploads\/sites\/3\/2025\/07\/552-149492439674.jpeg","contentUrl":"https:\/\/babylove.se\/no\/wp-content\/uploads\/sites\/3\/2025\/07\/552-149492439674.jpeg","width":647,"height":750},{"@type":"BreadcrumbList","@id":"https:\/\/babylove.se\/no\/produkt\/pen-bensin-lekematte-elodie-details\/#breadcrumb","itemListElement":[{"@type":"ListItem","position":1,"name":"Hem","item":"https:\/\/babylove.se\/no\/"},{"@type":"ListItem","position":2,"name":"Butik","item":"https:\/\/babylove.se\/no\/butik\/"},{"@type":"ListItem","position":3,"name":"Pretty Petrol lekematte Elodie Details"}]},{"@type":"WebSite","@id":"https:\/\/babylove.se\/no\/#website","url":"https:\/\/babylove.se\/no\/","name":"Babylove Norska","description":"","potentialAction":[{"@type":"SearchAction","target":{"@type":"EntryPoint","urlTemplate":"https:\/\/babylove.se\/no\/?s={search_term_string}"},"query-input":{"@type":"PropertyValueSpecification","valueRequired":true,"valueName":"search_term_string"}}],"inLanguage":"nb-NO"}]},"product_brand":"Elodie Details","product_price_amount":"999.00","product_price_currency":"SEK","og_availability":"out of stock","product_availability":"out of stock","product_retailer_item_id":"1085","product_condition":"new"},"_links":{"self":[{"href":"https:\/\/babylove.se\/no\/wp-json\/wp\/v2\/product\/2967","targetHints":{"allow":["GET"]}}],"collection":[{"href":"https:\/\/babylove.se\/no\/wp-json\/wp\/v2\/product"}],"about":[{"href":"https:\/\/babylove.se\/no\/wp-json\/wp\/v2\/types\/product"}],"replies":[{"embeddable":true,"href":"https:\/\/babylove.se\/no\/wp-json\/wp\/v2\/comments?post=2967"}],"wp:featuredmedia":[{"embeddable":true,"href":"https:\/\/babylove.se\/no\/wp-json\/wp\/v2\/media\/2969"}],"wp:attachment":[{"href":"https:\/\/babylove.se\/no\/wp-json\/wp\/v2\/media?parent=2967"}],"wp:term":[{"taxonomy":"product_brand","embeddable":true,"href":"https:\/\/babylove.se\/no\/wp-json\/wp\/v2\/product_brand?post=2967"},{"taxonomy":"product_cat","embeddable":true,"href":"https:\/\/babylove.se\/no\/wp-json\/wp\/v2\/product_cat?post=2967"},{"taxonomy":"product_tag","embeddable":true,"href":"https:\/\/babylove.se\/no\/wp-json\/wp\/v2\/product_tag?post=2967"}],"curies":[{"name":"wp","href":"https:\/\/api.w.org\/{rel}","templated":true}]}}