{"id":29799,"date":"2025-07-19T00:05:58","date_gmt":"2025-07-18T23:05:58","guid":{"rendered":"https:\/\/babylove.se\/produkt\/sass-belle-forvaringskorg-earth-rainbow\/"},"modified":"2026-04-08T11:39:51","modified_gmt":"2026-04-08T10:39:51","slug":"sass-belle-oppbevaringskurv-earth-rainbow","status":"publish","type":"product","link":"https:\/\/babylove.se\/no\/produkt\/sass-belle-oppbevaringskurv-earth-rainbow\/","title":{"rendered":"Sass &#038; Belle, oppbevaringskurv Earth Rainbow"},"content":{"rendered":"<p>En supers\u00f8t og praktisk oppbevaringskurv til barnerommet, helt laget av sj\u00f8gress med et vakkert motiv av en regnbue p\u00e5 forsiden. Passer perfekt til \u00e5 oppbevare lego, kosedyrene eller alt som barnet ditt vil ha i den. Du flytter enkelt rundt dem ved hjelp av to praktiske h\u00e5ndtak.&nbsp;<\/p>\n<p>Produsert helt for h\u00e5nd av britiske Sass &amp; Belle, og kan variere i st\u00f8rrelse da alle eksemplarer er unike.&nbsp;<\/p>\n<p><strong>M\u00e5l<\/strong>: H\u00f8yde 35 cm Diameter 40 cm&nbsp;<\/p>\n<p><strong>Materiale:<\/strong> Sj\u00f8gress<\/p>\n<p>Designer: <a href=\"https:\/\/babylove.se\/varumarken\/sass-belle\">Sass &amp; Belle<\/a><\/p>\n","protected":false},"excerpt":{"rendered":"<p>En supers\u00f8t og praktisk oppbevaringskurv til barnerommet, helt laget av sj\u00f8gress med et vakkert motiv av en regnbue p\u00e5 forsiden. Passer perfekt til \u00e5 oppbevare lego, kosedyrene eller alt som barnet ditt vil ha i den. Du flytter enkelt rundt dem ved hjelp av to praktiske h\u00e5ndtak.&nbsp; Produsert helt for h\u00e5nd av britiske Sass &amp; [&hellip;]<\/p>\n","protected":false},"featured_media":29801,"comment_status":"closed","ping_status":"open","template":"","meta":{"_acf_changed":false},"product_brand":[683],"product_cat":[43,684],"product_tag":[],"class_list":{"0":"post-29799","1":"product","2":"type-product","3":"status-publish","4":"has-post-thumbnail","6":"product_brand-sassbelle","7":"product_cat-oppbevaringskurver","8":"product_cat-sass-belle","10":"first","11":"instock","12":"taxable","13":"shipping-taxable","14":"purchasable","15":"product-type-simple"},"acf":[],"yoast_head":"<!-- This site is optimized with the Yoast SEO Premium plugin v25.8 (Yoast SEO v27.2) - https:\/\/yoast.com\/product\/yoast-seo-premium-wordpress\/ -->\n<title>Sass &amp; Belle, oppbevaringskurv Earth Rainbow - Babylove Norska<\/title>\n<meta name=\"robots\" content=\"noindex, follow, max-snippet:-1, max-image-preview:large, max-video-preview:-1\" \/>\n<meta property=\"og:locale\" content=\"nb_NO\" \/>\n<meta property=\"og:type\" content=\"article\" \/>\n<meta property=\"og:title\" content=\"Sass &amp; Belle, oppbevaringskurv Earth Rainbow\" \/>\n<meta property=\"og:description\" content=\"En supers\u00f8t og praktisk oppbevaringskurv til barnerommet, helt laget av sj\u00f8gress med et vakkert motiv av en regnbue p\u00e5 forsiden. Passer perfekt til \u00e5 oppbevare lego, kosedyrene eller alt som barnet ditt vil ha i den. Du flytter enkelt rundt dem ved hjelp av to praktiske h\u00e5ndtak.&nbsp; Produsert helt for h\u00e5nd av britiske Sass &amp; [&hellip;]\" \/>\n<meta property=\"og:url\" content=\"https:\/\/babylove.se\/no\/produkt\/sass-belle-oppbevaringskurv-earth-rainbow\/\" \/>\n<meta property=\"og:site_name\" content=\"Babylove Norska\" \/>\n<meta property=\"article:modified_time\" content=\"2026-04-08T10:39:51+00:00\" \/>\n<meta property=\"og:image\" content=\"https:\/\/babylove.se\/no\/wp-content\/uploads\/sites\/3\/2025\/07\/618e86f127874.jpeg\" \/>\n\t<meta property=\"og:image:width\" content=\"600\" \/>\n\t<meta property=\"og:image:height\" content=\"600\" \/>\n\t<meta property=\"og:image:type\" content=\"image\/jpeg\" \/>\n<meta name=\"twitter:card\" content=\"summary_large_image\" \/>\n<meta name=\"twitter:label1\" content=\"Price\" \/>\n\t<meta name=\"twitter:data1\" content=\"399,00&nbsp;&#107;&#114;\" \/>\n\t<meta name=\"twitter:label2\" content=\"Availability\" \/>\n\t<meta name=\"twitter:data2\" content=\"In stock\" \/>\n<script type=\"application\/ld+json\" class=\"yoast-schema-graph\">{\"@context\":\"https:\/\/schema.org\",\"@graph\":[{\"@type\":\"WebPage\",\"@id\":\"https:\/\/babylove.se\/no\/produkt\/sass-belle-oppbevaringskurv-earth-rainbow\/\",\"url\":\"https:\/\/babylove.se\/no\/produkt\/sass-belle-oppbevaringskurv-earth-rainbow\/\",\"name\":\"Sass & Belle, oppbevaringskurv Earth Rainbow - Babylove Norska\",\"isPartOf\":{\"@id\":\"https:\/\/babylove.se\/no\/#website\"},\"primaryImageOfPage\":{\"@id\":\"https:\/\/babylove.se\/no\/produkt\/sass-belle-oppbevaringskurv-earth-rainbow\/#primaryimage\"},\"image\":{\"@id\":\"https:\/\/babylove.se\/no\/produkt\/sass-belle-oppbevaringskurv-earth-rainbow\/#primaryimage\"},\"thumbnailUrl\":\"https:\/\/babylove.se\/no\/wp-content\/uploads\/sites\/3\/2025\/07\/618e86f127874.jpeg\",\"datePublished\":\"2025-07-18T23:05:58+00:00\",\"dateModified\":\"2026-04-08T10:39:51+00:00\",\"breadcrumb\":{\"@id\":\"https:\/\/babylove.se\/no\/produkt\/sass-belle-oppbevaringskurv-earth-rainbow\/#breadcrumb\"},\"inLanguage\":\"nb-NO\",\"potentialAction\":[{\"@type\":\"ReadAction\",\"target\":[\"https:\/\/babylove.se\/no\/produkt\/sass-belle-oppbevaringskurv-earth-rainbow\/\"]}]},{\"@type\":\"ImageObject\",\"inLanguage\":\"nb-NO\",\"@id\":\"https:\/\/babylove.se\/no\/produkt\/sass-belle-oppbevaringskurv-earth-rainbow\/#primaryimage\",\"url\":\"https:\/\/babylove.se\/no\/wp-content\/uploads\/sites\/3\/2025\/07\/618e86f127874.jpeg\",\"contentUrl\":\"https:\/\/babylove.se\/no\/wp-content\/uploads\/sites\/3\/2025\/07\/618e86f127874.jpeg\",\"width\":600,\"height\":600},{\"@type\":\"BreadcrumbList\",\"@id\":\"https:\/\/babylove.se\/no\/produkt\/sass-belle-oppbevaringskurv-earth-rainbow\/#breadcrumb\",\"itemListElement\":[{\"@type\":\"ListItem\",\"position\":1,\"name\":\"Hem\",\"item\":\"https:\/\/babylove.se\/no\/\"},{\"@type\":\"ListItem\",\"position\":2,\"name\":\"Butik\",\"item\":\"https:\/\/babylove.se\/no\/butik\/\"},{\"@type\":\"ListItem\",\"position\":3,\"name\":\"Sass &#038; Belle, oppbevaringskurv Earth Rainbow\"}]},{\"@type\":\"WebSite\",\"@id\":\"https:\/\/babylove.se\/no\/#website\",\"url\":\"https:\/\/babylove.se\/no\/\",\"name\":\"Babylove Norska\",\"description\":\"\",\"potentialAction\":[{\"@type\":\"SearchAction\",\"target\":{\"@type\":\"EntryPoint\",\"urlTemplate\":\"https:\/\/babylove.se\/no\/?s={search_term_string}\"},\"query-input\":{\"@type\":\"PropertyValueSpecification\",\"valueRequired\":true,\"valueName\":\"search_term_string\"}}],\"inLanguage\":\"nb-NO\"}]}<\/script>\n<meta property=\"product:brand\" content=\"Sass&amp;Belle\" \/>\n<meta property=\"product:price:amount\" content=\"399.00\" \/>\n<meta property=\"product:price:currency\" content=\"SEK\" \/>\n<meta property=\"og:availability\" content=\"instock\" \/>\n<meta property=\"product:availability\" content=\"instock\" \/>\n<meta property=\"product:retailer_item_id\" content=\"ART002\" \/>\n<meta property=\"product:condition\" content=\"new\" \/>\n<!-- \/ Yoast SEO Premium plugin. -->","yoast_head_json":{"title":"Sass & Belle, oppbevaringskurv Earth Rainbow - Babylove Norska","robots":{"index":"noindex","follow":"follow","max-snippet":"max-snippet:-1","max-image-preview":"max-image-preview:large","max-video-preview":"max-video-preview:-1"},"og_locale":"nb_NO","og_type":"article","og_title":"Sass & Belle, oppbevaringskurv Earth Rainbow","og_description":"En supers\u00f8t og praktisk oppbevaringskurv til barnerommet, helt laget av sj\u00f8gress med et vakkert motiv av en regnbue p\u00e5 forsiden. Passer perfekt til \u00e5 oppbevare lego, kosedyrene eller alt som barnet ditt vil ha i den. Du flytter enkelt rundt dem ved hjelp av to praktiske h\u00e5ndtak.&nbsp; Produsert helt for h\u00e5nd av britiske Sass &amp; [&hellip;]","og_url":"https:\/\/babylove.se\/no\/produkt\/sass-belle-oppbevaringskurv-earth-rainbow\/","og_site_name":"Babylove Norska","article_modified_time":"2026-04-08T10:39:51+00:00","og_image":[{"width":600,"height":600,"url":"https:\/\/babylove.se\/no\/wp-content\/uploads\/sites\/3\/2025\/07\/618e86f127874.jpeg","type":"image\/jpeg"}],"twitter_card":"summary_large_image","twitter_misc":{"Price":"399,00&nbsp;&#107;&#114;","Availability":"In stock"},"schema":{"@context":"https:\/\/schema.org","@graph":[{"@type":"WebPage","@id":"https:\/\/babylove.se\/no\/produkt\/sass-belle-oppbevaringskurv-earth-rainbow\/","url":"https:\/\/babylove.se\/no\/produkt\/sass-belle-oppbevaringskurv-earth-rainbow\/","name":"Sass & Belle, oppbevaringskurv Earth Rainbow - Babylove Norska","isPartOf":{"@id":"https:\/\/babylove.se\/no\/#website"},"primaryImageOfPage":{"@id":"https:\/\/babylove.se\/no\/produkt\/sass-belle-oppbevaringskurv-earth-rainbow\/#primaryimage"},"image":{"@id":"https:\/\/babylove.se\/no\/produkt\/sass-belle-oppbevaringskurv-earth-rainbow\/#primaryimage"},"thumbnailUrl":"https:\/\/babylove.se\/no\/wp-content\/uploads\/sites\/3\/2025\/07\/618e86f127874.jpeg","datePublished":"2025-07-18T23:05:58+00:00","dateModified":"2026-04-08T10:39:51+00:00","breadcrumb":{"@id":"https:\/\/babylove.se\/no\/produkt\/sass-belle-oppbevaringskurv-earth-rainbow\/#breadcrumb"},"inLanguage":"nb-NO","potentialAction":[{"@type":"ReadAction","target":["https:\/\/babylove.se\/no\/produkt\/sass-belle-oppbevaringskurv-earth-rainbow\/"]}]},{"@type":"ImageObject","inLanguage":"nb-NO","@id":"https:\/\/babylove.se\/no\/produkt\/sass-belle-oppbevaringskurv-earth-rainbow\/#primaryimage","url":"https:\/\/babylove.se\/no\/wp-content\/uploads\/sites\/3\/2025\/07\/618e86f127874.jpeg","contentUrl":"https:\/\/babylove.se\/no\/wp-content\/uploads\/sites\/3\/2025\/07\/618e86f127874.jpeg","width":600,"height":600},{"@type":"BreadcrumbList","@id":"https:\/\/babylove.se\/no\/produkt\/sass-belle-oppbevaringskurv-earth-rainbow\/#breadcrumb","itemListElement":[{"@type":"ListItem","position":1,"name":"Hem","item":"https:\/\/babylove.se\/no\/"},{"@type":"ListItem","position":2,"name":"Butik","item":"https:\/\/babylove.se\/no\/butik\/"},{"@type":"ListItem","position":3,"name":"Sass &#038; Belle, oppbevaringskurv Earth Rainbow"}]},{"@type":"WebSite","@id":"https:\/\/babylove.se\/no\/#website","url":"https:\/\/babylove.se\/no\/","name":"Babylove Norska","description":"","potentialAction":[{"@type":"SearchAction","target":{"@type":"EntryPoint","urlTemplate":"https:\/\/babylove.se\/no\/?s={search_term_string}"},"query-input":{"@type":"PropertyValueSpecification","valueRequired":true,"valueName":"search_term_string"}}],"inLanguage":"nb-NO"}]},"product_brand":"Sass&amp;Belle","product_price_amount":"399.00","product_price_currency":"SEK","og_availability":"instock","product_availability":"instock","product_retailer_item_id":"ART002","product_condition":"new"},"_links":{"self":[{"href":"https:\/\/babylove.se\/no\/wp-json\/wp\/v2\/product\/29799","targetHints":{"allow":["GET"]}}],"collection":[{"href":"https:\/\/babylove.se\/no\/wp-json\/wp\/v2\/product"}],"about":[{"href":"https:\/\/babylove.se\/no\/wp-json\/wp\/v2\/types\/product"}],"replies":[{"embeddable":true,"href":"https:\/\/babylove.se\/no\/wp-json\/wp\/v2\/comments?post=29799"}],"wp:featuredmedia":[{"embeddable":true,"href":"https:\/\/babylove.se\/no\/wp-json\/wp\/v2\/media\/29801"}],"wp:attachment":[{"href":"https:\/\/babylove.se\/no\/wp-json\/wp\/v2\/media?parent=29799"}],"wp:term":[{"taxonomy":"product_brand","embeddable":true,"href":"https:\/\/babylove.se\/no\/wp-json\/wp\/v2\/product_brand?post=29799"},{"taxonomy":"product_cat","embeddable":true,"href":"https:\/\/babylove.se\/no\/wp-json\/wp\/v2\/product_cat?post=29799"},{"taxonomy":"product_tag","embeddable":true,"href":"https:\/\/babylove.se\/no\/wp-json\/wp\/v2\/product_tag?post=29799"}],"curies":[{"name":"wp","href":"https:\/\/api.w.org\/{rel}","templated":true}]}}