{"id":29883,"date":"2025-07-19T00:06:50","date_gmt":"2025-07-18T23:06:50","guid":{"rendered":"https:\/\/babylove.se\/produkt\/kids-concept-sjukhus-aiden\/"},"modified":"2026-04-08T11:40:11","modified_gmt":"2026-04-08T10:40:11","slug":"kids-concept-sykehus-aiden","status":"publish","type":"product","link":"https:\/\/babylove.se\/no\/produkt\/kids-concept-sykehus-aiden\/","title":{"rendered":"Kid&#8217;s Concept, sykehus AIDEN"},"content":{"rendered":"<p>Supermoro sykehus i to etasjer fra svenske Kids Concept. F\u00f8rste etasje kan brukes b\u00e5de som resepsjon og unders\u00f8kelsesrom med muligheten til \u00e5 skjerme av med et gardin. Pasienten kan transporteres smidig videre til andre etasje ved hjelp av en b\u00e5reoppheis med dreieh\u00e5ndtak. <\/p>\n<p>Settet inneholder: <\/p>\n<ul>\n<li>Sykehus<\/li>\n<li>Sykeseneg<\/li>\n<li>Resepsjonsdisk<\/li>\n<li>1 lege<\/li>\n<li>1 spesialsykepleier<\/li>\n<li>2 pasienter<\/li>\n<li>2 b\u00e5rer<\/li>\n<li>Hjertemonitor<\/li>\n<\/ul>\n<p>Anbefales for barn som er 3 \u00e5r og oppover. <\/p>\n<p><strong>M\u00e5l<\/strong>: 30 x 18 x 27,5 cm <\/p>\n<p>Designer: <a href=\"https:\/\/babylove.se\/varumarken\/kids-concept\">Kids Concept <\/a><\/p>\n","protected":false},"excerpt":{"rendered":"<p>Supermoro sykehus i to etasjer fra svenske Kids Concept. F\u00f8rste etasje kan brukes b\u00e5de som resepsjon og unders\u00f8kelsesrom med muligheten til \u00e5 skjerme av med et gardin. Pasienten kan transporteres smidig videre til andre etasje ved hjelp av en b\u00e5reoppheis med dreieh\u00e5ndtak. Settet inneholder: Sykehus Sykeseneg Resepsjonsdisk 1 lege 1 spesialsykepleier 2 pasienter 2 b\u00e5rer [&hellip;]<\/p>\n","protected":false},"featured_media":29885,"comment_status":"closed","ping_status":"closed","template":"","meta":{"_acf_changed":false},"product_brand":[320],"product_cat":[137,72,321,1774,68,322,112],"product_tag":[1709],"class_list":{"0":"post-29883","1":"product","2":"type-product","3":"status-publish","4":"has-post-thumbnail","6":"product_brand-kids-concept","7":"product_cat-bilverden","8":"product_cat-julegaver","9":"product_cat-kids-concept","10":"product_cat-late-leker","11":"product_cat-leker","12":"product_cat-rollespill","13":"product_cat-treleker","14":"product_tag-utforsalg","16":"first","17":"instock","18":"taxable","19":"shipping-taxable","20":"purchasable","21":"product-type-simple"},"acf":[],"yoast_head":"<!-- This site is optimized with the Yoast SEO Premium plugin v25.8 (Yoast SEO v27.2) - https:\/\/yoast.com\/product\/yoast-seo-premium-wordpress\/ -->\n<title>Kid&#039;s Concept, sykehus AIDEN - Babylove Norska<\/title>\n<meta name=\"robots\" content=\"noindex, follow, max-snippet:-1, max-image-preview:large, max-video-preview:-1\" \/>\n<meta property=\"og:locale\" content=\"nb_NO\" \/>\n<meta property=\"og:type\" content=\"article\" \/>\n<meta property=\"og:title\" content=\"Kid&#039;s Concept, sykehus AIDEN\" \/>\n<meta property=\"og:description\" content=\"Supermoro sykehus i to etasjer fra svenske Kids Concept. F\u00f8rste etasje kan brukes b\u00e5de som resepsjon og unders\u00f8kelsesrom med muligheten til \u00e5 skjerme av med et gardin. Pasienten kan transporteres smidig videre til andre etasje ved hjelp av en b\u00e5reoppheis med dreieh\u00e5ndtak. Settet inneholder: Sykehus Sykeseneg Resepsjonsdisk 1 lege 1 spesialsykepleier 2 pasienter 2 b\u00e5rer [&hellip;]\" \/>\n<meta property=\"og:url\" content=\"https:\/\/babylove.se\/no\/produkt\/kids-concept-sykehus-aiden\/\" \/>\n<meta property=\"og:site_name\" content=\"Babylove Norska\" \/>\n<meta property=\"article:modified_time\" content=\"2026-04-08T10:40:11+00:00\" \/>\n<meta property=\"og:image\" content=\"https:\/\/babylove.se\/no\/wp-content\/uploads\/sites\/3\/2025\/07\/6193abb29b209.jpeg\" \/>\n\t<meta property=\"og:image:width\" content=\"1220\" \/>\n\t<meta property=\"og:image:height\" content=\"1220\" \/>\n\t<meta property=\"og:image:type\" content=\"image\/jpeg\" \/>\n<meta name=\"twitter:card\" content=\"summary_large_image\" \/>\n<meta name=\"twitter:label1\" content=\"Price\" \/>\n\t<meta name=\"twitter:data1\" content=\"699,00&nbsp;&#107;&#114;\" \/>\n\t<meta name=\"twitter:label2\" content=\"Availability\" \/>\n\t<meta name=\"twitter:data2\" content=\"In stock\" \/>\n<script type=\"application\/ld+json\" class=\"yoast-schema-graph\">{\"@context\":\"https:\/\/schema.org\",\"@graph\":[{\"@type\":\"WebPage\",\"@id\":\"https:\/\/babylove.se\/no\/produkt\/kids-concept-sykehus-aiden\/\",\"url\":\"https:\/\/babylove.se\/no\/produkt\/kids-concept-sykehus-aiden\/\",\"name\":\"Kid's Concept, sykehus AIDEN - Babylove Norska\",\"isPartOf\":{\"@id\":\"https:\/\/babylove.se\/no\/#website\"},\"primaryImageOfPage\":{\"@id\":\"https:\/\/babylove.se\/no\/produkt\/kids-concept-sykehus-aiden\/#primaryimage\"},\"image\":{\"@id\":\"https:\/\/babylove.se\/no\/produkt\/kids-concept-sykehus-aiden\/#primaryimage\"},\"thumbnailUrl\":\"https:\/\/babylove.se\/no\/wp-content\/uploads\/sites\/3\/2025\/07\/6193abb29b209.jpeg\",\"datePublished\":\"2025-07-18T23:06:50+00:00\",\"dateModified\":\"2026-04-08T10:40:11+00:00\",\"breadcrumb\":{\"@id\":\"https:\/\/babylove.se\/no\/produkt\/kids-concept-sykehus-aiden\/#breadcrumb\"},\"inLanguage\":\"nb-NO\",\"potentialAction\":[{\"@type\":\"ReadAction\",\"target\":[\"https:\/\/babylove.se\/no\/produkt\/kids-concept-sykehus-aiden\/\"]}]},{\"@type\":\"ImageObject\",\"inLanguage\":\"nb-NO\",\"@id\":\"https:\/\/babylove.se\/no\/produkt\/kids-concept-sykehus-aiden\/#primaryimage\",\"url\":\"https:\/\/babylove.se\/no\/wp-content\/uploads\/sites\/3\/2025\/07\/6193abb29b209.jpeg\",\"contentUrl\":\"https:\/\/babylove.se\/no\/wp-content\/uploads\/sites\/3\/2025\/07\/6193abb29b209.jpeg\",\"width\":1220,\"height\":1220},{\"@type\":\"BreadcrumbList\",\"@id\":\"https:\/\/babylove.se\/no\/produkt\/kids-concept-sykehus-aiden\/#breadcrumb\",\"itemListElement\":[{\"@type\":\"ListItem\",\"position\":1,\"name\":\"Hem\",\"item\":\"https:\/\/babylove.se\/no\/\"},{\"@type\":\"ListItem\",\"position\":2,\"name\":\"Butik\",\"item\":\"https:\/\/babylove.se\/no\/butik\/\"},{\"@type\":\"ListItem\",\"position\":3,\"name\":\"Kid&#8217;s Concept, sykehus AIDEN\"}]},{\"@type\":\"WebSite\",\"@id\":\"https:\/\/babylove.se\/no\/#website\",\"url\":\"https:\/\/babylove.se\/no\/\",\"name\":\"Babylove Norska\",\"description\":\"\",\"potentialAction\":[{\"@type\":\"SearchAction\",\"target\":{\"@type\":\"EntryPoint\",\"urlTemplate\":\"https:\/\/babylove.se\/no\/?s={search_term_string}\"},\"query-input\":{\"@type\":\"PropertyValueSpecification\",\"valueRequired\":true,\"valueName\":\"search_term_string\"}}],\"inLanguage\":\"nb-NO\"}]}<\/script>\n<meta property=\"product:brand\" content=\"Kids Concept\" \/>\n<meta property=\"product:price:amount\" content=\"699.00\" \/>\n<meta property=\"product:price:currency\" content=\"SEK\" \/>\n<meta property=\"og:availability\" content=\"instock\" \/>\n<meta property=\"product:availability\" content=\"instock\" \/>\n<meta property=\"product:retailer_item_id\" content=\"1000600\" \/>\n<meta property=\"product:condition\" content=\"new\" \/>\n<!-- \/ Yoast SEO Premium plugin. -->","yoast_head_json":{"title":"Kid's Concept, sykehus AIDEN - Babylove Norska","robots":{"index":"noindex","follow":"follow","max-snippet":"max-snippet:-1","max-image-preview":"max-image-preview:large","max-video-preview":"max-video-preview:-1"},"og_locale":"nb_NO","og_type":"article","og_title":"Kid's Concept, sykehus AIDEN","og_description":"Supermoro sykehus i to etasjer fra svenske Kids Concept. F\u00f8rste etasje kan brukes b\u00e5de som resepsjon og unders\u00f8kelsesrom med muligheten til \u00e5 skjerme av med et gardin. Pasienten kan transporteres smidig videre til andre etasje ved hjelp av en b\u00e5reoppheis med dreieh\u00e5ndtak. Settet inneholder: Sykehus Sykeseneg Resepsjonsdisk 1 lege 1 spesialsykepleier 2 pasienter 2 b\u00e5rer [&hellip;]","og_url":"https:\/\/babylove.se\/no\/produkt\/kids-concept-sykehus-aiden\/","og_site_name":"Babylove Norska","article_modified_time":"2026-04-08T10:40:11+00:00","og_image":[{"width":1220,"height":1220,"url":"https:\/\/babylove.se\/no\/wp-content\/uploads\/sites\/3\/2025\/07\/6193abb29b209.jpeg","type":"image\/jpeg"}],"twitter_card":"summary_large_image","twitter_misc":{"Price":"699,00&nbsp;&#107;&#114;","Availability":"In stock"},"schema":{"@context":"https:\/\/schema.org","@graph":[{"@type":"WebPage","@id":"https:\/\/babylove.se\/no\/produkt\/kids-concept-sykehus-aiden\/","url":"https:\/\/babylove.se\/no\/produkt\/kids-concept-sykehus-aiden\/","name":"Kid's Concept, sykehus AIDEN - Babylove Norska","isPartOf":{"@id":"https:\/\/babylove.se\/no\/#website"},"primaryImageOfPage":{"@id":"https:\/\/babylove.se\/no\/produkt\/kids-concept-sykehus-aiden\/#primaryimage"},"image":{"@id":"https:\/\/babylove.se\/no\/produkt\/kids-concept-sykehus-aiden\/#primaryimage"},"thumbnailUrl":"https:\/\/babylove.se\/no\/wp-content\/uploads\/sites\/3\/2025\/07\/6193abb29b209.jpeg","datePublished":"2025-07-18T23:06:50+00:00","dateModified":"2026-04-08T10:40:11+00:00","breadcrumb":{"@id":"https:\/\/babylove.se\/no\/produkt\/kids-concept-sykehus-aiden\/#breadcrumb"},"inLanguage":"nb-NO","potentialAction":[{"@type":"ReadAction","target":["https:\/\/babylove.se\/no\/produkt\/kids-concept-sykehus-aiden\/"]}]},{"@type":"ImageObject","inLanguage":"nb-NO","@id":"https:\/\/babylove.se\/no\/produkt\/kids-concept-sykehus-aiden\/#primaryimage","url":"https:\/\/babylove.se\/no\/wp-content\/uploads\/sites\/3\/2025\/07\/6193abb29b209.jpeg","contentUrl":"https:\/\/babylove.se\/no\/wp-content\/uploads\/sites\/3\/2025\/07\/6193abb29b209.jpeg","width":1220,"height":1220},{"@type":"BreadcrumbList","@id":"https:\/\/babylove.se\/no\/produkt\/kids-concept-sykehus-aiden\/#breadcrumb","itemListElement":[{"@type":"ListItem","position":1,"name":"Hem","item":"https:\/\/babylove.se\/no\/"},{"@type":"ListItem","position":2,"name":"Butik","item":"https:\/\/babylove.se\/no\/butik\/"},{"@type":"ListItem","position":3,"name":"Kid&#8217;s Concept, sykehus AIDEN"}]},{"@type":"WebSite","@id":"https:\/\/babylove.se\/no\/#website","url":"https:\/\/babylove.se\/no\/","name":"Babylove Norska","description":"","potentialAction":[{"@type":"SearchAction","target":{"@type":"EntryPoint","urlTemplate":"https:\/\/babylove.se\/no\/?s={search_term_string}"},"query-input":{"@type":"PropertyValueSpecification","valueRequired":true,"valueName":"search_term_string"}}],"inLanguage":"nb-NO"}]},"product_brand":"Kids Concept","product_price_amount":"699.00","product_price_currency":"SEK","og_availability":"instock","product_availability":"instock","product_retailer_item_id":"1000600","product_condition":"new"},"_links":{"self":[{"href":"https:\/\/babylove.se\/no\/wp-json\/wp\/v2\/product\/29883","targetHints":{"allow":["GET"]}}],"collection":[{"href":"https:\/\/babylove.se\/no\/wp-json\/wp\/v2\/product"}],"about":[{"href":"https:\/\/babylove.se\/no\/wp-json\/wp\/v2\/types\/product"}],"replies":[{"embeddable":true,"href":"https:\/\/babylove.se\/no\/wp-json\/wp\/v2\/comments?post=29883"}],"wp:featuredmedia":[{"embeddable":true,"href":"https:\/\/babylove.se\/no\/wp-json\/wp\/v2\/media\/29885"}],"wp:attachment":[{"href":"https:\/\/babylove.se\/no\/wp-json\/wp\/v2\/media?parent=29883"}],"wp:term":[{"taxonomy":"product_brand","embeddable":true,"href":"https:\/\/babylove.se\/no\/wp-json\/wp\/v2\/product_brand?post=29883"},{"taxonomy":"product_cat","embeddable":true,"href":"https:\/\/babylove.se\/no\/wp-json\/wp\/v2\/product_cat?post=29883"},{"taxonomy":"product_tag","embeddable":true,"href":"https:\/\/babylove.se\/no\/wp-json\/wp\/v2\/product_tag?post=29883"}],"curies":[{"name":"wp","href":"https:\/\/api.w.org\/{rel}","templated":true}]}}