{"id":2989,"date":"2025-07-18T20:12:29","date_gmt":"2025-07-18T19:12:29","guid":{"rendered":"https:\/\/babylove.se\/produkt\/badcape-powder-pink-handduk-med-huva-elodie-details\/"},"modified":"2026-04-08T07:55:56","modified_gmt":"2026-04-08T06:55:56","slug":"badcape-powder-pink-handkle-med-hette-elodie-details","status":"publish","type":"product","link":"https:\/\/babylove.se\/no\/produkt\/badcape-powder-pink-handkle-med-hette-elodie-details\/","title":{"rendered":"Badecape Powder Pink, H\u00e5ndkle med Hette, Elodie Details"},"content":{"rendered":"<p>En fin badecape fra Elodie Details vakre HOME-kolleksjon. Dette h\u00e5ndkleet med hette er kjent for sine fine detaljer og laget av materialer av h\u00f8yeste kvalitet. Denne kommer garantert til \u00e5 bli ditt barns favoritt som de gjerne koser seg litt ekstra i. Laget med h\u00f8yabsorberende frott\u00e9 p\u00e5 innsiden og fantastisk mykt velour p\u00e5 utsiden.<\/p>\n<p><strong>M\u00e5l<\/strong>: 80x80cm<\/p>\n<p><strong>Materiale<\/strong>: 100 % bomull<\/p>\n<p>Designer: <a href=\"https:\/\/babylove.se\/varumarken\/elodie-details\"><u>Elodie Details<\/u><\/a><\/p>\n","protected":false},"excerpt":{"rendered":"<p>En fin badecape fra Elodie Details vakre HOME-kolleksjon. Dette h\u00e5ndkleet med hette er kjent for sine fine detaljer og laget av materialer av h\u00f8yeste kvalitet. Denne kommer garantert til \u00e5 bli ditt barns favoritt som de gjerne koser seg litt ekstra i. Laget med h\u00f8yabsorberende frott\u00e9 p\u00e5 innsiden og fantastisk mykt velour p\u00e5 utsiden. M\u00e5l: [&hellip;]<\/p>\n","protected":false},"featured_media":2991,"comment_status":"closed","ping_status":"open","template":"","meta":{"_acf_changed":false},"product_brand":[174],"product_cat":[117,175,116],"product_tag":[],"class_list":{"0":"post-2989","1":"product","2":"type-product","3":"status-publish","4":"has-post-thumbnail","6":"product_brand-elodie-details","7":"product_cat-babybadhandkle-med-hette","8":"product_cat-elodie-details","9":"product_cat-handkle-med-hette","11":"first","12":"outofstock","13":"taxable","14":"shipping-taxable","15":"purchasable","16":"product-type-simple"},"acf":[],"yoast_head":"<!-- This site is optimized with the Yoast SEO Premium plugin v25.8 (Yoast SEO v27.2) - https:\/\/yoast.com\/product\/yoast-seo-premium-wordpress\/ -->\n<title>Badecape Powder Pink, H\u00e5ndkle med Hette, Elodie Details - Babylove Norska<\/title>\n<meta name=\"description\" content=\"En fin badcape ur Elodie Details vackra HOME-kollektion. Denna handduk med huva \u00e4r k\u00e4nd f\u00f6r sina fina detaljer och gjord av material av h\u00f6gsta kvalitet.\" \/>\n<meta name=\"robots\" content=\"noindex, follow, max-snippet:-1, max-image-preview:large, max-video-preview:-1\" \/>\n<meta property=\"og:locale\" content=\"nb_NO\" \/>\n<meta property=\"og:type\" content=\"article\" \/>\n<meta property=\"og:title\" content=\"Badecape Powder Pink, H\u00e5ndkle med Hette, Elodie Details\" \/>\n<meta property=\"og:description\" content=\"En fin badcape ur Elodie Details vackra HOME-kollektion. Denna handduk med huva \u00e4r k\u00e4nd f\u00f6r sina fina detaljer och gjord av material av h\u00f6gsta kvalitet.\" \/>\n<meta property=\"og:url\" content=\"https:\/\/babylove.se\/no\/produkt\/badcape-powder-pink-handkle-med-hette-elodie-details\/\" \/>\n<meta property=\"og:site_name\" content=\"Babylove Norska\" \/>\n<meta property=\"article:modified_time\" content=\"2026-04-08T06:55:56+00:00\" \/>\n<meta property=\"og:image\" content=\"https:\/\/babylove.se\/no\/wp-content\/uploads\/sites\/3\/2025\/07\/58d9752db9e11.jpeg\" \/>\n\t<meta property=\"og:image:width\" content=\"500\" \/>\n\t<meta property=\"og:image:height\" content=\"750\" \/>\n\t<meta property=\"og:image:type\" content=\"image\/jpeg\" \/>\n<meta name=\"twitter:card\" content=\"summary_large_image\" \/>\n<meta name=\"twitter:label1\" content=\"Price\" \/>\n\t<meta name=\"twitter:data1\" content=\"349,00&nbsp;&#107;&#114;\" \/>\n\t<meta name=\"twitter:label2\" content=\"Availability\" \/>\n\t<meta name=\"twitter:data2\" content=\"Out of stock\" \/>\n<script type=\"application\/ld+json\" class=\"yoast-schema-graph\">{\"@context\":\"https:\/\/schema.org\",\"@graph\":[{\"@type\":\"WebPage\",\"@id\":\"https:\/\/babylove.se\/no\/produkt\/badcape-powder-pink-handkle-med-hette-elodie-details\/\",\"url\":\"https:\/\/babylove.se\/no\/produkt\/badcape-powder-pink-handkle-med-hette-elodie-details\/\",\"name\":\"Badecape Powder Pink, H\u00e5ndkle med Hette, Elodie Details - Babylove Norska\",\"isPartOf\":{\"@id\":\"https:\/\/babylove.se\/no\/#website\"},\"primaryImageOfPage\":{\"@id\":\"https:\/\/babylove.se\/no\/produkt\/badcape-powder-pink-handkle-med-hette-elodie-details\/#primaryimage\"},\"image\":{\"@id\":\"https:\/\/babylove.se\/no\/produkt\/badcape-powder-pink-handkle-med-hette-elodie-details\/#primaryimage\"},\"thumbnailUrl\":\"https:\/\/babylove.se\/no\/wp-content\/uploads\/sites\/3\/2025\/07\/58d9752db9e11.jpeg\",\"datePublished\":\"2025-07-18T19:12:29+00:00\",\"dateModified\":\"2026-04-08T06:55:56+00:00\",\"description\":\"En fin badcape ur Elodie Details vackra HOME-kollektion. Denna handduk med huva \u00e4r k\u00e4nd f\u00f6r sina fina detaljer och gjord av material av h\u00f6gsta kvalitet.\",\"breadcrumb\":{\"@id\":\"https:\/\/babylove.se\/no\/produkt\/badcape-powder-pink-handkle-med-hette-elodie-details\/#breadcrumb\"},\"inLanguage\":\"nb-NO\",\"potentialAction\":[{\"@type\":\"ReadAction\",\"target\":[\"https:\/\/babylove.se\/no\/produkt\/badcape-powder-pink-handkle-med-hette-elodie-details\/\"]}]},{\"@type\":\"ImageObject\",\"inLanguage\":\"nb-NO\",\"@id\":\"https:\/\/babylove.se\/no\/produkt\/badcape-powder-pink-handkle-med-hette-elodie-details\/#primaryimage\",\"url\":\"https:\/\/babylove.se\/no\/wp-content\/uploads\/sites\/3\/2025\/07\/58d9752db9e11.jpeg\",\"contentUrl\":\"https:\/\/babylove.se\/no\/wp-content\/uploads\/sites\/3\/2025\/07\/58d9752db9e11.jpeg\",\"width\":500,\"height\":750},{\"@type\":\"BreadcrumbList\",\"@id\":\"https:\/\/babylove.se\/no\/produkt\/badcape-powder-pink-handkle-med-hette-elodie-details\/#breadcrumb\",\"itemListElement\":[{\"@type\":\"ListItem\",\"position\":1,\"name\":\"Hem\",\"item\":\"https:\/\/babylove.se\/no\/\"},{\"@type\":\"ListItem\",\"position\":2,\"name\":\"Butik\",\"item\":\"https:\/\/babylove.se\/no\/butik\/\"},{\"@type\":\"ListItem\",\"position\":3,\"name\":\"Badecape Powder Pink, H\u00e5ndkle med Hette, Elodie Details\"}]},{\"@type\":\"WebSite\",\"@id\":\"https:\/\/babylove.se\/no\/#website\",\"url\":\"https:\/\/babylove.se\/no\/\",\"name\":\"Babylove Norska\",\"description\":\"\",\"potentialAction\":[{\"@type\":\"SearchAction\",\"target\":{\"@type\":\"EntryPoint\",\"urlTemplate\":\"https:\/\/babylove.se\/no\/?s={search_term_string}\"},\"query-input\":{\"@type\":\"PropertyValueSpecification\",\"valueRequired\":true,\"valueName\":\"search_term_string\"}}],\"inLanguage\":\"nb-NO\"}]}<\/script>\n<meta property=\"product:brand\" content=\"Elodie Details\" \/>\n<meta property=\"product:price:amount\" content=\"349.00\" \/>\n<meta property=\"product:price:currency\" content=\"SEK\" \/>\n<meta property=\"og:availability\" content=\"out of stock\" \/>\n<meta property=\"product:availability\" content=\"out of stock\" \/>\n<meta property=\"product:retailer_item_id\" content=\"1089\" \/>\n<meta property=\"product:condition\" content=\"new\" \/>\n<!-- \/ Yoast SEO Premium plugin. -->","yoast_head_json":{"title":"Badecape Powder Pink, H\u00e5ndkle med Hette, Elodie Details - Babylove Norska","description":"En fin badcape ur Elodie Details vackra HOME-kollektion. Denna handduk med huva \u00e4r k\u00e4nd f\u00f6r sina fina detaljer och gjord av material av h\u00f6gsta kvalitet.","robots":{"index":"noindex","follow":"follow","max-snippet":"max-snippet:-1","max-image-preview":"max-image-preview:large","max-video-preview":"max-video-preview:-1"},"og_locale":"nb_NO","og_type":"article","og_title":"Badecape Powder Pink, H\u00e5ndkle med Hette, Elodie Details","og_description":"En fin badcape ur Elodie Details vackra HOME-kollektion. Denna handduk med huva \u00e4r k\u00e4nd f\u00f6r sina fina detaljer och gjord av material av h\u00f6gsta kvalitet.","og_url":"https:\/\/babylove.se\/no\/produkt\/badcape-powder-pink-handkle-med-hette-elodie-details\/","og_site_name":"Babylove Norska","article_modified_time":"2026-04-08T06:55:56+00:00","og_image":[{"width":500,"height":750,"url":"https:\/\/babylove.se\/no\/wp-content\/uploads\/sites\/3\/2025\/07\/58d9752db9e11.jpeg","type":"image\/jpeg"}],"twitter_card":"summary_large_image","twitter_misc":{"Price":"349,00&nbsp;&#107;&#114;","Availability":"Out of stock"},"schema":{"@context":"https:\/\/schema.org","@graph":[{"@type":"WebPage","@id":"https:\/\/babylove.se\/no\/produkt\/badcape-powder-pink-handkle-med-hette-elodie-details\/","url":"https:\/\/babylove.se\/no\/produkt\/badcape-powder-pink-handkle-med-hette-elodie-details\/","name":"Badecape Powder Pink, H\u00e5ndkle med Hette, Elodie Details - Babylove Norska","isPartOf":{"@id":"https:\/\/babylove.se\/no\/#website"},"primaryImageOfPage":{"@id":"https:\/\/babylove.se\/no\/produkt\/badcape-powder-pink-handkle-med-hette-elodie-details\/#primaryimage"},"image":{"@id":"https:\/\/babylove.se\/no\/produkt\/badcape-powder-pink-handkle-med-hette-elodie-details\/#primaryimage"},"thumbnailUrl":"https:\/\/babylove.se\/no\/wp-content\/uploads\/sites\/3\/2025\/07\/58d9752db9e11.jpeg","datePublished":"2025-07-18T19:12:29+00:00","dateModified":"2026-04-08T06:55:56+00:00","description":"En fin badcape ur Elodie Details vackra HOME-kollektion. Denna handduk med huva \u00e4r k\u00e4nd f\u00f6r sina fina detaljer och gjord av material av h\u00f6gsta kvalitet.","breadcrumb":{"@id":"https:\/\/babylove.se\/no\/produkt\/badcape-powder-pink-handkle-med-hette-elodie-details\/#breadcrumb"},"inLanguage":"nb-NO","potentialAction":[{"@type":"ReadAction","target":["https:\/\/babylove.se\/no\/produkt\/badcape-powder-pink-handkle-med-hette-elodie-details\/"]}]},{"@type":"ImageObject","inLanguage":"nb-NO","@id":"https:\/\/babylove.se\/no\/produkt\/badcape-powder-pink-handkle-med-hette-elodie-details\/#primaryimage","url":"https:\/\/babylove.se\/no\/wp-content\/uploads\/sites\/3\/2025\/07\/58d9752db9e11.jpeg","contentUrl":"https:\/\/babylove.se\/no\/wp-content\/uploads\/sites\/3\/2025\/07\/58d9752db9e11.jpeg","width":500,"height":750},{"@type":"BreadcrumbList","@id":"https:\/\/babylove.se\/no\/produkt\/badcape-powder-pink-handkle-med-hette-elodie-details\/#breadcrumb","itemListElement":[{"@type":"ListItem","position":1,"name":"Hem","item":"https:\/\/babylove.se\/no\/"},{"@type":"ListItem","position":2,"name":"Butik","item":"https:\/\/babylove.se\/no\/butik\/"},{"@type":"ListItem","position":3,"name":"Badecape Powder Pink, H\u00e5ndkle med Hette, Elodie Details"}]},{"@type":"WebSite","@id":"https:\/\/babylove.se\/no\/#website","url":"https:\/\/babylove.se\/no\/","name":"Babylove Norska","description":"","potentialAction":[{"@type":"SearchAction","target":{"@type":"EntryPoint","urlTemplate":"https:\/\/babylove.se\/no\/?s={search_term_string}"},"query-input":{"@type":"PropertyValueSpecification","valueRequired":true,"valueName":"search_term_string"}}],"inLanguage":"nb-NO"}]},"product_brand":"Elodie Details","product_price_amount":"349.00","product_price_currency":"SEK","og_availability":"out of stock","product_availability":"out of stock","product_retailer_item_id":"1089","product_condition":"new"},"_links":{"self":[{"href":"https:\/\/babylove.se\/no\/wp-json\/wp\/v2\/product\/2989","targetHints":{"allow":["GET"]}}],"collection":[{"href":"https:\/\/babylove.se\/no\/wp-json\/wp\/v2\/product"}],"about":[{"href":"https:\/\/babylove.se\/no\/wp-json\/wp\/v2\/types\/product"}],"replies":[{"embeddable":true,"href":"https:\/\/babylove.se\/no\/wp-json\/wp\/v2\/comments?post=2989"}],"wp:featuredmedia":[{"embeddable":true,"href":"https:\/\/babylove.se\/no\/wp-json\/wp\/v2\/media\/2991"}],"wp:attachment":[{"href":"https:\/\/babylove.se\/no\/wp-json\/wp\/v2\/media?parent=2989"}],"wp:term":[{"taxonomy":"product_brand","embeddable":true,"href":"https:\/\/babylove.se\/no\/wp-json\/wp\/v2\/product_brand?post=2989"},{"taxonomy":"product_cat","embeddable":true,"href":"https:\/\/babylove.se\/no\/wp-json\/wp\/v2\/product_cat?post=2989"},{"taxonomy":"product_tag","embeddable":true,"href":"https:\/\/babylove.se\/no\/wp-json\/wp\/v2\/product_tag?post=2989"}],"curies":[{"name":"wp","href":"https:\/\/api.w.org\/{rel}","templated":true}]}}