{"id":29891,"date":"2025-07-19T00:06:50","date_gmt":"2025-07-18T23:06:50","guid":{"rendered":"https:\/\/babylove.se\/produkt\/kids-concept-doktorsvaska-natur\/"},"modified":"2026-04-08T11:40:15","modified_gmt":"2026-04-08T10:40:15","slug":"kids-concept-legeveske-natur","status":"publish","type":"product","link":"https:\/\/babylove.se\/no\/produkt\/kids-concept-legeveske-natur\/","title":{"rendered":"Kid&#8217;s Concept, legeveske natur"},"content":{"rendered":"<p>En morsom doktorveske som gj\u00f8r barnet ditt til familiens egen lille doktor. Nesten alle barn elsker \u00e5 leke doktor og ta vare p\u00e5 foreldrene sine, s\u00f8sknene sine eller kosedyrene.<\/p>\n<p>Vesken inneholder stetoskop, tungespatel, termometer, salve, medisinboks, spr\u00f8yte og reflekshammer, s\u00e5 du forst\u00e5r at barnet ditt kommer til \u00e5 elske denne lille doktorvesken.<\/p>\n<p><strong>M\u00e5l<\/strong>: 20 x 7,5 x 15 cm.<\/p>\n<p>Anbefales fra 3 \u00e5r.<\/p>\n<p>Designer:<span>&nbsp;<\/span><a href=\"https:\/\/babylove.se\/varumarken\/kids-concept\">Kids Concept<\/a><\/p>\n","protected":false},"excerpt":{"rendered":"<p>En morsom doktorveske som gj\u00f8r barnet ditt til familiens egen lille doktor. Nesten alle barn elsker \u00e5 leke doktor og ta vare p\u00e5 foreldrene sine, s\u00f8sknene sine eller kosedyrene. Vesken inneholder stetoskop, tungespatel, termometer, salve, medisinboks, spr\u00f8yte og reflekshammer, s\u00e5 du forst\u00e5r at barnet ditt kommer til \u00e5 elske denne lille doktorvesken. M\u00e5l: 20 x [&hellip;]<\/p>\n","protected":false},"featured_media":29893,"comment_status":"closed","ping_status":"open","template":"","meta":{"_acf_changed":false},"product_brand":[320],"product_cat":[321,68,322],"product_tag":[],"class_list":{"0":"post-29891","1":"product","2":"type-product","3":"status-publish","4":"has-post-thumbnail","6":"product_brand-kids-concept","7":"product_cat-kids-concept","8":"product_cat-leker","9":"product_cat-rollespill","11":"first","12":"outofstock","13":"taxable","14":"shipping-taxable","15":"purchasable","16":"product-type-simple"},"acf":[],"yoast_head":"<!-- This site is optimized with the Yoast SEO Premium plugin v25.8 (Yoast SEO v27.2) - https:\/\/yoast.com\/product\/yoast-seo-premium-wordpress\/ -->\n<title>Kid&#039;s Concept, legeveske natur - Babylove Norska<\/title>\n<meta name=\"robots\" content=\"noindex, follow, max-snippet:-1, max-image-preview:large, max-video-preview:-1\" \/>\n<meta property=\"og:locale\" content=\"nb_NO\" \/>\n<meta property=\"og:type\" content=\"article\" \/>\n<meta property=\"og:title\" content=\"Kid&#039;s Concept, legeveske natur\" \/>\n<meta property=\"og:description\" content=\"En morsom doktorveske som gj\u00f8r barnet ditt til familiens egen lille doktor. Nesten alle barn elsker \u00e5 leke doktor og ta vare p\u00e5 foreldrene sine, s\u00f8sknene sine eller kosedyrene. Vesken inneholder stetoskop, tungespatel, termometer, salve, medisinboks, spr\u00f8yte og reflekshammer, s\u00e5 du forst\u00e5r at barnet ditt kommer til \u00e5 elske denne lille doktorvesken. M\u00e5l: 20 x [&hellip;]\" \/>\n<meta property=\"og:url\" content=\"https:\/\/babylove.se\/no\/produkt\/kids-concept-legeveske-natur\/\" \/>\n<meta property=\"og:site_name\" content=\"Babylove Norska\" \/>\n<meta property=\"article:modified_time\" content=\"2026-04-08T10:40:15+00:00\" \/>\n<meta property=\"og:image\" content=\"https:\/\/babylove.se\/no\/wp-content\/uploads\/sites\/3\/2025\/07\/6193aedf51066.jpeg\" \/>\n\t<meta property=\"og:image:width\" content=\"1220\" \/>\n\t<meta property=\"og:image:height\" content=\"1220\" \/>\n\t<meta property=\"og:image:type\" content=\"image\/jpeg\" \/>\n<meta name=\"twitter:card\" content=\"summary_large_image\" \/>\n<meta name=\"twitter:label1\" content=\"Price\" \/>\n\t<meta name=\"twitter:data1\" content=\"299,00&nbsp;&#107;&#114;\" \/>\n\t<meta name=\"twitter:label2\" content=\"Availability\" \/>\n\t<meta name=\"twitter:data2\" content=\"Out of stock\" \/>\n<script type=\"application\/ld+json\" class=\"yoast-schema-graph\">{\"@context\":\"https:\/\/schema.org\",\"@graph\":[{\"@type\":\"WebPage\",\"@id\":\"https:\/\/babylove.se\/no\/produkt\/kids-concept-legeveske-natur\/\",\"url\":\"https:\/\/babylove.se\/no\/produkt\/kids-concept-legeveske-natur\/\",\"name\":\"Kid's Concept, legeveske natur - Babylove Norska\",\"isPartOf\":{\"@id\":\"https:\/\/babylove.se\/no\/#website\"},\"primaryImageOfPage\":{\"@id\":\"https:\/\/babylove.se\/no\/produkt\/kids-concept-legeveske-natur\/#primaryimage\"},\"image\":{\"@id\":\"https:\/\/babylove.se\/no\/produkt\/kids-concept-legeveske-natur\/#primaryimage\"},\"thumbnailUrl\":\"https:\/\/babylove.se\/no\/wp-content\/uploads\/sites\/3\/2025\/07\/6193aedf51066.jpeg\",\"datePublished\":\"2025-07-18T23:06:50+00:00\",\"dateModified\":\"2026-04-08T10:40:15+00:00\",\"breadcrumb\":{\"@id\":\"https:\/\/babylove.se\/no\/produkt\/kids-concept-legeveske-natur\/#breadcrumb\"},\"inLanguage\":\"nb-NO\",\"potentialAction\":[{\"@type\":\"ReadAction\",\"target\":[\"https:\/\/babylove.se\/no\/produkt\/kids-concept-legeveske-natur\/\"]}]},{\"@type\":\"ImageObject\",\"inLanguage\":\"nb-NO\",\"@id\":\"https:\/\/babylove.se\/no\/produkt\/kids-concept-legeveske-natur\/#primaryimage\",\"url\":\"https:\/\/babylove.se\/no\/wp-content\/uploads\/sites\/3\/2025\/07\/6193aedf51066.jpeg\",\"contentUrl\":\"https:\/\/babylove.se\/no\/wp-content\/uploads\/sites\/3\/2025\/07\/6193aedf51066.jpeg\",\"width\":1220,\"height\":1220},{\"@type\":\"BreadcrumbList\",\"@id\":\"https:\/\/babylove.se\/no\/produkt\/kids-concept-legeveske-natur\/#breadcrumb\",\"itemListElement\":[{\"@type\":\"ListItem\",\"position\":1,\"name\":\"Hem\",\"item\":\"https:\/\/babylove.se\/no\/\"},{\"@type\":\"ListItem\",\"position\":2,\"name\":\"Butik\",\"item\":\"https:\/\/babylove.se\/no\/butik\/\"},{\"@type\":\"ListItem\",\"position\":3,\"name\":\"Kid&#8217;s Concept, legeveske natur\"}]},{\"@type\":\"WebSite\",\"@id\":\"https:\/\/babylove.se\/no\/#website\",\"url\":\"https:\/\/babylove.se\/no\/\",\"name\":\"Babylove Norska\",\"description\":\"\",\"potentialAction\":[{\"@type\":\"SearchAction\",\"target\":{\"@type\":\"EntryPoint\",\"urlTemplate\":\"https:\/\/babylove.se\/no\/?s={search_term_string}\"},\"query-input\":{\"@type\":\"PropertyValueSpecification\",\"valueRequired\":true,\"valueName\":\"search_term_string\"}}],\"inLanguage\":\"nb-NO\"}]}<\/script>\n<meta property=\"product:brand\" content=\"Kids Concept\" \/>\n<meta property=\"product:price:amount\" content=\"299.00\" \/>\n<meta property=\"product:price:currency\" content=\"SEK\" \/>\n<meta property=\"og:availability\" content=\"out of stock\" \/>\n<meta property=\"product:availability\" content=\"out of stock\" \/>\n<meta property=\"product:retailer_item_id\" content=\"1000258\" \/>\n<meta property=\"product:condition\" content=\"new\" \/>\n<!-- \/ Yoast SEO Premium plugin. -->","yoast_head_json":{"title":"Kid's Concept, legeveske natur - Babylove Norska","robots":{"index":"noindex","follow":"follow","max-snippet":"max-snippet:-1","max-image-preview":"max-image-preview:large","max-video-preview":"max-video-preview:-1"},"og_locale":"nb_NO","og_type":"article","og_title":"Kid's Concept, legeveske natur","og_description":"En morsom doktorveske som gj\u00f8r barnet ditt til familiens egen lille doktor. Nesten alle barn elsker \u00e5 leke doktor og ta vare p\u00e5 foreldrene sine, s\u00f8sknene sine eller kosedyrene. Vesken inneholder stetoskop, tungespatel, termometer, salve, medisinboks, spr\u00f8yte og reflekshammer, s\u00e5 du forst\u00e5r at barnet ditt kommer til \u00e5 elske denne lille doktorvesken. M\u00e5l: 20 x [&hellip;]","og_url":"https:\/\/babylove.se\/no\/produkt\/kids-concept-legeveske-natur\/","og_site_name":"Babylove Norska","article_modified_time":"2026-04-08T10:40:15+00:00","og_image":[{"width":1220,"height":1220,"url":"https:\/\/babylove.se\/no\/wp-content\/uploads\/sites\/3\/2025\/07\/6193aedf51066.jpeg","type":"image\/jpeg"}],"twitter_card":"summary_large_image","twitter_misc":{"Price":"299,00&nbsp;&#107;&#114;","Availability":"Out of stock"},"schema":{"@context":"https:\/\/schema.org","@graph":[{"@type":"WebPage","@id":"https:\/\/babylove.se\/no\/produkt\/kids-concept-legeveske-natur\/","url":"https:\/\/babylove.se\/no\/produkt\/kids-concept-legeveske-natur\/","name":"Kid's Concept, legeveske natur - Babylove Norska","isPartOf":{"@id":"https:\/\/babylove.se\/no\/#website"},"primaryImageOfPage":{"@id":"https:\/\/babylove.se\/no\/produkt\/kids-concept-legeveske-natur\/#primaryimage"},"image":{"@id":"https:\/\/babylove.se\/no\/produkt\/kids-concept-legeveske-natur\/#primaryimage"},"thumbnailUrl":"https:\/\/babylove.se\/no\/wp-content\/uploads\/sites\/3\/2025\/07\/6193aedf51066.jpeg","datePublished":"2025-07-18T23:06:50+00:00","dateModified":"2026-04-08T10:40:15+00:00","breadcrumb":{"@id":"https:\/\/babylove.se\/no\/produkt\/kids-concept-legeveske-natur\/#breadcrumb"},"inLanguage":"nb-NO","potentialAction":[{"@type":"ReadAction","target":["https:\/\/babylove.se\/no\/produkt\/kids-concept-legeveske-natur\/"]}]},{"@type":"ImageObject","inLanguage":"nb-NO","@id":"https:\/\/babylove.se\/no\/produkt\/kids-concept-legeveske-natur\/#primaryimage","url":"https:\/\/babylove.se\/no\/wp-content\/uploads\/sites\/3\/2025\/07\/6193aedf51066.jpeg","contentUrl":"https:\/\/babylove.se\/no\/wp-content\/uploads\/sites\/3\/2025\/07\/6193aedf51066.jpeg","width":1220,"height":1220},{"@type":"BreadcrumbList","@id":"https:\/\/babylove.se\/no\/produkt\/kids-concept-legeveske-natur\/#breadcrumb","itemListElement":[{"@type":"ListItem","position":1,"name":"Hem","item":"https:\/\/babylove.se\/no\/"},{"@type":"ListItem","position":2,"name":"Butik","item":"https:\/\/babylove.se\/no\/butik\/"},{"@type":"ListItem","position":3,"name":"Kid&#8217;s Concept, legeveske natur"}]},{"@type":"WebSite","@id":"https:\/\/babylove.se\/no\/#website","url":"https:\/\/babylove.se\/no\/","name":"Babylove Norska","description":"","potentialAction":[{"@type":"SearchAction","target":{"@type":"EntryPoint","urlTemplate":"https:\/\/babylove.se\/no\/?s={search_term_string}"},"query-input":{"@type":"PropertyValueSpecification","valueRequired":true,"valueName":"search_term_string"}}],"inLanguage":"nb-NO"}]},"product_brand":"Kids Concept","product_price_amount":"299.00","product_price_currency":"SEK","og_availability":"out of stock","product_availability":"out of stock","product_retailer_item_id":"1000258","product_condition":"new"},"_links":{"self":[{"href":"https:\/\/babylove.se\/no\/wp-json\/wp\/v2\/product\/29891","targetHints":{"allow":["GET"]}}],"collection":[{"href":"https:\/\/babylove.se\/no\/wp-json\/wp\/v2\/product"}],"about":[{"href":"https:\/\/babylove.se\/no\/wp-json\/wp\/v2\/types\/product"}],"replies":[{"embeddable":true,"href":"https:\/\/babylove.se\/no\/wp-json\/wp\/v2\/comments?post=29891"}],"wp:featuredmedia":[{"embeddable":true,"href":"https:\/\/babylove.se\/no\/wp-json\/wp\/v2\/media\/29893"}],"wp:attachment":[{"href":"https:\/\/babylove.se\/no\/wp-json\/wp\/v2\/media?parent=29891"}],"wp:term":[{"taxonomy":"product_brand","embeddable":true,"href":"https:\/\/babylove.se\/no\/wp-json\/wp\/v2\/product_brand?post=29891"},{"taxonomy":"product_cat","embeddable":true,"href":"https:\/\/babylove.se\/no\/wp-json\/wp\/v2\/product_cat?post=29891"},{"taxonomy":"product_tag","embeddable":true,"href":"https:\/\/babylove.se\/no\/wp-json\/wp\/v2\/product_tag?post=29891"}],"curies":[{"name":"wp","href":"https:\/\/api.w.org\/{rel}","templated":true}]}}