{"id":29906,"date":"2025-07-19T00:07:16","date_gmt":"2025-07-18T23:07:16","guid":{"rendered":"https:\/\/babylove.se\/produkt\/kids-concept-dockvagn-med-baddset-naturgron\/"},"modified":"2026-04-08T11:40:21","modified_gmt":"2026-04-08T10:40:21","slug":"kids-concept-dukkevogn-med-badesett-naturgronn","status":"publish","type":"product","link":"https:\/\/babylove.se\/no\/produkt\/kids-concept-dukkevogn-med-badesett-naturgronn\/","title":{"rendered":"Kid&#8217;s Concept, Dukkevogn med sengesett natur\/gr\u00f8nn"},"content":{"rendered":"<p>Kid&#8217;s Hub Dukkevogn er et vakkert og praktisk produkt fra popul\u00e6re Kid&#8217;s Concept. <\/p>\n<p>H\u00e5ndtaket og hjulene har en deilig mild gr\u00f8nn farge. Selve dukkevognen er helt laget av tre og hjulene har en smart og praktisk gummikant rundt for \u00e5 beskytte gulvene. Et vakkert beige\/hvitt sengesett i bomull f\u00f8lger med. <\/p>\n<p>Et annet godt bruksomr\u00e5de er at den fungerer som en smart g\u00e5vogn, som vil hjelpe barnet ditt \u00e5 utvikle motorikken raskere og \u00e5 l\u00e6re seg \u00e5 g\u00e5. <\/p>\n<p><strong>M\u00e5l<\/strong>: 42 x 26 x 43 cm <\/p>\n<p><strong>Material<\/strong>: Tre<\/p>\n","protected":false},"excerpt":{"rendered":"<p>Kid&#8217;s Hub Dukkevogn er et vakkert og praktisk produkt fra popul\u00e6re Kid&#8217;s Concept. H\u00e5ndtaket og hjulene har en deilig mild gr\u00f8nn farge. Selve dukkevognen er helt laget av tre og hjulene har en smart og praktisk gummikant rundt for \u00e5 beskytte gulvene. Et vakkert beige\/hvitt sengesett i bomull f\u00f8lger med. Et annet godt bruksomr\u00e5de er [&hellip;]<\/p>\n","protected":false},"featured_media":29908,"comment_status":"closed","ping_status":"closed","template":"","meta":{"_acf_changed":false},"product_brand":[320],"product_cat":[69,70,72,321,112],"product_tag":[],"class_list":{"0":"post-29906","1":"product","2":"type-product","3":"status-publish","4":"has-post-thumbnail","6":"product_brand-kids-concept","7":"product_cat-dukker-tilbehoer","8":"product_cat-gaver","9":"product_cat-julegaver","10":"product_cat-kids-concept","11":"product_cat-treleker","13":"first","14":"instock","15":"taxable","16":"shipping-taxable","17":"purchasable","18":"product-type-simple"},"acf":[],"yoast_head":"<!-- This site is optimized with the Yoast SEO Premium plugin v25.8 (Yoast SEO v27.2) - https:\/\/yoast.com\/product\/yoast-seo-premium-wordpress\/ -->\n<title>Kid&#039;s Concept, Dukkevogn med sengesett natur\/gr\u00f8nn - Babylove Norska<\/title>\n<meta name=\"robots\" content=\"noindex, follow, max-snippet:-1, max-image-preview:large, max-video-preview:-1\" \/>\n<meta property=\"og:locale\" content=\"nb_NO\" \/>\n<meta property=\"og:type\" content=\"article\" \/>\n<meta property=\"og:title\" content=\"Kid&#039;s Concept, Dukkevogn med sengesett natur\/gr\u00f8nn\" \/>\n<meta property=\"og:description\" content=\"Kid&#8217;s Hub Dukkevogn er et vakkert og praktisk produkt fra popul\u00e6re Kid&#8217;s Concept. H\u00e5ndtaket og hjulene har en deilig mild gr\u00f8nn farge. Selve dukkevognen er helt laget av tre og hjulene har en smart og praktisk gummikant rundt for \u00e5 beskytte gulvene. Et vakkert beige\/hvitt sengesett i bomull f\u00f8lger med. Et annet godt bruksomr\u00e5de er [&hellip;]\" \/>\n<meta property=\"og:url\" content=\"https:\/\/babylove.se\/no\/produkt\/kids-concept-dukkevogn-med-badesett-naturgronn\/\" \/>\n<meta property=\"og:site_name\" content=\"Babylove Norska\" \/>\n<meta property=\"article:modified_time\" content=\"2026-04-08T10:40:21+00:00\" \/>\n<meta property=\"og:image\" content=\"https:\/\/babylove.se\/no\/wp-content\/uploads\/sites\/3\/2025\/07\/6193b70a2bcf7.jpeg\" \/>\n\t<meta property=\"og:image:width\" content=\"1220\" \/>\n\t<meta property=\"og:image:height\" content=\"1220\" \/>\n\t<meta property=\"og:image:type\" content=\"image\/jpeg\" \/>\n<meta name=\"twitter:card\" content=\"summary_large_image\" \/>\n<meta name=\"twitter:label1\" content=\"Price\" \/>\n\t<meta name=\"twitter:data1\" content=\"799,00&nbsp;&#107;&#114;\" \/>\n\t<meta name=\"twitter:label2\" content=\"Availability\" \/>\n\t<meta name=\"twitter:data2\" content=\"In stock\" \/>\n<script type=\"application\/ld+json\" class=\"yoast-schema-graph\">{\"@context\":\"https:\/\/schema.org\",\"@graph\":[{\"@type\":\"WebPage\",\"@id\":\"https:\/\/babylove.se\/no\/produkt\/kids-concept-dukkevogn-med-badesett-naturgronn\/\",\"url\":\"https:\/\/babylove.se\/no\/produkt\/kids-concept-dukkevogn-med-badesett-naturgronn\/\",\"name\":\"Kid's Concept, Dukkevogn med sengesett natur\/gr\u00f8nn - Babylove Norska\",\"isPartOf\":{\"@id\":\"https:\/\/babylove.se\/no\/#website\"},\"primaryImageOfPage\":{\"@id\":\"https:\/\/babylove.se\/no\/produkt\/kids-concept-dukkevogn-med-badesett-naturgronn\/#primaryimage\"},\"image\":{\"@id\":\"https:\/\/babylove.se\/no\/produkt\/kids-concept-dukkevogn-med-badesett-naturgronn\/#primaryimage\"},\"thumbnailUrl\":\"https:\/\/babylove.se\/no\/wp-content\/uploads\/sites\/3\/2025\/07\/6193b70a2bcf7.jpeg\",\"datePublished\":\"2025-07-18T23:07:16+00:00\",\"dateModified\":\"2026-04-08T10:40:21+00:00\",\"breadcrumb\":{\"@id\":\"https:\/\/babylove.se\/no\/produkt\/kids-concept-dukkevogn-med-badesett-naturgronn\/#breadcrumb\"},\"inLanguage\":\"nb-NO\",\"potentialAction\":[{\"@type\":\"ReadAction\",\"target\":[\"https:\/\/babylove.se\/no\/produkt\/kids-concept-dukkevogn-med-badesett-naturgronn\/\"]}]},{\"@type\":\"ImageObject\",\"inLanguage\":\"nb-NO\",\"@id\":\"https:\/\/babylove.se\/no\/produkt\/kids-concept-dukkevogn-med-badesett-naturgronn\/#primaryimage\",\"url\":\"https:\/\/babylove.se\/no\/wp-content\/uploads\/sites\/3\/2025\/07\/6193b70a2bcf7.jpeg\",\"contentUrl\":\"https:\/\/babylove.se\/no\/wp-content\/uploads\/sites\/3\/2025\/07\/6193b70a2bcf7.jpeg\",\"width\":1220,\"height\":1220},{\"@type\":\"BreadcrumbList\",\"@id\":\"https:\/\/babylove.se\/no\/produkt\/kids-concept-dukkevogn-med-badesett-naturgronn\/#breadcrumb\",\"itemListElement\":[{\"@type\":\"ListItem\",\"position\":1,\"name\":\"Hem\",\"item\":\"https:\/\/babylove.se\/no\/\"},{\"@type\":\"ListItem\",\"position\":2,\"name\":\"Butik\",\"item\":\"https:\/\/babylove.se\/no\/butik\/\"},{\"@type\":\"ListItem\",\"position\":3,\"name\":\"Kid&#8217;s Concept, Dukkevogn med sengesett natur\/gr\u00f8nn\"}]},{\"@type\":\"WebSite\",\"@id\":\"https:\/\/babylove.se\/no\/#website\",\"url\":\"https:\/\/babylove.se\/no\/\",\"name\":\"Babylove Norska\",\"description\":\"\",\"potentialAction\":[{\"@type\":\"SearchAction\",\"target\":{\"@type\":\"EntryPoint\",\"urlTemplate\":\"https:\/\/babylove.se\/no\/?s={search_term_string}\"},\"query-input\":{\"@type\":\"PropertyValueSpecification\",\"valueRequired\":true,\"valueName\":\"search_term_string\"}}],\"inLanguage\":\"nb-NO\"}]}<\/script>\n<meta property=\"product:brand\" content=\"Kids Concept\" \/>\n<meta property=\"product:price:amount\" content=\"799.00\" \/>\n<meta property=\"product:price:currency\" content=\"SEK\" \/>\n<meta property=\"og:availability\" content=\"instock\" \/>\n<meta property=\"product:availability\" content=\"instock\" \/>\n<meta property=\"product:retailer_item_id\" content=\"1000558\" \/>\n<meta property=\"product:condition\" content=\"new\" \/>\n<!-- \/ Yoast SEO Premium plugin. -->","yoast_head_json":{"title":"Kid's Concept, Dukkevogn med sengesett natur\/gr\u00f8nn - Babylove Norska","robots":{"index":"noindex","follow":"follow","max-snippet":"max-snippet:-1","max-image-preview":"max-image-preview:large","max-video-preview":"max-video-preview:-1"},"og_locale":"nb_NO","og_type":"article","og_title":"Kid's Concept, Dukkevogn med sengesett natur\/gr\u00f8nn","og_description":"Kid&#8217;s Hub Dukkevogn er et vakkert og praktisk produkt fra popul\u00e6re Kid&#8217;s Concept. H\u00e5ndtaket og hjulene har en deilig mild gr\u00f8nn farge. Selve dukkevognen er helt laget av tre og hjulene har en smart og praktisk gummikant rundt for \u00e5 beskytte gulvene. Et vakkert beige\/hvitt sengesett i bomull f\u00f8lger med. Et annet godt bruksomr\u00e5de er [&hellip;]","og_url":"https:\/\/babylove.se\/no\/produkt\/kids-concept-dukkevogn-med-badesett-naturgronn\/","og_site_name":"Babylove Norska","article_modified_time":"2026-04-08T10:40:21+00:00","og_image":[{"width":1220,"height":1220,"url":"https:\/\/babylove.se\/no\/wp-content\/uploads\/sites\/3\/2025\/07\/6193b70a2bcf7.jpeg","type":"image\/jpeg"}],"twitter_card":"summary_large_image","twitter_misc":{"Price":"799,00&nbsp;&#107;&#114;","Availability":"In stock"},"schema":{"@context":"https:\/\/schema.org","@graph":[{"@type":"WebPage","@id":"https:\/\/babylove.se\/no\/produkt\/kids-concept-dukkevogn-med-badesett-naturgronn\/","url":"https:\/\/babylove.se\/no\/produkt\/kids-concept-dukkevogn-med-badesett-naturgronn\/","name":"Kid's Concept, Dukkevogn med sengesett natur\/gr\u00f8nn - Babylove Norska","isPartOf":{"@id":"https:\/\/babylove.se\/no\/#website"},"primaryImageOfPage":{"@id":"https:\/\/babylove.se\/no\/produkt\/kids-concept-dukkevogn-med-badesett-naturgronn\/#primaryimage"},"image":{"@id":"https:\/\/babylove.se\/no\/produkt\/kids-concept-dukkevogn-med-badesett-naturgronn\/#primaryimage"},"thumbnailUrl":"https:\/\/babylove.se\/no\/wp-content\/uploads\/sites\/3\/2025\/07\/6193b70a2bcf7.jpeg","datePublished":"2025-07-18T23:07:16+00:00","dateModified":"2026-04-08T10:40:21+00:00","breadcrumb":{"@id":"https:\/\/babylove.se\/no\/produkt\/kids-concept-dukkevogn-med-badesett-naturgronn\/#breadcrumb"},"inLanguage":"nb-NO","potentialAction":[{"@type":"ReadAction","target":["https:\/\/babylove.se\/no\/produkt\/kids-concept-dukkevogn-med-badesett-naturgronn\/"]}]},{"@type":"ImageObject","inLanguage":"nb-NO","@id":"https:\/\/babylove.se\/no\/produkt\/kids-concept-dukkevogn-med-badesett-naturgronn\/#primaryimage","url":"https:\/\/babylove.se\/no\/wp-content\/uploads\/sites\/3\/2025\/07\/6193b70a2bcf7.jpeg","contentUrl":"https:\/\/babylove.se\/no\/wp-content\/uploads\/sites\/3\/2025\/07\/6193b70a2bcf7.jpeg","width":1220,"height":1220},{"@type":"BreadcrumbList","@id":"https:\/\/babylove.se\/no\/produkt\/kids-concept-dukkevogn-med-badesett-naturgronn\/#breadcrumb","itemListElement":[{"@type":"ListItem","position":1,"name":"Hem","item":"https:\/\/babylove.se\/no\/"},{"@type":"ListItem","position":2,"name":"Butik","item":"https:\/\/babylove.se\/no\/butik\/"},{"@type":"ListItem","position":3,"name":"Kid&#8217;s Concept, Dukkevogn med sengesett natur\/gr\u00f8nn"}]},{"@type":"WebSite","@id":"https:\/\/babylove.se\/no\/#website","url":"https:\/\/babylove.se\/no\/","name":"Babylove Norska","description":"","potentialAction":[{"@type":"SearchAction","target":{"@type":"EntryPoint","urlTemplate":"https:\/\/babylove.se\/no\/?s={search_term_string}"},"query-input":{"@type":"PropertyValueSpecification","valueRequired":true,"valueName":"search_term_string"}}],"inLanguage":"nb-NO"}]},"product_brand":"Kids Concept","product_price_amount":"799.00","product_price_currency":"SEK","og_availability":"instock","product_availability":"instock","product_retailer_item_id":"1000558","product_condition":"new"},"_links":{"self":[{"href":"https:\/\/babylove.se\/no\/wp-json\/wp\/v2\/product\/29906","targetHints":{"allow":["GET"]}}],"collection":[{"href":"https:\/\/babylove.se\/no\/wp-json\/wp\/v2\/product"}],"about":[{"href":"https:\/\/babylove.se\/no\/wp-json\/wp\/v2\/types\/product"}],"replies":[{"embeddable":true,"href":"https:\/\/babylove.se\/no\/wp-json\/wp\/v2\/comments?post=29906"}],"wp:featuredmedia":[{"embeddable":true,"href":"https:\/\/babylove.se\/no\/wp-json\/wp\/v2\/media\/29908"}],"wp:attachment":[{"href":"https:\/\/babylove.se\/no\/wp-json\/wp\/v2\/media?parent=29906"}],"wp:term":[{"taxonomy":"product_brand","embeddable":true,"href":"https:\/\/babylove.se\/no\/wp-json\/wp\/v2\/product_brand?post=29906"},{"taxonomy":"product_cat","embeddable":true,"href":"https:\/\/babylove.se\/no\/wp-json\/wp\/v2\/product_cat?post=29906"},{"taxonomy":"product_tag","embeddable":true,"href":"https:\/\/babylove.se\/no\/wp-json\/wp\/v2\/product_tag?post=29906"}],"curies":[{"name":"wp","href":"https:\/\/api.w.org\/{rel}","templated":true}]}}