{"id":2993,"date":"2025-07-18T20:12:29","date_gmt":"2025-07-18T19:12:29","guid":{"rendered":"https:\/\/babylove.se\/produkt\/lampa-miffy-small-mr-maria\/"},"modified":"2026-04-08T07:55:59","modified_gmt":"2026-04-08T06:55:59","slug":"lampe-miffy-small-mr-maria","status":"publish","type":"product","link":"https:\/\/babylove.se\/no\/produkt\/lampe-miffy-small-mr-maria\/","title":{"rendered":"Miffy &#8211; Star Light, Mr Maria"},"content":{"rendered":"<p>En deilig og solid lampe i form av den utrolig popul\u00e6re kaninen Miffy. Lampen gir et varmt og behagelig lys, og passer perfekt som nattlampe\/nattvenn i barnerommet. Barnet ditt vil alltid ha vennen sin hos seg i soverommet, noe som skaper trygghet. Det fine med denne lampen er at den er pen b\u00e5de tent og slukket, og du kan selv dimme lyset til et niv\u00e5 som passer deg perfekt for \u00f8yeblikket.&nbsp;<\/p>\n<p><strong>M\u00e5l<\/strong>: H\u00f8yde 50 cm og diameter 25 cm. Lysp\u00e6ren er LED og hele kaninlampen veier ca. 2 kg.&nbsp;<\/p>\n<p><strong>Materiale<\/strong>: Polyetenplast og hvit farge.<\/p>\n<p>Designer: <a href=\"https:\/\/babylove.se\/varumarken\/mr-maria\"><u>Mr Maria<\/u><\/a><\/p>\n<p><\/p>\n<p><a href=\"https:\/\/babylove.se\/lampor\/miffy\">Se alle v\u00e5re Miffy-lamper her!<\/a><\/p>\n","protected":false},"excerpt":{"rendered":"<p>En deilig og solid lampe i form av den utrolig popul\u00e6re kaninen Miffy. Lampen gir et varmt og behagelig lys, og passer perfekt som nattlampe\/nattvenn i barnerommet. Barnet ditt vil alltid ha vennen sin hos seg i soverommet, noe som skaper trygghet. Det fine med denne lampen er at den er pen b\u00e5de tent og [&hellip;]<\/p>\n","protected":false},"featured_media":2995,"comment_status":"closed","ping_status":"open","template":"","meta":{"_acf_changed":false},"product_brand":[176],"product_cat":[180,72,166,26,25,31,177,178,179],"product_tag":[],"class_list":{"0":"post-2993","1":"product","2":"type-product","3":"status-publish","4":"has-post-thumbnail","6":"product_brand-mr-maria","7":"product_cat-gulvlamper","8":"product_cat-julegaver","9":"product_cat-lyskuler","10":"product_cat-kjop-produkter-som-ikke-bare-er-for-gutter","11":"product_cat-ikke-bare-jenter","12":"product_cat-lamper","13":"product_cat-miffy","14":"product_cat-mr-maria","15":"product_cat-nattlamper","17":"first","18":"outofstock","19":"taxable","20":"shipping-taxable","21":"purchasable","22":"product-type-simple"},"acf":[],"yoast_head":"<!-- This site is optimized with the Yoast SEO Premium plugin v25.8 (Yoast SEO v27.2) - https:\/\/yoast.com\/product\/yoast-seo-premium-wordpress\/ -->\n<title>Miffy - Star Light, Mr Maria<\/title>\n<meta name=\"description\" content=\"En underbar och rej\u00e4l lampa i form av den om\u00e5ttligt popul\u00e4ra kaninen Miffy. Lampan ger ett varmt och behgligt ljus - skickas inom 24 timmar !\" \/>\n<meta name=\"robots\" content=\"noindex, follow, max-snippet:-1, max-image-preview:large, max-video-preview:-1\" \/>\n<meta property=\"og:locale\" content=\"nb_NO\" \/>\n<meta property=\"og:type\" content=\"article\" \/>\n<meta property=\"og:title\" content=\"Miffy - Star Light, Mr Maria\" \/>\n<meta property=\"og:description\" content=\"En underbar och rej\u00e4l lampa i form av den om\u00e5ttligt popul\u00e4ra kaninen Miffy. Lampan ger ett varmt och behgligt ljus - skickas inom 24 timmar !\" \/>\n<meta property=\"og:url\" content=\"https:\/\/babylove.se\/no\/produkt\/lampe-miffy-small-mr-maria\/\" \/>\n<meta property=\"og:site_name\" content=\"Babylove Norska\" \/>\n<meta property=\"article:modified_time\" content=\"2026-04-08T06:55:59+00:00\" \/>\n<meta property=\"og:image\" content=\"https:\/\/babylove.se\/no\/wp-content\/uploads\/sites\/3\/2025\/07\/58d97628371bf.jpeg\" \/>\n\t<meta property=\"og:image:width\" content=\"750\" \/>\n\t<meta property=\"og:image:height\" content=\"750\" \/>\n\t<meta property=\"og:image:type\" content=\"image\/jpeg\" \/>\n<meta name=\"twitter:card\" content=\"summary_large_image\" \/>\n<meta name=\"twitter:label1\" content=\"Price\" \/>\n\t<meta name=\"twitter:data1\" content=\"1 599,00&nbsp;&#107;&#114;\" \/>\n\t<meta name=\"twitter:label2\" content=\"Availability\" \/>\n\t<meta name=\"twitter:data2\" content=\"Out of stock\" \/>\n<script type=\"application\/ld+json\" class=\"yoast-schema-graph\">{\"@context\":\"https:\/\/schema.org\",\"@graph\":[{\"@type\":\"WebPage\",\"@id\":\"https:\/\/babylove.se\/no\/produkt\/lampe-miffy-small-mr-maria\/\",\"url\":\"https:\/\/babylove.se\/no\/produkt\/lampe-miffy-small-mr-maria\/\",\"name\":\"Miffy - Star Light, Mr Maria\",\"isPartOf\":{\"@id\":\"https:\/\/babylove.se\/no\/#website\"},\"primaryImageOfPage\":{\"@id\":\"https:\/\/babylove.se\/no\/produkt\/lampe-miffy-small-mr-maria\/#primaryimage\"},\"image\":{\"@id\":\"https:\/\/babylove.se\/no\/produkt\/lampe-miffy-small-mr-maria\/#primaryimage\"},\"thumbnailUrl\":\"https:\/\/babylove.se\/no\/wp-content\/uploads\/sites\/3\/2025\/07\/58d97628371bf.jpeg\",\"datePublished\":\"2025-07-18T19:12:29+00:00\",\"dateModified\":\"2026-04-08T06:55:59+00:00\",\"description\":\"En underbar och rej\u00e4l lampa i form av den om\u00e5ttligt popul\u00e4ra kaninen Miffy. Lampan ger ett varmt och behgligt ljus - skickas inom 24 timmar !\",\"breadcrumb\":{\"@id\":\"https:\/\/babylove.se\/no\/produkt\/lampe-miffy-small-mr-maria\/#breadcrumb\"},\"inLanguage\":\"nb-NO\",\"potentialAction\":[{\"@type\":\"ReadAction\",\"target\":[\"https:\/\/babylove.se\/no\/produkt\/lampe-miffy-small-mr-maria\/\"]}]},{\"@type\":\"ImageObject\",\"inLanguage\":\"nb-NO\",\"@id\":\"https:\/\/babylove.se\/no\/produkt\/lampe-miffy-small-mr-maria\/#primaryimage\",\"url\":\"https:\/\/babylove.se\/no\/wp-content\/uploads\/sites\/3\/2025\/07\/58d97628371bf.jpeg\",\"contentUrl\":\"https:\/\/babylove.se\/no\/wp-content\/uploads\/sites\/3\/2025\/07\/58d97628371bf.jpeg\",\"width\":750,\"height\":750},{\"@type\":\"BreadcrumbList\",\"@id\":\"https:\/\/babylove.se\/no\/produkt\/lampe-miffy-small-mr-maria\/#breadcrumb\",\"itemListElement\":[{\"@type\":\"ListItem\",\"position\":1,\"name\":\"Hem\",\"item\":\"https:\/\/babylove.se\/no\/\"},{\"@type\":\"ListItem\",\"position\":2,\"name\":\"Butik\",\"item\":\"https:\/\/babylove.se\/no\/butik\/\"},{\"@type\":\"ListItem\",\"position\":3,\"name\":\"Miffy &#8211; Star Light, Mr Maria\"}]},{\"@type\":\"WebSite\",\"@id\":\"https:\/\/babylove.se\/no\/#website\",\"url\":\"https:\/\/babylove.se\/no\/\",\"name\":\"Babylove Norska\",\"description\":\"\",\"potentialAction\":[{\"@type\":\"SearchAction\",\"target\":{\"@type\":\"EntryPoint\",\"urlTemplate\":\"https:\/\/babylove.se\/no\/?s={search_term_string}\"},\"query-input\":{\"@type\":\"PropertyValueSpecification\",\"valueRequired\":true,\"valueName\":\"search_term_string\"}}],\"inLanguage\":\"nb-NO\"}]}<\/script>\n<meta property=\"product:brand\" content=\"Mr Maria\" \/>\n<meta property=\"product:price:amount\" content=\"1599.00\" \/>\n<meta property=\"product:price:currency\" content=\"SEK\" \/>\n<meta property=\"og:availability\" content=\"out of stock\" \/>\n<meta property=\"product:availability\" content=\"out of stock\" \/>\n<meta property=\"product:retailer_item_id\" content=\"SL50MFF\" \/>\n<meta property=\"product:condition\" content=\"new\" \/>\n<!-- \/ Yoast SEO Premium plugin. -->","yoast_head_json":{"title":"Miffy - Star Light, Mr Maria","description":"En underbar och rej\u00e4l lampa i form av den om\u00e5ttligt popul\u00e4ra kaninen Miffy. Lampan ger ett varmt och behgligt ljus - skickas inom 24 timmar !","robots":{"index":"noindex","follow":"follow","max-snippet":"max-snippet:-1","max-image-preview":"max-image-preview:large","max-video-preview":"max-video-preview:-1"},"og_locale":"nb_NO","og_type":"article","og_title":"Miffy - Star Light, Mr Maria","og_description":"En underbar och rej\u00e4l lampa i form av den om\u00e5ttligt popul\u00e4ra kaninen Miffy. Lampan ger ett varmt och behgligt ljus - skickas inom 24 timmar !","og_url":"https:\/\/babylove.se\/no\/produkt\/lampe-miffy-small-mr-maria\/","og_site_name":"Babylove Norska","article_modified_time":"2026-04-08T06:55:59+00:00","og_image":[{"width":750,"height":750,"url":"https:\/\/babylove.se\/no\/wp-content\/uploads\/sites\/3\/2025\/07\/58d97628371bf.jpeg","type":"image\/jpeg"}],"twitter_card":"summary_large_image","twitter_misc":{"Price":"1 599,00&nbsp;&#107;&#114;","Availability":"Out of stock"},"schema":{"@context":"https:\/\/schema.org","@graph":[{"@type":"WebPage","@id":"https:\/\/babylove.se\/no\/produkt\/lampe-miffy-small-mr-maria\/","url":"https:\/\/babylove.se\/no\/produkt\/lampe-miffy-small-mr-maria\/","name":"Miffy - Star Light, Mr Maria","isPartOf":{"@id":"https:\/\/babylove.se\/no\/#website"},"primaryImageOfPage":{"@id":"https:\/\/babylove.se\/no\/produkt\/lampe-miffy-small-mr-maria\/#primaryimage"},"image":{"@id":"https:\/\/babylove.se\/no\/produkt\/lampe-miffy-small-mr-maria\/#primaryimage"},"thumbnailUrl":"https:\/\/babylove.se\/no\/wp-content\/uploads\/sites\/3\/2025\/07\/58d97628371bf.jpeg","datePublished":"2025-07-18T19:12:29+00:00","dateModified":"2026-04-08T06:55:59+00:00","description":"En underbar och rej\u00e4l lampa i form av den om\u00e5ttligt popul\u00e4ra kaninen Miffy. Lampan ger ett varmt och behgligt ljus - skickas inom 24 timmar !","breadcrumb":{"@id":"https:\/\/babylove.se\/no\/produkt\/lampe-miffy-small-mr-maria\/#breadcrumb"},"inLanguage":"nb-NO","potentialAction":[{"@type":"ReadAction","target":["https:\/\/babylove.se\/no\/produkt\/lampe-miffy-small-mr-maria\/"]}]},{"@type":"ImageObject","inLanguage":"nb-NO","@id":"https:\/\/babylove.se\/no\/produkt\/lampe-miffy-small-mr-maria\/#primaryimage","url":"https:\/\/babylove.se\/no\/wp-content\/uploads\/sites\/3\/2025\/07\/58d97628371bf.jpeg","contentUrl":"https:\/\/babylove.se\/no\/wp-content\/uploads\/sites\/3\/2025\/07\/58d97628371bf.jpeg","width":750,"height":750},{"@type":"BreadcrumbList","@id":"https:\/\/babylove.se\/no\/produkt\/lampe-miffy-small-mr-maria\/#breadcrumb","itemListElement":[{"@type":"ListItem","position":1,"name":"Hem","item":"https:\/\/babylove.se\/no\/"},{"@type":"ListItem","position":2,"name":"Butik","item":"https:\/\/babylove.se\/no\/butik\/"},{"@type":"ListItem","position":3,"name":"Miffy &#8211; Star Light, Mr Maria"}]},{"@type":"WebSite","@id":"https:\/\/babylove.se\/no\/#website","url":"https:\/\/babylove.se\/no\/","name":"Babylove Norska","description":"","potentialAction":[{"@type":"SearchAction","target":{"@type":"EntryPoint","urlTemplate":"https:\/\/babylove.se\/no\/?s={search_term_string}"},"query-input":{"@type":"PropertyValueSpecification","valueRequired":true,"valueName":"search_term_string"}}],"inLanguage":"nb-NO"}]},"product_brand":"Mr Maria","product_price_amount":"1599.00","product_price_currency":"SEK","og_availability":"out of stock","product_availability":"out of stock","product_retailer_item_id":"SL50MFF","product_condition":"new"},"_links":{"self":[{"href":"https:\/\/babylove.se\/no\/wp-json\/wp\/v2\/product\/2993","targetHints":{"allow":["GET"]}}],"collection":[{"href":"https:\/\/babylove.se\/no\/wp-json\/wp\/v2\/product"}],"about":[{"href":"https:\/\/babylove.se\/no\/wp-json\/wp\/v2\/types\/product"}],"replies":[{"embeddable":true,"href":"https:\/\/babylove.se\/no\/wp-json\/wp\/v2\/comments?post=2993"}],"wp:featuredmedia":[{"embeddable":true,"href":"https:\/\/babylove.se\/no\/wp-json\/wp\/v2\/media\/2995"}],"wp:attachment":[{"href":"https:\/\/babylove.se\/no\/wp-json\/wp\/v2\/media?parent=2993"}],"wp:term":[{"taxonomy":"product_brand","embeddable":true,"href":"https:\/\/babylove.se\/no\/wp-json\/wp\/v2\/product_brand?post=2993"},{"taxonomy":"product_cat","embeddable":true,"href":"https:\/\/babylove.se\/no\/wp-json\/wp\/v2\/product_cat?post=2993"},{"taxonomy":"product_tag","embeddable":true,"href":"https:\/\/babylove.se\/no\/wp-json\/wp\/v2\/product_tag?post=2993"}],"curies":[{"name":"wp","href":"https:\/\/api.w.org\/{rel}","templated":true}]}}