{"id":29981,"date":"2025-07-19T00:07:43","date_gmt":"2025-07-18T23:07:43","guid":{"rendered":"https:\/\/babylove.se\/produkt\/jabadabado-rulldjur-med-kulram-bunny\/"},"modified":"2026-04-08T11:41:06","modified_gmt":"2026-04-08T10:41:06","slug":"jabadabado-rullelekedyr-med-kuleramme-kanin","status":"publish","type":"product","link":"https:\/\/babylove.se\/no\/produkt\/jabadabado-rullelekedyr-med-kuleramme-kanin\/","title":{"rendered":"JaBaDaBaDo, Rulldjur med kulramme, kanin"},"content":{"rendered":"<p>Superfint rulledyr med 5 fargerike kuler i tre fra svenske JaBaDaBaDo.&nbsp;<\/p>\n<p>En riktig klassiker, verdsatt av generasjoner og kommer garantert til \u00e5 skape mange \u00f8yeblikk av glede for ditt barn. En perfekt kombinasjon av lek og l\u00e6ring. Deilig leke \u00e5 gi bort som 1 \u00e5rs gave og d\u00e5psgave.<\/p>\n<p><strong>M\u00e5l<\/strong>: 13 x 6 x 17 cm<\/p>\n<p><strong>Materiale<\/strong>: Tre, metall.<\/p>\n<p>Designer: <a href=\"https:\/\/babylove.se\/varumarken\/jabadabado\"><u>JaBaDaBaDo<\/u><\/a><\/p>\n","protected":false},"excerpt":{"rendered":"<p>Superfint rulledyr med 5 fargerike kuler i tre fra svenske JaBaDaBaDo.&nbsp; En riktig klassiker, verdsatt av generasjoner og kommer garantert til \u00e5 skape mange \u00f8yeblikk av glede for ditt barn. En perfekt kombinasjon av lek og l\u00e6ring. Deilig leke \u00e5 gi bort som 1 \u00e5rs gave og d\u00e5psgave. M\u00e5l: 13 x 6 x 17 cm [&hellip;]<\/p>\n","protected":false},"featured_media":29983,"comment_status":"closed","ping_status":"open","template":"","meta":{"_acf_changed":false},"product_brand":[273],"product_cat":[274,72,68,112],"product_tag":[],"class_list":{"0":"post-29981","1":"product","2":"type-product","3":"status-publish","4":"has-post-thumbnail","6":"product_brand-jabadabado","7":"product_cat-jabadabado","8":"product_cat-julegaver","9":"product_cat-leker","10":"product_cat-treleker","12":"first","13":"outofstock","14":"taxable","15":"shipping-taxable","16":"purchasable","17":"product-type-simple"},"acf":[],"yoast_head":"<!-- This site is optimized with the Yoast SEO Premium plugin v25.8 (Yoast SEO v27.2) - https:\/\/yoast.com\/product\/yoast-seo-premium-wordpress\/ -->\n<title>JaBaDaBaDo, Rulldjur med kulramme, kanin - Babylove Norska<\/title>\n<meta name=\"robots\" content=\"noindex, follow, max-snippet:-1, max-image-preview:large, max-video-preview:-1\" \/>\n<meta property=\"og:locale\" content=\"nb_NO\" \/>\n<meta property=\"og:type\" content=\"article\" \/>\n<meta property=\"og:title\" content=\"JaBaDaBaDo, Rulldjur med kulramme, kanin\" \/>\n<meta property=\"og:description\" content=\"Superfint rulledyr med 5 fargerike kuler i tre fra svenske JaBaDaBaDo.&nbsp; En riktig klassiker, verdsatt av generasjoner og kommer garantert til \u00e5 skape mange \u00f8yeblikk av glede for ditt barn. En perfekt kombinasjon av lek og l\u00e6ring. Deilig leke \u00e5 gi bort som 1 \u00e5rs gave og d\u00e5psgave. M\u00e5l: 13 x 6 x 17 cm [&hellip;]\" \/>\n<meta property=\"og:url\" content=\"https:\/\/babylove.se\/no\/produkt\/jabadabado-rullelekedyr-med-kuleramme-kanin\/\" \/>\n<meta property=\"og:site_name\" content=\"Babylove Norska\" \/>\n<meta property=\"article:modified_time\" content=\"2026-04-08T10:41:06+00:00\" \/>\n<meta property=\"og:image\" content=\"https:\/\/babylove.se\/no\/wp-content\/uploads\/sites\/3\/2025\/07\/6196647af26c4.jpeg\" \/>\n\t<meta property=\"og:image:width\" content=\"700\" \/>\n\t<meta property=\"og:image:height\" content=\"700\" \/>\n\t<meta property=\"og:image:type\" content=\"image\/jpeg\" \/>\n<meta name=\"twitter:card\" content=\"summary_large_image\" \/>\n<meta name=\"twitter:label1\" content=\"Price\" \/>\n\t<meta name=\"twitter:data1\" content=\"149,00&nbsp;&#107;&#114;\" \/>\n\t<meta name=\"twitter:label2\" content=\"Availability\" \/>\n\t<meta name=\"twitter:data2\" content=\"Out of stock\" \/>\n<script type=\"application\/ld+json\" class=\"yoast-schema-graph\">{\"@context\":\"https:\/\/schema.org\",\"@graph\":[{\"@type\":\"WebPage\",\"@id\":\"https:\/\/babylove.se\/no\/produkt\/jabadabado-rullelekedyr-med-kuleramme-kanin\/\",\"url\":\"https:\/\/babylove.se\/no\/produkt\/jabadabado-rullelekedyr-med-kuleramme-kanin\/\",\"name\":\"JaBaDaBaDo, Rulldjur med kulramme, kanin - Babylove Norska\",\"isPartOf\":{\"@id\":\"https:\/\/babylove.se\/no\/#website\"},\"primaryImageOfPage\":{\"@id\":\"https:\/\/babylove.se\/no\/produkt\/jabadabado-rullelekedyr-med-kuleramme-kanin\/#primaryimage\"},\"image\":{\"@id\":\"https:\/\/babylove.se\/no\/produkt\/jabadabado-rullelekedyr-med-kuleramme-kanin\/#primaryimage\"},\"thumbnailUrl\":\"https:\/\/babylove.se\/no\/wp-content\/uploads\/sites\/3\/2025\/07\/6196647af26c4.jpeg\",\"datePublished\":\"2025-07-18T23:07:43+00:00\",\"dateModified\":\"2026-04-08T10:41:06+00:00\",\"breadcrumb\":{\"@id\":\"https:\/\/babylove.se\/no\/produkt\/jabadabado-rullelekedyr-med-kuleramme-kanin\/#breadcrumb\"},\"inLanguage\":\"nb-NO\",\"potentialAction\":[{\"@type\":\"ReadAction\",\"target\":[\"https:\/\/babylove.se\/no\/produkt\/jabadabado-rullelekedyr-med-kuleramme-kanin\/\"]}]},{\"@type\":\"ImageObject\",\"inLanguage\":\"nb-NO\",\"@id\":\"https:\/\/babylove.se\/no\/produkt\/jabadabado-rullelekedyr-med-kuleramme-kanin\/#primaryimage\",\"url\":\"https:\/\/babylove.se\/no\/wp-content\/uploads\/sites\/3\/2025\/07\/6196647af26c4.jpeg\",\"contentUrl\":\"https:\/\/babylove.se\/no\/wp-content\/uploads\/sites\/3\/2025\/07\/6196647af26c4.jpeg\",\"width\":700,\"height\":700},{\"@type\":\"BreadcrumbList\",\"@id\":\"https:\/\/babylove.se\/no\/produkt\/jabadabado-rullelekedyr-med-kuleramme-kanin\/#breadcrumb\",\"itemListElement\":[{\"@type\":\"ListItem\",\"position\":1,\"name\":\"Hem\",\"item\":\"https:\/\/babylove.se\/no\/\"},{\"@type\":\"ListItem\",\"position\":2,\"name\":\"Butik\",\"item\":\"https:\/\/babylove.se\/no\/butik\/\"},{\"@type\":\"ListItem\",\"position\":3,\"name\":\"JaBaDaBaDo, Rulldjur med kulramme, kanin\"}]},{\"@type\":\"WebSite\",\"@id\":\"https:\/\/babylove.se\/no\/#website\",\"url\":\"https:\/\/babylove.se\/no\/\",\"name\":\"Babylove Norska\",\"description\":\"\",\"potentialAction\":[{\"@type\":\"SearchAction\",\"target\":{\"@type\":\"EntryPoint\",\"urlTemplate\":\"https:\/\/babylove.se\/no\/?s={search_term_string}\"},\"query-input\":{\"@type\":\"PropertyValueSpecification\",\"valueRequired\":true,\"valueName\":\"search_term_string\"}}],\"inLanguage\":\"nb-NO\"}]}<\/script>\n<meta property=\"product:brand\" content=\"JaBaDaBaDo\" \/>\n<meta property=\"product:price:amount\" content=\"149.00\" \/>\n<meta property=\"product:price:currency\" content=\"SEK\" \/>\n<meta property=\"og:availability\" content=\"out of stock\" \/>\n<meta property=\"product:availability\" content=\"out of stock\" \/>\n<meta property=\"product:retailer_item_id\" content=\"C2531\" \/>\n<meta property=\"product:condition\" content=\"new\" \/>\n<!-- \/ Yoast SEO Premium plugin. -->","yoast_head_json":{"title":"JaBaDaBaDo, Rulldjur med kulramme, kanin - Babylove Norska","robots":{"index":"noindex","follow":"follow","max-snippet":"max-snippet:-1","max-image-preview":"max-image-preview:large","max-video-preview":"max-video-preview:-1"},"og_locale":"nb_NO","og_type":"article","og_title":"JaBaDaBaDo, Rulldjur med kulramme, kanin","og_description":"Superfint rulledyr med 5 fargerike kuler i tre fra svenske JaBaDaBaDo.&nbsp; En riktig klassiker, verdsatt av generasjoner og kommer garantert til \u00e5 skape mange \u00f8yeblikk av glede for ditt barn. En perfekt kombinasjon av lek og l\u00e6ring. Deilig leke \u00e5 gi bort som 1 \u00e5rs gave og d\u00e5psgave. M\u00e5l: 13 x 6 x 17 cm [&hellip;]","og_url":"https:\/\/babylove.se\/no\/produkt\/jabadabado-rullelekedyr-med-kuleramme-kanin\/","og_site_name":"Babylove Norska","article_modified_time":"2026-04-08T10:41:06+00:00","og_image":[{"width":700,"height":700,"url":"https:\/\/babylove.se\/no\/wp-content\/uploads\/sites\/3\/2025\/07\/6196647af26c4.jpeg","type":"image\/jpeg"}],"twitter_card":"summary_large_image","twitter_misc":{"Price":"149,00&nbsp;&#107;&#114;","Availability":"Out of stock"},"schema":{"@context":"https:\/\/schema.org","@graph":[{"@type":"WebPage","@id":"https:\/\/babylove.se\/no\/produkt\/jabadabado-rullelekedyr-med-kuleramme-kanin\/","url":"https:\/\/babylove.se\/no\/produkt\/jabadabado-rullelekedyr-med-kuleramme-kanin\/","name":"JaBaDaBaDo, Rulldjur med kulramme, kanin - Babylove Norska","isPartOf":{"@id":"https:\/\/babylove.se\/no\/#website"},"primaryImageOfPage":{"@id":"https:\/\/babylove.se\/no\/produkt\/jabadabado-rullelekedyr-med-kuleramme-kanin\/#primaryimage"},"image":{"@id":"https:\/\/babylove.se\/no\/produkt\/jabadabado-rullelekedyr-med-kuleramme-kanin\/#primaryimage"},"thumbnailUrl":"https:\/\/babylove.se\/no\/wp-content\/uploads\/sites\/3\/2025\/07\/6196647af26c4.jpeg","datePublished":"2025-07-18T23:07:43+00:00","dateModified":"2026-04-08T10:41:06+00:00","breadcrumb":{"@id":"https:\/\/babylove.se\/no\/produkt\/jabadabado-rullelekedyr-med-kuleramme-kanin\/#breadcrumb"},"inLanguage":"nb-NO","potentialAction":[{"@type":"ReadAction","target":["https:\/\/babylove.se\/no\/produkt\/jabadabado-rullelekedyr-med-kuleramme-kanin\/"]}]},{"@type":"ImageObject","inLanguage":"nb-NO","@id":"https:\/\/babylove.se\/no\/produkt\/jabadabado-rullelekedyr-med-kuleramme-kanin\/#primaryimage","url":"https:\/\/babylove.se\/no\/wp-content\/uploads\/sites\/3\/2025\/07\/6196647af26c4.jpeg","contentUrl":"https:\/\/babylove.se\/no\/wp-content\/uploads\/sites\/3\/2025\/07\/6196647af26c4.jpeg","width":700,"height":700},{"@type":"BreadcrumbList","@id":"https:\/\/babylove.se\/no\/produkt\/jabadabado-rullelekedyr-med-kuleramme-kanin\/#breadcrumb","itemListElement":[{"@type":"ListItem","position":1,"name":"Hem","item":"https:\/\/babylove.se\/no\/"},{"@type":"ListItem","position":2,"name":"Butik","item":"https:\/\/babylove.se\/no\/butik\/"},{"@type":"ListItem","position":3,"name":"JaBaDaBaDo, Rulldjur med kulramme, kanin"}]},{"@type":"WebSite","@id":"https:\/\/babylove.se\/no\/#website","url":"https:\/\/babylove.se\/no\/","name":"Babylove Norska","description":"","potentialAction":[{"@type":"SearchAction","target":{"@type":"EntryPoint","urlTemplate":"https:\/\/babylove.se\/no\/?s={search_term_string}"},"query-input":{"@type":"PropertyValueSpecification","valueRequired":true,"valueName":"search_term_string"}}],"inLanguage":"nb-NO"}]},"product_brand":"JaBaDaBaDo","product_price_amount":"149.00","product_price_currency":"SEK","og_availability":"out of stock","product_availability":"out of stock","product_retailer_item_id":"C2531","product_condition":"new"},"_links":{"self":[{"href":"https:\/\/babylove.se\/no\/wp-json\/wp\/v2\/product\/29981","targetHints":{"allow":["GET"]}}],"collection":[{"href":"https:\/\/babylove.se\/no\/wp-json\/wp\/v2\/product"}],"about":[{"href":"https:\/\/babylove.se\/no\/wp-json\/wp\/v2\/types\/product"}],"replies":[{"embeddable":true,"href":"https:\/\/babylove.se\/no\/wp-json\/wp\/v2\/comments?post=29981"}],"wp:featuredmedia":[{"embeddable":true,"href":"https:\/\/babylove.se\/no\/wp-json\/wp\/v2\/media\/29983"}],"wp:attachment":[{"href":"https:\/\/babylove.se\/no\/wp-json\/wp\/v2\/media?parent=29981"}],"wp:term":[{"taxonomy":"product_brand","embeddable":true,"href":"https:\/\/babylove.se\/no\/wp-json\/wp\/v2\/product_brand?post=29981"},{"taxonomy":"product_cat","embeddable":true,"href":"https:\/\/babylove.se\/no\/wp-json\/wp\/v2\/product_cat?post=29981"},{"taxonomy":"product_tag","embeddable":true,"href":"https:\/\/babylove.se\/no\/wp-json\/wp\/v2\/product_tag?post=29981"}],"curies":[{"name":"wp","href":"https:\/\/api.w.org\/{rel}","templated":true}]}}