{"id":29984,"date":"2025-07-19T00:07:43","date_gmt":"2025-07-18T23:07:43","guid":{"rendered":"https:\/\/babylove.se\/produkt\/baddmadrass-till-barnsangjuniorsang\/"},"modified":"2026-04-08T11:41:09","modified_gmt":"2026-04-08T10:41:09","slug":"bademadras-til-barneseng-juniorseng","status":"publish","type":"product","link":"https:\/\/babylove.se\/no\/produkt\/bademadras-til-barneseng-juniorseng\/","title":{"rendered":"Sengemadras til barneseng\/juniorseng, Latex 2 cm"},"content":{"rendered":"<p>En meget komfortabel og praktisk sengemadras som passer perfekt til din barneseng, juniorseng eller barneseng. Madrassen beskytter mot uhell og hjelper \u00e5 holde sengen frisk.&nbsp;<\/p>\n<p>Det &nbsp;spiller ingen rolle hvilken side du har oppover, madrassen er like bra uansett. Til den f\u00f8lger et deilig og avtagbart overtrekk som gj\u00f8r at du &nbsp;alltid kan vaske (i maks 30 grader uten t\u00f8rketrommel) og holde den ren og frisk. Overtrekket er laget av en deilig blanding av bomull og polyester.<\/p>\n<p>Madrassen er halvmyk, selvf\u00f8lgelig ogs\u00e5 tilpasset for \u00e5 passe barn og la dem sove mykt hele natten. De produseres i EU av 100 % OEKO-tex sertifisert stoff og fyllet er giftfri naturlatex.<\/p>\n<p><strong>M\u00e5l:&nbsp;<\/strong><\/p>\n<ul>\n<li>Finnes i forskjellige st\u00f8rrelser<\/li>\n<li>Tykkelse: ca. 2 cm<\/li>\n<\/ul>\n<p><strong>Obs!&nbsp;<\/strong><em>Da madrassen er en spesialtilvirket vare, gjelder ikke angrerett.&nbsp;<\/em><\/p>\n<p><em>Dette er en barnemadras og er produsert og tilpasset for de minste. Madrassen skal ikke brukes eller testes av voksne.<\/em><\/p>\n","protected":false},"excerpt":{"rendered":"<p>En meget komfortabel og praktisk sengemadras som passer perfekt til din barneseng, juniorseng eller barneseng. Madrassen beskytter mot uhell og hjelper \u00e5 holde sengen frisk.&nbsp; Det &nbsp;spiller ingen rolle hvilken side du har oppover, madrassen er like bra uansett. Til den f\u00f8lger et deilig og avtagbart overtrekk som gj\u00f8r at du &nbsp;alltid kan vaske (i [&hellip;]<\/p>\n","protected":false},"featured_media":29986,"comment_status":"closed","ping_status":"open","template":"","meta":{"_acf_changed":false},"product_brand":[378],"product_cat":[590,1037,1776],"product_tag":[1689],"class_list":{"0":"post-29984","1":"product","2":"type-product","3":"status-publish","4":"has-post-thumbnail","6":"product_brand-fdm","7":"product_cat-fdm","8":"product_cat-badematter-til-barn","9":"product_cat-sengtilbehor","10":"product_tag-bestillingsvaror","11":"pa_baddmatt-100x180-cm","12":"pa_baddmatt-100x190-cm","13":"pa_baddmatt-100x200-cm","14":"pa_baddmatt-120x200-cm","15":"pa_baddmatt-140x200-cm","16":"pa_baddmatt-160x200-cm","17":"pa_baddmatt-180x200-cm","18":"pa_baddmatt-200x200-cm","19":"pa_baddmatt-60x120-cm","20":"pa_baddmatt-70x160-cm","21":"pa_baddmatt-80x150-cm","22":"pa_baddmatt-80x160-cm","23":"pa_baddmatt-80x170-cm","24":"pa_baddmatt-80x180-cm","25":"pa_baddmatt-80x190-cm","26":"pa_baddmatt-80x200-cm","27":"pa_baddmatt-90x160-cm","28":"pa_baddmatt-90x170-cm","29":"pa_baddmatt-90x180-cm","30":"pa_baddmatt-90x190-cm","31":"pa_baddmatt-90x200-cm","33":"first","34":"instock","35":"taxable","36":"shipping-taxable","37":"purchasable","38":"product-type-variable"},"acf":[],"yoast_head":"<!-- This site is optimized with the Yoast SEO Premium plugin v25.8 (Yoast SEO v27.2) - https:\/\/yoast.com\/product\/yoast-seo-premium-wordpress\/ -->\n<title>Sengemadras til barneseng\/juniorseng, Latex 2 cm - Babylove Norska<\/title>\n<meta name=\"robots\" content=\"noindex, follow, max-snippet:-1, max-image-preview:large, max-video-preview:-1\" \/>\n<meta property=\"og:locale\" content=\"nb_NO\" \/>\n<meta property=\"og:type\" content=\"article\" \/>\n<meta property=\"og:title\" content=\"Sengemadras til barneseng\/juniorseng, Latex 2 cm\" \/>\n<meta property=\"og:description\" content=\"En meget komfortabel og praktisk sengemadras som passer perfekt til din barneseng, juniorseng eller barneseng. Madrassen beskytter mot uhell og hjelper \u00e5 holde sengen frisk.&nbsp; Det &nbsp;spiller ingen rolle hvilken side du har oppover, madrassen er like bra uansett. Til den f\u00f8lger et deilig og avtagbart overtrekk som gj\u00f8r at du &nbsp;alltid kan vaske (i [&hellip;]\" \/>\n<meta property=\"og:url\" content=\"https:\/\/babylove.se\/no\/produkt\/bademadras-til-barneseng-juniorseng\/\" \/>\n<meta property=\"og:site_name\" content=\"Babylove Norska\" \/>\n<meta property=\"article:modified_time\" content=\"2026-04-08T10:41:09+00:00\" \/>\n<meta property=\"og:image\" content=\"https:\/\/babylove.se\/no\/wp-content\/uploads\/sites\/3\/2025\/07\/6196a3ed4b66d.jpeg\" \/>\n\t<meta property=\"og:image:width\" content=\"1200\" \/>\n\t<meta property=\"og:image:height\" content=\"900\" \/>\n\t<meta property=\"og:image:type\" content=\"image\/jpeg\" \/>\n<meta name=\"twitter:card\" content=\"summary_large_image\" \/>\n<meta name=\"twitter:label1\" content=\"Availability\" \/>\n\t<meta name=\"twitter:data1\" content=\"In stock\" \/>\n<script type=\"application\/ld+json\" class=\"yoast-schema-graph\">{\"@context\":\"https:\/\/schema.org\",\"@graph\":[{\"@type\":\"WebPage\",\"@id\":\"https:\/\/babylove.se\/no\/produkt\/bademadras-til-barneseng-juniorseng\/\",\"url\":\"https:\/\/babylove.se\/no\/produkt\/bademadras-til-barneseng-juniorseng\/\",\"name\":\"Sengemadras til barneseng\/juniorseng, Latex 2 cm - Babylove Norska\",\"isPartOf\":{\"@id\":\"https:\/\/babylove.se\/no\/#website\"},\"primaryImageOfPage\":{\"@id\":\"https:\/\/babylove.se\/no\/produkt\/bademadras-til-barneseng-juniorseng\/#primaryimage\"},\"image\":{\"@id\":\"https:\/\/babylove.se\/no\/produkt\/bademadras-til-barneseng-juniorseng\/#primaryimage\"},\"thumbnailUrl\":\"https:\/\/babylove.se\/no\/wp-content\/uploads\/sites\/3\/2025\/07\/6196a3ed4b66d.jpeg\",\"datePublished\":\"2025-07-18T23:07:43+00:00\",\"dateModified\":\"2026-04-08T10:41:09+00:00\",\"breadcrumb\":{\"@id\":\"https:\/\/babylove.se\/no\/produkt\/bademadras-til-barneseng-juniorseng\/#breadcrumb\"},\"inLanguage\":\"nb-NO\",\"potentialAction\":[{\"@type\":\"ReadAction\",\"target\":[\"https:\/\/babylove.se\/no\/produkt\/bademadras-til-barneseng-juniorseng\/\"]}]},{\"@type\":\"ImageObject\",\"inLanguage\":\"nb-NO\",\"@id\":\"https:\/\/babylove.se\/no\/produkt\/bademadras-til-barneseng-juniorseng\/#primaryimage\",\"url\":\"https:\/\/babylove.se\/no\/wp-content\/uploads\/sites\/3\/2025\/07\/6196a3ed4b66d.jpeg\",\"contentUrl\":\"https:\/\/babylove.se\/no\/wp-content\/uploads\/sites\/3\/2025\/07\/6196a3ed4b66d.jpeg\",\"width\":1200,\"height\":900},{\"@type\":\"BreadcrumbList\",\"@id\":\"https:\/\/babylove.se\/no\/produkt\/bademadras-til-barneseng-juniorseng\/#breadcrumb\",\"itemListElement\":[{\"@type\":\"ListItem\",\"position\":1,\"name\":\"Hem\",\"item\":\"https:\/\/babylove.se\/no\/\"},{\"@type\":\"ListItem\",\"position\":2,\"name\":\"Butik\",\"item\":\"https:\/\/babylove.se\/no\/butik\/\"},{\"@type\":\"ListItem\",\"position\":3,\"name\":\"Sengemadras til barneseng\/juniorseng, Latex 2 cm\"}]},{\"@type\":\"WebSite\",\"@id\":\"https:\/\/babylove.se\/no\/#website\",\"url\":\"https:\/\/babylove.se\/no\/\",\"name\":\"Babylove Norska\",\"description\":\"\",\"potentialAction\":[{\"@type\":\"SearchAction\",\"target\":{\"@type\":\"EntryPoint\",\"urlTemplate\":\"https:\/\/babylove.se\/no\/?s={search_term_string}\"},\"query-input\":{\"@type\":\"PropertyValueSpecification\",\"valueRequired\":true,\"valueName\":\"search_term_string\"}}],\"inLanguage\":\"nb-NO\"}]}<\/script>\n<meta property=\"product:brand\" content=\"FDM\" \/>\n<meta property=\"og:availability\" content=\"instock\" \/>\n<meta property=\"product:availability\" content=\"instock\" \/>\n<meta property=\"product:retailer_item_id\" content=\"b\u00e4ddmadrass-60x120-cm\" \/>\n<meta property=\"product:condition\" content=\"new\" \/>\n<!-- \/ Yoast SEO Premium plugin. -->","yoast_head_json":{"title":"Sengemadras til barneseng\/juniorseng, Latex 2 cm - Babylove Norska","robots":{"index":"noindex","follow":"follow","max-snippet":"max-snippet:-1","max-image-preview":"max-image-preview:large","max-video-preview":"max-video-preview:-1"},"og_locale":"nb_NO","og_type":"article","og_title":"Sengemadras til barneseng\/juniorseng, Latex 2 cm","og_description":"En meget komfortabel og praktisk sengemadras som passer perfekt til din barneseng, juniorseng eller barneseng. Madrassen beskytter mot uhell og hjelper \u00e5 holde sengen frisk.&nbsp; Det &nbsp;spiller ingen rolle hvilken side du har oppover, madrassen er like bra uansett. Til den f\u00f8lger et deilig og avtagbart overtrekk som gj\u00f8r at du &nbsp;alltid kan vaske (i [&hellip;]","og_url":"https:\/\/babylove.se\/no\/produkt\/bademadras-til-barneseng-juniorseng\/","og_site_name":"Babylove Norska","article_modified_time":"2026-04-08T10:41:09+00:00","og_image":[{"width":1200,"height":900,"url":"https:\/\/babylove.se\/no\/wp-content\/uploads\/sites\/3\/2025\/07\/6196a3ed4b66d.jpeg","type":"image\/jpeg"}],"twitter_card":"summary_large_image","twitter_misc":{"Availability":"In stock"},"schema":{"@context":"https:\/\/schema.org","@graph":[{"@type":"WebPage","@id":"https:\/\/babylove.se\/no\/produkt\/bademadras-til-barneseng-juniorseng\/","url":"https:\/\/babylove.se\/no\/produkt\/bademadras-til-barneseng-juniorseng\/","name":"Sengemadras til barneseng\/juniorseng, Latex 2 cm - Babylove Norska","isPartOf":{"@id":"https:\/\/babylove.se\/no\/#website"},"primaryImageOfPage":{"@id":"https:\/\/babylove.se\/no\/produkt\/bademadras-til-barneseng-juniorseng\/#primaryimage"},"image":{"@id":"https:\/\/babylove.se\/no\/produkt\/bademadras-til-barneseng-juniorseng\/#primaryimage"},"thumbnailUrl":"https:\/\/babylove.se\/no\/wp-content\/uploads\/sites\/3\/2025\/07\/6196a3ed4b66d.jpeg","datePublished":"2025-07-18T23:07:43+00:00","dateModified":"2026-04-08T10:41:09+00:00","breadcrumb":{"@id":"https:\/\/babylove.se\/no\/produkt\/bademadras-til-barneseng-juniorseng\/#breadcrumb"},"inLanguage":"nb-NO","potentialAction":[{"@type":"ReadAction","target":["https:\/\/babylove.se\/no\/produkt\/bademadras-til-barneseng-juniorseng\/"]}]},{"@type":"ImageObject","inLanguage":"nb-NO","@id":"https:\/\/babylove.se\/no\/produkt\/bademadras-til-barneseng-juniorseng\/#primaryimage","url":"https:\/\/babylove.se\/no\/wp-content\/uploads\/sites\/3\/2025\/07\/6196a3ed4b66d.jpeg","contentUrl":"https:\/\/babylove.se\/no\/wp-content\/uploads\/sites\/3\/2025\/07\/6196a3ed4b66d.jpeg","width":1200,"height":900},{"@type":"BreadcrumbList","@id":"https:\/\/babylove.se\/no\/produkt\/bademadras-til-barneseng-juniorseng\/#breadcrumb","itemListElement":[{"@type":"ListItem","position":1,"name":"Hem","item":"https:\/\/babylove.se\/no\/"},{"@type":"ListItem","position":2,"name":"Butik","item":"https:\/\/babylove.se\/no\/butik\/"},{"@type":"ListItem","position":3,"name":"Sengemadras til barneseng\/juniorseng, Latex 2 cm"}]},{"@type":"WebSite","@id":"https:\/\/babylove.se\/no\/#website","url":"https:\/\/babylove.se\/no\/","name":"Babylove Norska","description":"","potentialAction":[{"@type":"SearchAction","target":{"@type":"EntryPoint","urlTemplate":"https:\/\/babylove.se\/no\/?s={search_term_string}"},"query-input":{"@type":"PropertyValueSpecification","valueRequired":true,"valueName":"search_term_string"}}],"inLanguage":"nb-NO"}]},"product_brand":"FDM","og_availability":"instock","product_availability":"instock","product_retailer_item_id":"b\u00e4ddmadrass-60x120-cm","product_condition":"new"},"_links":{"self":[{"href":"https:\/\/babylove.se\/no\/wp-json\/wp\/v2\/product\/29984","targetHints":{"allow":["GET"]}}],"collection":[{"href":"https:\/\/babylove.se\/no\/wp-json\/wp\/v2\/product"}],"about":[{"href":"https:\/\/babylove.se\/no\/wp-json\/wp\/v2\/types\/product"}],"replies":[{"embeddable":true,"href":"https:\/\/babylove.se\/no\/wp-json\/wp\/v2\/comments?post=29984"}],"wp:featuredmedia":[{"embeddable":true,"href":"https:\/\/babylove.se\/no\/wp-json\/wp\/v2\/media\/29986"}],"wp:attachment":[{"href":"https:\/\/babylove.se\/no\/wp-json\/wp\/v2\/media?parent=29984"}],"wp:term":[{"taxonomy":"product_brand","embeddable":true,"href":"https:\/\/babylove.se\/no\/wp-json\/wp\/v2\/product_brand?post=29984"},{"taxonomy":"product_cat","embeddable":true,"href":"https:\/\/babylove.se\/no\/wp-json\/wp\/v2\/product_cat?post=29984"},{"taxonomy":"product_tag","embeddable":true,"href":"https:\/\/babylove.se\/no\/wp-json\/wp\/v2\/product_tag?post=29984"}],"curies":[{"name":"wp","href":"https:\/\/api.w.org\/{rel}","templated":true}]}}