{"id":30015,"date":"2025-07-19T00:08:11","date_gmt":"2025-07-18T23:08:11","guid":{"rendered":"https:\/\/babylove.se\/produkt\/jabadabado-glassvagn\/"},"modified":"2026-04-08T11:41:15","modified_gmt":"2026-04-08T10:41:15","slug":"jabadabado-glassvogn","status":"publish","type":"product","link":"https:\/\/babylove.se\/no\/produkt\/jabadabado-glassvogn\/","title":{"rendered":"JaBaDaBaDo, isvogn"},"content":{"rendered":"<p data-start=\"63\" data-end=\"308\">Is i store lass! Denne popul\u00e6re isvogna kommer fylt med deilige is som garantert holder barna sysselsatt i timer. Vogna rommer 10 forskjellige is \u2013 b\u00e5de kremmerhus og pinne-is \u2013 s\u00e5 det finnes noe for alle issugen kunder.<\/p>\n<p data-start=\"310\" data-end=\"546\">I tillegg f\u00f8lger det med en smakfull sjokoladesaus og en isskje for ekstra morsom servering. Takket v\u00e6re de praktiske hjulene kan vogna enkelt flyttes rundt og f\u00f8lge med dit leken tar barna. Den fungerer like bra p\u00e5 gulvet som st\u00e5ende p\u00e5 et bord.<\/p>\n<p data-start=\"548\" data-end=\"597\" data-is-last-node=\"\" data-is-only-node=\"\">Laget av FSC\u2122-sertifisert tre (FSC\u2122C194598).<\/p>\n","protected":false},"excerpt":{"rendered":"<p>Is i store lass! Denne popul\u00e6re isvogna kommer fylt med deilige is som garantert holder barna sysselsatt i timer. Vogna rommer 10 forskjellige is \u2013 b\u00e5de kremmerhus og pinne-is \u2013 s\u00e5 det finnes noe for alle issugen kunder. I tillegg f\u00f8lger det med en smakfull sjokoladesaus og en isskje for ekstra morsom servering. Takket v\u00e6re [&hellip;]<\/p>\n","protected":false},"featured_media":80290,"comment_status":"closed","ping_status":"closed","template":"","meta":{"_acf_changed":false},"product_brand":[273],"product_cat":[274,72,1774,253,68,922],"product_tag":[],"class_list":{"0":"post-30015","1":"product","2":"type-product","3":"status-publish","4":"has-post-thumbnail","6":"product_brand-jabadabado","7":"product_cat-jabadabado","8":"product_cat-julegaver","9":"product_cat-late-leker","10":"product_cat-lekemat-kjokken","11":"product_cat-leker","12":"product_cat-nyheter","14":"first","15":"instock","16":"taxable","17":"shipping-taxable","18":"purchasable","19":"product-type-simple"},"acf":[],"yoast_head":"<!-- This site is optimized with the Yoast SEO Premium plugin v25.8 (Yoast SEO v27.2) - https:\/\/yoast.com\/product\/yoast-seo-premium-wordpress\/ -->\n<title>JaBaDaBaDo, isvogn - Babylove Norska<\/title>\n<meta name=\"robots\" content=\"noindex, follow, max-snippet:-1, max-image-preview:large, max-video-preview:-1\" \/>\n<meta property=\"og:locale\" content=\"nb_NO\" \/>\n<meta property=\"og:type\" content=\"article\" \/>\n<meta property=\"og:title\" content=\"JaBaDaBaDo, isvogn\" \/>\n<meta property=\"og:description\" content=\"Is i store lass! Denne popul\u00e6re isvogna kommer fylt med deilige is som garantert holder barna sysselsatt i timer. Vogna rommer 10 forskjellige is \u2013 b\u00e5de kremmerhus og pinne-is \u2013 s\u00e5 det finnes noe for alle issugen kunder. I tillegg f\u00f8lger det med en smakfull sjokoladesaus og en isskje for ekstra morsom servering. Takket v\u00e6re [&hellip;]\" \/>\n<meta property=\"og:url\" content=\"https:\/\/babylove.se\/no\/produkt\/jabadabado-glassvogn\/\" \/>\n<meta property=\"og:site_name\" content=\"Babylove Norska\" \/>\n<meta property=\"article:modified_time\" content=\"2026-04-08T10:41:15+00:00\" \/>\n<meta property=\"og:image\" content=\"https:\/\/babylove.se\/no\/wp-content\/uploads\/sites\/3\/2025\/07\/653_4c1f0d198f-ice-cream-trolley.jpg\" \/>\n\t<meta property=\"og:image:width\" content=\"438\" \/>\n\t<meta property=\"og:image:height\" content=\"600\" \/>\n\t<meta property=\"og:image:type\" content=\"image\/jpeg\" \/>\n<meta name=\"twitter:card\" content=\"summary_large_image\" \/>\n<meta name=\"twitter:label1\" content=\"Price\" \/>\n\t<meta name=\"twitter:data1\" content=\"549,00&nbsp;&#107;&#114;\" \/>\n\t<meta name=\"twitter:label2\" content=\"Availability\" \/>\n\t<meta name=\"twitter:data2\" content=\"In stock\" \/>\n<script type=\"application\/ld+json\" class=\"yoast-schema-graph\">{\"@context\":\"https:\/\/schema.org\",\"@graph\":[{\"@type\":\"WebPage\",\"@id\":\"https:\/\/babylove.se\/no\/produkt\/jabadabado-glassvogn\/\",\"url\":\"https:\/\/babylove.se\/no\/produkt\/jabadabado-glassvogn\/\",\"name\":\"JaBaDaBaDo, isvogn - Babylove Norska\",\"isPartOf\":{\"@id\":\"https:\/\/babylove.se\/no\/#website\"},\"primaryImageOfPage\":{\"@id\":\"https:\/\/babylove.se\/no\/produkt\/jabadabado-glassvogn\/#primaryimage\"},\"image\":{\"@id\":\"https:\/\/babylove.se\/no\/produkt\/jabadabado-glassvogn\/#primaryimage\"},\"thumbnailUrl\":\"https:\/\/babylove.se\/no\/wp-content\/uploads\/sites\/3\/2025\/07\/653_4c1f0d198f-ice-cream-trolley.jpg\",\"datePublished\":\"2025-07-18T23:08:11+00:00\",\"dateModified\":\"2026-04-08T10:41:15+00:00\",\"breadcrumb\":{\"@id\":\"https:\/\/babylove.se\/no\/produkt\/jabadabado-glassvogn\/#breadcrumb\"},\"inLanguage\":\"nb-NO\",\"potentialAction\":[{\"@type\":\"ReadAction\",\"target\":[\"https:\/\/babylove.se\/no\/produkt\/jabadabado-glassvogn\/\"]}]},{\"@type\":\"ImageObject\",\"inLanguage\":\"nb-NO\",\"@id\":\"https:\/\/babylove.se\/no\/produkt\/jabadabado-glassvogn\/#primaryimage\",\"url\":\"https:\/\/babylove.se\/no\/wp-content\/uploads\/sites\/3\/2025\/07\/653_4c1f0d198f-ice-cream-trolley.jpg\",\"contentUrl\":\"https:\/\/babylove.se\/no\/wp-content\/uploads\/sites\/3\/2025\/07\/653_4c1f0d198f-ice-cream-trolley.jpg\",\"width\":438,\"height\":600},{\"@type\":\"BreadcrumbList\",\"@id\":\"https:\/\/babylove.se\/no\/produkt\/jabadabado-glassvogn\/#breadcrumb\",\"itemListElement\":[{\"@type\":\"ListItem\",\"position\":1,\"name\":\"Hem\",\"item\":\"https:\/\/babylove.se\/no\/\"},{\"@type\":\"ListItem\",\"position\":2,\"name\":\"Butik\",\"item\":\"https:\/\/babylove.se\/no\/butik\/\"},{\"@type\":\"ListItem\",\"position\":3,\"name\":\"JaBaDaBaDo, isvogn\"}]},{\"@type\":\"WebSite\",\"@id\":\"https:\/\/babylove.se\/no\/#website\",\"url\":\"https:\/\/babylove.se\/no\/\",\"name\":\"Babylove Norska\",\"description\":\"\",\"potentialAction\":[{\"@type\":\"SearchAction\",\"target\":{\"@type\":\"EntryPoint\",\"urlTemplate\":\"https:\/\/babylove.se\/no\/?s={search_term_string}\"},\"query-input\":{\"@type\":\"PropertyValueSpecification\",\"valueRequired\":true,\"valueName\":\"search_term_string\"}}],\"inLanguage\":\"nb-NO\"}]}<\/script>\n<meta property=\"product:brand\" content=\"JaBaDaBaDo\" \/>\n<meta property=\"product:price:amount\" content=\"549.00\" \/>\n<meta property=\"product:price:currency\" content=\"SEK\" \/>\n<meta property=\"og:availability\" content=\"instock\" \/>\n<meta property=\"product:availability\" content=\"instock\" \/>\n<meta property=\"product:retailer_item_id\" content=\"W7112\" \/>\n<meta property=\"product:condition\" content=\"new\" \/>\n<!-- \/ Yoast SEO Premium plugin. -->","yoast_head_json":{"title":"JaBaDaBaDo, isvogn - Babylove Norska","robots":{"index":"noindex","follow":"follow","max-snippet":"max-snippet:-1","max-image-preview":"max-image-preview:large","max-video-preview":"max-video-preview:-1"},"og_locale":"nb_NO","og_type":"article","og_title":"JaBaDaBaDo, isvogn","og_description":"Is i store lass! Denne popul\u00e6re isvogna kommer fylt med deilige is som garantert holder barna sysselsatt i timer. Vogna rommer 10 forskjellige is \u2013 b\u00e5de kremmerhus og pinne-is \u2013 s\u00e5 det finnes noe for alle issugen kunder. I tillegg f\u00f8lger det med en smakfull sjokoladesaus og en isskje for ekstra morsom servering. Takket v\u00e6re [&hellip;]","og_url":"https:\/\/babylove.se\/no\/produkt\/jabadabado-glassvogn\/","og_site_name":"Babylove Norska","article_modified_time":"2026-04-08T10:41:15+00:00","og_image":[{"width":438,"height":600,"url":"https:\/\/babylove.se\/no\/wp-content\/uploads\/sites\/3\/2025\/07\/653_4c1f0d198f-ice-cream-trolley.jpg","type":"image\/jpeg"}],"twitter_card":"summary_large_image","twitter_misc":{"Price":"549,00&nbsp;&#107;&#114;","Availability":"In stock"},"schema":{"@context":"https:\/\/schema.org","@graph":[{"@type":"WebPage","@id":"https:\/\/babylove.se\/no\/produkt\/jabadabado-glassvogn\/","url":"https:\/\/babylove.se\/no\/produkt\/jabadabado-glassvogn\/","name":"JaBaDaBaDo, isvogn - Babylove Norska","isPartOf":{"@id":"https:\/\/babylove.se\/no\/#website"},"primaryImageOfPage":{"@id":"https:\/\/babylove.se\/no\/produkt\/jabadabado-glassvogn\/#primaryimage"},"image":{"@id":"https:\/\/babylove.se\/no\/produkt\/jabadabado-glassvogn\/#primaryimage"},"thumbnailUrl":"https:\/\/babylove.se\/no\/wp-content\/uploads\/sites\/3\/2025\/07\/653_4c1f0d198f-ice-cream-trolley.jpg","datePublished":"2025-07-18T23:08:11+00:00","dateModified":"2026-04-08T10:41:15+00:00","breadcrumb":{"@id":"https:\/\/babylove.se\/no\/produkt\/jabadabado-glassvogn\/#breadcrumb"},"inLanguage":"nb-NO","potentialAction":[{"@type":"ReadAction","target":["https:\/\/babylove.se\/no\/produkt\/jabadabado-glassvogn\/"]}]},{"@type":"ImageObject","inLanguage":"nb-NO","@id":"https:\/\/babylove.se\/no\/produkt\/jabadabado-glassvogn\/#primaryimage","url":"https:\/\/babylove.se\/no\/wp-content\/uploads\/sites\/3\/2025\/07\/653_4c1f0d198f-ice-cream-trolley.jpg","contentUrl":"https:\/\/babylove.se\/no\/wp-content\/uploads\/sites\/3\/2025\/07\/653_4c1f0d198f-ice-cream-trolley.jpg","width":438,"height":600},{"@type":"BreadcrumbList","@id":"https:\/\/babylove.se\/no\/produkt\/jabadabado-glassvogn\/#breadcrumb","itemListElement":[{"@type":"ListItem","position":1,"name":"Hem","item":"https:\/\/babylove.se\/no\/"},{"@type":"ListItem","position":2,"name":"Butik","item":"https:\/\/babylove.se\/no\/butik\/"},{"@type":"ListItem","position":3,"name":"JaBaDaBaDo, isvogn"}]},{"@type":"WebSite","@id":"https:\/\/babylove.se\/no\/#website","url":"https:\/\/babylove.se\/no\/","name":"Babylove Norska","description":"","potentialAction":[{"@type":"SearchAction","target":{"@type":"EntryPoint","urlTemplate":"https:\/\/babylove.se\/no\/?s={search_term_string}"},"query-input":{"@type":"PropertyValueSpecification","valueRequired":true,"valueName":"search_term_string"}}],"inLanguage":"nb-NO"}]},"product_brand":"JaBaDaBaDo","product_price_amount":"549.00","product_price_currency":"SEK","og_availability":"instock","product_availability":"instock","product_retailer_item_id":"W7112","product_condition":"new"},"_links":{"self":[{"href":"https:\/\/babylove.se\/no\/wp-json\/wp\/v2\/product\/30015","targetHints":{"allow":["GET"]}}],"collection":[{"href":"https:\/\/babylove.se\/no\/wp-json\/wp\/v2\/product"}],"about":[{"href":"https:\/\/babylove.se\/no\/wp-json\/wp\/v2\/types\/product"}],"replies":[{"embeddable":true,"href":"https:\/\/babylove.se\/no\/wp-json\/wp\/v2\/comments?post=30015"}],"wp:featuredmedia":[{"embeddable":true,"href":"https:\/\/babylove.se\/no\/wp-json\/wp\/v2\/media\/80290"}],"wp:attachment":[{"href":"https:\/\/babylove.se\/no\/wp-json\/wp\/v2\/media?parent=30015"}],"wp:term":[{"taxonomy":"product_brand","embeddable":true,"href":"https:\/\/babylove.se\/no\/wp-json\/wp\/v2\/product_brand?post=30015"},{"taxonomy":"product_cat","embeddable":true,"href":"https:\/\/babylove.se\/no\/wp-json\/wp\/v2\/product_cat?post=30015"},{"taxonomy":"product_tag","embeddable":true,"href":"https:\/\/babylove.se\/no\/wp-json\/wp\/v2\/product_tag?post=30015"}],"curies":[{"name":"wp","href":"https:\/\/api.w.org\/{rel}","templated":true}]}}