{"id":30041,"date":"2025-07-19T00:08:24","date_gmt":"2025-07-18T23:08:24","guid":{"rendered":"https:\/\/babylove.se\/produkt\/liewood-olivia-silikontallrik-2-pack-blue-fogkhaki-mix\/"},"modified":"2026-04-08T11:41:30","modified_gmt":"2026-04-08T10:41:30","slug":"liewood-olivia-silikontallrik-2-pack-blue-fogkhaki-mix","status":"publish","type":"product","link":"https:\/\/babylove.se\/no\/produkt\/liewood-olivia-silikontallrik-2-pack-blue-fogkhaki-mix\/","title":{"rendered":"Liewood, Olivia silikontallrik 2-pakk, Blue fog\/khaki mix"},"content":{"rendered":"<p>Et praktisk og fint milj\u00f8vennlig sett med 2 fine tallerkener fra Liewood, med sine popul\u00e6re barneprodukter vil vel alle ha? Da er en 2-pakke enda bedre, s\u00e5 du har flere tallerkener hjemme under hele uken. Silikon er fri for BPA og er et smart og praktisk materialvalg. Disse smarte tallerkenene for barn kommer til \u00e5 gj\u00f8re m\u00e5ltidet lettere. Barnet ditt kommer til \u00e5 s\u00f8le mindre og ha det g\u00f8y n\u00e5r det spiser, optimalt for et barns m\u00e5ltid. Selvf\u00f8lgelig er Liewoods patenterte vakre dyremotiver inspirasjon til disse fine tallerkenene. \\n \\n<strong>M\u00e5l:<\/strong> \u00d817 cm,  H\u00f8yde 2,5 cm \\n<strong>Materiale<\/strong>: 100% silikon BPA-fri \\n \\nVaskeanvisning: Oppvaskmaskin opp til 65 grader ? Kan brukes i ovnen opp til 230 grader ? Kan brukes i mikrob\u00f8lgeovn ? Fryset\u00e5ler ned til -20 grader \\n \\nDesigner: <a href=\"https:\/\/babylove.se\/varumarken\/liewood\"><u>Liewood<\/u><\/a><\/p>\n","protected":false},"excerpt":{"rendered":"<p>Et praktisk og fint milj\u00f8vennlig sett med 2 fine tallerkener fra Liewood, med sine popul\u00e6re barneprodukter vil vel alle ha? Da er en 2-pakke enda bedre, s\u00e5 du har flere tallerkener hjemme under hele uken. Silikon er fri for BPA og er et smart og praktisk materialvalg. Disse smarte tallerkenene for barn kommer til \u00e5 [&hellip;]<\/p>\n","protected":false},"featured_media":30043,"comment_status":"closed","ping_status":"closed","template":"","meta":{"_acf_changed":false},"product_brand":[282],"product_cat":[92,283],"product_tag":[],"class_list":{"0":"post-30041","1":"product","2":"type-product","3":"status-publish","4":"has-post-thumbnail","6":"product_brand-liewood","7":"product_cat-barnbestikk-matsett","8":"product_cat-liewood","10":"first","11":"outofstock","12":"taxable","13":"shipping-taxable","14":"purchasable","15":"product-type-simple"},"acf":[],"yoast_head":"<!-- This site is optimized with the Yoast SEO Premium plugin v25.8 (Yoast SEO v27.2) - https:\/\/yoast.com\/product\/yoast-seo-premium-wordpress\/ -->\n<title>Liewood, Olivia silikontallrik 2-pakk, Blue fog\/khaki mix - Babylove Norska<\/title>\n<meta name=\"robots\" content=\"noindex, follow, max-snippet:-1, max-image-preview:large, max-video-preview:-1\" \/>\n<meta property=\"og:locale\" content=\"nb_NO\" \/>\n<meta property=\"og:type\" content=\"article\" \/>\n<meta property=\"og:title\" content=\"Liewood, Olivia silikontallrik 2-pakk, Blue fog\/khaki mix\" \/>\n<meta property=\"og:description\" content=\"Et praktisk og fint milj\u00f8vennlig sett med 2 fine tallerkener fra Liewood, med sine popul\u00e6re barneprodukter vil vel alle ha? Da er en 2-pakke enda bedre, s\u00e5 du har flere tallerkener hjemme under hele uken. Silikon er fri for BPA og er et smart og praktisk materialvalg. Disse smarte tallerkenene for barn kommer til \u00e5 [&hellip;]\" \/>\n<meta property=\"og:url\" content=\"https:\/\/babylove.se\/no\/produkt\/liewood-olivia-silikontallrik-2-pack-blue-fogkhaki-mix\/\" \/>\n<meta property=\"og:site_name\" content=\"Babylove Norska\" \/>\n<meta property=\"article:modified_time\" content=\"2026-04-08T10:41:30+00:00\" \/>\n<meta property=\"og:image\" content=\"https:\/\/babylove.se\/no\/wp-content\/uploads\/sites\/3\/2025\/07\/6197a411c8f44.jpeg\" \/>\n\t<meta property=\"og:image:width\" content=\"800\" \/>\n\t<meta property=\"og:image:height\" content=\"800\" \/>\n\t<meta property=\"og:image:type\" content=\"image\/jpeg\" \/>\n<meta name=\"twitter:card\" content=\"summary_large_image\" \/>\n<meta name=\"twitter:label1\" content=\"Price\" \/>\n\t<meta name=\"twitter:data1\" content=\"249,00&nbsp;&#107;&#114;\" \/>\n\t<meta name=\"twitter:label2\" content=\"Availability\" \/>\n\t<meta name=\"twitter:data2\" content=\"Out of stock\" \/>\n<script type=\"application\/ld+json\" class=\"yoast-schema-graph\">{\"@context\":\"https:\/\/schema.org\",\"@graph\":[{\"@type\":\"WebPage\",\"@id\":\"https:\/\/babylove.se\/no\/produkt\/liewood-olivia-silikontallrik-2-pack-blue-fogkhaki-mix\/\",\"url\":\"https:\/\/babylove.se\/no\/produkt\/liewood-olivia-silikontallrik-2-pack-blue-fogkhaki-mix\/\",\"name\":\"Liewood, Olivia silikontallrik 2-pakk, Blue fog\/khaki mix - Babylove Norska\",\"isPartOf\":{\"@id\":\"https:\/\/babylove.se\/no\/#website\"},\"primaryImageOfPage\":{\"@id\":\"https:\/\/babylove.se\/no\/produkt\/liewood-olivia-silikontallrik-2-pack-blue-fogkhaki-mix\/#primaryimage\"},\"image\":{\"@id\":\"https:\/\/babylove.se\/no\/produkt\/liewood-olivia-silikontallrik-2-pack-blue-fogkhaki-mix\/#primaryimage\"},\"thumbnailUrl\":\"https:\/\/babylove.se\/no\/wp-content\/uploads\/sites\/3\/2025\/07\/6197a411c8f44.jpeg\",\"datePublished\":\"2025-07-18T23:08:24+00:00\",\"dateModified\":\"2026-04-08T10:41:30+00:00\",\"breadcrumb\":{\"@id\":\"https:\/\/babylove.se\/no\/produkt\/liewood-olivia-silikontallrik-2-pack-blue-fogkhaki-mix\/#breadcrumb\"},\"inLanguage\":\"nb-NO\",\"potentialAction\":[{\"@type\":\"ReadAction\",\"target\":[\"https:\/\/babylove.se\/no\/produkt\/liewood-olivia-silikontallrik-2-pack-blue-fogkhaki-mix\/\"]}]},{\"@type\":\"ImageObject\",\"inLanguage\":\"nb-NO\",\"@id\":\"https:\/\/babylove.se\/no\/produkt\/liewood-olivia-silikontallrik-2-pack-blue-fogkhaki-mix\/#primaryimage\",\"url\":\"https:\/\/babylove.se\/no\/wp-content\/uploads\/sites\/3\/2025\/07\/6197a411c8f44.jpeg\",\"contentUrl\":\"https:\/\/babylove.se\/no\/wp-content\/uploads\/sites\/3\/2025\/07\/6197a411c8f44.jpeg\",\"width\":800,\"height\":800},{\"@type\":\"BreadcrumbList\",\"@id\":\"https:\/\/babylove.se\/no\/produkt\/liewood-olivia-silikontallrik-2-pack-blue-fogkhaki-mix\/#breadcrumb\",\"itemListElement\":[{\"@type\":\"ListItem\",\"position\":1,\"name\":\"Hem\",\"item\":\"https:\/\/babylove.se\/no\/\"},{\"@type\":\"ListItem\",\"position\":2,\"name\":\"Butik\",\"item\":\"https:\/\/babylove.se\/no\/butik\/\"},{\"@type\":\"ListItem\",\"position\":3,\"name\":\"Liewood, Olivia silikontallrik 2-pakk, Blue fog\/khaki mix\"}]},{\"@type\":\"WebSite\",\"@id\":\"https:\/\/babylove.se\/no\/#website\",\"url\":\"https:\/\/babylove.se\/no\/\",\"name\":\"Babylove Norska\",\"description\":\"\",\"potentialAction\":[{\"@type\":\"SearchAction\",\"target\":{\"@type\":\"EntryPoint\",\"urlTemplate\":\"https:\/\/babylove.se\/no\/?s={search_term_string}\"},\"query-input\":{\"@type\":\"PropertyValueSpecification\",\"valueRequired\":true,\"valueName\":\"search_term_string\"}}],\"inLanguage\":\"nb-NO\"}]}<\/script>\n<meta property=\"product:brand\" content=\"Liewood\" \/>\n<meta property=\"product:price:amount\" content=\"249.00\" \/>\n<meta property=\"product:price:currency\" content=\"SEK\" \/>\n<meta property=\"og:availability\" content=\"out of stock\" \/>\n<meta property=\"product:availability\" content=\"out of stock\" \/>\n<meta property=\"product:retailer_item_id\" content=\"LW129306942\" \/>\n<meta property=\"product:condition\" content=\"new\" \/>\n<!-- \/ Yoast SEO Premium plugin. -->","yoast_head_json":{"title":"Liewood, Olivia silikontallrik 2-pakk, Blue fog\/khaki mix - Babylove Norska","robots":{"index":"noindex","follow":"follow","max-snippet":"max-snippet:-1","max-image-preview":"max-image-preview:large","max-video-preview":"max-video-preview:-1"},"og_locale":"nb_NO","og_type":"article","og_title":"Liewood, Olivia silikontallrik 2-pakk, Blue fog\/khaki mix","og_description":"Et praktisk og fint milj\u00f8vennlig sett med 2 fine tallerkener fra Liewood, med sine popul\u00e6re barneprodukter vil vel alle ha? Da er en 2-pakke enda bedre, s\u00e5 du har flere tallerkener hjemme under hele uken. Silikon er fri for BPA og er et smart og praktisk materialvalg. Disse smarte tallerkenene for barn kommer til \u00e5 [&hellip;]","og_url":"https:\/\/babylove.se\/no\/produkt\/liewood-olivia-silikontallrik-2-pack-blue-fogkhaki-mix\/","og_site_name":"Babylove Norska","article_modified_time":"2026-04-08T10:41:30+00:00","og_image":[{"width":800,"height":800,"url":"https:\/\/babylove.se\/no\/wp-content\/uploads\/sites\/3\/2025\/07\/6197a411c8f44.jpeg","type":"image\/jpeg"}],"twitter_card":"summary_large_image","twitter_misc":{"Price":"249,00&nbsp;&#107;&#114;","Availability":"Out of stock"},"schema":{"@context":"https:\/\/schema.org","@graph":[{"@type":"WebPage","@id":"https:\/\/babylove.se\/no\/produkt\/liewood-olivia-silikontallrik-2-pack-blue-fogkhaki-mix\/","url":"https:\/\/babylove.se\/no\/produkt\/liewood-olivia-silikontallrik-2-pack-blue-fogkhaki-mix\/","name":"Liewood, Olivia silikontallrik 2-pakk, Blue fog\/khaki mix - Babylove Norska","isPartOf":{"@id":"https:\/\/babylove.se\/no\/#website"},"primaryImageOfPage":{"@id":"https:\/\/babylove.se\/no\/produkt\/liewood-olivia-silikontallrik-2-pack-blue-fogkhaki-mix\/#primaryimage"},"image":{"@id":"https:\/\/babylove.se\/no\/produkt\/liewood-olivia-silikontallrik-2-pack-blue-fogkhaki-mix\/#primaryimage"},"thumbnailUrl":"https:\/\/babylove.se\/no\/wp-content\/uploads\/sites\/3\/2025\/07\/6197a411c8f44.jpeg","datePublished":"2025-07-18T23:08:24+00:00","dateModified":"2026-04-08T10:41:30+00:00","breadcrumb":{"@id":"https:\/\/babylove.se\/no\/produkt\/liewood-olivia-silikontallrik-2-pack-blue-fogkhaki-mix\/#breadcrumb"},"inLanguage":"nb-NO","potentialAction":[{"@type":"ReadAction","target":["https:\/\/babylove.se\/no\/produkt\/liewood-olivia-silikontallrik-2-pack-blue-fogkhaki-mix\/"]}]},{"@type":"ImageObject","inLanguage":"nb-NO","@id":"https:\/\/babylove.se\/no\/produkt\/liewood-olivia-silikontallrik-2-pack-blue-fogkhaki-mix\/#primaryimage","url":"https:\/\/babylove.se\/no\/wp-content\/uploads\/sites\/3\/2025\/07\/6197a411c8f44.jpeg","contentUrl":"https:\/\/babylove.se\/no\/wp-content\/uploads\/sites\/3\/2025\/07\/6197a411c8f44.jpeg","width":800,"height":800},{"@type":"BreadcrumbList","@id":"https:\/\/babylove.se\/no\/produkt\/liewood-olivia-silikontallrik-2-pack-blue-fogkhaki-mix\/#breadcrumb","itemListElement":[{"@type":"ListItem","position":1,"name":"Hem","item":"https:\/\/babylove.se\/no\/"},{"@type":"ListItem","position":2,"name":"Butik","item":"https:\/\/babylove.se\/no\/butik\/"},{"@type":"ListItem","position":3,"name":"Liewood, Olivia silikontallrik 2-pakk, Blue fog\/khaki mix"}]},{"@type":"WebSite","@id":"https:\/\/babylove.se\/no\/#website","url":"https:\/\/babylove.se\/no\/","name":"Babylove Norska","description":"","potentialAction":[{"@type":"SearchAction","target":{"@type":"EntryPoint","urlTemplate":"https:\/\/babylove.se\/no\/?s={search_term_string}"},"query-input":{"@type":"PropertyValueSpecification","valueRequired":true,"valueName":"search_term_string"}}],"inLanguage":"nb-NO"}]},"product_brand":"Liewood","product_price_amount":"249.00","product_price_currency":"SEK","og_availability":"out of stock","product_availability":"out of stock","product_retailer_item_id":"LW129306942","product_condition":"new"},"_links":{"self":[{"href":"https:\/\/babylove.se\/no\/wp-json\/wp\/v2\/product\/30041","targetHints":{"allow":["GET"]}}],"collection":[{"href":"https:\/\/babylove.se\/no\/wp-json\/wp\/v2\/product"}],"about":[{"href":"https:\/\/babylove.se\/no\/wp-json\/wp\/v2\/types\/product"}],"replies":[{"embeddable":true,"href":"https:\/\/babylove.se\/no\/wp-json\/wp\/v2\/comments?post=30041"}],"wp:featuredmedia":[{"embeddable":true,"href":"https:\/\/babylove.se\/no\/wp-json\/wp\/v2\/media\/30043"}],"wp:attachment":[{"href":"https:\/\/babylove.se\/no\/wp-json\/wp\/v2\/media?parent=30041"}],"wp:term":[{"taxonomy":"product_brand","embeddable":true,"href":"https:\/\/babylove.se\/no\/wp-json\/wp\/v2\/product_brand?post=30041"},{"taxonomy":"product_cat","embeddable":true,"href":"https:\/\/babylove.se\/no\/wp-json\/wp\/v2\/product_cat?post=30041"},{"taxonomy":"product_tag","embeddable":true,"href":"https:\/\/babylove.se\/no\/wp-json\/wp\/v2\/product_tag?post=30041"}],"curies":[{"name":"wp","href":"https:\/\/api.w.org\/{rel}","templated":true}]}}