{"id":3005,"date":"2025-07-18T20:12:29","date_gmt":"2025-07-18T19:12:29","guid":{"rendered":"https:\/\/babylove.se\/produkt\/lampa-brown-small-vit-mr-maria\/"},"modified":"2026-04-08T07:56:05","modified_gmt":"2026-04-08T06:56:05","slug":"lampe-brown-small-hvit-mr-maria","status":"publish","type":"product","link":"https:\/\/babylove.se\/no\/produkt\/lampe-brown-small-hvit-mr-maria\/","title":{"rendered":"Lampe Brown Small Hvit, Mr Maria"},"content":{"rendered":"<p>En fantastisk fin lampe i form av en s\u00f8t nallebj\u00f8rn. Denne lampen gir et underfullt vakkert og behagelig lys i barnerommet og fungerer utmerket ogs\u00e5 som nattlampe. Du kan selv regulere lyset med en dimmer, hvorfor du kan tilpasse lampens lys etter omgivelsene. Lampen er like fin slukket som tent og blir en fin detalj i barneroms-innredningen. Lampene finnes i b\u00e5de store og mindre varianter.<\/p>\n<p><strong>M\u00e5l<\/strong>: H\u00f8yde 31 cm og diameter 21 cm. Lysp\u00e6ren er 5W LED og har dimmer-funksjon.&nbsp;<\/p>\n<p><strong>Materiale<\/strong>: Polyetenplast, Lampen er ikke en leke.<\/p>\n<p>Designer: <a href=\"https:\/\/babylove.se\/varumarken\/mr-maria\"><u>Mr Maria<\/u><\/a><\/p>\n","protected":false},"excerpt":{"rendered":"<p>En fantastisk fin lampe i form av en s\u00f8t nallebj\u00f8rn. Denne lampen gir et underfullt vakkert og behagelig lys i barnerommet og fungerer utmerket ogs\u00e5 som nattlampe. Du kan selv regulere lyset med en dimmer, hvorfor du kan tilpasse lampens lys etter omgivelsene. Lampen er like fin slukket som tent og blir en fin detalj [&hellip;]<\/p>\n","protected":false},"featured_media":3007,"comment_status":"closed","ping_status":"open","template":"","meta":{"_acf_changed":false},"product_brand":[176],"product_cat":[166,26,25,31,177,178,179],"product_tag":[],"class_list":{"0":"post-3005","1":"product","2":"type-product","3":"status-publish","4":"has-post-thumbnail","6":"product_brand-mr-maria","7":"product_cat-lyskuler","8":"product_cat-kjop-produkter-som-ikke-bare-er-for-gutter","9":"product_cat-ikke-bare-jenter","10":"product_cat-lamper","11":"product_cat-miffy","12":"product_cat-mr-maria","13":"product_cat-nattlamper","15":"first","16":"outofstock","17":"taxable","18":"shipping-taxable","19":"purchasable","20":"product-type-simple"},"acf":[],"yoast_head":"<!-- This site is optimized with the Yoast SEO Premium plugin v25.8 (Yoast SEO v27.2) - https:\/\/yoast.com\/product\/yoast-seo-premium-wordpress\/ -->\n<title>Lampe Brown Small Hvit, Mr Maria - Babylove Norska<\/title>\n<meta name=\"robots\" content=\"noindex, follow, max-snippet:-1, max-image-preview:large, max-video-preview:-1\" \/>\n<meta property=\"og:locale\" content=\"nb_NO\" \/>\n<meta property=\"og:type\" content=\"article\" \/>\n<meta property=\"og:title\" content=\"Lampe Brown Small Hvit, Mr Maria\" \/>\n<meta property=\"og:description\" content=\"En fantastisk fin lampe i form av en s\u00f8t nallebj\u00f8rn. Denne lampen gir et underfullt vakkert og behagelig lys i barnerommet og fungerer utmerket ogs\u00e5 som nattlampe. Du kan selv regulere lyset med en dimmer, hvorfor du kan tilpasse lampens lys etter omgivelsene. Lampen er like fin slukket som tent og blir en fin detalj [&hellip;]\" \/>\n<meta property=\"og:url\" content=\"https:\/\/babylove.se\/no\/produkt\/lampe-brown-small-hvit-mr-maria\/\" \/>\n<meta property=\"og:site_name\" content=\"Babylove Norska\" \/>\n<meta property=\"article:modified_time\" content=\"2026-04-08T06:56:05+00:00\" \/>\n<meta property=\"og:image\" content=\"https:\/\/babylove.se\/no\/wp-content\/uploads\/sites\/3\/2025\/07\/58d979594af86.jpeg\" \/>\n\t<meta property=\"og:image:width\" content=\"400\" \/>\n\t<meta property=\"og:image:height\" content=\"400\" \/>\n\t<meta property=\"og:image:type\" content=\"image\/jpeg\" \/>\n<meta name=\"twitter:card\" content=\"summary_large_image\" \/>\n<meta name=\"twitter:label1\" content=\"Price\" \/>\n\t<meta name=\"twitter:data1\" content=\"1 399,00&nbsp;&#107;&#114;\" \/>\n\t<meta name=\"twitter:label2\" content=\"Availability\" \/>\n\t<meta name=\"twitter:data2\" content=\"Out of stock\" \/>\n<script type=\"application\/ld+json\" class=\"yoast-schema-graph\">{\"@context\":\"https:\/\/schema.org\",\"@graph\":[{\"@type\":\"WebPage\",\"@id\":\"https:\/\/babylove.se\/no\/produkt\/lampe-brown-small-hvit-mr-maria\/\",\"url\":\"https:\/\/babylove.se\/no\/produkt\/lampe-brown-small-hvit-mr-maria\/\",\"name\":\"Lampe Brown Small Hvit, Mr Maria - Babylove Norska\",\"isPartOf\":{\"@id\":\"https:\/\/babylove.se\/no\/#website\"},\"primaryImageOfPage\":{\"@id\":\"https:\/\/babylove.se\/no\/produkt\/lampe-brown-small-hvit-mr-maria\/#primaryimage\"},\"image\":{\"@id\":\"https:\/\/babylove.se\/no\/produkt\/lampe-brown-small-hvit-mr-maria\/#primaryimage\"},\"thumbnailUrl\":\"https:\/\/babylove.se\/no\/wp-content\/uploads\/sites\/3\/2025\/07\/58d979594af86.jpeg\",\"datePublished\":\"2025-07-18T19:12:29+00:00\",\"dateModified\":\"2026-04-08T06:56:05+00:00\",\"breadcrumb\":{\"@id\":\"https:\/\/babylove.se\/no\/produkt\/lampe-brown-small-hvit-mr-maria\/#breadcrumb\"},\"inLanguage\":\"nb-NO\",\"potentialAction\":[{\"@type\":\"ReadAction\",\"target\":[\"https:\/\/babylove.se\/no\/produkt\/lampe-brown-small-hvit-mr-maria\/\"]}]},{\"@type\":\"ImageObject\",\"inLanguage\":\"nb-NO\",\"@id\":\"https:\/\/babylove.se\/no\/produkt\/lampe-brown-small-hvit-mr-maria\/#primaryimage\",\"url\":\"https:\/\/babylove.se\/no\/wp-content\/uploads\/sites\/3\/2025\/07\/58d979594af86.jpeg\",\"contentUrl\":\"https:\/\/babylove.se\/no\/wp-content\/uploads\/sites\/3\/2025\/07\/58d979594af86.jpeg\",\"width\":400,\"height\":400},{\"@type\":\"BreadcrumbList\",\"@id\":\"https:\/\/babylove.se\/no\/produkt\/lampe-brown-small-hvit-mr-maria\/#breadcrumb\",\"itemListElement\":[{\"@type\":\"ListItem\",\"position\":1,\"name\":\"Hem\",\"item\":\"https:\/\/babylove.se\/no\/\"},{\"@type\":\"ListItem\",\"position\":2,\"name\":\"Butik\",\"item\":\"https:\/\/babylove.se\/no\/butik\/\"},{\"@type\":\"ListItem\",\"position\":3,\"name\":\"Lampe Brown Small Hvit, Mr Maria\"}]},{\"@type\":\"WebSite\",\"@id\":\"https:\/\/babylove.se\/no\/#website\",\"url\":\"https:\/\/babylove.se\/no\/\",\"name\":\"Babylove Norska\",\"description\":\"\",\"potentialAction\":[{\"@type\":\"SearchAction\",\"target\":{\"@type\":\"EntryPoint\",\"urlTemplate\":\"https:\/\/babylove.se\/no\/?s={search_term_string}\"},\"query-input\":{\"@type\":\"PropertyValueSpecification\",\"valueRequired\":true,\"valueName\":\"search_term_string\"}}],\"inLanguage\":\"nb-NO\"}]}<\/script>\n<meta property=\"product:brand\" content=\"Mr Maria\" \/>\n<meta property=\"product:price:amount\" content=\"1399.00\" \/>\n<meta property=\"product:price:currency\" content=\"SEK\" \/>\n<meta property=\"og:availability\" content=\"out of stock\" \/>\n<meta property=\"product:availability\" content=\"out of stock\" \/>\n<meta property=\"product:retailer_item_id\" content=\"1092\" \/>\n<meta property=\"product:condition\" content=\"new\" \/>\n<!-- \/ Yoast SEO Premium plugin. -->","yoast_head_json":{"title":"Lampe Brown Small Hvit, Mr Maria - Babylove Norska","robots":{"index":"noindex","follow":"follow","max-snippet":"max-snippet:-1","max-image-preview":"max-image-preview:large","max-video-preview":"max-video-preview:-1"},"og_locale":"nb_NO","og_type":"article","og_title":"Lampe Brown Small Hvit, Mr Maria","og_description":"En fantastisk fin lampe i form av en s\u00f8t nallebj\u00f8rn. Denne lampen gir et underfullt vakkert og behagelig lys i barnerommet og fungerer utmerket ogs\u00e5 som nattlampe. Du kan selv regulere lyset med en dimmer, hvorfor du kan tilpasse lampens lys etter omgivelsene. Lampen er like fin slukket som tent og blir en fin detalj [&hellip;]","og_url":"https:\/\/babylove.se\/no\/produkt\/lampe-brown-small-hvit-mr-maria\/","og_site_name":"Babylove Norska","article_modified_time":"2026-04-08T06:56:05+00:00","og_image":[{"width":400,"height":400,"url":"https:\/\/babylove.se\/no\/wp-content\/uploads\/sites\/3\/2025\/07\/58d979594af86.jpeg","type":"image\/jpeg"}],"twitter_card":"summary_large_image","twitter_misc":{"Price":"1 399,00&nbsp;&#107;&#114;","Availability":"Out of stock"},"schema":{"@context":"https:\/\/schema.org","@graph":[{"@type":"WebPage","@id":"https:\/\/babylove.se\/no\/produkt\/lampe-brown-small-hvit-mr-maria\/","url":"https:\/\/babylove.se\/no\/produkt\/lampe-brown-small-hvit-mr-maria\/","name":"Lampe Brown Small Hvit, Mr Maria - Babylove Norska","isPartOf":{"@id":"https:\/\/babylove.se\/no\/#website"},"primaryImageOfPage":{"@id":"https:\/\/babylove.se\/no\/produkt\/lampe-brown-small-hvit-mr-maria\/#primaryimage"},"image":{"@id":"https:\/\/babylove.se\/no\/produkt\/lampe-brown-small-hvit-mr-maria\/#primaryimage"},"thumbnailUrl":"https:\/\/babylove.se\/no\/wp-content\/uploads\/sites\/3\/2025\/07\/58d979594af86.jpeg","datePublished":"2025-07-18T19:12:29+00:00","dateModified":"2026-04-08T06:56:05+00:00","breadcrumb":{"@id":"https:\/\/babylove.se\/no\/produkt\/lampe-brown-small-hvit-mr-maria\/#breadcrumb"},"inLanguage":"nb-NO","potentialAction":[{"@type":"ReadAction","target":["https:\/\/babylove.se\/no\/produkt\/lampe-brown-small-hvit-mr-maria\/"]}]},{"@type":"ImageObject","inLanguage":"nb-NO","@id":"https:\/\/babylove.se\/no\/produkt\/lampe-brown-small-hvit-mr-maria\/#primaryimage","url":"https:\/\/babylove.se\/no\/wp-content\/uploads\/sites\/3\/2025\/07\/58d979594af86.jpeg","contentUrl":"https:\/\/babylove.se\/no\/wp-content\/uploads\/sites\/3\/2025\/07\/58d979594af86.jpeg","width":400,"height":400},{"@type":"BreadcrumbList","@id":"https:\/\/babylove.se\/no\/produkt\/lampe-brown-small-hvit-mr-maria\/#breadcrumb","itemListElement":[{"@type":"ListItem","position":1,"name":"Hem","item":"https:\/\/babylove.se\/no\/"},{"@type":"ListItem","position":2,"name":"Butik","item":"https:\/\/babylove.se\/no\/butik\/"},{"@type":"ListItem","position":3,"name":"Lampe Brown Small Hvit, Mr Maria"}]},{"@type":"WebSite","@id":"https:\/\/babylove.se\/no\/#website","url":"https:\/\/babylove.se\/no\/","name":"Babylove Norska","description":"","potentialAction":[{"@type":"SearchAction","target":{"@type":"EntryPoint","urlTemplate":"https:\/\/babylove.se\/no\/?s={search_term_string}"},"query-input":{"@type":"PropertyValueSpecification","valueRequired":true,"valueName":"search_term_string"}}],"inLanguage":"nb-NO"}]},"product_brand":"Mr Maria","product_price_amount":"1399.00","product_price_currency":"SEK","og_availability":"out of stock","product_availability":"out of stock","product_retailer_item_id":"1092","product_condition":"new"},"_links":{"self":[{"href":"https:\/\/babylove.se\/no\/wp-json\/wp\/v2\/product\/3005","targetHints":{"allow":["GET"]}}],"collection":[{"href":"https:\/\/babylove.se\/no\/wp-json\/wp\/v2\/product"}],"about":[{"href":"https:\/\/babylove.se\/no\/wp-json\/wp\/v2\/types\/product"}],"replies":[{"embeddable":true,"href":"https:\/\/babylove.se\/no\/wp-json\/wp\/v2\/comments?post=3005"}],"wp:featuredmedia":[{"embeddable":true,"href":"https:\/\/babylove.se\/no\/wp-json\/wp\/v2\/media\/3007"}],"wp:attachment":[{"href":"https:\/\/babylove.se\/no\/wp-json\/wp\/v2\/media?parent=3005"}],"wp:term":[{"taxonomy":"product_brand","embeddable":true,"href":"https:\/\/babylove.se\/no\/wp-json\/wp\/v2\/product_brand?post=3005"},{"taxonomy":"product_cat","embeddable":true,"href":"https:\/\/babylove.se\/no\/wp-json\/wp\/v2\/product_cat?post=3005"},{"taxonomy":"product_tag","embeddable":true,"href":"https:\/\/babylove.se\/no\/wp-json\/wp\/v2\/product_tag?post=3005"}],"curies":[{"name":"wp","href":"https:\/\/api.w.org\/{rel}","templated":true}]}}