{"id":30056,"date":"2025-07-19T00:08:24","date_gmt":"2025-07-18T23:08:24","guid":{"rendered":"https:\/\/babylove.se\/produkt\/liewood-filiz-4-pack-snackskalar-for-barn-blue-multi-mix\/"},"modified":"2026-04-08T11:41:42","modified_gmt":"2026-04-08T10:41:42","slug":"liewood-filiz-4-pack-snackskaler-for-barn-blue-multi-mix","status":"publish","type":"product","link":"https:\/\/babylove.se\/no\/produkt\/liewood-filiz-4-pack-snackskaler-for-barn-blue-multi-mix\/","title":{"rendered":"Liewood, Filiz 4-pack snacksk\u00e5ler for barn, Blue multi mix"},"content":{"rendered":"<p>En praktisk og fin milj\u00f8vennlig matsk\u00e5l fra Liewood, med sine popul\u00e6re barneprodukter vil vel alle ha? Da er et 4-pack enda bedre, s\u00e5 du har flere barnesk\u00e5ler hjemme under hele uken. Disse smarte sk\u00e5lene for barn kommer til \u00e5 gj\u00f8re m\u00e5ltidet lettere. Barnet ditt kommer til \u00e5 s\u00f8le mindre og ha det g\u00f8y n\u00e5r det spiser, optimalt for et barns m\u00e5ltid. Selvf\u00f8lgelig er Liewoods patenterte vakre dyremotiver inspirasjon til disse fine sk\u00e5lene. <\/p>\n<p>Polylaktid (PLA) er en naturlig nedbrytbar polyester som lages fra fornybare ressurser. <\/p>\n<p><strong>M\u00e5l:<\/strong> \u00d810 cm, h\u00f8yde 5 cm<br \/>\n<strong>Materiale<\/strong>: 100% PLA <\/p>\n<p>Vaskeanvisning: Oppvaskmaskin opp til 65 grader ? Ikke bruk i ovnen ? Ikke bruk i mikrob\u00f8lgeovn ? Frysebestandig ned til -20 grader <\/p>\n<p>Designer: <a href=\"https:\/\/babylove.se\/varumarken\/liewood\"><u>Liewood<\/u><\/a><\/p>\n","protected":false},"excerpt":{"rendered":"<p>En praktisk og fin milj\u00f8vennlig matsk\u00e5l fra Liewood, med sine popul\u00e6re barneprodukter vil vel alle ha? Da er et 4-pack enda bedre, s\u00e5 du har flere barnesk\u00e5ler hjemme under hele uken. Disse smarte sk\u00e5lene for barn kommer til \u00e5 gj\u00f8re m\u00e5ltidet lettere. Barnet ditt kommer til \u00e5 s\u00f8le mindre og ha det g\u00f8y n\u00e5r det [&hellip;]<\/p>\n","protected":false},"featured_media":30058,"comment_status":"closed","ping_status":"closed","template":"","meta":{"_acf_changed":false},"product_brand":[282],"product_cat":[92,283],"product_tag":[1709],"class_list":{"0":"post-30056","1":"product","2":"type-product","3":"status-publish","4":"has-post-thumbnail","6":"product_brand-liewood","7":"product_cat-barnbestikk-matsett","8":"product_cat-liewood","9":"product_tag-utforsalg","11":"first","12":"outofstock","13":"taxable","14":"shipping-taxable","15":"purchasable","16":"product-type-simple"},"acf":[],"yoast_head":"<!-- This site is optimized with the Yoast SEO Premium plugin v25.8 (Yoast SEO v27.2) - https:\/\/yoast.com\/product\/yoast-seo-premium-wordpress\/ -->\n<title>Liewood, 4 - pack sk\u00e5lar f\u00f6r barn - K\u00f6p den h\u00e4r<\/title>\n<meta name=\"description\" content=\"Detta smarta set av 4 - sk\u00e5lar med vackra djurmotiv f\u00f6r barn kommer underl\u00e4tta matstunden. Skickas inom 24 timmar ! Fakturabetalning\" \/>\n<meta name=\"robots\" content=\"noindex, follow, max-snippet:-1, max-image-preview:large, max-video-preview:-1\" \/>\n<meta property=\"og:locale\" content=\"nb_NO\" \/>\n<meta property=\"og:type\" content=\"article\" \/>\n<meta property=\"og:title\" content=\"Liewood, Filiz 4-pack snacksk\u00e5ler for barn, Blue multi mix\" \/>\n<meta property=\"og:description\" content=\"Detta smarta set av 4 - sk\u00e5lar med vackra djurmotiv f\u00f6r barn kommer underl\u00e4tta matstunden. Skickas inom 24 timmar ! Fakturabetalning\" \/>\n<meta property=\"og:url\" content=\"https:\/\/babylove.se\/no\/produkt\/liewood-filiz-4-pack-snackskaler-for-barn-blue-multi-mix\/\" \/>\n<meta property=\"og:site_name\" content=\"Babylove Norska\" \/>\n<meta property=\"article:modified_time\" content=\"2026-04-08T10:41:42+00:00\" \/>\n<meta property=\"og:image\" content=\"https:\/\/babylove.se\/no\/wp-content\/uploads\/sites\/3\/2025\/07\/6197ad603a417.jpeg\" \/>\n\t<meta property=\"og:image:width\" content=\"800\" \/>\n\t<meta property=\"og:image:height\" content=\"800\" \/>\n\t<meta property=\"og:image:type\" content=\"image\/jpeg\" \/>\n<meta name=\"twitter:card\" content=\"summary_large_image\" \/>\n<meta name=\"twitter:label1\" content=\"Price\" \/>\n\t<meta name=\"twitter:data1\" content=\"299,00&nbsp;&#107;&#114;\" \/>\n\t<meta name=\"twitter:label2\" content=\"Availability\" \/>\n\t<meta name=\"twitter:data2\" content=\"Out of stock\" \/>\n<script type=\"application\/ld+json\" class=\"yoast-schema-graph\">{\"@context\":\"https:\/\/schema.org\",\"@graph\":[{\"@type\":\"WebPage\",\"@id\":\"https:\/\/babylove.se\/no\/produkt\/liewood-filiz-4-pack-snackskaler-for-barn-blue-multi-mix\/\",\"url\":\"https:\/\/babylove.se\/no\/produkt\/liewood-filiz-4-pack-snackskaler-for-barn-blue-multi-mix\/\",\"name\":\"Liewood, 4 - pack sk\u00e5lar f\u00f6r barn - K\u00f6p den h\u00e4r\",\"isPartOf\":{\"@id\":\"https:\/\/babylove.se\/no\/#website\"},\"primaryImageOfPage\":{\"@id\":\"https:\/\/babylove.se\/no\/produkt\/liewood-filiz-4-pack-snackskaler-for-barn-blue-multi-mix\/#primaryimage\"},\"image\":{\"@id\":\"https:\/\/babylove.se\/no\/produkt\/liewood-filiz-4-pack-snackskaler-for-barn-blue-multi-mix\/#primaryimage\"},\"thumbnailUrl\":\"https:\/\/babylove.se\/no\/wp-content\/uploads\/sites\/3\/2025\/07\/6197ad603a417.jpeg\",\"datePublished\":\"2025-07-18T23:08:24+00:00\",\"dateModified\":\"2026-04-08T10:41:42+00:00\",\"description\":\"Detta smarta set av 4 - sk\u00e5lar med vackra djurmotiv f\u00f6r barn kommer underl\u00e4tta matstunden. Skickas inom 24 timmar ! Fakturabetalning\",\"breadcrumb\":{\"@id\":\"https:\/\/babylove.se\/no\/produkt\/liewood-filiz-4-pack-snackskaler-for-barn-blue-multi-mix\/#breadcrumb\"},\"inLanguage\":\"nb-NO\",\"potentialAction\":[{\"@type\":\"ReadAction\",\"target\":[\"https:\/\/babylove.se\/no\/produkt\/liewood-filiz-4-pack-snackskaler-for-barn-blue-multi-mix\/\"]}]},{\"@type\":\"ImageObject\",\"inLanguage\":\"nb-NO\",\"@id\":\"https:\/\/babylove.se\/no\/produkt\/liewood-filiz-4-pack-snackskaler-for-barn-blue-multi-mix\/#primaryimage\",\"url\":\"https:\/\/babylove.se\/no\/wp-content\/uploads\/sites\/3\/2025\/07\/6197ad603a417.jpeg\",\"contentUrl\":\"https:\/\/babylove.se\/no\/wp-content\/uploads\/sites\/3\/2025\/07\/6197ad603a417.jpeg\",\"width\":800,\"height\":800},{\"@type\":\"BreadcrumbList\",\"@id\":\"https:\/\/babylove.se\/no\/produkt\/liewood-filiz-4-pack-snackskaler-for-barn-blue-multi-mix\/#breadcrumb\",\"itemListElement\":[{\"@type\":\"ListItem\",\"position\":1,\"name\":\"Hem\",\"item\":\"https:\/\/babylove.se\/no\/\"},{\"@type\":\"ListItem\",\"position\":2,\"name\":\"Butik\",\"item\":\"https:\/\/babylove.se\/no\/butik\/\"},{\"@type\":\"ListItem\",\"position\":3,\"name\":\"Liewood, Filiz 4-pack snacksk\u00e5ler for barn, Blue multi mix\"}]},{\"@type\":\"WebSite\",\"@id\":\"https:\/\/babylove.se\/no\/#website\",\"url\":\"https:\/\/babylove.se\/no\/\",\"name\":\"Babylove Norska\",\"description\":\"\",\"potentialAction\":[{\"@type\":\"SearchAction\",\"target\":{\"@type\":\"EntryPoint\",\"urlTemplate\":\"https:\/\/babylove.se\/no\/?s={search_term_string}\"},\"query-input\":{\"@type\":\"PropertyValueSpecification\",\"valueRequired\":true,\"valueName\":\"search_term_string\"}}],\"inLanguage\":\"nb-NO\"}]}<\/script>\n<meta property=\"product:brand\" content=\"Liewood\" \/>\n<meta property=\"product:price:amount\" content=\"299.00\" \/>\n<meta property=\"product:price:currency\" content=\"SEK\" \/>\n<meta property=\"og:availability\" content=\"out of stock\" \/>\n<meta property=\"product:availability\" content=\"out of stock\" \/>\n<meta property=\"product:retailer_item_id\" content=\"LW142386911\" \/>\n<meta property=\"product:condition\" content=\"new\" \/>\n<!-- \/ Yoast SEO Premium plugin. -->","yoast_head_json":{"title":"Liewood, 4 - pack sk\u00e5lar f\u00f6r barn - K\u00f6p den h\u00e4r","description":"Detta smarta set av 4 - sk\u00e5lar med vackra djurmotiv f\u00f6r barn kommer underl\u00e4tta matstunden. Skickas inom 24 timmar ! Fakturabetalning","robots":{"index":"noindex","follow":"follow","max-snippet":"max-snippet:-1","max-image-preview":"max-image-preview:large","max-video-preview":"max-video-preview:-1"},"og_locale":"nb_NO","og_type":"article","og_title":"Liewood, Filiz 4-pack snacksk\u00e5ler for barn, Blue multi mix","og_description":"Detta smarta set av 4 - sk\u00e5lar med vackra djurmotiv f\u00f6r barn kommer underl\u00e4tta matstunden. Skickas inom 24 timmar ! Fakturabetalning","og_url":"https:\/\/babylove.se\/no\/produkt\/liewood-filiz-4-pack-snackskaler-for-barn-blue-multi-mix\/","og_site_name":"Babylove Norska","article_modified_time":"2026-04-08T10:41:42+00:00","og_image":[{"width":800,"height":800,"url":"https:\/\/babylove.se\/no\/wp-content\/uploads\/sites\/3\/2025\/07\/6197ad603a417.jpeg","type":"image\/jpeg"}],"twitter_card":"summary_large_image","twitter_misc":{"Price":"299,00&nbsp;&#107;&#114;","Availability":"Out of stock"},"schema":{"@context":"https:\/\/schema.org","@graph":[{"@type":"WebPage","@id":"https:\/\/babylove.se\/no\/produkt\/liewood-filiz-4-pack-snackskaler-for-barn-blue-multi-mix\/","url":"https:\/\/babylove.se\/no\/produkt\/liewood-filiz-4-pack-snackskaler-for-barn-blue-multi-mix\/","name":"Liewood, 4 - pack sk\u00e5lar f\u00f6r barn - K\u00f6p den h\u00e4r","isPartOf":{"@id":"https:\/\/babylove.se\/no\/#website"},"primaryImageOfPage":{"@id":"https:\/\/babylove.se\/no\/produkt\/liewood-filiz-4-pack-snackskaler-for-barn-blue-multi-mix\/#primaryimage"},"image":{"@id":"https:\/\/babylove.se\/no\/produkt\/liewood-filiz-4-pack-snackskaler-for-barn-blue-multi-mix\/#primaryimage"},"thumbnailUrl":"https:\/\/babylove.se\/no\/wp-content\/uploads\/sites\/3\/2025\/07\/6197ad603a417.jpeg","datePublished":"2025-07-18T23:08:24+00:00","dateModified":"2026-04-08T10:41:42+00:00","description":"Detta smarta set av 4 - sk\u00e5lar med vackra djurmotiv f\u00f6r barn kommer underl\u00e4tta matstunden. Skickas inom 24 timmar ! Fakturabetalning","breadcrumb":{"@id":"https:\/\/babylove.se\/no\/produkt\/liewood-filiz-4-pack-snackskaler-for-barn-blue-multi-mix\/#breadcrumb"},"inLanguage":"nb-NO","potentialAction":[{"@type":"ReadAction","target":["https:\/\/babylove.se\/no\/produkt\/liewood-filiz-4-pack-snackskaler-for-barn-blue-multi-mix\/"]}]},{"@type":"ImageObject","inLanguage":"nb-NO","@id":"https:\/\/babylove.se\/no\/produkt\/liewood-filiz-4-pack-snackskaler-for-barn-blue-multi-mix\/#primaryimage","url":"https:\/\/babylove.se\/no\/wp-content\/uploads\/sites\/3\/2025\/07\/6197ad603a417.jpeg","contentUrl":"https:\/\/babylove.se\/no\/wp-content\/uploads\/sites\/3\/2025\/07\/6197ad603a417.jpeg","width":800,"height":800},{"@type":"BreadcrumbList","@id":"https:\/\/babylove.se\/no\/produkt\/liewood-filiz-4-pack-snackskaler-for-barn-blue-multi-mix\/#breadcrumb","itemListElement":[{"@type":"ListItem","position":1,"name":"Hem","item":"https:\/\/babylove.se\/no\/"},{"@type":"ListItem","position":2,"name":"Butik","item":"https:\/\/babylove.se\/no\/butik\/"},{"@type":"ListItem","position":3,"name":"Liewood, Filiz 4-pack snacksk\u00e5ler for barn, Blue multi mix"}]},{"@type":"WebSite","@id":"https:\/\/babylove.se\/no\/#website","url":"https:\/\/babylove.se\/no\/","name":"Babylove Norska","description":"","potentialAction":[{"@type":"SearchAction","target":{"@type":"EntryPoint","urlTemplate":"https:\/\/babylove.se\/no\/?s={search_term_string}"},"query-input":{"@type":"PropertyValueSpecification","valueRequired":true,"valueName":"search_term_string"}}],"inLanguage":"nb-NO"}]},"product_brand":"Liewood","product_price_amount":"299.00","product_price_currency":"SEK","og_availability":"out of stock","product_availability":"out of stock","product_retailer_item_id":"LW142386911","product_condition":"new"},"_links":{"self":[{"href":"https:\/\/babylove.se\/no\/wp-json\/wp\/v2\/product\/30056","targetHints":{"allow":["GET"]}}],"collection":[{"href":"https:\/\/babylove.se\/no\/wp-json\/wp\/v2\/product"}],"about":[{"href":"https:\/\/babylove.se\/no\/wp-json\/wp\/v2\/types\/product"}],"replies":[{"embeddable":true,"href":"https:\/\/babylove.se\/no\/wp-json\/wp\/v2\/comments?post=30056"}],"wp:featuredmedia":[{"embeddable":true,"href":"https:\/\/babylove.se\/no\/wp-json\/wp\/v2\/media\/30058"}],"wp:attachment":[{"href":"https:\/\/babylove.se\/no\/wp-json\/wp\/v2\/media?parent=30056"}],"wp:term":[{"taxonomy":"product_brand","embeddable":true,"href":"https:\/\/babylove.se\/no\/wp-json\/wp\/v2\/product_brand?post=30056"},{"taxonomy":"product_cat","embeddable":true,"href":"https:\/\/babylove.se\/no\/wp-json\/wp\/v2\/product_cat?post=30056"},{"taxonomy":"product_tag","embeddable":true,"href":"https:\/\/babylove.se\/no\/wp-json\/wp\/v2\/product_tag?post=30056"}],"curies":[{"name":"wp","href":"https:\/\/api.w.org\/{rel}","templated":true}]}}