{"id":30069,"date":"2025-07-19T00:08:43","date_gmt":"2025-07-18T23:08:43","guid":{"rendered":"https:\/\/babylove.se\/produkt\/liewood-falk-termos-vattenflaska-superhero-dune-mix\/"},"modified":"2026-04-08T11:41:50","modified_gmt":"2026-04-08T10:41:50","slug":"liewood-falk-termos-vannflaske-superhero-dune-mix","status":"publish","type":"product","link":"https:\/\/babylove.se\/no\/produkt\/liewood-falk-termos-vannflaske-superhero-dune-mix\/","title":{"rendered":"Liewood, Falk Termos Vannflaske, Superhero dune mix"},"content":{"rendered":"<p>Denne sv\u00e6rt smarte og funksjonelle vannflasken kommer til \u00e5 ha masse bruksomr\u00e5der. Den holder v\u00e6sken varm i opptil 12 timer eller kald i opptil 24 timer, avhengig av hva du heller i. Vannflasken finnes i to st\u00f8rrelser: liten (250 ml) og stor (350) ml. <\/p>\n<p>Lokket har en praktisk pip som man feller opp enkelt og et h\u00e5ndtak som gj\u00f8r at du kan feste den p\u00e5 barnevognen eller p\u00e5 stelleveska. Lokket er ogs\u00e5 helt tett slik at v\u00e6sken holder seg der den skal. <\/p>\n<p>Vannflasken er laget av utvalgt rustfritt st\u00e5l med klassifiseringen 18\/8 som er et supert\u00e5lig materiale. Det dannes heller ikke belegg p\u00e5 innsiden som kan havne i v\u00e6sken og gi smak. <\/p>\n<p>Du rengj\u00f8r termosen enkelt ved \u00e5 vaske for h\u00e5nd, helst med en flaskeb\u00f8rste som <em>f\u00f8lger med<\/em>. Fargen som er brukt til vannflasken er holdbar og vannbasert, og innenfor alle EU-forskrifter for barnesikkerhet. <\/p>\n<p><strong>M\u00e5l <\/strong>: 250 (liten) eller 350 (stor) ml <\/p>\n<p>Designer: <a href=\"https:\/\/babylove.se\/varumarken\/liewood\"><u>Liewood<\/u><\/a><\/p>\n","protected":false},"excerpt":{"rendered":"<p>Denne sv\u00e6rt smarte og funksjonelle vannflasken kommer til \u00e5 ha masse bruksomr\u00e5der. Den holder v\u00e6sken varm i opptil 12 timer eller kald i opptil 24 timer, avhengig av hva du heller i. Vannflasken finnes i to st\u00f8rrelser: liten (250 ml) og stor (350) ml. Lokket har en praktisk pip som man feller opp enkelt og [&hellip;]<\/p>\n","protected":false},"featured_media":30071,"comment_status":"closed","ping_status":"closed","template":"","meta":{"_acf_changed":false},"product_brand":[282],"product_cat":[283,358],"product_tag":[],"class_list":{"0":"post-30069","1":"product","2":"type-product","3":"status-publish","4":"has-post-thumbnail","6":"product_brand-liewood","7":"product_cat-liewood","8":"product_cat-termos-og-vannflasker","9":"pa_storlek-liten","10":"pa_storlek-stor","12":"first","13":"outofstock","14":"taxable","15":"shipping-taxable","16":"purchasable","17":"product-type-variable"},"acf":[],"yoast_head":"<!-- This site is optimized with the Yoast SEO Premium plugin v25.8 (Yoast SEO v27.2) - https:\/\/yoast.com\/product\/yoast-seo-premium-wordpress\/ -->\n<title>Liewood, Falk Termos Vannflaske, Superhero dune mix - Babylove Norska<\/title>\n<meta name=\"robots\" content=\"noindex, follow, max-snippet:-1, max-image-preview:large, max-video-preview:-1\" \/>\n<meta property=\"og:locale\" content=\"nb_NO\" \/>\n<meta property=\"og:type\" content=\"article\" \/>\n<meta property=\"og:title\" content=\"Liewood, Falk Termos Vannflaske, Superhero dune mix\" \/>\n<meta property=\"og:description\" content=\"Denne sv\u00e6rt smarte og funksjonelle vannflasken kommer til \u00e5 ha masse bruksomr\u00e5der. Den holder v\u00e6sken varm i opptil 12 timer eller kald i opptil 24 timer, avhengig av hva du heller i. Vannflasken finnes i to st\u00f8rrelser: liten (250 ml) og stor (350) ml. Lokket har en praktisk pip som man feller opp enkelt og [&hellip;]\" \/>\n<meta property=\"og:url\" content=\"https:\/\/babylove.se\/no\/produkt\/liewood-falk-termos-vannflaske-superhero-dune-mix\/\" \/>\n<meta property=\"og:site_name\" content=\"Babylove Norska\" \/>\n<meta property=\"article:modified_time\" content=\"2026-04-08T10:41:50+00:00\" \/>\n<meta property=\"og:image\" content=\"https:\/\/babylove.se\/no\/wp-content\/uploads\/sites\/3\/2025\/07\/6197b325d9769.jpeg\" \/>\n\t<meta property=\"og:image:width\" content=\"800\" \/>\n\t<meta property=\"og:image:height\" content=\"800\" \/>\n\t<meta property=\"og:image:type\" content=\"image\/jpeg\" \/>\n<meta name=\"twitter:card\" content=\"summary_large_image\" \/>\n<meta name=\"twitter:label1\" content=\"Availability\" \/>\n\t<meta name=\"twitter:data1\" content=\"Out of stock\" \/>\n<script type=\"application\/ld+json\" class=\"yoast-schema-graph\">{\"@context\":\"https:\/\/schema.org\",\"@graph\":[{\"@type\":\"WebPage\",\"@id\":\"https:\/\/babylove.se\/no\/produkt\/liewood-falk-termos-vannflaske-superhero-dune-mix\/\",\"url\":\"https:\/\/babylove.se\/no\/produkt\/liewood-falk-termos-vannflaske-superhero-dune-mix\/\",\"name\":\"Liewood, Falk Termos Vannflaske, Superhero dune mix - Babylove Norska\",\"isPartOf\":{\"@id\":\"https:\/\/babylove.se\/no\/#website\"},\"primaryImageOfPage\":{\"@id\":\"https:\/\/babylove.se\/no\/produkt\/liewood-falk-termos-vannflaske-superhero-dune-mix\/#primaryimage\"},\"image\":{\"@id\":\"https:\/\/babylove.se\/no\/produkt\/liewood-falk-termos-vannflaske-superhero-dune-mix\/#primaryimage\"},\"thumbnailUrl\":\"https:\/\/babylove.se\/no\/wp-content\/uploads\/sites\/3\/2025\/07\/6197b325d9769.jpeg\",\"datePublished\":\"2025-07-18T23:08:43+00:00\",\"dateModified\":\"2026-04-08T10:41:50+00:00\",\"breadcrumb\":{\"@id\":\"https:\/\/babylove.se\/no\/produkt\/liewood-falk-termos-vannflaske-superhero-dune-mix\/#breadcrumb\"},\"inLanguage\":\"nb-NO\",\"potentialAction\":[{\"@type\":\"ReadAction\",\"target\":[\"https:\/\/babylove.se\/no\/produkt\/liewood-falk-termos-vannflaske-superhero-dune-mix\/\"]}]},{\"@type\":\"ImageObject\",\"inLanguage\":\"nb-NO\",\"@id\":\"https:\/\/babylove.se\/no\/produkt\/liewood-falk-termos-vannflaske-superhero-dune-mix\/#primaryimage\",\"url\":\"https:\/\/babylove.se\/no\/wp-content\/uploads\/sites\/3\/2025\/07\/6197b325d9769.jpeg\",\"contentUrl\":\"https:\/\/babylove.se\/no\/wp-content\/uploads\/sites\/3\/2025\/07\/6197b325d9769.jpeg\",\"width\":800,\"height\":800},{\"@type\":\"BreadcrumbList\",\"@id\":\"https:\/\/babylove.se\/no\/produkt\/liewood-falk-termos-vannflaske-superhero-dune-mix\/#breadcrumb\",\"itemListElement\":[{\"@type\":\"ListItem\",\"position\":1,\"name\":\"Hem\",\"item\":\"https:\/\/babylove.se\/no\/\"},{\"@type\":\"ListItem\",\"position\":2,\"name\":\"Butik\",\"item\":\"https:\/\/babylove.se\/no\/butik\/\"},{\"@type\":\"ListItem\",\"position\":3,\"name\":\"Liewood, Falk Termos Vannflaske, Superhero dune mix\"}]},{\"@type\":\"WebSite\",\"@id\":\"https:\/\/babylove.se\/no\/#website\",\"url\":\"https:\/\/babylove.se\/no\/\",\"name\":\"Babylove Norska\",\"description\":\"\",\"potentialAction\":[{\"@type\":\"SearchAction\",\"target\":{\"@type\":\"EntryPoint\",\"urlTemplate\":\"https:\/\/babylove.se\/no\/?s={search_term_string}\"},\"query-input\":{\"@type\":\"PropertyValueSpecification\",\"valueRequired\":true,\"valueName\":\"search_term_string\"}}],\"inLanguage\":\"nb-NO\"}]}<\/script>\n<meta property=\"product:brand\" content=\"Liewood\" \/>\n<meta property=\"og:availability\" content=\"out of stock\" \/>\n<meta property=\"product:availability\" content=\"out of stock\" \/>\n<meta property=\"product:retailer_item_id\" content=\"LW143240501\" \/>\n<meta property=\"product:condition\" content=\"new\" \/>\n<!-- \/ Yoast SEO Premium plugin. -->","yoast_head_json":{"title":"Liewood, Falk Termos Vannflaske, Superhero dune mix - Babylove Norska","robots":{"index":"noindex","follow":"follow","max-snippet":"max-snippet:-1","max-image-preview":"max-image-preview:large","max-video-preview":"max-video-preview:-1"},"og_locale":"nb_NO","og_type":"article","og_title":"Liewood, Falk Termos Vannflaske, Superhero dune mix","og_description":"Denne sv\u00e6rt smarte og funksjonelle vannflasken kommer til \u00e5 ha masse bruksomr\u00e5der. Den holder v\u00e6sken varm i opptil 12 timer eller kald i opptil 24 timer, avhengig av hva du heller i. Vannflasken finnes i to st\u00f8rrelser: liten (250 ml) og stor (350) ml. Lokket har en praktisk pip som man feller opp enkelt og [&hellip;]","og_url":"https:\/\/babylove.se\/no\/produkt\/liewood-falk-termos-vannflaske-superhero-dune-mix\/","og_site_name":"Babylove Norska","article_modified_time":"2026-04-08T10:41:50+00:00","og_image":[{"width":800,"height":800,"url":"https:\/\/babylove.se\/no\/wp-content\/uploads\/sites\/3\/2025\/07\/6197b325d9769.jpeg","type":"image\/jpeg"}],"twitter_card":"summary_large_image","twitter_misc":{"Availability":"Out of stock"},"schema":{"@context":"https:\/\/schema.org","@graph":[{"@type":"WebPage","@id":"https:\/\/babylove.se\/no\/produkt\/liewood-falk-termos-vannflaske-superhero-dune-mix\/","url":"https:\/\/babylove.se\/no\/produkt\/liewood-falk-termos-vannflaske-superhero-dune-mix\/","name":"Liewood, Falk Termos Vannflaske, Superhero dune mix - Babylove Norska","isPartOf":{"@id":"https:\/\/babylove.se\/no\/#website"},"primaryImageOfPage":{"@id":"https:\/\/babylove.se\/no\/produkt\/liewood-falk-termos-vannflaske-superhero-dune-mix\/#primaryimage"},"image":{"@id":"https:\/\/babylove.se\/no\/produkt\/liewood-falk-termos-vannflaske-superhero-dune-mix\/#primaryimage"},"thumbnailUrl":"https:\/\/babylove.se\/no\/wp-content\/uploads\/sites\/3\/2025\/07\/6197b325d9769.jpeg","datePublished":"2025-07-18T23:08:43+00:00","dateModified":"2026-04-08T10:41:50+00:00","breadcrumb":{"@id":"https:\/\/babylove.se\/no\/produkt\/liewood-falk-termos-vannflaske-superhero-dune-mix\/#breadcrumb"},"inLanguage":"nb-NO","potentialAction":[{"@type":"ReadAction","target":["https:\/\/babylove.se\/no\/produkt\/liewood-falk-termos-vannflaske-superhero-dune-mix\/"]}]},{"@type":"ImageObject","inLanguage":"nb-NO","@id":"https:\/\/babylove.se\/no\/produkt\/liewood-falk-termos-vannflaske-superhero-dune-mix\/#primaryimage","url":"https:\/\/babylove.se\/no\/wp-content\/uploads\/sites\/3\/2025\/07\/6197b325d9769.jpeg","contentUrl":"https:\/\/babylove.se\/no\/wp-content\/uploads\/sites\/3\/2025\/07\/6197b325d9769.jpeg","width":800,"height":800},{"@type":"BreadcrumbList","@id":"https:\/\/babylove.se\/no\/produkt\/liewood-falk-termos-vannflaske-superhero-dune-mix\/#breadcrumb","itemListElement":[{"@type":"ListItem","position":1,"name":"Hem","item":"https:\/\/babylove.se\/no\/"},{"@type":"ListItem","position":2,"name":"Butik","item":"https:\/\/babylove.se\/no\/butik\/"},{"@type":"ListItem","position":3,"name":"Liewood, Falk Termos Vannflaske, Superhero dune mix"}]},{"@type":"WebSite","@id":"https:\/\/babylove.se\/no\/#website","url":"https:\/\/babylove.se\/no\/","name":"Babylove Norska","description":"","potentialAction":[{"@type":"SearchAction","target":{"@type":"EntryPoint","urlTemplate":"https:\/\/babylove.se\/no\/?s={search_term_string}"},"query-input":{"@type":"PropertyValueSpecification","valueRequired":true,"valueName":"search_term_string"}}],"inLanguage":"nb-NO"}]},"product_brand":"Liewood","og_availability":"out of stock","product_availability":"out of stock","product_retailer_item_id":"LW143240501","product_condition":"new"},"_links":{"self":[{"href":"https:\/\/babylove.se\/no\/wp-json\/wp\/v2\/product\/30069","targetHints":{"allow":["GET"]}}],"collection":[{"href":"https:\/\/babylove.se\/no\/wp-json\/wp\/v2\/product"}],"about":[{"href":"https:\/\/babylove.se\/no\/wp-json\/wp\/v2\/types\/product"}],"replies":[{"embeddable":true,"href":"https:\/\/babylove.se\/no\/wp-json\/wp\/v2\/comments?post=30069"}],"wp:featuredmedia":[{"embeddable":true,"href":"https:\/\/babylove.se\/no\/wp-json\/wp\/v2\/media\/30071"}],"wp:attachment":[{"href":"https:\/\/babylove.se\/no\/wp-json\/wp\/v2\/media?parent=30069"}],"wp:term":[{"taxonomy":"product_brand","embeddable":true,"href":"https:\/\/babylove.se\/no\/wp-json\/wp\/v2\/product_brand?post=30069"},{"taxonomy":"product_cat","embeddable":true,"href":"https:\/\/babylove.se\/no\/wp-json\/wp\/v2\/product_cat?post=30069"},{"taxonomy":"product_tag","embeddable":true,"href":"https:\/\/babylove.se\/no\/wp-json\/wp\/v2\/product_tag?post=30069"}],"curies":[{"name":"wp","href":"https:\/\/api.w.org\/{rel}","templated":true}]}}