{"id":3012,"date":"2025-07-18T20:12:29","date_gmt":"2025-07-18T19:12:29","guid":{"rendered":"https:\/\/babylove.se\/produkt\/qeeboo-kanin-lampa-stor\/"},"modified":"2026-04-08T07:56:08","modified_gmt":"2026-04-08T06:56:08","slug":"qeeboo-kanin-lampe-stor","status":"publish","type":"product","link":"https:\/\/babylove.se\/no\/produkt\/qeeboo-kanin-lampe-stor\/","title":{"rendered":"Qeeboo Kanin Lampe Stor"},"content":{"rendered":"<p><strong>Kaninlampe stor, Qeeboo &#8211; sendes innen 24 timer !&nbsp;<\/strong><\/p>\n<p>Denne fine kaninlampen inng\u00e5r i en fin lampeserie fra Stefano Giovannoni, som bygger p\u00e5 en design fra kaniner.<\/p>\n<p>Lampen er ikke bare stemningsfull og vakker \u00e5 se p\u00e5, den fungerer ogs\u00e5 som en stol. Ut fra kaninens myke former har man lyktes med \u00e5 skape dette unike produktet, som tiltaler alle.<\/p>\n<p>Mulighetene med lampen er mange. Du kan ha den i hj\u00f8rnet av barnerommet som gulvlampe og for stemningen, eller bruke den daglig til \u00e5 sitte p\u00e5 ved skrivebordet. Uansett hvor den st\u00e5r, s\u00e5 gir den en sterk karakter til barnerommet.<\/p>\n<p>Lyskilde som anbefales f\u00f8lger med.<\/p>\n<p><strong>M\u00e5l<\/strong>: h\u00f8yde 80 cm, bredde 39,5 cm og dybde 68,8 cm.<\/p>\n<p>Maks: 18 W Fluo. Volt 230<\/p>\n<p>Designer: <a href=\"https:\/\/babylove.se\/varumarken\/qeeboo\"><u>Qeeboo<\/u><\/a><\/p>\n","protected":false},"excerpt":{"rendered":"<p>Kaninlampe stor, Qeeboo &#8211; sendes innen 24 timer !&nbsp; Denne fine kaninlampen inng\u00e5r i en fin lampeserie fra Stefano Giovannoni, som bygger p\u00e5 en design fra kaniner. Lampen er ikke bare stemningsfull og vakker \u00e5 se p\u00e5, den fungerer ogs\u00e5 som en stol. Ut fra kaninens myke former har man lyktes med \u00e5 skape dette [&hellip;]<\/p>\n","protected":false},"featured_media":3014,"comment_status":"closed","ping_status":"open","template":"","meta":{"_acf_changed":false},"product_brand":[176],"product_cat":[166,26,25,177,181],"product_tag":[],"class_list":{"0":"post-3012","1":"product","2":"type-product","3":"status-publish","4":"has-post-thumbnail","6":"product_brand-mr-maria","7":"product_cat-lyskuler","8":"product_cat-kjop-produkter-som-ikke-bare-er-for-gutter","9":"product_cat-ikke-bare-jenter","10":"product_cat-miffy","11":"product_cat-qeeboo","13":"first","14":"outofstock","15":"taxable","16":"shipping-taxable","17":"purchasable","18":"product-type-simple"},"acf":[],"yoast_head":"<!-- This site is optimized with the Yoast SEO Premium plugin v25.8 (Yoast SEO v27.2) - https:\/\/yoast.com\/product\/yoast-seo-premium-wordpress\/ -->\n<title>Qeeboo Kanin Lampe Stor - Babylove Norska<\/title>\n<meta name=\"description\" content=\"Denna fina kaninlampa ing\u00e5r i en fin lampserie fr\u00e5n Stefano Giovannoni, som bygger p\u00e5 en design fr\u00e5n kaniner.\" \/>\n<meta name=\"robots\" content=\"noindex, follow, max-snippet:-1, max-image-preview:large, max-video-preview:-1\" \/>\n<meta property=\"og:locale\" content=\"nb_NO\" \/>\n<meta property=\"og:type\" content=\"article\" \/>\n<meta property=\"og:title\" content=\"Qeeboo Kanin Lampe Stor\" \/>\n<meta property=\"og:description\" content=\"Denna fina kaninlampa ing\u00e5r i en fin lampserie fr\u00e5n Stefano Giovannoni, som bygger p\u00e5 en design fr\u00e5n kaniner.\" \/>\n<meta property=\"og:url\" content=\"https:\/\/babylove.se\/no\/produkt\/qeeboo-kanin-lampe-stor\/\" \/>\n<meta property=\"og:site_name\" content=\"Babylove Norska\" \/>\n<meta property=\"article:modified_time\" content=\"2026-04-08T06:56:08+00:00\" \/>\n<meta property=\"og:image\" content=\"https:\/\/babylove.se\/no\/wp-content\/uploads\/sites\/3\/2025\/07\/58d978ce1d629.png\" \/>\n\t<meta property=\"og:image:width\" content=\"592\" \/>\n\t<meta property=\"og:image:height\" content=\"748\" \/>\n\t<meta property=\"og:image:type\" content=\"image\/png\" \/>\n<meta name=\"twitter:card\" content=\"summary_large_image\" \/>\n<meta name=\"twitter:label1\" content=\"Price\" \/>\n\t<meta name=\"twitter:data1\" content=\"1 444,10&nbsp;&#107;&#114;\" \/>\n\t<meta name=\"twitter:label2\" content=\"Availability\" \/>\n\t<meta name=\"twitter:data2\" content=\"Out of stock\" \/>\n<script type=\"application\/ld+json\" class=\"yoast-schema-graph\">{\"@context\":\"https:\/\/schema.org\",\"@graph\":[{\"@type\":\"WebPage\",\"@id\":\"https:\/\/babylove.se\/no\/produkt\/qeeboo-kanin-lampe-stor\/\",\"url\":\"https:\/\/babylove.se\/no\/produkt\/qeeboo-kanin-lampe-stor\/\",\"name\":\"Qeeboo Kanin Lampe Stor - Babylove Norska\",\"isPartOf\":{\"@id\":\"https:\/\/babylove.se\/no\/#website\"},\"primaryImageOfPage\":{\"@id\":\"https:\/\/babylove.se\/no\/produkt\/qeeboo-kanin-lampe-stor\/#primaryimage\"},\"image\":{\"@id\":\"https:\/\/babylove.se\/no\/produkt\/qeeboo-kanin-lampe-stor\/#primaryimage\"},\"thumbnailUrl\":\"https:\/\/babylove.se\/no\/wp-content\/uploads\/sites\/3\/2025\/07\/58d978ce1d629.png\",\"datePublished\":\"2025-07-18T19:12:29+00:00\",\"dateModified\":\"2026-04-08T06:56:08+00:00\",\"description\":\"Denna fina kaninlampa ing\u00e5r i en fin lampserie fr\u00e5n Stefano Giovannoni, som bygger p\u00e5 en design fr\u00e5n kaniner.\",\"breadcrumb\":{\"@id\":\"https:\/\/babylove.se\/no\/produkt\/qeeboo-kanin-lampe-stor\/#breadcrumb\"},\"inLanguage\":\"nb-NO\",\"potentialAction\":[{\"@type\":\"ReadAction\",\"target\":[\"https:\/\/babylove.se\/no\/produkt\/qeeboo-kanin-lampe-stor\/\"]}]},{\"@type\":\"ImageObject\",\"inLanguage\":\"nb-NO\",\"@id\":\"https:\/\/babylove.se\/no\/produkt\/qeeboo-kanin-lampe-stor\/#primaryimage\",\"url\":\"https:\/\/babylove.se\/no\/wp-content\/uploads\/sites\/3\/2025\/07\/58d978ce1d629.png\",\"contentUrl\":\"https:\/\/babylove.se\/no\/wp-content\/uploads\/sites\/3\/2025\/07\/58d978ce1d629.png\",\"width\":592,\"height\":748},{\"@type\":\"BreadcrumbList\",\"@id\":\"https:\/\/babylove.se\/no\/produkt\/qeeboo-kanin-lampe-stor\/#breadcrumb\",\"itemListElement\":[{\"@type\":\"ListItem\",\"position\":1,\"name\":\"Hem\",\"item\":\"https:\/\/babylove.se\/no\/\"},{\"@type\":\"ListItem\",\"position\":2,\"name\":\"Butik\",\"item\":\"https:\/\/babylove.se\/no\/butik\/\"},{\"@type\":\"ListItem\",\"position\":3,\"name\":\"Qeeboo Kanin Lampe Stor\"}]},{\"@type\":\"WebSite\",\"@id\":\"https:\/\/babylove.se\/no\/#website\",\"url\":\"https:\/\/babylove.se\/no\/\",\"name\":\"Babylove Norska\",\"description\":\"\",\"potentialAction\":[{\"@type\":\"SearchAction\",\"target\":{\"@type\":\"EntryPoint\",\"urlTemplate\":\"https:\/\/babylove.se\/no\/?s={search_term_string}\"},\"query-input\":{\"@type\":\"PropertyValueSpecification\",\"valueRequired\":true,\"valueName\":\"search_term_string\"}}],\"inLanguage\":\"nb-NO\"}]}<\/script>\n<meta property=\"product:brand\" content=\"Mr Maria\" \/>\n<meta property=\"product:price:amount\" content=\"1444.10\" \/>\n<meta property=\"product:price:currency\" content=\"SEK\" \/>\n<meta property=\"og:availability\" content=\"out of stock\" \/>\n<meta property=\"product:availability\" content=\"out of stock\" \/>\n<meta property=\"product:retailer_item_id\" content=\"1093\" \/>\n<meta property=\"product:condition\" content=\"new\" \/>\n<!-- \/ Yoast SEO Premium plugin. -->","yoast_head_json":{"title":"Qeeboo Kanin Lampe Stor - Babylove Norska","description":"Denna fina kaninlampa ing\u00e5r i en fin lampserie fr\u00e5n Stefano Giovannoni, som bygger p\u00e5 en design fr\u00e5n kaniner.","robots":{"index":"noindex","follow":"follow","max-snippet":"max-snippet:-1","max-image-preview":"max-image-preview:large","max-video-preview":"max-video-preview:-1"},"og_locale":"nb_NO","og_type":"article","og_title":"Qeeboo Kanin Lampe Stor","og_description":"Denna fina kaninlampa ing\u00e5r i en fin lampserie fr\u00e5n Stefano Giovannoni, som bygger p\u00e5 en design fr\u00e5n kaniner.","og_url":"https:\/\/babylove.se\/no\/produkt\/qeeboo-kanin-lampe-stor\/","og_site_name":"Babylove Norska","article_modified_time":"2026-04-08T06:56:08+00:00","og_image":[{"width":592,"height":748,"url":"https:\/\/babylove.se\/no\/wp-content\/uploads\/sites\/3\/2025\/07\/58d978ce1d629.png","type":"image\/png"}],"twitter_card":"summary_large_image","twitter_misc":{"Price":"1 444,10&nbsp;&#107;&#114;","Availability":"Out of stock"},"schema":{"@context":"https:\/\/schema.org","@graph":[{"@type":"WebPage","@id":"https:\/\/babylove.se\/no\/produkt\/qeeboo-kanin-lampe-stor\/","url":"https:\/\/babylove.se\/no\/produkt\/qeeboo-kanin-lampe-stor\/","name":"Qeeboo Kanin Lampe Stor - Babylove Norska","isPartOf":{"@id":"https:\/\/babylove.se\/no\/#website"},"primaryImageOfPage":{"@id":"https:\/\/babylove.se\/no\/produkt\/qeeboo-kanin-lampe-stor\/#primaryimage"},"image":{"@id":"https:\/\/babylove.se\/no\/produkt\/qeeboo-kanin-lampe-stor\/#primaryimage"},"thumbnailUrl":"https:\/\/babylove.se\/no\/wp-content\/uploads\/sites\/3\/2025\/07\/58d978ce1d629.png","datePublished":"2025-07-18T19:12:29+00:00","dateModified":"2026-04-08T06:56:08+00:00","description":"Denna fina kaninlampa ing\u00e5r i en fin lampserie fr\u00e5n Stefano Giovannoni, som bygger p\u00e5 en design fr\u00e5n kaniner.","breadcrumb":{"@id":"https:\/\/babylove.se\/no\/produkt\/qeeboo-kanin-lampe-stor\/#breadcrumb"},"inLanguage":"nb-NO","potentialAction":[{"@type":"ReadAction","target":["https:\/\/babylove.se\/no\/produkt\/qeeboo-kanin-lampe-stor\/"]}]},{"@type":"ImageObject","inLanguage":"nb-NO","@id":"https:\/\/babylove.se\/no\/produkt\/qeeboo-kanin-lampe-stor\/#primaryimage","url":"https:\/\/babylove.se\/no\/wp-content\/uploads\/sites\/3\/2025\/07\/58d978ce1d629.png","contentUrl":"https:\/\/babylove.se\/no\/wp-content\/uploads\/sites\/3\/2025\/07\/58d978ce1d629.png","width":592,"height":748},{"@type":"BreadcrumbList","@id":"https:\/\/babylove.se\/no\/produkt\/qeeboo-kanin-lampe-stor\/#breadcrumb","itemListElement":[{"@type":"ListItem","position":1,"name":"Hem","item":"https:\/\/babylove.se\/no\/"},{"@type":"ListItem","position":2,"name":"Butik","item":"https:\/\/babylove.se\/no\/butik\/"},{"@type":"ListItem","position":3,"name":"Qeeboo Kanin Lampe Stor"}]},{"@type":"WebSite","@id":"https:\/\/babylove.se\/no\/#website","url":"https:\/\/babylove.se\/no\/","name":"Babylove Norska","description":"","potentialAction":[{"@type":"SearchAction","target":{"@type":"EntryPoint","urlTemplate":"https:\/\/babylove.se\/no\/?s={search_term_string}"},"query-input":{"@type":"PropertyValueSpecification","valueRequired":true,"valueName":"search_term_string"}}],"inLanguage":"nb-NO"}]},"product_brand":"Mr Maria","product_price_amount":"1444.10","product_price_currency":"SEK","og_availability":"out of stock","product_availability":"out of stock","product_retailer_item_id":"1093","product_condition":"new"},"_links":{"self":[{"href":"https:\/\/babylove.se\/no\/wp-json\/wp\/v2\/product\/3012","targetHints":{"allow":["GET"]}}],"collection":[{"href":"https:\/\/babylove.se\/no\/wp-json\/wp\/v2\/product"}],"about":[{"href":"https:\/\/babylove.se\/no\/wp-json\/wp\/v2\/types\/product"}],"replies":[{"embeddable":true,"href":"https:\/\/babylove.se\/no\/wp-json\/wp\/v2\/comments?post=3012"}],"wp:featuredmedia":[{"embeddable":true,"href":"https:\/\/babylove.se\/no\/wp-json\/wp\/v2\/media\/3014"}],"wp:attachment":[{"href":"https:\/\/babylove.se\/no\/wp-json\/wp\/v2\/media?parent=3012"}],"wp:term":[{"taxonomy":"product_brand","embeddable":true,"href":"https:\/\/babylove.se\/no\/wp-json\/wp\/v2\/product_brand?post=3012"},{"taxonomy":"product_cat","embeddable":true,"href":"https:\/\/babylove.se\/no\/wp-json\/wp\/v2\/product_cat?post=3012"},{"taxonomy":"product_tag","embeddable":true,"href":"https:\/\/babylove.se\/no\/wp-json\/wp\/v2\/product_tag?post=3012"}],"curies":[{"name":"wp","href":"https:\/\/api.w.org\/{rel}","templated":true}]}}